{"id":9484,"date":"2022-03-21T11:09:26","date_gmt":"2022-03-21T15:09:26","guid":{"rendered":"https:\/\/iatse.net\/?page_id=9484"},"modified":"2023-04-28T12:50:25","modified_gmt":"2023-04-28T16:50:25","slug":"geb-meeting","status":"publish","type":"page","link":"https:\/\/iatse.net\/fr\/geb-meeting\/","title":{"rendered":"2023 R\u00e9union de mi-\u00e9t\u00e9 du Bureau ex\u00e9cutif g\u00e9n\u00e9ral (BEG)"},"content":{"rendered":"<div data-elementor-type=\"wp-page\" data-elementor-id=\"9484\" class=\"elementor elementor-9484\">\n\t\t\t\t\t\t<section class=\"elementor-section elementor-top-section elementor-element elementor-element-ca2fd98 elementor-section-boxed elementor-section-height-default elementor-section-height-default\" data-id=\"ca2fd98\" data-element_type=\"section\">\n\t\t\t\t\t\t<div class=\"elementor-container elementor-column-gap-default\">\n\t\t\t\t\t<div class=\"elementor-column elementor-col-100 elementor-top-column elementor-element elementor-element-b748a36\" data-id=\"b748a36\" data-element_type=\"column\">\n\t\t\t<div class=\"elementor-widget-wrap elementor-element-populated\">\n\t\t\t\t\t\t<div class=\"elementor-element elementor-element-d68c495 elementor-widget elementor-widget-text-editor\" data-id=\"d68c495\" data-element_type=\"widget\" data-widget_type=\"text-editor.default\">\n\t\t\t\t<div class=\"elementor-widget-container\">\n\t\t\t\t\t\t\t<p><span style=\"color: #d80808;font-size: 1rem\">Avis officiel,<\/span><\/p>\n<p><!-- \/wp:paragraph --><\/p>\n<p><!-- wp:paragraph --><\/p>\n<p style=\"line-height: 150%\">Nous vous informons que la r\u00e9union ordinaire de mi-\u00e9t\u00e9 du conseil ex\u00e9cutif g\u00e9n\u00e9ral se tiendra au Chicago Marriott Downtown Magnificent Mile 540 Michigan Ave. Chicago, IL 60611 <strong>\u00e0 9 heures le lundi 31 juillet 2023 et restera en session jusqu'au vendredi 4 ao\u00fbt 2023 inclus.<\/strong> Toutes les questions \u00e0 traiter par le conseil d'administration doivent \u00eatre soumises au bureau g\u00e9n\u00e9ral au plus tard quinze (15) jours avant la r\u00e9union.<\/p>\n<p style=\"line-height: 150%\">Le prix de la chambre pour l'IATSE est de $269, plus les taxes applicables, pour une occupation simple ou double. Les r\u00e9servations d'h\u00f4tel doivent \u00eatre faites en contactant directement l'h\u00f4tel Chicago Marriott Downtown Magnificent Mile en appelant le 1-877-303-0104 ou en cliquant sur le lien ci-dessous :<\/p>\n<p style=\"line-height: 150%;text-align: center\"><a href=\"https:\/\/book.passkey.com\/event\/50510635\/owner\/1361\/home?link_id=5&amp;can_id=6cf1e129f591e2b24f6712291e022b30&amp;source=email-2023-mid-winter-hawaii-geb-2&amp;email_referrer=email_1837105&amp;email_subject=2023-mid-summer-chicago-geb\">R\u00e9servez votre tarif de groupe pour le Chicago Marriott Downtown Magnificent Mile<\/a><\/p>\n<p><!-- \/wp:paragraph --><\/p>\n<p><!-- wp:paragraph --><\/p>\n<p><!-- \/wp:paragraph --><\/p>\n<p><!-- wp:paragraph --><\/p>\n<p>Si vous appelez l'h\u00f4tel, veuillez indiquer votre affiliation \u00e0 l'IATSE afin de b\u00e9n\u00e9ficier du tarif pr\u00e9f\u00e9rentiel. <strong>La date limite de r\u00e9servation est fix\u00e9e au lundi 10 juillet 2023.<\/strong><\/p>\n<p>Le Caucus de la sc\u00e8ne se tiendra \u00e0 l'h\u00f4tel Chicago Marriott Downtown Magnificent Mile le dimanche 30 juillet 2023 \u00e0 10h00 dans la salle de bal Marriott.  Les repr\u00e9sentants de la sc\u00e8ne, de la garde-robe et des sections locales mixtes sont les bienvenus.<\/p>\n<hr \/>\n<h4>Respect des protocoles du COVID :<\/h4>\n<p><!-- \/wp:paragraph --><\/p>\n<p><!-- wp:paragraph --><\/p>\n<p>Les masques seront port\u00e9s \u00e0 la discr\u00e9tion de l'individu. Le Pr\u00e9sident international se r\u00e9serve le droit d'exiger le port obligatoire du masque \u00e0 toutes les r\u00e9unions si les circonstances changent en termes d'augmentation des cas.<\/p>\n<p>La preuve d'un test COVID-19 n\u00e9gatif effectu\u00e9 dans les 24 heures pr\u00e9c\u00e9dant la session du lundi matin et la session du mercredi matin sera exig\u00e9e pour acc\u00e9der \u00e0 la r\u00e9union.<\/p>\t\t\t\t\t\t<\/div>\n\t\t\t\t<\/div>\n\t\t\t\t\t<\/div>\n\t\t<\/div>\n\t\t\t\t\t<\/div>\n\t\t<\/section>\n\t\t\t\t<\/div>","protected":false},"excerpt":{"rendered":"<p>Avis officiel, Nous vous informons que la r\u00e9union r\u00e9guli\u00e8re de mi-\u00e9t\u00e9 du Bureau ex\u00e9cutif g\u00e9n\u00e9ral se tiendra au Chicago Marriott Downtown Magnificent Mile 540 Michigan [...]<\/p>","protected":false},"author":4,"featured_media":13133,"parent":0,"menu_order":0,"comment_status":"closed","ping_status":"closed","template":"","meta":{"_acf_changed":false,"_monsterinsights_skip_tracking":false,"_monsterinsights_sitenote_active":false,"_monsterinsights_sitenote_note":"","_monsterinsights_sitenote_category":0,"footnotes":""},"yoast_head":"<!-- This site is optimized with the Yoast SEO plugin v23.5 - https:\/\/yoast.com\/wordpress\/plugins\/seo\/ -->\n<title>2023 Mid-Summer Meeting of the General Executive Board (GEB) - IATSE, The Union Behind Entertainment<\/title>\n<meta name=\"robots\" content=\"index, follow, max-snippet:-1, max-image-preview:large, max-video-preview:-1\" \/>\n<link rel=\"canonical\" href=\"https:\/\/iatse.net\/fr\/geb-meeting\/\" \/>\n<meta property=\"og:locale\" content=\"fr_CA\" \/>\n<meta property=\"og:type\" content=\"article\" \/>\n<meta property=\"og:title\" content=\"2023 Mid-Summer Meeting of the General Executive Board (GEB) - IATSE, The Union Behind Entertainment\" \/>\n<meta property=\"og:description\" content=\"Official Notice, This is to advise that the regular Mid-Summer Meeting of the General Executive Board is scheduled to be held at the Chicago Marriott Downtown Magnificent Mile 540 Michigan [&hellip;]\" \/>\n<meta property=\"og:url\" content=\"https:\/\/iatse.net\/fr\/geb-meeting\/\" \/>\n<meta property=\"og:site_name\" content=\"IATSE\" \/>\n<meta property=\"article:modified_time\" content=\"2023-04-28T16:50:25+00:00\" \/>\n<meta property=\"og:image\" content=\"https:\/\/iatse.net\/wp-content\/uploads\/2023\/03\/chicago-geb-scaled.jpg\" \/>\n\t<meta property=\"og:image:width\" content=\"2048\" \/>\n\t<meta property=\"og:image:height\" content=\"679\" \/>\n\t<meta property=\"og:image:type\" content=\"image\/jpeg\" \/>\n<meta name=\"twitter:card\" content=\"summary_large_image\" \/>\n<meta name=\"twitter:label1\" content=\"Estimation du temps de lecture\" \/>\n\t<meta name=\"twitter:data1\" content=\"2 minutes\" \/>\n<script type=\"application\/ld+json\" class=\"yoast-schema-graph\">{\"@context\":\"https:\/\/schema.org\",\"@graph\":[{\"@type\":\"WebPage\",\"@id\":\"https:\/\/iatse.net\/geb-meeting\/\",\"url\":\"https:\/\/iatse.net\/geb-meeting\/\",\"name\":\"2023 Mid-Summer Meeting of the General Executive Board (GEB) - IATSE, The Union Behind Entertainment\",\"isPartOf\":{\"@id\":\"https:\/\/iatse.net\/#website\"},\"primaryImageOfPage\":{\"@id\":\"https:\/\/iatse.net\/geb-meeting\/#primaryimage\"},\"image\":{\"@id\":\"https:\/\/iatse.net\/geb-meeting\/#primaryimage\"},\"thumbnailUrl\":\"https:\/\/iatse.net\/wp-content\/uploads\/2023\/03\/chicago-geb-scaled.jpg\",\"datePublished\":\"2022-03-21T15:09:26+00:00\",\"dateModified\":\"2023-04-28T16:50:25+00:00\",\"breadcrumb\":{\"@id\":\"https:\/\/iatse.net\/geb-meeting\/#breadcrumb\"},\"inLanguage\":\"fr-CA\",\"potentialAction\":[{\"@type\":\"ReadAction\",\"target\":[\"https:\/\/iatse.net\/geb-meeting\/\"]}]},{\"@type\":\"ImageObject\",\"inLanguage\":\"fr-CA\",\"@id\":\"https:\/\/iatse.net\/geb-meeting\/#primaryimage\",\"url\":\"https:\/\/iatse.net\/wp-content\/uploads\/2023\/03\/chicago-geb-scaled.jpg\",\"contentUrl\":\"https:\/\/iatse.net\/wp-content\/uploads\/2023\/03\/chicago-geb-scaled.jpg\",\"width\":2048,\"height\":679,\"caption\":\"Chicago\"},{\"@type\":\"BreadcrumbList\",\"@id\":\"https:\/\/iatse.net\/geb-meeting\/#breadcrumb\",\"itemListElement\":[{\"@type\":\"ListItem\",\"position\":1,\"name\":\"Home\",\"item\":\"https:\/\/iatse.net\/\"},{\"@type\":\"ListItem\",\"position\":2,\"name\":\"2023 Mid-Summer Meeting of the General Executive Board (GEB)\"}]},{\"@type\":\"WebSite\",\"@id\":\"https:\/\/iatse.net\/#website\",\"url\":\"https:\/\/iatse.net\/\",\"name\":\"IATSE\",\"description\":\"The Union Behind Entertainment\",\"publisher\":{\"@id\":\"https:\/\/iatse.net\/#organization\"},\"potentialAction\":[{\"@type\":\"SearchAction\",\"target\":{\"@type\":\"EntryPoint\",\"urlTemplate\":\"https:\/\/iatse.net\/?s={search_term_string}\"},\"query-input\":{\"@type\":\"PropertyValueSpecification\",\"valueRequired\":true,\"valueName\":\"search_term_string\"}}],\"inLanguage\":\"fr-CA\"},{\"@type\":\"Organization\",\"@id\":\"https:\/\/iatse.net\/#organization\",\"name\":\"IATSE\",\"url\":\"https:\/\/iatse.net\/\",\"logo\":{\"@type\":\"ImageObject\",\"inLanguage\":\"fr-CA\",\"@id\":\"https:\/\/iatse.net\/#\/schema\/logo\/image\/\",\"url\":\"https:\/\/iatse.net\/wp-content\/uploads\/2021\/03\/IATSE_Logo_White.png\",\"contentUrl\":\"https:\/\/iatse.net\/wp-content\/uploads\/2021\/03\/IATSE_Logo_White.png\",\"width\":2100,\"height\":1987,\"caption\":\"IATSE\"},\"image\":{\"@id\":\"https:\/\/iatse.net\/#\/schema\/logo\/image\/\"}}]}<\/script>\n<!-- \/ Yoast SEO plugin. -->","yoast_head_json":{"title":"2023 Mid-Summer Meeting of the General Executive Board (GEB) - IATSE, The Union Behind Entertainment","robots":{"index":"index","follow":"follow","max-snippet":"max-snippet:-1","max-image-preview":"max-image-preview:large","max-video-preview":"max-video-preview:-1"},"canonical":"https:\/\/iatse.net\/fr\/geb-meeting\/","og_locale":"fr_CA","og_type":"article","og_title":"2023 Mid-Summer Meeting of the General Executive Board (GEB) - IATSE, The Union Behind Entertainment","og_description":"Official Notice, This is to advise that the regular Mid-Summer Meeting of the General Executive Board is scheduled to be held at the Chicago Marriott Downtown Magnificent Mile 540 Michigan [&hellip;]","og_url":"https:\/\/iatse.net\/fr\/geb-meeting\/","og_site_name":"IATSE","article_modified_time":"2023-04-28T16:50:25+00:00","og_image":[{"width":2048,"height":679,"url":"https:\/\/iatse.net\/wp-content\/uploads\/2023\/03\/chicago-geb-scaled.jpg","type":"image\/jpeg"}],"twitter_card":"summary_large_image","twitter_misc":{"Estimation du temps de lecture":"2 minutes"},"schema":{"@context":"https:\/\/schema.org","@graph":[{"@type":"WebPage","@id":"https:\/\/iatse.net\/geb-meeting\/","url":"https:\/\/iatse.net\/geb-meeting\/","name":"2023 Mid-Summer Meeting of the General Executive Board (GEB) - IATSE, The Union Behind Entertainment","isPartOf":{"@id":"https:\/\/iatse.net\/#website"},"primaryImageOfPage":{"@id":"https:\/\/iatse.net\/geb-meeting\/#primaryimage"},"image":{"@id":"https:\/\/iatse.net\/geb-meeting\/#primaryimage"},"thumbnailUrl":"https:\/\/iatse.net\/wp-content\/uploads\/2023\/03\/chicago-geb-scaled.jpg","datePublished":"2022-03-21T15:09:26+00:00","dateModified":"2023-04-28T16:50:25+00:00","breadcrumb":{"@id":"https:\/\/iatse.net\/geb-meeting\/#breadcrumb"},"inLanguage":"fr-CA","potentialAction":[{"@type":"ReadAction","target":["https:\/\/iatse.net\/geb-meeting\/"]}]},{"@type":"ImageObject","inLanguage":"fr-CA","@id":"https:\/\/iatse.net\/geb-meeting\/#primaryimage","url":"https:\/\/iatse.net\/wp-content\/uploads\/2023\/03\/chicago-geb-scaled.jpg","contentUrl":"https:\/\/iatse.net\/wp-content\/uploads\/2023\/03\/chicago-geb-scaled.jpg","width":2048,"height":679,"caption":"Chicago"},{"@type":"BreadcrumbList","@id":"https:\/\/iatse.net\/geb-meeting\/#breadcrumb","itemListElement":[{"@type":"ListItem","position":1,"name":"Home","item":"https:\/\/iatse.net\/"},{"@type":"ListItem","position":2,"name":"2023 Mid-Summer Meeting of the General Executive Board (GEB)"}]},{"@type":"WebSite","@id":"https:\/\/iatse.net\/#website","url":"https:\/\/iatse.net\/","name":"IATSE","description":"The Union Behind Entertainment","publisher":{"@id":"https:\/\/iatse.net\/#organization"},"potentialAction":[{"@type":"SearchAction","target":{"@type":"EntryPoint","urlTemplate":"https:\/\/iatse.net\/?s={search_term_string}"},"query-input":{"@type":"PropertyValueSpecification","valueRequired":true,"valueName":"search_term_string"}}],"inLanguage":"fr-CA"},{"@type":"Organization","@id":"https:\/\/iatse.net\/#organization","name":"IATSE","url":"https:\/\/iatse.net\/","logo":{"@type":"ImageObject","inLanguage":"fr-CA","@id":"https:\/\/iatse.net\/#\/schema\/logo\/image\/","url":"https:\/\/iatse.net\/wp-content\/uploads\/2021\/03\/IATSE_Logo_White.png","contentUrl":"https:\/\/iatse.net\/wp-content\/uploads\/2021\/03\/IATSE_Logo_White.png","width":2100,"height":1987,"caption":"IATSE"},"image":{"@id":"https:\/\/iatse.net\/#\/schema\/logo\/image\/"}}]}},"acf":[],"_links":{"self":[{"href":"https:\/\/iatse.net\/fr\/wp-json\/wp\/v2\/pages\/9484"}],"collection":[{"href":"https:\/\/iatse.net\/fr\/wp-json\/wp\/v2\/pages"}],"about":[{"href":"https:\/\/iatse.net\/fr\/wp-json\/wp\/v2\/types\/page"}],"author":[{"embeddable":true,"href":"https:\/\/iatse.net\/fr\/wp-json\/wp\/v2\/users\/4"}],"replies":[{"embeddable":true,"href":"https:\/\/iatse.net\/fr\/wp-json\/wp\/v2\/comments?post=9484"}],"version-history":[{"count":53,"href":"https:\/\/iatse.net\/fr\/wp-json\/wp\/v2\/pages\/9484\/revisions"}],"predecessor-version":[{"id":14748,"href":"https:\/\/iatse.net\/fr\/wp-json\/wp\/v2\/pages\/9484\/revisions\/14748"}],"wp:featuredmedia":[{"embeddable":true,"href":"https:\/\/iatse.net\/fr\/wp-json\/wp\/v2\/media\/13133"}],"wp:attachment":[{"href":"https:\/\/iatse.net\/fr\/wp-json\/wp\/v2\/media?parent=9484"}],"curies":[{"name":"wp","href":"https:\/\/api.w.org\/{rel}","templated":true}]}}