{"id":9204,"date":"2022-03-02T10:37:49","date_gmt":"2022-03-02T15:37:49","guid":{"rendered":"https:\/\/iatse.net\/?page_id=9204"},"modified":"2022-09-27T09:04:19","modified_gmt":"2022-09-27T13:04:19","slug":"endorsement-tracker","status":"publish","type":"page","link":"https:\/\/iatse.net\/fr\/political-legislative\/endorsement-tracker\/","title":{"rendered":"Suivi des soutiens politiques de l'IATSE"},"content":{"rendered":"<div data-elementor-type=\"wp-page\" data-elementor-id=\"9204\" class=\"elementor elementor-9204\">\n\t\t\t\t\t\t<section class=\"elementor-section elementor-top-section elementor-element elementor-element-6de1552c elementor-section-boxed elementor-section-height-default elementor-section-height-default\" data-id=\"6de1552c\" data-element_type=\"section\">\n\t\t\t\t\t\t<div class=\"elementor-container elementor-column-gap-default\">\n\t\t\t\t\t<div class=\"elementor-column elementor-col-100 elementor-top-column elementor-element elementor-element-6f3f0d17\" data-id=\"6f3f0d17\" data-element_type=\"column\">\n\t\t\t<div class=\"elementor-widget-wrap elementor-element-populated\">\n\t\t\t\t\t\t<div class=\"elementor-element elementor-element-1d305fcc elementor-widget elementor-widget-text-editor\" data-id=\"1d305fcc\" data-element_type=\"widget\" data-widget_type=\"text-editor.default\">\n\t\t\t\t<div class=\"elementor-widget-container\">\n\t\t\t\t\t\t\t<!-- wp:paragraph -->\n<p>L'Internationale n'apporte pas de soutien officiel \u00e0 un poste \u00e9lu aux Etats-Unis autre que celui de Pr\u00e9sident des Etats-Unis. Compte tenu de l'autonomie locale de l'IATSE, l'Internationale s'en remet \u00e0 ses sections locales affili\u00e9es pour soutenir les postes \u00e9lus dans leur juridiction locale. L'Internationale indique son soutien aux candidats f\u00e9d\u00e9raux par le biais des contributions au PAC de l'IATSE, qu'elle cherche \u00e0 aligner sur les soutiens apport\u00e9s par les sections locales, les districts et les conseils de l'IATSE.<\/p>\n<!-- \/wp:paragraph --><!-- wp:paragraph -->\n<p>Une connaissance opportune des soutiens politiques apport\u00e9s par les organes affili\u00e9s \u00e0 l'IATSE est essentielle pour garantir que le programme politique international est efficace et refl\u00e8te les int\u00e9r\u00eats de ses membres. L'Internationale encourage les sections locales, les districts et les conseils de l'IATSE ayant un processus formel de soutien politique \u00e0 informer l'Internationale des soutiens aux candidats au niveau f\u00e9d\u00e9ral et au niveau de l'\u00c9tat en soumettant ce formulaire.<\/p>\n<!-- \/wp:paragraph --><!-- wp:paragraph -->\n<p>Les syndicats locaux de l'IATSE qui n'ont pas mis en place un processus d'approbation peuvent utiliser le syst\u00e8me d'approbation de l'IATSE. <a href=\"https:\/\/iatse.net\/fr\/political-legislative\/local-candidate-endorsement-process\/\" target=\"_blank\" rel=\"noopener\"><span style=\"text-decoration: underline;\"><strong>Comment mettre en place un processus de soutien aux candidats des sections locales ?<\/strong><\/span><\/a>\u00a0pour en initier un.<\/p>\n<!-- \/wp:paragraph --><!-- wp:paragraph -->\n<p><em>**Bien que l'Internationale encourage ses organismes affili\u00e9s \u00e0 publier \u00e9galement des parrainages au niveau des \u00c9tats et des collectivit\u00e9s locales, ce formulaire est destin\u00e9 \u00e0 suivre les parrainages au niveau f\u00e9d\u00e9ral et au niveau des \u00c9tats uniquement. Veuillez limiter les soumissions aux bureaux \u00e9lus du S\u00e9nat des \u00c9tats-Unis, de la Chambre des repr\u00e9sentants des \u00c9tats-Unis, du Gouverneur, du Lieutenant-gouverneur, du Procureur g\u00e9n\u00e9ral et du Secr\u00e9taire d'\u00c9tat**.<\/em><\/p>\n<!-- \/wp:paragraph --><!-- wp:paragraph -->\n<p>Contactez le d\u00e9partement politique\/l\u00e9gislatif de l'IATSE \u00e0 l'adresse suivante <a href=\"mailto:polleg@iatse.net\">polleg@iatse.net<\/a> pour toute question.<\/p>\n<!-- \/wp:paragraph -->\t\t\t\t\t\t<\/div>\n\t\t\t\t<\/div>\n\t\t\t\t<div class=\"elementor-element elementor-element-3fbaba0 elementor-button-align-stretch elementor-widget elementor-widget-form\" data-id=\"3fbaba0\" data-element_type=\"widget\" data-settings=\"{&quot;step_next_label&quot;:&quot;Next&quot;,&quot;step_previous_label&quot;:&quot;Previous&quot;,&quot;step_type&quot;:&quot;number&quot;,&quot;button_width&quot;:&quot;100&quot;,&quot;step_icon_shape&quot;:&quot;circle&quot;}\" data-widget_type=\"form.default\">\n\t\t\t\t<div class=\"elementor-widget-container\">\n\t\t\t\t\t<form class=\"elementor-form\" method=\"post\" name=\"2022-03-02 Political Endorsement Tracker\" action=\"\">\n\t\t\t<input type=\"hidden\" name=\"post_id\" value=\"9204\"\/>\n\t\t\t<input type=\"hidden\" name=\"form_id\" value=\"3fbaba0\"\/>\n\t\t\t<input type=\"hidden\" name=\"referer_title\" value=\"IATSE\" \/>\n\n\t\t\t\n\t\t\t<div class=\"elementor-form-fields-wrapper elementor-labels-above\">\n\t\t\t\t\t\t\t\t<div class=\"elementor-field-type-text elementor-field-group elementor-column elementor-field-group-name elementor-col-100 elementor-field-required elementor-mark-required\">\n\t\t\t\t\t\t\t\t\t\t\t\t\t<input size=\"1\" type=\"text\" name=\"form_fields[name]\" id=\"form-field-name\" class=\"elementor-field elementor-size-sm  elementor-field-textual\" placeholder=\"Votre nom complet *\" required=\"required\" aria-required=\"true\">\n\t\t\t\t\t\t\t\t\t\t\t<\/div>\n\t\t\t\t\t\t\t\t<div class=\"elementor-field-type-email elementor-field-group elementor-column elementor-field-group-email elementor-col-100 elementor-field-required elementor-mark-required\">\n\t\t\t\t\t\t\t\t\t\t\t\t\t<input size=\"1\" type=\"email\" name=\"form_fields[email]\" id=\"form-field-email\" class=\"elementor-field elementor-size-sm  elementor-field-textual\" placeholder=\"Courriel *\" required=\"required\" aria-required=\"true\">\n\t\t\t\t\t\t\t\t\t\t\t<\/div>\n\t\t\t\t\t\t\t\t<div class=\"elementor-field-type-tel elementor-field-group elementor-column elementor-field-group-field_426c285 elementor-col-100 elementor-field-required elementor-mark-required\">\n\t\t\t\t\t\t\t<input size=\"1\" type=\"tel\" name=\"form_fields[field_426c285]\" id=\"form-field-field_426c285\" class=\"elementor-field elementor-size-sm  elementor-field-textual\" placeholder=\"Num\u00e9ro de t\u00e9l\u00e9phone *\" required=\"required\" aria-required=\"true\" pattern=\"[0-9()#&amp;+*-=.]+\" title=\"Seuls les caract\u00e8res de num\u00e9ros de t\u00e9l\u00e9phone (#, -, *, etc.) sont accept\u00e9s.\">\n\n\t\t\t\t\t\t<\/div>\n\t\t\t\t\t\t\t\t<div class=\"elementor-field-type-text elementor-field-group elementor-column elementor-field-group-field_184c46b elementor-col-100 elementor-field-required elementor-mark-required\">\n\t\t\t\t\t\t\t\t\t\t\t\t<label for=\"form-field-field_184c46b\" class=\"elementor-field-label\">\n\t\t\t\t\t\t\t\tLa section, le district ou le conseil de l'IATSE pour lequel vous soumettez des avenants.\t\t\t\t\t\t\t<\/label>\n\t\t\t\t\t\t\t\t\t\t\t\t\t\t<input size=\"1\" type=\"text\" name=\"form_fields[field_184c46b]\" id=\"form-field-field_184c46b\" class=\"elementor-field elementor-size-sm  elementor-field-textual\" placeholder=\"(ex : Local 1 ; District 1 ; Conseil IATSE de Californie)\" required=\"required\" aria-required=\"true\">\n\t\t\t\t\t\t\t\t\t\t\t<\/div>\n\t\t\t\t\t\t\t\t<div class=\"elementor-field-type-acceptance elementor-field-group elementor-column elementor-field-group-field_93f0785 elementor-col-100 elementor-field-required elementor-mark-required\">\n\t\t\t\t\t\t\t\t\t\t\t\t<label for=\"form-field-field_93f0785\" class=\"elementor-field-label\">\n\t\t\t\t\t\t\t\tAvez-vous \u00e9t\u00e9 autoris\u00e9 par les dirigeants \u00e9lus de l'entit\u00e9 susmentionn\u00e9e \u00e0 soumettre un ou plusieurs avenants en son nom ?\t\t\t\t\t\t\t<\/label>\n\t\t\t\t\t\t\t\t<div class=\"elementor-field-subgroup\">\n\t\t\t<span class=\"elementor-field-option\">\n\t\t\t\t<input type=\"checkbox\" name=\"form_fields[field_93f0785]\" id=\"form-field-field_93f0785\" class=\"elementor-field elementor-size-sm  elementor-acceptance-field\" required=\"required\" aria-required=\"true\">\n\t\t\t\t<label for=\"form-field-field_93f0785\">Oui, j'ai \u00e9t\u00e9 autoris\u00e9 par les dirigeants \u00e9lus de l'entit\u00e9 susmentionn\u00e9e \u00e0 soumettre des avenants en son nom.<\/label>\t\t\t<\/span>\n\t\t<\/div>\n\t\t\t\t\t\t<\/div>\n\t\t\t\t\t\t\t\t<div class=\"elementor-field-type-textarea elementor-field-group elementor-column elementor-field-group-field_0330225 elementor-col-100 elementor-field-required elementor-mark-required\">\n\t\t\t\t\t\t\t\t\t\t\t\t<label for=\"form-field-field_0330225\" class=\"elementor-field-label\">\n\t\t\t\t\t\t\t\tVeuillez indiquer le nom de chaque candidat soutenu et le poste \u00e9lectif f\u00e9d\u00e9ral\/de l'\u00c9tat pour lequel il se pr\u00e9sente.\t\t\t\t\t\t\t<\/label>\n\t\t\t\t\t\t<textarea class=\"elementor-field-textual elementor-field  elementor-size-sm\" name=\"form_fields[field_0330225]\" id=\"form-field-field_0330225\" rows=\"4\" placeholder=\"(Ex : Jane Doe - S\u00e9nat am\u00e9ricain, CA ; John Doe - Chambre des repr\u00e9sentants, NY-01 ; Jane Doe - Gouverneur, GA)\" required=\"required\" aria-required=\"true\"><\/textarea>\t\t\t\t<\/div>\n\t\t\t\t\t\t\t\t<div class=\"elementor-field-type-textarea elementor-field-group elementor-column elementor-field-group-field_6eb826d elementor-col-100\">\n\t\t\t\t\t\t\t\t\t\t\t\t<label for=\"form-field-field_6eb826d\" class=\"elementor-field-label\">\n\t\t\t\t\t\t\t\tY a-t-il quelque chose que vous voudriez que le d\u00e9partement politique\/l\u00e9gislatif de l'IATSE sache \u00e0 propos de ce(s) candidat(s) et de leur relation avec votre local \/ district \/ conseil ? (Non requis)\t\t\t\t\t\t\t<\/label>\n\t\t\t\t\t\t<textarea class=\"elementor-field-textual elementor-field  elementor-size-sm\" name=\"form_fields[field_6eb826d]\" id=\"form-field-field_6eb826d\" rows=\"4\" placeholder=\"Votre message\"><\/textarea>\t\t\t\t<\/div>\n\t\t\t\t\t\t\t\t<div class=\"elementor-field-type-recaptcha_v3 elementor-field-group elementor-column elementor-field-group-field_8da0389 elementor-col-100 recaptcha_v3-bottomright\">\n\t\t\t\t\t<div class=\"elementor-field\" id=\"form-field-field_8da0389\"><div class=\"elementor-g-recaptcha\" data-sitekey=\"6Ld5284aAAAAANUpv8cZEXeC0YPpfVDYybxxuemW\" data-type=\"v3\" data-action=\"Form\" data-badge=\"bottomright\" data-size=\"invisible\"><\/div><\/div>\t\t\t\t<\/div>\n\t\t\t\t\t\t\t\t<div class=\"elementor-field-group elementor-column elementor-field-type-submit elementor-col-100 e-form__buttons\">\n\t\t\t\t\t<button type=\"submit\" class=\"elementor-button elementor-size-md\">\n\t\t\t\t\t\t<span >\n\t\t\t\t\t\t\t\t\t\t\t\t\t\t\t<span class=\"elementor-align-icon-left elementor-button-icon\">\n\t\t\t\t\t\t\t\t\t<i aria-hidden=\"true\" class=\"fas fa-envelope\"><\/i>\t\t\t\t\t\t\t\t\t\t\t\t\t\t\t\t\t<\/span>\n\t\t\t\t\t\t\t\t\t\t\t\t\t\t\t\t\t\t\t\t\t\t<span class=\"elementor-button-text\">Soumettre<\/span>\n\t\t\t\t\t\t\t\t\t\t\t\t\t<\/span>\n\t\t\t\t\t<\/button>\n\t\t\t\t<\/div>\n\t\t\t<\/div>\n\t\t<input type=\"hidden\" name=\"trp-form-language\" value=\"fr\"\/><\/form>\n\t\t\t\t<\/div>\n\t\t\t\t<\/div>\n\t\t\t\t\t<\/div>\n\t\t<\/div>\n\t\t\t\t\t<\/div>\n\t\t<\/section>\n\t\t\t\t<\/div>","protected":false},"excerpt":{"rendered":"<p>L'Internationale ne soutient officiellement aucun poste \u00e9lu aux \u00c9tats-Unis, \u00e0 l'exception de celui de pr\u00e9sident des \u00c9tats-Unis. Compte tenu de l'autonomie locale de l'IATSE, l'Internationale s'en remet \u00e0 ses sections locales affili\u00e9es [...]<\/p>","protected":false},"author":1,"featured_media":9210,"parent":1449,"menu_order":0,"comment_status":"closed","ping_status":"closed","template":"","meta":{"_acf_changed":false,"_monsterinsights_skip_tracking":false,"_monsterinsights_sitenote_active":false,"_monsterinsights_sitenote_note":"","_monsterinsights_sitenote_category":0,"footnotes":""},"yoast_head":"<!-- This site is optimized with the Yoast SEO plugin v23.5 - https:\/\/yoast.com\/wordpress\/plugins\/seo\/ -->\n<title>IATSE Political Endorsement Tracker - IATSE, The Union Behind Entertainment<\/title>\n<meta name=\"robots\" content=\"noindex, nofollow\" \/>\n<meta property=\"og:locale\" content=\"fr_CA\" \/>\n<meta property=\"og:type\" content=\"article\" \/>\n<meta property=\"og:title\" content=\"IATSE Political Endorsement Tracker - IATSE, The Union Behind Entertainment\" \/>\n<meta property=\"og:description\" content=\"The International does not make official endorsements for any U.S. elected office other than President of the United States. Given IATSE local autonomy, the International defers to its affiliated locals [&hellip;]\" \/>\n<meta property=\"og:url\" content=\"https:\/\/iatse.net\/fr\/political-legislative\/endorsement-tracker\/\" \/>\n<meta property=\"og:site_name\" content=\"IATSE\" \/>\n<meta property=\"article:modified_time\" content=\"2022-09-27T13:04:19+00:00\" \/>\n<meta property=\"og:image\" content=\"https:\/\/iatse.net\/wp-content\/uploads\/2022\/03\/MicrosoftTeams-image-6.png\" \/>\n\t<meta property=\"og:image:width\" content=\"768\" \/>\n\t<meta property=\"og:image:height\" content=\"432\" \/>\n\t<meta property=\"og:image:type\" content=\"image\/png\" \/>\n<meta name=\"twitter:card\" content=\"summary_large_image\" \/>\n<meta name=\"twitter:label1\" content=\"Estimation du temps de lecture\" \/>\n\t<meta name=\"twitter:data1\" content=\"2 minutes\" \/>\n<script type=\"application\/ld+json\" class=\"yoast-schema-graph\">{\"@context\":\"https:\/\/schema.org\",\"@graph\":[{\"@type\":\"WebPage\",\"@id\":\"https:\/\/iatse.net\/political-legislative\/endorsement-tracker\/\",\"url\":\"https:\/\/iatse.net\/political-legislative\/endorsement-tracker\/\",\"name\":\"IATSE Political Endorsement Tracker - IATSE, The Union Behind Entertainment\",\"isPartOf\":{\"@id\":\"https:\/\/iatse.net\/#website\"},\"primaryImageOfPage\":{\"@id\":\"https:\/\/iatse.net\/political-legislative\/endorsement-tracker\/#primaryimage\"},\"image\":{\"@id\":\"https:\/\/iatse.net\/political-legislative\/endorsement-tracker\/#primaryimage\"},\"thumbnailUrl\":\"https:\/\/iatse.net\/wp-content\/uploads\/2022\/03\/MicrosoftTeams-image-6.png\",\"datePublished\":\"2022-03-02T15:37:49+00:00\",\"dateModified\":\"2022-09-27T13:04:19+00:00\",\"breadcrumb\":{\"@id\":\"https:\/\/iatse.net\/political-legislative\/endorsement-tracker\/#breadcrumb\"},\"inLanguage\":\"fr-CA\",\"potentialAction\":[{\"@type\":\"ReadAction\",\"target\":[\"https:\/\/iatse.net\/political-legislative\/endorsement-tracker\/\"]}]},{\"@type\":\"ImageObject\",\"inLanguage\":\"fr-CA\",\"@id\":\"https:\/\/iatse.net\/political-legislative\/endorsement-tracker\/#primaryimage\",\"url\":\"https:\/\/iatse.net\/wp-content\/uploads\/2022\/03\/MicrosoftTeams-image-6.png\",\"contentUrl\":\"https:\/\/iatse.net\/wp-content\/uploads\/2022\/03\/MicrosoftTeams-image-6.png\",\"width\":768,\"height\":432},{\"@type\":\"BreadcrumbList\",\"@id\":\"https:\/\/iatse.net\/political-legislative\/endorsement-tracker\/#breadcrumb\",\"itemListElement\":[{\"@type\":\"ListItem\",\"position\":1,\"name\":\"Home\",\"item\":\"https:\/\/iatse.net\/\"},{\"@type\":\"ListItem\",\"position\":2,\"name\":\"Political \/ Legislative\",\"item\":\"https:\/\/iatse.net\/political-legislative\/\"},{\"@type\":\"ListItem\",\"position\":3,\"name\":\"Endorsement Tracker\"}]},{\"@type\":\"WebSite\",\"@id\":\"https:\/\/iatse.net\/#website\",\"url\":\"https:\/\/iatse.net\/\",\"name\":\"IATSE\",\"description\":\"The Union Behind Entertainment\",\"publisher\":{\"@id\":\"https:\/\/iatse.net\/#organization\"},\"potentialAction\":[{\"@type\":\"SearchAction\",\"target\":{\"@type\":\"EntryPoint\",\"urlTemplate\":\"https:\/\/iatse.net\/?s={search_term_string}\"},\"query-input\":{\"@type\":\"PropertyValueSpecification\",\"valueRequired\":true,\"valueName\":\"search_term_string\"}}],\"inLanguage\":\"fr-CA\"},{\"@type\":\"Organization\",\"@id\":\"https:\/\/iatse.net\/#organization\",\"name\":\"IATSE\",\"url\":\"https:\/\/iatse.net\/\",\"logo\":{\"@type\":\"ImageObject\",\"inLanguage\":\"fr-CA\",\"@id\":\"https:\/\/iatse.net\/#\/schema\/logo\/image\/\",\"url\":\"https:\/\/iatse.net\/wp-content\/uploads\/2021\/03\/IATSE_Logo_White.png\",\"contentUrl\":\"https:\/\/iatse.net\/wp-content\/uploads\/2021\/03\/IATSE_Logo_White.png\",\"width\":2100,\"height\":1987,\"caption\":\"IATSE\"},\"image\":{\"@id\":\"https:\/\/iatse.net\/#\/schema\/logo\/image\/\"}}]}<\/script>\n<!-- \/ Yoast SEO plugin. -->","yoast_head_json":{"title":"IATSE Political Endorsement Tracker - IATSE, The Union Behind Entertainment","robots":{"index":"noindex","follow":"nofollow"},"og_locale":"fr_CA","og_type":"article","og_title":"IATSE Political Endorsement Tracker - IATSE, The Union Behind Entertainment","og_description":"The International does not make official endorsements for any U.S. elected office other than President of the United States. Given IATSE local autonomy, the International defers to its affiliated locals [&hellip;]","og_url":"https:\/\/iatse.net\/fr\/political-legislative\/endorsement-tracker\/","og_site_name":"IATSE","article_modified_time":"2022-09-27T13:04:19+00:00","og_image":[{"width":768,"height":432,"url":"https:\/\/iatse.net\/wp-content\/uploads\/2022\/03\/MicrosoftTeams-image-6.png","type":"image\/png"}],"twitter_card":"summary_large_image","twitter_misc":{"Estimation du temps de lecture":"2 minutes"},"schema":{"@context":"https:\/\/schema.org","@graph":[{"@type":"WebPage","@id":"https:\/\/iatse.net\/political-legislative\/endorsement-tracker\/","url":"https:\/\/iatse.net\/political-legislative\/endorsement-tracker\/","name":"IATSE Political Endorsement Tracker - IATSE, The Union Behind Entertainment","isPartOf":{"@id":"https:\/\/iatse.net\/#website"},"primaryImageOfPage":{"@id":"https:\/\/iatse.net\/political-legislative\/endorsement-tracker\/#primaryimage"},"image":{"@id":"https:\/\/iatse.net\/political-legislative\/endorsement-tracker\/#primaryimage"},"thumbnailUrl":"https:\/\/iatse.net\/wp-content\/uploads\/2022\/03\/MicrosoftTeams-image-6.png","datePublished":"2022-03-02T15:37:49+00:00","dateModified":"2022-09-27T13:04:19+00:00","breadcrumb":{"@id":"https:\/\/iatse.net\/political-legislative\/endorsement-tracker\/#breadcrumb"},"inLanguage":"fr-CA","potentialAction":[{"@type":"ReadAction","target":["https:\/\/iatse.net\/political-legislative\/endorsement-tracker\/"]}]},{"@type":"ImageObject","inLanguage":"fr-CA","@id":"https:\/\/iatse.net\/political-legislative\/endorsement-tracker\/#primaryimage","url":"https:\/\/iatse.net\/wp-content\/uploads\/2022\/03\/MicrosoftTeams-image-6.png","contentUrl":"https:\/\/iatse.net\/wp-content\/uploads\/2022\/03\/MicrosoftTeams-image-6.png","width":768,"height":432},{"@type":"BreadcrumbList","@id":"https:\/\/iatse.net\/political-legislative\/endorsement-tracker\/#breadcrumb","itemListElement":[{"@type":"ListItem","position":1,"name":"Home","item":"https:\/\/iatse.net\/"},{"@type":"ListItem","position":2,"name":"Political \/ Legislative","item":"https:\/\/iatse.net\/political-legislative\/"},{"@type":"ListItem","position":3,"name":"Endorsement Tracker"}]},{"@type":"WebSite","@id":"https:\/\/iatse.net\/#website","url":"https:\/\/iatse.net\/","name":"IATSE","description":"The Union Behind Entertainment","publisher":{"@id":"https:\/\/iatse.net\/#organization"},"potentialAction":[{"@type":"SearchAction","target":{"@type":"EntryPoint","urlTemplate":"https:\/\/iatse.net\/?s={search_term_string}"},"query-input":{"@type":"PropertyValueSpecification","valueRequired":true,"valueName":"search_term_string"}}],"inLanguage":"fr-CA"},{"@type":"Organization","@id":"https:\/\/iatse.net\/#organization","name":"IATSE","url":"https:\/\/iatse.net\/","logo":{"@type":"ImageObject","inLanguage":"fr-CA","@id":"https:\/\/iatse.net\/#\/schema\/logo\/image\/","url":"https:\/\/iatse.net\/wp-content\/uploads\/2021\/03\/IATSE_Logo_White.png","contentUrl":"https:\/\/iatse.net\/wp-content\/uploads\/2021\/03\/IATSE_Logo_White.png","width":2100,"height":1987,"caption":"IATSE"},"image":{"@id":"https:\/\/iatse.net\/#\/schema\/logo\/image\/"}}]}},"acf":[],"_links":{"self":[{"href":"https:\/\/iatse.net\/fr\/wp-json\/wp\/v2\/pages\/9204"}],"collection":[{"href":"https:\/\/iatse.net\/fr\/wp-json\/wp\/v2\/pages"}],"about":[{"href":"https:\/\/iatse.net\/fr\/wp-json\/wp\/v2\/types\/page"}],"author":[{"embeddable":true,"href":"https:\/\/iatse.net\/fr\/wp-json\/wp\/v2\/users\/1"}],"replies":[{"embeddable":true,"href":"https:\/\/iatse.net\/fr\/wp-json\/wp\/v2\/comments?post=9204"}],"version-history":[{"count":32,"href":"https:\/\/iatse.net\/fr\/wp-json\/wp\/v2\/pages\/9204\/revisions"}],"predecessor-version":[{"id":11149,"href":"https:\/\/iatse.net\/fr\/wp-json\/wp\/v2\/pages\/9204\/revisions\/11149"}],"up":[{"embeddable":true,"href":"https:\/\/iatse.net\/fr\/wp-json\/wp\/v2\/pages\/1449"}],"wp:featuredmedia":[{"embeddable":true,"href":"https:\/\/iatse.net\/fr\/wp-json\/wp\/v2\/media\/9210"}],"wp:attachment":[{"href":"https:\/\/iatse.net\/fr\/wp-json\/wp\/v2\/media?parent=9204"}],"curies":[{"name":"wp","href":"https:\/\/api.w.org\/{rel}","templated":true}]}}