{"id":6506,"date":"2021-08-24T15:57:24","date_gmt":"2021-08-24T19:57:24","guid":{"rendered":"https:\/\/iatse.net\/?page_id=6506"},"modified":"2023-03-14T13:57:24","modified_gmt":"2023-03-14T17:57:24","slug":"pro-act","status":"publish","type":"page","link":"https:\/\/iatse.net\/fr\/political-legislative\/pro-act\/","title":{"rendered":"Loi sur la protection du droit d'organisation (PRO)"},"content":{"rendered":"<div data-elementor-type=\"wp-page\" data-elementor-id=\"6506\" class=\"elementor elementor-6506\">\n\t\t\t\t\t\t<section class=\"elementor-section elementor-top-section elementor-element elementor-element-670b3e41 elementor-section-boxed elementor-section-height-default elementor-section-height-default\" data-id=\"670b3e41\" data-element_type=\"section\">\n\t\t\t\t\t\t<div class=\"elementor-container elementor-column-gap-default\">\n\t\t\t\t\t<div class=\"elementor-column elementor-col-100 elementor-top-column elementor-element elementor-element-4b05e41f\" data-id=\"4b05e41f\" data-element_type=\"column\">\n\t\t\t<div class=\"elementor-widget-wrap elementor-element-populated\">\n\t\t\t\t\t\t<div class=\"elementor-element elementor-element-2198389b elementor-widget elementor-widget-text-editor\" data-id=\"2198389b\" data-element_type=\"widget\" data-widget_type=\"text-editor.default\">\n\t\t\t\t<div class=\"elementor-widget-container\">\n\t\t\t\t\t\t\t<!-- wp:paragraph -->\n<p>La loi Protecting the Right to Organize (PRO) est une loi historique sur l'autonomisation des travailleurs, les droits civiques et la justice sociale qui vise \u00e0 cr\u00e9er une \u00e9conomie plus \u00e9quitable et plus juste en renfor\u00e7ant les protections du droit des travailleurs \u00e0 organiser un syndicat et \u00e0 n\u00e9gocier des salaires plus \u00e9lev\u00e9s, de meilleurs avantages sociaux et des conditions de travail plus s\u00fbres.<\/p>\n<p>L'Am\u00e9rique est au c\u0153ur d'une vague sans pr\u00e9c\u00e9dent d'organisation syndicale et, avec elle, de soci\u00e9t\u00e9s qui se sentent autoris\u00e9es \u00e0 enfreindre la loi et \u00e0 emp\u00eacher les travailleurs d'exercer leurs droits. Nous devons renforcer notre l\u00e9gislation du travail, malheureusement d\u00e9pass\u00e9e, afin de prot\u00e9ger les travailleurs en adoptant le PRO Act.<\/p>\n<p>Les principales dispositions de la loi PRO sont les suivantes :<\/p>\n<p>- Mise en place d'une proc\u00e9dure de m\u00e9diation pour aider les employeurs et les travailleurs \u00e0 trouver un terrain d'entente<\/p>\n<p>- Le Conseil national des relations du travail (National Labor Relations Board) est habilit\u00e9 \u00e0 ordonner aux employeurs de n\u00e9gocier de bonne foi avec leurs travailleurs et \u00e0 appliquer des sanctions afin d'emp\u00eacher le d\u00e9mant\u00e8lement des syndicats ou les erreurs de classification d\u00e9lib\u00e9r\u00e9es de la part de personnes mal intentionn\u00e9es.<\/p>\n<p>- \u00c9liminer les lois de l'\u00e8re Jim Crow sur le \"droit au travail\" (pour moins cher) qui favorisent les resquilleurs.<\/p>\n<p>- Interdiction des \"r\u00e9unions \u00e0 auditoire captif\" obligatoires et du recours \u00e0 l'intimidation comme tactique de d\u00e9mant\u00e8lement des syndicats<\/p>\n<p>- Prot\u00e9ger le droit de gr\u00e8ve et rendre ill\u00e9gal pour les patrons de licencier et de remplacer les travailleurs qui quittent leur emploi pour protester en faveur de meilleures conditions.<\/p>\n<p>L'adoption de la loi PRO est une pierre angulaire de la strat\u00e9gie de l'Union europ\u00e9enne en mati\u00e8re d'environnement. <a href=\"https:\/\/iatse.net\/fr\/political-legislative\/issues\/\">Agenda des questions f\u00e9d\u00e9rales de l'IATSE<\/a> et des centaines de membres de l'IATSE \u00e0 travers le pays ont d\u00e9j\u00e0 manifest\u00e9 leur soutien \u00e0 cette l\u00e9gislation essentielle. Pour en savoir plus sur la loi PRO et sur la fa\u00e7on dont vous pouvez vous impliquer dans la lutte pour son adoption, veuillez utiliser les liens ci-dessous :<\/p>\n<!-- \/wp:paragraph -->\t\t\t\t\t\t<\/div>\n\t\t\t\t<\/div>\n\t\t\t\t<div class=\"elementor-element elementor-element-ae933f0 elementor-align-justify elementor-widget elementor-widget-button\" data-id=\"ae933f0\" data-element_type=\"widget\" data-widget_type=\"button.default\">\n\t\t\t\t<div class=\"elementor-widget-container\">\n\t\t\t\t\t<div class=\"elementor-button-wrapper\">\n\t\t\t<a class=\"elementor-button elementor-button-link elementor-size-md\" href=\"https:\/\/proact.aflcio.org\/about\/\" target=\"_blank\">\n\t\t\t\t\t\t<span class=\"elementor-button-content-wrapper\">\n\t\t\t\t\t\t<span class=\"elementor-button-text\">Site web de l'AFL-CIO sur la loi PRO<\/span>\n\t\t<\/span>\n\t\t\t\t\t<\/a>\n\t\t<\/div>\n\t\t\t\t<\/div>\n\t\t\t\t<\/div>\n\t\t\t\t<div class=\"elementor-element elementor-element-692dc0a elementor-align-justify elementor-widget elementor-widget-button\" data-id=\"692dc0a\" data-element_type=\"widget\" data-widget_type=\"button.default\">\n\t\t\t\t<div class=\"elementor-widget-container\">\n\t\t\t\t\t<div class=\"elementor-button-wrapper\">\n\t\t\t<a class=\"elementor-button elementor-button-link elementor-size-md\" href=\"https:\/\/iatse.net\/wp-content\/uploads\/2023\/03\/PRO-Act-Setting-the-record-straight-on-the-ABC-Test-and-the-Protecting-the-Right-to-Organize29.pdf\" target=\"_blank\">\n\t\t\t\t\t\t<span class=\"elementor-button-content-wrapper\">\n\t\t\t\t\t\t<span class=\"elementor-button-icon elementor-align-icon-right\">\n\t\t\t\t<i aria-hidden=\"true\" class=\"fas fa-file-pdf\"><\/i>\t\t\t<\/span>\n\t\t\t\t\t\t<span class=\"elementor-button-text\">Mise au point sur le test ABC et la loi sur la protection du droit d'organisation (PRO)<\/span>\n\t\t<\/span>\n\t\t\t\t\t<\/a>\n\t\t<\/div>\n\t\t\t\t<\/div>\n\t\t\t\t<\/div>\n\t\t\t\t<div class=\"elementor-element elementor-element-4e7fbdd dce-col-1 dce-posts-layout-default dce-col-tablet-3 dce-col-mobile-1 dce-align-left elementor-widget elementor-widget-dce-dynamicposts-v2\" data-id=\"4e7fbdd\" data-element_type=\"widget\" data-settings=\"{&quot;style_items&quot;:&quot;default&quot;,&quot;grid_grid_type&quot;:&quot;flex&quot;}\" data-widget_type=\"dce-dynamicposts-v2.grid\">\n\t\t\t\t<div class=\"elementor-widget-container\">\n\t\t\t\n\t\t<div class=\"dce-fix-background-loop dce-posts-container dce-posts dce-dynamic-posts-collection  dce-skin-grid dce-skin-grid-flex\">\n\t\t\t\t\t\t<div class=\"dce-posts-wrapper dce-wrapper-grid\">\n\t\t\t\n\t\t<article class=\"post-13103 post type-post status-publish format-standard has-post-thumbnail hentry category-news tag-political-and-legislative dce-post dce-post-item dce-item-grid\" data-dce-post-id=\"13103\" data-dce-post-index=\"0\">\n\t\t\t<div class=\"dce-post-block\">\n\t\t<div class=\"dce-item dce-item_title elementor-repeater-item-f6ab4e9\"><h3 class=\"dce-post-title\"><a href=\"https:\/\/iatse.net\/fr\/iatse-commends-reintroduction-of-richard-l-trumka-protecting-the-right-to-organize-act\/\" target=\"_blank\">L'IATSE salue la r\u00e9introduction de la loi sur la protection du droit d'organisation de Richard L. Trumka<\/a><\/h3><\/div><div class=\"dce-item dce-item_date elementor-repeater-item-977e0dc\">\t\t<div class=\"dce-post-date\"><i class=\"dce-post-icon fa fa-calendar\" aria-hidden=\"true\"><\/i> 2 mars 2023<\/div><\/div><div class=\"dce-item dce-item_image elementor-repeater-item-6cf7592\"><a class=\"dce-post-image\" href=\"https:\/\/iatse.net\/fr\/iatse-commends-reintroduction-of-richard-l-trumka-protecting-the-right-to-organize-act\/\" target=\"_blank\"><figure  class=\"dce-img\"><img fetchpriority=\"high\" decoding=\"async\" width=\"800\" height=\"443\" src=\"https:\/\/iatse.net\/wp-content\/uploads\/2023\/03\/pro-act-mark-2023-gray-yellow-1024x567.png\" class=\"\" alt=\"IATSE Commends Reintroduction of Richard L. Trumka Protecting the Right to Organize Act\" srcset=\"https:\/\/iatse.net\/wp-content\/uploads\/2023\/03\/pro-act-mark-2023-gray-yellow-1024x567.png 1024w, https:\/\/iatse.net\/wp-content\/uploads\/2023\/03\/pro-act-mark-2023-gray-yellow-300x166.png 300w, https:\/\/iatse.net\/wp-content\/uploads\/2023\/03\/pro-act-mark-2023-gray-yellow-768x425.png 768w, https:\/\/iatse.net\/wp-content\/uploads\/2023\/03\/pro-act-mark-2023-gray-yellow-18x10.png 18w, https:\/\/iatse.net\/wp-content\/uploads\/2023\/03\/pro-act-mark-2023-gray-yellow.png 1080w\" sizes=\"(max-width: 800px) 100vw, 800px\" \/><\/figure><\/a><\/div>\t\t\t<\/div>\n\t\t<\/article>\n\t\t\n\t\t<article class=\"post-2351 post type-post status-publish format-standard has-post-thumbnail hentry category-news tag-political-and-legislative dce-post dce-post-item dce-item-grid\" data-dce-post-id=\"2351\" data-dce-post-index=\"1\">\n\t\t\t<div class=\"dce-post-block\">\n\t\t<div class=\"dce-item dce-item_title elementor-repeater-item-f6ab4e9\"><h3 class=\"dce-post-title\"><a href=\"https:\/\/iatse.net\/fr\/house-passes-the-pro-act-sends-landmark-labor-law-reform-bill-to-senate\/\" target=\"_blank\">La Chambre des repr\u00e9sentants adopte l'Acte PRO et transmet au S\u00e9nat un projet de r\u00e9forme du droit du travail qui fera date.<\/a><\/h3><\/div><div class=\"dce-item dce-item_date elementor-repeater-item-977e0dc\">\t\t<div class=\"dce-post-date\"><i class=\"dce-post-icon fa fa-calendar\" aria-hidden=\"true\"><\/i> 10 mars 2021<\/div><\/div><div class=\"dce-item dce-item_image elementor-repeater-item-6cf7592\"><a class=\"dce-post-image\" href=\"https:\/\/iatse.net\/fr\/house-passes-the-pro-act-sends-landmark-labor-law-reform-bill-to-senate\/\" target=\"_blank\"><figure  class=\"dce-img\"><img decoding=\"async\" width=\"800\" height=\"450\" src=\"https:\/\/iatse.net\/wp-content\/uploads\/2021\/06\/Untitled-design-1-1024x576.jpg\" class=\"\" alt=\"House passes the PRO Act, sends landmark labor law reform bill to Senate\" srcset=\"https:\/\/iatse.net\/wp-content\/uploads\/2021\/06\/Untitled-design-1-1024x576.jpg 1024w, https:\/\/iatse.net\/wp-content\/uploads\/2021\/06\/Untitled-design-1-300x169.jpg 300w, https:\/\/iatse.net\/wp-content\/uploads\/2021\/06\/Untitled-design-1-768x432.jpg 768w, https:\/\/iatse.net\/wp-content\/uploads\/2021\/06\/Untitled-design-1-1536x864.jpg 1536w, https:\/\/iatse.net\/wp-content\/uploads\/2021\/06\/Untitled-design-1-16x9.jpg 16w, https:\/\/iatse.net\/wp-content\/uploads\/2021\/06\/Untitled-design-1.jpg 1920w\" sizes=\"(max-width: 800px) 100vw, 800px\" \/><\/figure><\/a><\/div>\t\t\t<\/div>\n\t\t<\/article>\n\t\t\n\t\t<article class=\"post-2344 post type-post status-publish format-standard has-post-thumbnail hentry category-news tag-political-and-legislative dce-post dce-post-item dce-item-grid\" data-dce-post-id=\"2344\" data-dce-post-index=\"2\">\n\t\t\t<div class=\"dce-post-block\">\n\t\t<div class=\"dce-item dce-item_title elementor-repeater-item-f6ab4e9\"><h3 class=\"dce-post-title\"><a href=\"https:\/\/iatse.net\/fr\/congress-introduces-pro-act-iatse-commends-bill-as-most-significant-labor-reforms-since-depression\/\" target=\"_blank\">Le Congr\u00e8s pr\u00e9sente la loi PRO, l'IATSE salue le projet de loi comme la plus importante r\u00e9forme du travail depuis la d\u00e9pression<\/a><\/h3><\/div><div class=\"dce-item dce-item_date elementor-repeater-item-977e0dc\">\t\t<div class=\"dce-post-date\"><i class=\"dce-post-icon fa fa-calendar\" aria-hidden=\"true\"><\/i> 5 f\u00e9vrier 2021<\/div><\/div><div class=\"dce-item dce-item_image elementor-repeater-item-6cf7592\"><a class=\"dce-post-image\" href=\"https:\/\/iatse.net\/fr\/congress-introduces-pro-act-iatse-commends-bill-as-most-significant-labor-reforms-since-depression\/\" target=\"_blank\"><figure  class=\"dce-img\"><img decoding=\"async\" width=\"787\" height=\"549\" src=\"https:\/\/iatse.net\/wp-content\/uploads\/2021\/06\/2020-09-29-CleDebate-Union-And-Constitution-Forever-1.jpg\" class=\"\" alt=\"Congress Introduces PRO Act, IATSE Commends Bill as Most Significant Labor Reforms Since Depression\" srcset=\"https:\/\/iatse.net\/wp-content\/uploads\/2021\/06\/2020-09-29-CleDebate-Union-And-Constitution-Forever-1.jpg 787w, https:\/\/iatse.net\/wp-content\/uploads\/2021\/06\/2020-09-29-CleDebate-Union-And-Constitution-Forever-1-300x209.jpg 300w, https:\/\/iatse.net\/wp-content\/uploads\/2021\/06\/2020-09-29-CleDebate-Union-And-Constitution-Forever-1-768x536.jpg 768w, https:\/\/iatse.net\/wp-content\/uploads\/2021\/06\/2020-09-29-CleDebate-Union-And-Constitution-Forever-1-16x12.jpg 16w\" sizes=\"(max-width: 787px) 100vw, 787px\" \/><\/figure><\/a><\/div>\t\t\t<\/div>\n\t\t<\/article>\n\t\t\t\t\t<\/div>\n\t\t\t\t\t<\/div>\n\t\t\t\t<\/div>\n\t\t\t\t<\/div>\n\t\t\t\t<div class=\"elementor-element elementor-element-c090556 elementor-align-center elementor-widget elementor-widget-button\" data-id=\"c090556\" data-element_type=\"widget\" data-widget_type=\"button.default\">\n\t\t\t\t<div class=\"elementor-widget-container\">\n\t\t\t\t\t<div class=\"elementor-button-wrapper\">\n\t\t\t<a class=\"elementor-button elementor-button-link elementor-size-lg\" href=\"https:\/\/iatse.net\/fr\/political-legislative\/\">\n\t\t\t\t\t\t<span class=\"elementor-button-content-wrapper\">\n\t\t\t\t\t\t<span class=\"elementor-button-icon elementor-align-icon-left\">\n\t\t\t\t<i aria-hidden=\"true\" class=\"fas fa-arrow-left\"><\/i>\t\t\t<\/span>\n\t\t\t\t\t\t<span class=\"elementor-button-text\">Retour \u00e0 la rubrique Politique \/ L\u00e9gislatif<\/span>\n\t\t<\/span>\n\t\t\t\t\t<\/a>\n\t\t<\/div>\n\t\t\t\t<\/div>\n\t\t\t\t<\/div>\n\t\t\t\t\t<\/div>\n\t\t<\/div>\n\t\t\t\t\t<\/div>\n\t\t<\/section>\n\t\t\t\t<\/div>","protected":false},"excerpt":{"rendered":"<p>Le Protecting the Right to Organize (PRO) Act est une loi historique sur l'autonomisation des travailleurs, les droits civiques et la justice sociale qui vise \u00e0 cr\u00e9er une \u00e9conomie plus \u00e9quitable et plus juste en renfor\u00e7ant les protections [...]<\/p>","protected":false},"author":1,"featured_media":13155,"parent":1449,"menu_order":0,"comment_status":"closed","ping_status":"closed","template":"","meta":{"_acf_changed":false,"_monsterinsights_skip_tracking":false,"_monsterinsights_sitenote_active":false,"_monsterinsights_sitenote_note":"","_monsterinsights_sitenote_category":0,"footnotes":""},"yoast_head":"<!-- This site is optimized with the Yoast SEO plugin v23.5 - https:\/\/yoast.com\/wordpress\/plugins\/seo\/ -->\n<title>The Protecting the Right to Organize (PRO) Act - IATSE<\/title>\n<meta name=\"robots\" content=\"index, follow, max-snippet:-1, max-image-preview:large, max-video-preview:-1\" \/>\n<link rel=\"canonical\" href=\"https:\/\/iatse.net\/fr\/political-legislative\/pro-act\/\" \/>\n<meta property=\"og:locale\" content=\"fr_CA\" \/>\n<meta property=\"og:type\" content=\"article\" \/>\n<meta property=\"og:title\" content=\"The Protecting the Right to Organize (PRO) Act - IATSE\" \/>\n<meta property=\"og:description\" content=\"The Protecting the Right to Organize (PRO) Act is landmark worker empowerment, civil rights and social justice legislation that seeks to create a fairer, more just economy by strengthening protections [&hellip;]\" \/>\n<meta property=\"og:url\" content=\"https:\/\/iatse.net\/fr\/political-legislative\/pro-act\/\" \/>\n<meta property=\"og:site_name\" content=\"IATSE\" \/>\n<meta property=\"article:modified_time\" content=\"2023-03-14T17:57:24+00:00\" \/>\n<meta property=\"og:image\" content=\"https:\/\/iatse.net\/wp-content\/uploads\/2023\/03\/PRO-Act-new-graphic.png\" \/>\n\t<meta property=\"og:image:width\" content=\"1844\" \/>\n\t<meta property=\"og:image:height\" content=\"1028\" \/>\n\t<meta property=\"og:image:type\" content=\"image\/png\" \/>\n<meta name=\"twitter:card\" content=\"summary_large_image\" \/>\n<meta name=\"twitter:label1\" content=\"Estimation du temps de lecture\" \/>\n\t<meta name=\"twitter:data1\" content=\"3 minutes\" \/>\n<script type=\"application\/ld+json\" class=\"yoast-schema-graph\">{\"@context\":\"https:\/\/schema.org\",\"@graph\":[{\"@type\":\"WebPage\",\"@id\":\"https:\/\/iatse.net\/political-legislative\/pro-act\/\",\"url\":\"https:\/\/iatse.net\/political-legislative\/pro-act\/\",\"name\":\"The Protecting the Right to Organize (PRO) Act - IATSE\",\"isPartOf\":{\"@id\":\"https:\/\/iatse.net\/#website\"},\"primaryImageOfPage\":{\"@id\":\"https:\/\/iatse.net\/political-legislative\/pro-act\/#primaryimage\"},\"image\":{\"@id\":\"https:\/\/iatse.net\/political-legislative\/pro-act\/#primaryimage\"},\"thumbnailUrl\":\"https:\/\/iatse.net\/wp-content\/uploads\/2023\/03\/PRO-Act-new-graphic.png\",\"datePublished\":\"2021-08-24T19:57:24+00:00\",\"dateModified\":\"2023-03-14T17:57:24+00:00\",\"breadcrumb\":{\"@id\":\"https:\/\/iatse.net\/political-legislative\/pro-act\/#breadcrumb\"},\"inLanguage\":\"fr-CA\",\"potentialAction\":[{\"@type\":\"ReadAction\",\"target\":[\"https:\/\/iatse.net\/political-legislative\/pro-act\/\"]}]},{\"@type\":\"ImageObject\",\"inLanguage\":\"fr-CA\",\"@id\":\"https:\/\/iatse.net\/political-legislative\/pro-act\/#primaryimage\",\"url\":\"https:\/\/iatse.net\/wp-content\/uploads\/2023\/03\/PRO-Act-new-graphic.png\",\"contentUrl\":\"https:\/\/iatse.net\/wp-content\/uploads\/2023\/03\/PRO-Act-new-graphic.png\",\"width\":1844,\"height\":1028},{\"@type\":\"BreadcrumbList\",\"@id\":\"https:\/\/iatse.net\/political-legislative\/pro-act\/#breadcrumb\",\"itemListElement\":[{\"@type\":\"ListItem\",\"position\":1,\"name\":\"Home\",\"item\":\"https:\/\/iatse.net\/\"},{\"@type\":\"ListItem\",\"position\":2,\"name\":\"Political \/ Legislative\",\"item\":\"https:\/\/iatse.net\/political-legislative\/\"},{\"@type\":\"ListItem\",\"position\":3,\"name\":\"The Protecting the Right to Organize (PRO) Act\"}]},{\"@type\":\"WebSite\",\"@id\":\"https:\/\/iatse.net\/#website\",\"url\":\"https:\/\/iatse.net\/\",\"name\":\"IATSE\",\"description\":\"The Union Behind Entertainment\",\"publisher\":{\"@id\":\"https:\/\/iatse.net\/#organization\"},\"potentialAction\":[{\"@type\":\"SearchAction\",\"target\":{\"@type\":\"EntryPoint\",\"urlTemplate\":\"https:\/\/iatse.net\/?s={search_term_string}\"},\"query-input\":{\"@type\":\"PropertyValueSpecification\",\"valueRequired\":true,\"valueName\":\"search_term_string\"}}],\"inLanguage\":\"fr-CA\"},{\"@type\":\"Organization\",\"@id\":\"https:\/\/iatse.net\/#organization\",\"name\":\"IATSE\",\"url\":\"https:\/\/iatse.net\/\",\"logo\":{\"@type\":\"ImageObject\",\"inLanguage\":\"fr-CA\",\"@id\":\"https:\/\/iatse.net\/#\/schema\/logo\/image\/\",\"url\":\"https:\/\/iatse.net\/wp-content\/uploads\/2021\/03\/IATSE_Logo_White.png\",\"contentUrl\":\"https:\/\/iatse.net\/wp-content\/uploads\/2021\/03\/IATSE_Logo_White.png\",\"width\":2100,\"height\":1987,\"caption\":\"IATSE\"},\"image\":{\"@id\":\"https:\/\/iatse.net\/#\/schema\/logo\/image\/\"}}]}<\/script>\n<!-- \/ Yoast SEO plugin. -->","yoast_head_json":{"title":"The Protecting the Right to Organize (PRO) Act - IATSE","robots":{"index":"index","follow":"follow","max-snippet":"max-snippet:-1","max-image-preview":"max-image-preview:large","max-video-preview":"max-video-preview:-1"},"canonical":"https:\/\/iatse.net\/fr\/political-legislative\/pro-act\/","og_locale":"fr_CA","og_type":"article","og_title":"The Protecting the Right to Organize (PRO) Act - IATSE","og_description":"The Protecting the Right to Organize (PRO) Act is landmark worker empowerment, civil rights and social justice legislation that seeks to create a fairer, more just economy by strengthening protections [&hellip;]","og_url":"https:\/\/iatse.net\/fr\/political-legislative\/pro-act\/","og_site_name":"IATSE","article_modified_time":"2023-03-14T17:57:24+00:00","og_image":[{"width":1844,"height":1028,"url":"https:\/\/iatse.net\/wp-content\/uploads\/2023\/03\/PRO-Act-new-graphic.png","type":"image\/png"}],"twitter_card":"summary_large_image","twitter_misc":{"Estimation du temps de lecture":"3 minutes"},"schema":{"@context":"https:\/\/schema.org","@graph":[{"@type":"WebPage","@id":"https:\/\/iatse.net\/political-legislative\/pro-act\/","url":"https:\/\/iatse.net\/political-legislative\/pro-act\/","name":"The Protecting the Right to Organize (PRO) Act - IATSE","isPartOf":{"@id":"https:\/\/iatse.net\/#website"},"primaryImageOfPage":{"@id":"https:\/\/iatse.net\/political-legislative\/pro-act\/#primaryimage"},"image":{"@id":"https:\/\/iatse.net\/political-legislative\/pro-act\/#primaryimage"},"thumbnailUrl":"https:\/\/iatse.net\/wp-content\/uploads\/2023\/03\/PRO-Act-new-graphic.png","datePublished":"2021-08-24T19:57:24+00:00","dateModified":"2023-03-14T17:57:24+00:00","breadcrumb":{"@id":"https:\/\/iatse.net\/political-legislative\/pro-act\/#breadcrumb"},"inLanguage":"fr-CA","potentialAction":[{"@type":"ReadAction","target":["https:\/\/iatse.net\/political-legislative\/pro-act\/"]}]},{"@type":"ImageObject","inLanguage":"fr-CA","@id":"https:\/\/iatse.net\/political-legislative\/pro-act\/#primaryimage","url":"https:\/\/iatse.net\/wp-content\/uploads\/2023\/03\/PRO-Act-new-graphic.png","contentUrl":"https:\/\/iatse.net\/wp-content\/uploads\/2023\/03\/PRO-Act-new-graphic.png","width":1844,"height":1028},{"@type":"BreadcrumbList","@id":"https:\/\/iatse.net\/political-legislative\/pro-act\/#breadcrumb","itemListElement":[{"@type":"ListItem","position":1,"name":"Home","item":"https:\/\/iatse.net\/"},{"@type":"ListItem","position":2,"name":"Political \/ Legislative","item":"https:\/\/iatse.net\/political-legislative\/"},{"@type":"ListItem","position":3,"name":"The Protecting the Right to Organize (PRO) Act"}]},{"@type":"WebSite","@id":"https:\/\/iatse.net\/#website","url":"https:\/\/iatse.net\/","name":"IATSE","description":"The Union Behind Entertainment","publisher":{"@id":"https:\/\/iatse.net\/#organization"},"potentialAction":[{"@type":"SearchAction","target":{"@type":"EntryPoint","urlTemplate":"https:\/\/iatse.net\/?s={search_term_string}"},"query-input":{"@type":"PropertyValueSpecification","valueRequired":true,"valueName":"search_term_string"}}],"inLanguage":"fr-CA"},{"@type":"Organization","@id":"https:\/\/iatse.net\/#organization","name":"IATSE","url":"https:\/\/iatse.net\/","logo":{"@type":"ImageObject","inLanguage":"fr-CA","@id":"https:\/\/iatse.net\/#\/schema\/logo\/image\/","url":"https:\/\/iatse.net\/wp-content\/uploads\/2021\/03\/IATSE_Logo_White.png","contentUrl":"https:\/\/iatse.net\/wp-content\/uploads\/2021\/03\/IATSE_Logo_White.png","width":2100,"height":1987,"caption":"IATSE"},"image":{"@id":"https:\/\/iatse.net\/#\/schema\/logo\/image\/"}}]}},"acf":[],"_links":{"self":[{"href":"https:\/\/iatse.net\/fr\/wp-json\/wp\/v2\/pages\/6506"}],"collection":[{"href":"https:\/\/iatse.net\/fr\/wp-json\/wp\/v2\/pages"}],"about":[{"href":"https:\/\/iatse.net\/fr\/wp-json\/wp\/v2\/types\/page"}],"author":[{"embeddable":true,"href":"https:\/\/iatse.net\/fr\/wp-json\/wp\/v2\/users\/1"}],"replies":[{"embeddable":true,"href":"https:\/\/iatse.net\/fr\/wp-json\/wp\/v2\/comments?post=6506"}],"version-history":[{"count":42,"href":"https:\/\/iatse.net\/fr\/wp-json\/wp\/v2\/pages\/6506\/revisions"}],"predecessor-version":[{"id":13170,"href":"https:\/\/iatse.net\/fr\/wp-json\/wp\/v2\/pages\/6506\/revisions\/13170"}],"up":[{"embeddable":true,"href":"https:\/\/iatse.net\/fr\/wp-json\/wp\/v2\/pages\/1449"}],"wp:featuredmedia":[{"embeddable":true,"href":"https:\/\/iatse.net\/fr\/wp-json\/wp\/v2\/media\/13155"}],"wp:attachment":[{"href":"https:\/\/iatse.net\/fr\/wp-json\/wp\/v2\/media?parent=6506"}],"curies":[{"name":"wp","href":"https:\/\/api.w.org\/{rel}","templated":true}]}}