{"id":6155,"date":"2021-08-06T10:28:46","date_gmt":"2021-08-06T14:28:46","guid":{"rendered":"https:\/\/iatse.net\/?page_id=6155"},"modified":"2025-11-12T11:51:07","modified_gmt":"2025-11-12T16:51:07","slug":"district-list","status":"publish","type":"page","link":"https:\/\/iatse.net\/fr\/about\/district-list\/","title":{"rendered":"Liste des districts"},"content":{"rendered":"<h4 class=\"wp-block-heading\">DISTRICT 1<\/h4>\n\n\n\n<p>Montana, Idaho, Oregon, Washington, Alaska <\/p>\n\n\n\n<p>Secr\u00e9taire de district : Jennifer Bacon<br>5030 1st Ave. S Suite 204<br>Seattle, WA 98134<\/p>\n\n\n\n<p>T\u00e9l\u00e9phone : 206-859-0940<br>Fax : 206-448-5325<br>Courriel : <a href=\"mailto:Secretary@iatsedistrict1.org\">Secretary@iatsedistrict1.org<\/a><br>Site web :&nbsp;<a href=\"http:\/\/iatsedistrict1.org\">iatsedistrict1.org<\/a><\/p>\n\n\n\n<div style=\"height:30px\" aria-hidden=\"true\" class=\"wp-block-spacer\"><\/div>\n\n\n\n<h4 class=\"wp-block-heading\">DISTRICT 2<\/h4>\n\n\n\n<p>Californie, Nevada, Arizona, Hawa\u00ef <\/p>\n\n\n\n<p>Secr\u00e9taire du district : Anthony Pawluc<br>10061 Riverside Drive, Suite 825<br>Toluca Lake, CA 91602<\/p>\n\n\n\n<p>T\u00e9l\u00e9phone : 818-303-4351<br>Courriel :&nbsp;<a href=\"mailto:anthonypawluc@iadistrict2.org\">anthonypawluc@iadistrict2.org<\/a><br>Site web :&nbsp;<a href=\"http:\/\/www.iadistrict2.org\/\" target=\"_blank\" rel=\"noreferrer noopener\">www.iadistrict2.org<\/a><\/p>\n\n\n\n<div style=\"height:30px\" aria-hidden=\"true\" class=\"wp-block-spacer\"><\/div>\n\n\n\n<h4 class=\"wp-block-heading\">DISTRICT 3<\/h4>\n\n\n\n<p>Maine, New Hampshire, Vermont, Massachusetts, Rhode Island, Connecticut&nbsp;<\/p>\n\n\n\n<p>Secr\u00e9taire du district : Patrick Keogh<br>152 Old Colony Avenue, Box 25<br>South Boston, MA 02127<\/p>\n\n\n\n<p>T\u00e9l\u00e9phone : 617-594-0012<br>Courriel :&nbsp;<a href=\"mailto:pkeogh@iatse11.org\">pkeogh@iatse11.org<\/a><\/p>\n\n\n\n<div style=\"height:30px\" aria-hidden=\"true\" class=\"wp-block-spacer\"><\/div>\n\n\n\n<h4 class=\"wp-block-heading\">DISTRICT 4<\/h4>\n\n\n\n<p>Pennsylvanie, Delaware, Maryland, Virginie, Virginie occidentale, district de Columbia&nbsp;<\/p>\n\n\n\n<p>Secr\u00e9taire du district : David O'Ferrall<br>2301, rue Russell<br>Baltimore, MD 21230<\/p>\n\n\n\n<p>T\u00e9l\u00e9phone : 410-732-0414<br>Cellulaire : 410-960-5162<br>Courriel :&nbsp;<a href=\"mailto:district4iatse@gmail.com\">district4iatse@gmail.com<\/a><\/p>\n\n\n\n<div style=\"height:30px\" aria-hidden=\"true\" class=\"wp-block-spacer\"><\/div>\n\n\n\n<h4 class=\"wp-block-heading\">DISTRICT 5<\/h4>\n\n\n\n<p>Wyoming, Colorado, Utah, Nouveau Mexique, Texas, Oklahoma, Arkansas<\/p>\n\n\n\n<p>Secr\u00e9taire du district : Bryant Preston<br>P.O. Box 1524<br>Denver, CO 80201<\/p>\n\n\n\n<p>T\u00e9l\u00e9phone : 720-364-3585<br>Fax : 303-534-0216<br>Courriel :&nbsp;<a href=\"mailto:districtsecretary@iatsedistrict5.org\">districtsecretary@iatsedistrict5.org<\/a><\/p>\n\n\n\n<div style=\"height:30px\" aria-hidden=\"true\" class=\"wp-block-spacer\"><\/div>\n\n\n\n<h4 class=\"wp-block-heading\">DISTRICT 7<\/h4>\n\n\n\n<p>Tennessee, Alabama, G\u00e9orgie, Caroline du Nord, Caroline du Sud, Mississippi, Louisiane, Floride, Porto Rico, \u00celes Vierges am\u00e9ricaines<\/p>\n\n\n\n<p>Secr\u00e9taire du district : Andrew C. Oyaas<br>1924 S. 16th St<br>Wilmington, NC 28401<\/p>\n\n\n\n<p>T\u00e9l\u00e9phone : 828-421-8123<br>Fax : 910-343-9448<br>Courriel :&nbsp;<a href=\"mailto:secretary@iatsedistrict7.org\">secretary@iatsedistrict7.org<\/a><\/p>\n\n\n\n<div style=\"height:30px\" aria-hidden=\"true\" class=\"wp-block-spacer\"><\/div>\n\n\n\n<h4 class=\"wp-block-heading\">DISTRICT 8<\/h4>\n\n\n\n<p>Michigan, Indiana, Ohio, Kentucky&nbsp;<\/p>\n\n\n\n<p>Secr\u00e9taire de district : Tom Guidugli<br>35 East Seventh Street- Suite 501<br>Cincinnati, OH 45202<\/p>\n\n\n\n<p>T\u00e9l\u00e9phone : 859-653-0311<br>Courriel :&nbsp;<a href=\"mailto:Tguidugli@iatse.net\">Tguidugli@iatse.net<\/a><\/p>\n\n\n\n<div style=\"height:30px\" aria-hidden=\"true\" class=\"wp-block-spacer\"><\/div>\n\n\n\n<h4 class=\"wp-block-heading\">DISTRICT 9<\/h4>\n\n\n\n<p>Wisconsin, Iowa, Illinois, Missouri, Minnesota, Dakota du Nord, Dakota du Sud, Nebraska, Kansas&nbsp;<\/p>\n\n\n\n<p>Secr\u00e9taire du district : Frank Taylor<br>216 S. Jefferson St Suite 400<br>Chicago, Il 60661<\/p>\n\n\n\n<p>T\u00e9l\u00e9phone : 312-705-2020<br>Cellulaire : 773-771-8242<br>Fax : 312-705-2011<br>Courriel :&nbsp;<a href=\"mailto:ftaylor@iatselocal2.com\">ftaylor@iatselocal2.com<\/a><\/p>\n\n\n\n<div style=\"height:30px\" aria-hidden=\"true\" class=\"wp-block-spacer\"><\/div>\n\n\n\n<h4 class=\"wp-block-heading\">DISTRICT 10<\/h4>\n\n\n\n<p>New York, New Jersey<\/p>\n\n\n\n<p>Secr\u00e9taire du district : Greg Hancox <br>B.P. 3122<br>Secaucus, NJ 07096<\/p>\n\n\n\n<p>T\u00e9l\u00e9phone : (201) 757-6846<br>Fax : (201) 863-8551<br>Courriel :&nbsp;<a href=\"mailto:Hancoxgreg@aol.com\">Hancoxgreg@aol.com<\/a><\/p>\n\n\n\n<div style=\"height:30px\" aria-hidden=\"true\" class=\"wp-block-spacer\"><\/div>\n\n\n\n<h4 class=\"wp-block-heading\">DISTRICT 11<\/h4>\n\n\n\n<p>Provinces de l'Ontario, du Qu\u00e9bec, du Nouveau-Brunswick, de la Nouvelle-\u00c9cosse, de l'\u00cele-du-Prince-\u00c9douard, de Terre-Neuve et du Labrador.&nbsp;<\/p>\n\n\n\n<p>Secr\u00e9taire de district : Zoe Dempster<br>55 Elizabeth Ave <br>John's, NL, Canada A1A 1W9<\/p>\n\n\n\n<p>T\u00e9l\u00e9phone : (709) 979-1419<br>Courriel :&nbsp;<a href=\"mailto:iadistrict11@gmail.com\">iadistrict11@gmail.com<\/a><\/p>\n\n\n\n<p>Site web : <a href=\"https:\/\/nam11.safelinks.protection.outlook.com\/?url=http%3A%2F%2Fwww.iatsedistrict11.ca%2F&amp;data=05%7C02%7Cmgreene%40iatse.net%7C9d2d1c5035544efbe82a08dc21c5d0a5%7C2df90b63cf6e467b8dd663f975519878%7C0%7C0%7C638422380701936180%7CUnknown%7CTWFpbGZsb3d8eyJWIjoiMC4wLjAwMDAiLCJQIjoiV2luMzIiLCJBTiI6Ik1haWwiLCJXVCI6Mn0%3D%7C0%7C%7C%7C&amp;sdata=0PdLpgk0gLtPLsJchfpiTGWbvcqFXPnmVzy2F5XMIfM%3D&amp;reserved=0\">www.iatsedistrict11.ca<\/a><\/p>\n\n\n\n<div style=\"height:30px\" aria-hidden=\"true\" class=\"wp-block-spacer\"><\/div>\n\n\n\n<h4 class=\"wp-block-heading\">DISTRICT 12<\/h4>\n\n\n\n<p>Provinces du Manitoba, de la Saskatchewan, de l'Alberta, de la Colombie-Britannique, du Yukon, des Territoires du Nord-Ouest et du Nunavut.<\/p>\n\n\n\n<p>Secr\u00e9taire de district : Christina Kasperczyk<br>#301-4390 Gallant Ave.<br>N. Vancouver, BC V7G 1L2<\/p>\n\n\n\n<p>T\u00e9l\u00e9phone : 604-862-4000 604-862-4000<br>Courriel :\u00a0<a href=\"mailto:Iatsed12@gmail.com\" target=\"_blank\" rel=\"noreferrer noopener\">Iatsed12@gmail.com<\/a><br>Site web :\u00a0<a href=\"http:\/\/www.iad12.com\/\" target=\"_blank\" rel=\"noreferrer noopener\">www.iad12.com<\/a><\/p>","protected":false},"excerpt":{"rendered":"<p>DISTRICT 1 Montana, Idaho, Oregon, Washington, Alaska Secr\u00e9taire du district : Jennifer Bacon5030 1st Ave. S Suite 204Seattle, WA 98134 Phone : 206-859-0940Fax : 206-448-5325Email : Secretary@iatsedistrict1.orgWebsite : iatsedistrict1.org DISTRICT 2 Californie, Nevada, Arizona, Hawa\u00ef Secr\u00e9taire du district : [...]<\/p>","protected":false},"author":1,"featured_media":20584,"parent":122,"menu_order":0,"comment_status":"closed","ping_status":"closed","template":"","meta":{"_acf_changed":false,"_monsterinsights_skip_tracking":false,"_monsterinsights_sitenote_active":false,"_monsterinsights_sitenote_note":"","_monsterinsights_sitenote_category":0,"footnotes":""},"yoast_head":"<!-- This site is optimized with the Yoast SEO plugin v23.5 - https:\/\/yoast.com\/wordpress\/plugins\/seo\/ -->\n<title>District List - IATSE, The Union Behind Entertainment<\/title>\n<meta name=\"robots\" content=\"index, follow, max-snippet:-1, max-image-preview:large, max-video-preview:-1\" \/>\n<link rel=\"canonical\" href=\"https:\/\/iatse.net\/fr\/about\/district-list\/\" \/>\n<meta property=\"og:locale\" content=\"fr_CA\" \/>\n<meta property=\"og:type\" content=\"article\" \/>\n<meta property=\"og:title\" content=\"District List - IATSE, The Union Behind Entertainment\" \/>\n<meta property=\"og:description\" content=\"DISTRICT 1 Montana, Idaho, Oregon, Washington, Alaska District Secretary: Jennifer Bacon5030 1st Ave. S Suite 204Seattle, WA 98134 Phone: 206-859-0940Fax: 206-448-5325Email: Secretary@iatsedistrict1.orgWebsite:&nbsp;iatsedistrict1.org DISTRICT 2 California, Nevada, Arizona, Hawaii District Secretary: [&hellip;]\" \/>\n<meta property=\"og:url\" content=\"https:\/\/iatse.net\/fr\/about\/district-list\/\" \/>\n<meta property=\"og:site_name\" content=\"IATSE\" \/>\n<meta property=\"article:modified_time\" content=\"2025-11-12T16:51:07+00:00\" \/>\n<meta property=\"og:image\" content=\"https:\/\/iatse.net\/wp-content\/uploads\/2025\/09\/2025-09-04-New-District-Map-TRANSPARENT-Wide.png\" \/>\n\t<meta property=\"og:image:width\" content=\"1920\" \/>\n\t<meta property=\"og:image:height\" content=\"1080\" \/>\n\t<meta property=\"og:image:type\" content=\"image\/png\" \/>\n<meta name=\"twitter:card\" content=\"summary_large_image\" \/>\n<meta name=\"twitter:label1\" content=\"Estimation du temps de lecture\" \/>\n\t<meta name=\"twitter:data1\" content=\"2 minutes\" \/>\n<script type=\"application\/ld+json\" class=\"yoast-schema-graph\">{\"@context\":\"https:\/\/schema.org\",\"@graph\":[{\"@type\":\"WebPage\",\"@id\":\"https:\/\/iatse.net\/about\/district-list\/\",\"url\":\"https:\/\/iatse.net\/about\/district-list\/\",\"name\":\"District List - IATSE, The Union Behind Entertainment\",\"isPartOf\":{\"@id\":\"https:\/\/iatse.net\/#website\"},\"primaryImageOfPage\":{\"@id\":\"https:\/\/iatse.net\/about\/district-list\/#primaryimage\"},\"image\":{\"@id\":\"https:\/\/iatse.net\/about\/district-list\/#primaryimage\"},\"thumbnailUrl\":\"https:\/\/iatse.net\/wp-content\/uploads\/2025\/09\/2025-09-04-New-District-Map-TRANSPARENT-Wide.png\",\"datePublished\":\"2021-08-06T14:28:46+00:00\",\"dateModified\":\"2025-11-12T16:51:07+00:00\",\"breadcrumb\":{\"@id\":\"https:\/\/iatse.net\/about\/district-list\/#breadcrumb\"},\"inLanguage\":\"fr-CA\",\"potentialAction\":[{\"@type\":\"ReadAction\",\"target\":[\"https:\/\/iatse.net\/about\/district-list\/\"]}]},{\"@type\":\"ImageObject\",\"inLanguage\":\"fr-CA\",\"@id\":\"https:\/\/iatse.net\/about\/district-list\/#primaryimage\",\"url\":\"https:\/\/iatse.net\/wp-content\/uploads\/2025\/09\/2025-09-04-New-District-Map-TRANSPARENT-Wide.png\",\"contentUrl\":\"https:\/\/iatse.net\/wp-content\/uploads\/2025\/09\/2025-09-04-New-District-Map-TRANSPARENT-Wide.png\",\"width\":1920,\"height\":1080},{\"@type\":\"BreadcrumbList\",\"@id\":\"https:\/\/iatse.net\/about\/district-list\/#breadcrumb\",\"itemListElement\":[{\"@type\":\"ListItem\",\"position\":1,\"name\":\"Home\",\"item\":\"https:\/\/iatse.net\/\"},{\"@type\":\"ListItem\",\"position\":2,\"name\":\"About Us\",\"item\":\"https:\/\/iatse.net\/about\/\"},{\"@type\":\"ListItem\",\"position\":3,\"name\":\"District List\"}]},{\"@type\":\"WebSite\",\"@id\":\"https:\/\/iatse.net\/#website\",\"url\":\"https:\/\/iatse.net\/\",\"name\":\"IATSE\",\"description\":\"The Union Behind Entertainment\",\"publisher\":{\"@id\":\"https:\/\/iatse.net\/#organization\"},\"potentialAction\":[{\"@type\":\"SearchAction\",\"target\":{\"@type\":\"EntryPoint\",\"urlTemplate\":\"https:\/\/iatse.net\/?s={search_term_string}\"},\"query-input\":{\"@type\":\"PropertyValueSpecification\",\"valueRequired\":true,\"valueName\":\"search_term_string\"}}],\"inLanguage\":\"fr-CA\"},{\"@type\":\"Organization\",\"@id\":\"https:\/\/iatse.net\/#organization\",\"name\":\"IATSE\",\"url\":\"https:\/\/iatse.net\/\",\"logo\":{\"@type\":\"ImageObject\",\"inLanguage\":\"fr-CA\",\"@id\":\"https:\/\/iatse.net\/#\/schema\/logo\/image\/\",\"url\":\"https:\/\/iatse.net\/wp-content\/uploads\/2021\/03\/IATSE_Logo_White.png\",\"contentUrl\":\"https:\/\/iatse.net\/wp-content\/uploads\/2021\/03\/IATSE_Logo_White.png\",\"width\":2100,\"height\":1987,\"caption\":\"IATSE\"},\"image\":{\"@id\":\"https:\/\/iatse.net\/#\/schema\/logo\/image\/\"}}]}<\/script>\n<!-- \/ Yoast SEO plugin. -->","yoast_head_json":{"title":"District List - IATSE, The Union Behind Entertainment","robots":{"index":"index","follow":"follow","max-snippet":"max-snippet:-1","max-image-preview":"max-image-preview:large","max-video-preview":"max-video-preview:-1"},"canonical":"https:\/\/iatse.net\/fr\/about\/district-list\/","og_locale":"fr_CA","og_type":"article","og_title":"District List - IATSE, The Union Behind Entertainment","og_description":"DISTRICT 1 Montana, Idaho, Oregon, Washington, Alaska District Secretary: Jennifer Bacon5030 1st Ave. S Suite 204Seattle, WA 98134 Phone: 206-859-0940Fax: 206-448-5325Email: Secretary@iatsedistrict1.orgWebsite:&nbsp;iatsedistrict1.org DISTRICT 2 California, Nevada, Arizona, Hawaii District Secretary: [&hellip;]","og_url":"https:\/\/iatse.net\/fr\/about\/district-list\/","og_site_name":"IATSE","article_modified_time":"2025-11-12T16:51:07+00:00","og_image":[{"width":1920,"height":1080,"url":"https:\/\/iatse.net\/wp-content\/uploads\/2025\/09\/2025-09-04-New-District-Map-TRANSPARENT-Wide.png","type":"image\/png"}],"twitter_card":"summary_large_image","twitter_misc":{"Estimation du temps de lecture":"2 minutes"},"schema":{"@context":"https:\/\/schema.org","@graph":[{"@type":"WebPage","@id":"https:\/\/iatse.net\/about\/district-list\/","url":"https:\/\/iatse.net\/about\/district-list\/","name":"District List - IATSE, The Union Behind Entertainment","isPartOf":{"@id":"https:\/\/iatse.net\/#website"},"primaryImageOfPage":{"@id":"https:\/\/iatse.net\/about\/district-list\/#primaryimage"},"image":{"@id":"https:\/\/iatse.net\/about\/district-list\/#primaryimage"},"thumbnailUrl":"https:\/\/iatse.net\/wp-content\/uploads\/2025\/09\/2025-09-04-New-District-Map-TRANSPARENT-Wide.png","datePublished":"2021-08-06T14:28:46+00:00","dateModified":"2025-11-12T16:51:07+00:00","breadcrumb":{"@id":"https:\/\/iatse.net\/about\/district-list\/#breadcrumb"},"inLanguage":"fr-CA","potentialAction":[{"@type":"ReadAction","target":["https:\/\/iatse.net\/about\/district-list\/"]}]},{"@type":"ImageObject","inLanguage":"fr-CA","@id":"https:\/\/iatse.net\/about\/district-list\/#primaryimage","url":"https:\/\/iatse.net\/wp-content\/uploads\/2025\/09\/2025-09-04-New-District-Map-TRANSPARENT-Wide.png","contentUrl":"https:\/\/iatse.net\/wp-content\/uploads\/2025\/09\/2025-09-04-New-District-Map-TRANSPARENT-Wide.png","width":1920,"height":1080},{"@type":"BreadcrumbList","@id":"https:\/\/iatse.net\/about\/district-list\/#breadcrumb","itemListElement":[{"@type":"ListItem","position":1,"name":"Home","item":"https:\/\/iatse.net\/"},{"@type":"ListItem","position":2,"name":"About Us","item":"https:\/\/iatse.net\/about\/"},{"@type":"ListItem","position":3,"name":"District List"}]},{"@type":"WebSite","@id":"https:\/\/iatse.net\/#website","url":"https:\/\/iatse.net\/","name":"IATSE","description":"The Union Behind Entertainment","publisher":{"@id":"https:\/\/iatse.net\/#organization"},"potentialAction":[{"@type":"SearchAction","target":{"@type":"EntryPoint","urlTemplate":"https:\/\/iatse.net\/?s={search_term_string}"},"query-input":{"@type":"PropertyValueSpecification","valueRequired":true,"valueName":"search_term_string"}}],"inLanguage":"fr-CA"},{"@type":"Organization","@id":"https:\/\/iatse.net\/#organization","name":"IATSE","url":"https:\/\/iatse.net\/","logo":{"@type":"ImageObject","inLanguage":"fr-CA","@id":"https:\/\/iatse.net\/#\/schema\/logo\/image\/","url":"https:\/\/iatse.net\/wp-content\/uploads\/2021\/03\/IATSE_Logo_White.png","contentUrl":"https:\/\/iatse.net\/wp-content\/uploads\/2021\/03\/IATSE_Logo_White.png","width":2100,"height":1987,"caption":"IATSE"},"image":{"@id":"https:\/\/iatse.net\/#\/schema\/logo\/image\/"}}]}},"acf":[],"_links":{"self":[{"href":"https:\/\/iatse.net\/fr\/wp-json\/wp\/v2\/pages\/6155"}],"collection":[{"href":"https:\/\/iatse.net\/fr\/wp-json\/wp\/v2\/pages"}],"about":[{"href":"https:\/\/iatse.net\/fr\/wp-json\/wp\/v2\/types\/page"}],"author":[{"embeddable":true,"href":"https:\/\/iatse.net\/fr\/wp-json\/wp\/v2\/users\/1"}],"replies":[{"embeddable":true,"href":"https:\/\/iatse.net\/fr\/wp-json\/wp\/v2\/comments?post=6155"}],"version-history":[{"count":23,"href":"https:\/\/iatse.net\/fr\/wp-json\/wp\/v2\/pages\/6155\/revisions"}],"predecessor-version":[{"id":21113,"href":"https:\/\/iatse.net\/fr\/wp-json\/wp\/v2\/pages\/6155\/revisions\/21113"}],"up":[{"embeddable":true,"href":"https:\/\/iatse.net\/fr\/wp-json\/wp\/v2\/pages\/122"}],"wp:featuredmedia":[{"embeddable":true,"href":"https:\/\/iatse.net\/fr\/wp-json\/wp\/v2\/media\/20584"}],"wp:attachment":[{"href":"https:\/\/iatse.net\/fr\/wp-json\/wp\/v2\/media?parent=6155"}],"curies":[{"name":"wp","href":"https:\/\/api.w.org\/{rel}","templated":true}]}}