{"id":6088,"date":"2021-08-05T14:23:35","date_gmt":"2021-08-05T18:23:35","guid":{"rendered":"https:\/\/iatse.net\/?page_id=6088"},"modified":"2024-03-19T09:13:17","modified_gmt":"2024-03-19T13:13:17","slug":"leap-directory-canada","status":"publish","type":"page","link":"https:\/\/iatse.net\/fr\/education\/leap-directory-canada\/","title":{"rendered":"Annuaire LEAP : Canada"},"content":{"rendered":"<h4 class=\"wp-block-heading\">COLL\u00c8GE DES TRAVAILLEURS DU CANADA<\/h4>\n\n\n\n<p><a href=\"https:\/\/canadianlabour.ca\/who-we-are\/labour-education\/labour-college-of-canada\/\" target=\"_blank\" rel=\"noreferrer noopener\">https:\/\/canadianlabour.ca\/who-we-are\/labour-education\/labour-college-of-canada\/<\/a><\/p>\n\n\n\n<p>Le Labour College a ouvert ses portes aux travailleurs en 1963. Aujourd'hui, il offre un programme intensif d'apprentissage postsecondaire de quatre semaines aux militants syndicaux qui veulent am\u00e9liorer leurs capacit\u00e9s de leadership.<\/p>\n\n\n\n<p>L'exp\u00e9rience d'apprentissage du Coll\u00e8ge offre une vari\u00e9t\u00e9 de lectures, de devoirs, de conf\u00e9rences, de discussions, de s\u00e9ances pl\u00e9ni\u00e8res, de recherches et d'examen du r\u00f4le des militants dans le syndicat.  La combinaison de l'exp\u00e9rience pratique et des nouveaux apprentissages donne lieu \u00e0 une exp\u00e9rience d'apprentissage pr\u00e9cieuse pour tous et profite au mouvement syndical.<\/p>\n\n\n\n<p>L'Ordre a des bureaux r\u00e9gionaux dans les r\u00e9gions de l'Atlantique, de l'Ontario, du Pacifique, des Prairies et du Qu\u00e9bec.<\/p>\n\n\n\n<div style=\"height:30px\" aria-hidden=\"true\" class=\"wp-block-spacer\"><\/div>\n\n\n\n<h4 class=\"wp-block-heading\">ALBERTA<\/h4>\n\n\n\n<p><strong>Ressources humaines et relations de travail, Centre des sciences sociales<\/strong><br>Universit\u00e9 d'Athabasca<br>Athabasca, Alberta T9S 3A3<br>780-675-6100<br><a href=\"https:\/\/www.athabascau.ca\/calendar\/undergraduate\/program-regulations\/university-certificates\/university-certificate-in-human-resources-and-labour-relations.html\" target=\"_blank\" rel=\"noreferrer noopener\">https:\/\/www.athabascau.ca\/calendar\/undergraduate\/program-regulations\/university-certificates\/university-certificate-in-human-resources-and-labour-relations.html<\/a><\/p>\n\n\n\n<p>Le certificat universitaire en \u00e9tudes du travail est con\u00e7u pour les \u00e9tudiants qui veulent en savoir plus sur la position du travail et des travailleurs dans la soci\u00e9t\u00e9. Le programme sera d'un int\u00e9r\u00eat particulier pour les syndicalistes, tant au niveau de la direction que des membres en g\u00e9n\u00e9ral.<\/p>\n\n\n\n<div style=\"height:30px\" aria-hidden=\"true\" class=\"wp-block-spacer\"><\/div>\n\n\n\n<h4 class=\"wp-block-heading\">COLOMBIE BRITANNIQUE<\/h4>\n\n\n\n<p><strong>Centre d'\u00e9tudes du travail<\/strong><strong><br><\/strong>Universit\u00e9 Simon Fraser<br>Burnaby, Colombie-Britannique V5A1S6<br>604-268-6878<br><a href=\"http:\/\/www.labour.sfu.ca\/\" target=\"_blank\" rel=\"noreferrer noopener\">http:\/\/www.labour.sfu.ca\/<\/a><\/p>\n\n\n\n<p>Le Centre for Labour Studies de l'Universit\u00e9 Simon Fraser encourage l'\u00e9tude et la compr\u00e9hension du travail, des travailleurs et de leurs organisations d'un point de vue social, culturel, historique, politique et \u00e9conomique. Le Centre vise \u00e0 fournir une gamme de cours et de programmes enseign\u00e9s (avec ou sans cr\u00e9dits), \u00e0 offrir des possibilit\u00e9s de recherche et de l'aide aux \u00e9tudiants de l'Universit\u00e9 Simon Fraser et aux organisations syndicales provinciales, et \u00e0 cr\u00e9er des liens de soutien mutuel et b\u00e9n\u00e9fiques entre les communaut\u00e9s universitaires et syndicales.<\/p>\n\n\n\n<div style=\"height:30px\" aria-hidden=\"true\" class=\"wp-block-spacer\"><\/div>\n\n\n\n<h4 class=\"wp-block-heading\">MANITOBA<\/h4>\n\n\n\n<p><strong>Programme d'\u00e9tudes du travail<\/strong><br>Universit\u00e9 du Manitoba<br>Winnipeg, Manitoba R3T2N2<br>204-474-8356<br><a href=\"http:\/\/umanitoba.ca\/student\/admissions\/programs\/labour-studies.html\" target=\"_blank\" rel=\"noreferrer noopener\">http:\/\/umanitoba.ca\/student\/admissions\/programs\/labour-studies.html<\/a><\/p>\n\n\n\n<p>Nous fournissons des outils aux militants syndicaux, aux formateurs d'adultes, aux sp\u00e9cialistes des relations humaines, et \u00e0 tous ceux qui cherchent \u00e0 contr\u00f4ler leur vie professionnelle : pensions, r\u00e9glementations en mati\u00e8re de sant\u00e9 et de s\u00e9curit\u00e9, normes d'emploi, droit du travail, strat\u00e9gies de n\u00e9gociation, \u00e9quit\u00e9 en mati\u00e8re d'emploi, politiques en mati\u00e8re de harc\u00e8lement sexuel, droits de l'homme, et bien d'autres sujets.<\/p>\n\n\n\n<div style=\"height:30px\" aria-hidden=\"true\" class=\"wp-block-spacer\"><\/div>\n\n\n\n<h4 class=\"wp-block-heading\">ONTARIO<\/h4>\n\n\n\n<p><strong>\u00c9tudes sur le travail<\/strong><br>Universit\u00e9 McMaster<br>Hamilton, Ontario L8S4L8<br>905-525-9140<br><a href=\"http:\/\/www.labourstudies.mcmaster.ca\/\" target=\"_blank\" rel=\"noreferrer noopener\">http:\/\/www.labourstudies.mcmaster.ca\/<\/a><\/p>\n\n\n\n<p>Les \u00e9tudes sur le travail offrent aux travailleurs la possibilit\u00e9 de mieux comprendre et d'agir sur les probl\u00e8mes complexes auxquels ils sont confront\u00e9s dans leur vie quotidienne. Les cours examinent la vie et les exp\u00e9riences des travailleurs, la nature changeante du travail, l'impact des politiques gouvernementales et le r\u00f4le du mouvement syndical dans le d\u00e9veloppement social, \u00e9conomique et politique de la soci\u00e9t\u00e9 moderne. Les \u00e9tudiants ont la possibilit\u00e9 d'examiner, dans un environnement convivial, les questions qui les pr\u00e9occupent en tant que travailleurs. Des cours sp\u00e9cialis\u00e9s sur les techniques de recherche, les ressources de la biblioth\u00e8que et l'Internet fournissent aux \u00e9tudiants les outils dont ils ont besoin pour faire de l'apprentissage tout au long de la vie une r\u00e9alit\u00e9.<\/p>\n\n\n\n<p><strong>Centre des relations industrielles<\/strong><br>Universit\u00e9 Queen's<br>Kingston, Ontario K7L3N6<br>888-858-7838<br><a href=\"http:\/\/irc.queensu.ca\/\" target=\"_blank\" rel=\"noreferrer noopener\">http:\/\/irc.queensu.ca\/<\/a><\/p>\n\n\n\n<p>Le Centre des relations industrielles (CRI) de l'Universit\u00e9 Queen's est une institution connue tant pour ses recherches actives, ses publications et son implication dans les affaires publiques canadiennes que pour ses programmes et conf\u00e9rences tr\u00e8s respect\u00e9s et tr\u00e8s fr\u00e9quent\u00e9s en mati\u00e8re de relations de travail et de gestion des ressources humaines.<\/p>\n\n\n\n<p><strong>\u00c9tudes sur le travail<\/strong><br>Universit\u00e9 Brock<br>St. Catherines, Ontario L2S3A1<br>905-688-5550<br><a href=\"http:\/\/brocku.ca\/social-sciences\/departments-and-centres\/labour-studies\" target=\"_blank\" rel=\"noreferrer noopener\">http:\/\/brocku.ca\/social-sciences\/departments-and-centres\/labour-studies<\/a><\/p>\n\n\n\n<p>La d\u00e9cision de travailler, l'organisation du travail, la syndicalisation, les changements techniques, le droit du travail, l'\u00e9quit\u00e9 salariale, la formation professionnelle et les effets du travail sur la sant\u00e9 et la famille ne sont que quelques-uns des domaines d'int\u00e9r\u00eat des \u00e9tudes du travail.<\/p>\n\n\n\n<p><strong>Centre pour les relations industrielles et les ressources humaines<\/strong><br>Universit\u00e9 de Toronto<br>Toronto, Ontario M5S2E8&nbsp;<br>416-978-2927<br><a href=\"https:\/\/www.cirhr.utoronto.ca\/\">https:\/\/www.cirhr.utoronto.ca\/<\/a><\/p>\n\n\n\n<p>Le Centre for Industrial Relations and Human Resources est un centre interdisciplinaire d'enseignement sup\u00e9rieur et de recherche dans les domaines de la gestion des ressources humaines, des relations patronales-syndicales, du march\u00e9 du travail et de la politique sociale. Il constitue un environnement impartial pour tous les participants au processus d'emploi : syndicats, patronat et gouvernement.<\/p>\n\n\n\n<p><strong>Le programme d'\u00e9tudes du travail<\/strong><br>Universit\u00e9 de York<br>Toronto, Ontario M3J1P3<br>416-736-2100<br><a href=\"https:\/\/www.yorku.ca\/laps\/sosc\/wkls\/\" target=\"_blank\" rel=\"noreferrer noopener\">https:\/\/www.yorku.ca\/laps\/sosc\/wkls\/<\/a><\/p>\n\n\n\n<p>Le programme d'\u00e9tudes du travail (LAST) permet aux \u00e9tudiants d'explorer le monde du travail et des travailleurs, en analysant le monde canadien du travail et de la main-d'\u0153uvre dans un environnement mondial volatile. Au-del\u00e0 de York, LAST entretient des liens actifs avec les syndicats canadiens, les organismes de formation professionnelle, les minist\u00e8res, les ONG et les r\u00e9seaux internationaux de d\u00e9fense des droits, ce qui \u00e9largit le monde des \u00e9tudes et les possibilit\u00e9s d'emploi pour les \u00e9tudiants de LAST.<\/p>\n\n\n\n<p><strong>\u00c9tudes sur le travail<\/strong><br>Universit\u00e9 de Windsor<br>Windsor, Ontario N9B3P4<br>519-253-3000 poste 3723<br><a href=\"https:\/\/www.uwindsor.ca\/wgst\/WEI-home\" target=\"_blank\" rel=\"noreferrer noopener\">https:\/\/www.uwindsor.ca\/wgst\/WEI-home<\/a><\/p>\n\n\n\n<p>Les \u00e9tudes du travail sont l'\u00e9tude des mouvements syndicaux, des relations de travail, des conditions de travail et des droits des travailleurs. Ce programme vous aidera \u00e0 comprendre comment et pourquoi le mouvement ouvrier s'est d\u00e9velopp\u00e9 au Canada et \u00e0 l'\u00e9tranger, comment et pourquoi le travail est organis\u00e9 de certaines fa\u00e7ons, et comment et pourquoi le mouvement ouvrier a eu certains impacts sur l'histoire sociale et le d\u00e9veloppement des travailleurs.<\/p>\n\n\n\n<p><strong>Minist\u00e8re du travail de l'Ontario<\/strong><br>Services de r\u00e8glement des litiges<br>416-326-7575<br><a href=\"http:\/\/www.labour.gov.on.ca\/english\/lr\/\" target=\"_blank\" rel=\"noreferrer noopener\">http:\/\/www.labour.gov.on.ca\/english\/lr\/<\/a><\/p>\n\n\n\n<div style=\"height:30px\" aria-hidden=\"true\" class=\"wp-block-spacer\"><\/div>\n\n\n\n<h4 class=\"wp-block-heading\">QU\u00c9BEC<\/h4>\n\n\n\n<p><strong>l'\u00c9cole de relations industrielles<\/strong><br>Universit\u00e9 de Montr\u00e9al<br>Montr\u00e9al, Qu\u00e9bec H3C3J7<br>514-343-6111<br><a href=\"http:\/\/www.eri.umontreal.ca\/\" target=\"_blank\" rel=\"noreferrer noopener\">http:\/\/www.eri.umontreal.ca\/<\/a><\/p>\n\n\n\n<p>Dans la r\u00e9gion montr\u00e9alaise, l'\u00c9cole de relations industrielles est la plus grande institution universitaire dispensant un enseignement sp\u00e9cialis\u00e9 dans les domaines de la gestion des ressources humaines, des relations collectives de travail et des politiques gouvernementales r\u00e9gissant le monde du travail. BS en relations du travail, MS et Ph.D. en relations industrielles<\/p>\n\n\n\n<p><strong>Relations industrielles Universit\u00e9 Laval<\/strong><br>Qu\u00e9bec, Qu\u00e9bec G1V0A6<br>418-656-2131<br><a href=\"http:\/\/www2.ulaval.ca\/\" target=\"_blank\" rel=\"noreferrer noopener\">http:\/\/www.ulaval.ca<\/a><\/p>\n\n\n\n<p>BS, MA, Ph.D. en relations industrielles (En francais)<\/p>\n\n\n\n<p><\/p>\n\n\n\n<h4 class=\"wp-block-heading\"><strong>ONLINE\/QU\u00c9BEC<\/strong><\/h4>\n\n\n\n<p><strong><a href=\"https:\/\/www.teluq.ca\/site\/etudes\/offre\/prog\/TELUQ\/4099\/\" target=\"_blank\" rel=\"noreferrer noopener\">T\u00c9LUQ&nbsp;<\/a>Universit\u00e9, Certificat en relations de travail<\/strong><\/p>\n\n\n\n<p><a href=\"https:\/\/www.teluq.ca\/site\/etudes\/offre\/prog\/certificat-en-relations-du-travail\/\">https:\/\/www.teluq.ca\/site\/etudes\/offre\/prog\/certificat-en-relations-du-travail\/<\/a><\/p>\n\n\n\n<p>Membre du r\u00e9seau de l'Universit\u00e9 du Qu\u00e9bec, l'Universit\u00e9 de la T\u00c9LUQ est la seule universit\u00e9 francophone d'Am\u00e9rique \u00e0 offrir tous ses cours et programmes \u00e0 distance.<\/p>\n\n\n\n<p>Ce programme vous pr\u00e9pare \u00e0 divers r\u00f4les li\u00e9s aux relations sociales, notamment la gestion des ressources humaines, les relations sociales elles-m\u00eames et la sant\u00e9 et la s\u00e9curit\u00e9 au travail.<\/p>\n\n\n\n<p>Il offre une approche pluridisciplinaire, vous permettant de vous familiariser avec les diff\u00e9rentes disciplines pertinentes pour les relations de travail, principalement l'\u00e9conomie, la sociologie et le droit du travail. Fournir une formation de base dans les domaines d'application privil\u00e9gi\u00e9s des relations de travail, notamment la gestion des ressources humaines, les relations de travail elles-m\u00eames et les politiques publiques du travail. Ce certificat s'adresse aux personnes int\u00e9ress\u00e9es par les ressources humaines ainsi que par les relations de travail et les relations collectives qui y sont associ\u00e9es.<\/p>\n\n\n\n<h4 class=\"wp-block-heading\">Universit\u00e9&nbsp;<a href=\"https:\/\/nam11.safelinks.protection.outlook.com\/?url=https%3A%2F%2Fwww.teluq.ca%2Fsite%2Fetudes%2Foffre%2Fprog%2FTELUQ%2F4099%2F&amp;data=05%7C02%7Cschaussee%40iatse.net%7Cddf268508d584e3c441308dc3fb41fae%7C2df90b63cf6e467b8dd663f975519878%7C0%7C0%7C638455290073799036%7CUnknown%7CTWFpbGZsb3d8eyJWIjoiMC4wLjAwMDAiLCJQIjoiV2luMzIiLCJBTiI6Ik1haWwiLCJXVCI6Mn0%3D%7C0%7C%7C%7C&amp;sdata=gTcIrWLBC4Mz0dEdYZx1WIkFywFLv0TfudFZpD0WgIw%3D&amp;reserved=0\">T\u00c9LUQ<\/a>Certificat en relations du travail<\/h4>\n\n\n\n<p><a href=\"https:\/\/www.teluq.ca\/site\/etudes\/offre\/prog\/certificat-en-relations-du-travail\/\">https:\/\/www.teluq.ca\/site\/etudes\/offre\/prog\/certificat-en-relations-du-travail\/<\/a><\/p>\n\n\n\n<p>Membre du r\u00e9seau de l'Universit\u00e9 du Qu\u00e9bec, l'Universit\u00e9&nbsp;<a href=\"https:\/\/nam11.safelinks.protection.outlook.com\/?url=https%3A%2F%2Fwww.teluq.ca%2Fsite%2Fetudes%2Foffre%2Fprog%2FTELUQ%2F4099%2F&amp;data=05%7C02%7Cschaussee%40iatse.net%7Cddf268508d584e3c441308dc3fb41fae%7C2df90b63cf6e467b8dd663f975519878%7C0%7C0%7C638455290073809976%7CUnknown%7CTWFpbGZsb3d8eyJWIjoiMC4wLjAwMDAiLCJQIjoiV2luMzIiLCJBTiI6Ik1haWwiLCJXVCI6Mn0%3D%7C0%7C%7C%7C&amp;sdata=BFcVa3x3YKrTTsgD1D1vrgDxEoPRAJVxqW41wzjD%2BMA%3D&amp;reserved=0\">T\u00c9LUQ<\/a>&nbsp;est la seule universit\u00e9 francophone en Am\u00e9rique \u00e0 offrir tour ses cours et programmes a dist\u00e0nce.&nbsp;<\/p>\n\n\n\n<p>Ce programme vous pr\u00e9pare \u00e0 exercer diff\u00e9rents r\u00f4les li\u00e9s aux relations du travail, notamment la gestion des ressources humaines, les relations du travail elles-m\u00eames, et la sant\u00e9 et la s\u00e9curit\u00e9 du travail.<\/p>\n\n\n\n<p>Offrir une approche multidisciplinaire permettant de s'initier aux diff\u00e9rentes disciplines pertinentes aux relations du travail, soit principalement l'\u00e9conomie, la sociologie et le droit du travail. Fournir une formation de base dans les domaines d'application privil\u00e9gi\u00e9s par les relations du travail, notamment la gestion des ressources humaines, les relations du travail elles-m\u00eames et les politiques publiques en mati\u00e8re de travail. Ce certificat s'adresse aux personnes int\u00e9ress\u00e9es par les ressources humaines ainsi que par le travail et les relations collectives qui y sont associ\u00e9s.<\/p>\n\n\n\n<div class=\"wp-block-buttons is-horizontal is-content-justification-center is-layout-flex wp-container-core-buttons-layout-1 wp-block-buttons-is-layout-flex\"><\/div>","protected":false},"excerpt":{"rendered":"<p>COLL\u00c8GE DU TRAVAIL DU CANADA https:\/\/canadianlabour.ca\/who-we-are\/labour-education\/labour-college-of-canada\/ Le Coll\u00e8ge du travail a ouvert ses portes aux travailleurs en 1963. Aujourd'hui, il offre un programme intensif d'apprentissage postsecondaire de quatre semaines aux militants syndicaux qui veulent [...]<\/p>","protected":false},"author":1,"featured_media":0,"parent":120,"menu_order":0,"comment_status":"closed","ping_status":"closed","template":"","meta":{"_acf_changed":false,"_monsterinsights_skip_tracking":false,"_monsterinsights_sitenote_active":false,"_monsterinsights_sitenote_note":"","_monsterinsights_sitenote_category":0,"footnotes":""},"yoast_head":"<!-- This site is optimized with the Yoast SEO plugin v23.5 - https:\/\/yoast.com\/wordpress\/plugins\/seo\/ -->\n<title>LEAP Directory: Canada - IATSE, The Union Behind Entertainment<\/title>\n<meta name=\"robots\" content=\"index, follow, max-snippet:-1, max-image-preview:large, max-video-preview:-1\" \/>\n<link rel=\"canonical\" href=\"https:\/\/iatse.net\/fr\/education\/leap-directory-canada\/\" \/>\n<meta property=\"og:locale\" content=\"fr_CA\" \/>\n<meta property=\"og:type\" content=\"article\" \/>\n<meta property=\"og:title\" content=\"LEAP Directory: Canada - IATSE, The Union Behind Entertainment\" \/>\n<meta property=\"og:description\" content=\"LABOUR COLLEGE OF CANADA https:\/\/canadianlabour.ca\/who-we-are\/labour-education\/labour-college-of-canada\/ The Labour College opened its doors to workers in 1963. Today, it offers a four-week Intensive Program of post-secondary learning for union activists who want [&hellip;]\" \/>\n<meta property=\"og:url\" content=\"https:\/\/iatse.net\/fr\/education\/leap-directory-canada\/\" \/>\n<meta property=\"og:site_name\" content=\"IATSE\" \/>\n<meta property=\"article:modified_time\" content=\"2024-03-19T13:13:17+00:00\" \/>\n<meta name=\"twitter:card\" content=\"summary_large_image\" \/>\n<meta name=\"twitter:label1\" content=\"Estimation du temps de lecture\" \/>\n\t<meta name=\"twitter:data1\" content=\"5 minutes\" \/>\n<script type=\"application\/ld+json\" class=\"yoast-schema-graph\">{\"@context\":\"https:\/\/schema.org\",\"@graph\":[{\"@type\":\"WebPage\",\"@id\":\"https:\/\/iatse.net\/education\/leap-directory-canada\/\",\"url\":\"https:\/\/iatse.net\/education\/leap-directory-canada\/\",\"name\":\"LEAP Directory: Canada - IATSE, The Union Behind Entertainment\",\"isPartOf\":{\"@id\":\"https:\/\/iatse.net\/#website\"},\"datePublished\":\"2021-08-05T18:23:35+00:00\",\"dateModified\":\"2024-03-19T13:13:17+00:00\",\"breadcrumb\":{\"@id\":\"https:\/\/iatse.net\/education\/leap-directory-canada\/#breadcrumb\"},\"inLanguage\":\"fr-CA\",\"potentialAction\":[{\"@type\":\"ReadAction\",\"target\":[\"https:\/\/iatse.net\/education\/leap-directory-canada\/\"]}]},{\"@type\":\"BreadcrumbList\",\"@id\":\"https:\/\/iatse.net\/education\/leap-directory-canada\/#breadcrumb\",\"itemListElement\":[{\"@type\":\"ListItem\",\"position\":1,\"name\":\"Home\",\"item\":\"https:\/\/iatse.net\/\"},{\"@type\":\"ListItem\",\"position\":2,\"name\":\"Education\",\"item\":\"https:\/\/iatse.net\/education\/\"},{\"@type\":\"ListItem\",\"position\":3,\"name\":\"LEAP Directory: Canada\"}]},{\"@type\":\"WebSite\",\"@id\":\"https:\/\/iatse.net\/#website\",\"url\":\"https:\/\/iatse.net\/\",\"name\":\"IATSE\",\"description\":\"The Union Behind Entertainment\",\"publisher\":{\"@id\":\"https:\/\/iatse.net\/#organization\"},\"potentialAction\":[{\"@type\":\"SearchAction\",\"target\":{\"@type\":\"EntryPoint\",\"urlTemplate\":\"https:\/\/iatse.net\/?s={search_term_string}\"},\"query-input\":{\"@type\":\"PropertyValueSpecification\",\"valueRequired\":true,\"valueName\":\"search_term_string\"}}],\"inLanguage\":\"fr-CA\"},{\"@type\":\"Organization\",\"@id\":\"https:\/\/iatse.net\/#organization\",\"name\":\"IATSE\",\"url\":\"https:\/\/iatse.net\/\",\"logo\":{\"@type\":\"ImageObject\",\"inLanguage\":\"fr-CA\",\"@id\":\"https:\/\/iatse.net\/#\/schema\/logo\/image\/\",\"url\":\"https:\/\/iatse.net\/wp-content\/uploads\/2021\/03\/IATSE_Logo_White.png\",\"contentUrl\":\"https:\/\/iatse.net\/wp-content\/uploads\/2021\/03\/IATSE_Logo_White.png\",\"width\":2100,\"height\":1987,\"caption\":\"IATSE\"},\"image\":{\"@id\":\"https:\/\/iatse.net\/#\/schema\/logo\/image\/\"}}]}<\/script>\n<!-- \/ Yoast SEO plugin. -->","yoast_head_json":{"title":"LEAP Directory: Canada - IATSE, The Union Behind Entertainment","robots":{"index":"index","follow":"follow","max-snippet":"max-snippet:-1","max-image-preview":"max-image-preview:large","max-video-preview":"max-video-preview:-1"},"canonical":"https:\/\/iatse.net\/fr\/education\/leap-directory-canada\/","og_locale":"fr_CA","og_type":"article","og_title":"LEAP Directory: Canada - IATSE, The Union Behind Entertainment","og_description":"LABOUR COLLEGE OF CANADA https:\/\/canadianlabour.ca\/who-we-are\/labour-education\/labour-college-of-canada\/ The Labour College opened its doors to workers in 1963. Today, it offers a four-week Intensive Program of post-secondary learning for union activists who want [&hellip;]","og_url":"https:\/\/iatse.net\/fr\/education\/leap-directory-canada\/","og_site_name":"IATSE","article_modified_time":"2024-03-19T13:13:17+00:00","twitter_card":"summary_large_image","twitter_misc":{"Estimation du temps de lecture":"5 minutes"},"schema":{"@context":"https:\/\/schema.org","@graph":[{"@type":"WebPage","@id":"https:\/\/iatse.net\/education\/leap-directory-canada\/","url":"https:\/\/iatse.net\/education\/leap-directory-canada\/","name":"LEAP Directory: Canada - IATSE, The Union Behind Entertainment","isPartOf":{"@id":"https:\/\/iatse.net\/#website"},"datePublished":"2021-08-05T18:23:35+00:00","dateModified":"2024-03-19T13:13:17+00:00","breadcrumb":{"@id":"https:\/\/iatse.net\/education\/leap-directory-canada\/#breadcrumb"},"inLanguage":"fr-CA","potentialAction":[{"@type":"ReadAction","target":["https:\/\/iatse.net\/education\/leap-directory-canada\/"]}]},{"@type":"BreadcrumbList","@id":"https:\/\/iatse.net\/education\/leap-directory-canada\/#breadcrumb","itemListElement":[{"@type":"ListItem","position":1,"name":"Home","item":"https:\/\/iatse.net\/"},{"@type":"ListItem","position":2,"name":"Education","item":"https:\/\/iatse.net\/education\/"},{"@type":"ListItem","position":3,"name":"LEAP Directory: Canada"}]},{"@type":"WebSite","@id":"https:\/\/iatse.net\/#website","url":"https:\/\/iatse.net\/","name":"IATSE","description":"The Union Behind Entertainment","publisher":{"@id":"https:\/\/iatse.net\/#organization"},"potentialAction":[{"@type":"SearchAction","target":{"@type":"EntryPoint","urlTemplate":"https:\/\/iatse.net\/?s={search_term_string}"},"query-input":{"@type":"PropertyValueSpecification","valueRequired":true,"valueName":"search_term_string"}}],"inLanguage":"fr-CA"},{"@type":"Organization","@id":"https:\/\/iatse.net\/#organization","name":"IATSE","url":"https:\/\/iatse.net\/","logo":{"@type":"ImageObject","inLanguage":"fr-CA","@id":"https:\/\/iatse.net\/#\/schema\/logo\/image\/","url":"https:\/\/iatse.net\/wp-content\/uploads\/2021\/03\/IATSE_Logo_White.png","contentUrl":"https:\/\/iatse.net\/wp-content\/uploads\/2021\/03\/IATSE_Logo_White.png","width":2100,"height":1987,"caption":"IATSE"},"image":{"@id":"https:\/\/iatse.net\/#\/schema\/logo\/image\/"}}]}},"acf":[],"_links":{"self":[{"href":"https:\/\/iatse.net\/fr\/wp-json\/wp\/v2\/pages\/6088"}],"collection":[{"href":"https:\/\/iatse.net\/fr\/wp-json\/wp\/v2\/pages"}],"about":[{"href":"https:\/\/iatse.net\/fr\/wp-json\/wp\/v2\/types\/page"}],"author":[{"embeddable":true,"href":"https:\/\/iatse.net\/fr\/wp-json\/wp\/v2\/users\/1"}],"replies":[{"embeddable":true,"href":"https:\/\/iatse.net\/fr\/wp-json\/wp\/v2\/comments?post=6088"}],"version-history":[{"count":6,"href":"https:\/\/iatse.net\/fr\/wp-json\/wp\/v2\/pages\/6088\/revisions"}],"predecessor-version":[{"id":16642,"href":"https:\/\/iatse.net\/fr\/wp-json\/wp\/v2\/pages\/6088\/revisions\/16642"}],"up":[{"embeddable":true,"href":"https:\/\/iatse.net\/fr\/wp-json\/wp\/v2\/pages\/120"}],"wp:attachment":[{"href":"https:\/\/iatse.net\/fr\/wp-json\/wp\/v2\/media?parent=6088"}],"curies":[{"name":"wp","href":"https:\/\/api.w.org\/{rel}","templated":true}]}}