{"id":3193,"date":"2021-06-17T00:27:22","date_gmt":"2021-06-17T04:27:22","guid":{"rendered":"https:\/\/iatse.net\/?page_id=3193"},"modified":"2023-05-26T11:06:18","modified_gmt":"2023-05-26T15:06:18","slug":"pride","status":"publish","type":"page","link":"https:\/\/iatse.net\/fr\/take-action\/pride\/","title":{"rendered":"Comit\u00e9 de la Fiert\u00e9"},"content":{"rendered":"<div data-elementor-type=\"wp-page\" data-elementor-id=\"3193\" class=\"elementor elementor-3193\">\n\t\t\t\t\t\t<section class=\"elementor-section elementor-top-section elementor-element elementor-element-787c96f2 elementor-section-boxed elementor-section-height-default elementor-section-height-default\" data-id=\"787c96f2\" data-element_type=\"section\">\n\t\t\t\t\t\t<div class=\"elementor-container elementor-column-gap-default\">\n\t\t\t\t\t<div class=\"elementor-column elementor-col-25 elementor-top-column elementor-element elementor-element-52a5e4af\" data-id=\"52a5e4af\" data-element_type=\"column\">\n\t\t\t<div class=\"elementor-widget-wrap elementor-element-populated\">\n\t\t\t\t\t\t<section class=\"elementor-section elementor-inner-section elementor-element elementor-element-1aebdad9 elementor-hidden-tablet elementor-hidden-phone elementor-hidden-desktop elementor-section-boxed elementor-section-height-default elementor-section-height-default\" data-id=\"1aebdad9\" data-element_type=\"section\" data-settings=\"{&quot;background_background&quot;:&quot;classic&quot;}\">\n\t\t\t\t\t\t<div class=\"elementor-container elementor-column-gap-default\">\n\t\t\t\t\t<div data-dce-background-color=\"#FFFFFF\" class=\"elementor-column elementor-col-100 elementor-inner-column elementor-element elementor-element-2be1ded0\" data-id=\"2be1ded0\" data-element_type=\"column\" data-settings=\"{&quot;background_background&quot;:&quot;classic&quot;}\">\n\t\t\t<div class=\"elementor-widget-wrap elementor-element-populated\">\n\t\t\t\t\t\t<div class=\"elementor-element elementor-element-6e9a2ce7 elementor-widget elementor-widget-heading\" data-id=\"6e9a2ce7\" data-element_type=\"widget\" data-widget_type=\"heading.default\">\n\t\t\t\t<div class=\"elementor-widget-container\">\n\t\t\t<h5 class=\"elementor-heading-title elementor-size-default\">RESSOURCES<\/h5>\t\t<\/div>\n\t\t\t\t<\/div>\n\t\t<!-- dce invisible element 20169637 -->\t\t<div class=\"elementor-element elementor-element-5dcccf7e elementor-search-form--skin-classic elementor-search-form--button-type-icon elementor-search-form--icon-search elementor-widget elementor-widget-search-form\" data-id=\"5dcccf7e\" data-element_type=\"widget\" data-settings=\"{&quot;skin&quot;:&quot;classic&quot;}\" data-widget_type=\"search-form.default\">\n\t\t\t\t<div class=\"elementor-widget-container\">\n\t\t\t\t\t<form class=\"elementor-search-form\" role=\"search\" action=\"https:\/\/iatse.net\/fr\" method=\"get\" data-trp-original-action=\"https:\/\/iatse.net\/fr\">\n\t\t\t\t\t\t\t\t\t<div class=\"elementor-search-form__container\">\n\t\t\t\t\t\t\t\t<input placeholder=\"Recherche...\" class=\"elementor-search-form__input\" type=\"search\" name=\"s\" title=\"Rechercher \" value=\"\">\n\t\t\t\t\t\t\t\t\t\t\t\t\t<button class=\"elementor-search-form__submit\" type=\"submit\" title=\"Rechercher \" aria-label=\"Rechercher \">\n\t\t\t\t\t\t\t\t\t\t\t\t\t<i aria-hidden=\"true\" class=\"fas fa-search\"><\/i>\t\t\t\t\t\t\t<span class=\"elementor-screen-only\">Rechercher <\/span>\n\t\t\t\t\t\t\t\t\t\t\t<\/button>\n\t\t\t\t\t\t\t\t\t\t\t<\/div>\n\t\t<input type=\"hidden\" name=\"trp-form-language\" value=\"fr\"\/><\/form>\n\t\t\t\t<\/div>\n\t\t\t\t<\/div>\n\t\t\t\t\t<\/div>\n\t\t<\/div>\n\t\t\t\t\t<\/div>\n\t\t<\/section>\n\t\t\t\t\t<\/div>\n\t\t<\/div>\n\t\t\t\t<div class=\"elementor-column elementor-col-50 elementor-top-column elementor-element elementor-element-63f0bfa3\" data-id=\"63f0bfa3\" data-element_type=\"column\" data-settings=\"{&quot;background_background&quot;:&quot;classic&quot;}\">\n\t\t\t<div class=\"elementor-widget-wrap elementor-element-populated\">\n\t\t\t\t\t\t<div class=\"elementor-element elementor-element-47e1d202 elementor-widget elementor-widget-global elementor-global-726 elementor-widget-heading\" data-id=\"47e1d202\" data-element_type=\"widget\" data-widget_type=\"heading.default\">\n\t\t\t\t<div class=\"elementor-widget-container\">\n\t\t\t<h2 class=\"elementor-heading-title elementor-size-default\">Comit\u00e9 de la Fiert\u00e9<\/h2>\t\t<\/div>\n\t\t\t\t<\/div>\n\t\t\t\t<div class=\"elementor-element elementor-element-76b431b4 elementor-widget elementor-widget-global elementor-global-2940 elementor-widget-theme-post-featured-image\" data-id=\"76b431b4\" data-element_type=\"widget\" data-widget_type=\"theme-post-featured-image.default\">\n\t\t\t\t<div class=\"elementor-widget-container\">\n\t\t\t\t\t\t\t\t\t\t<figure class=\"wp-caption\">\n\t\t\t\t\t\t\t\t\t\t<img fetchpriority=\"high\" decoding=\"async\" width=\"800\" height=\"534\" src=\"https:\/\/iatse.net\/wp-content\/uploads\/2021\/06\/PRES_LOEB_With_CREW_photo-2-2-scaled-1-1024x683.jpg\" class=\"attachment-large size-large wp-image-2259\" alt=\"IATSE Pride Parade President Loeb\" srcset=\"https:\/\/iatse.net\/wp-content\/uploads\/2021\/06\/PRES_LOEB_With_CREW_photo-2-2-scaled-1-1024x683.jpg 1024w, https:\/\/iatse.net\/wp-content\/uploads\/2021\/06\/PRES_LOEB_With_CREW_photo-2-2-scaled-1-300x200.jpg 300w, https:\/\/iatse.net\/wp-content\/uploads\/2021\/06\/PRES_LOEB_With_CREW_photo-2-2-scaled-1-768x512.jpg 768w, https:\/\/iatse.net\/wp-content\/uploads\/2021\/06\/PRES_LOEB_With_CREW_photo-2-2-scaled-1-1536x1024.jpg 1536w, https:\/\/iatse.net\/wp-content\/uploads\/2021\/06\/PRES_LOEB_With_CREW_photo-2-2-scaled-1-2048x1366.jpg 2048w, https:\/\/iatse.net\/wp-content\/uploads\/2021\/06\/PRES_LOEB_With_CREW_photo-2-2-scaled-1-16x12.jpg 16w\" sizes=\"(max-width: 800px) 100vw, 800px\" \/>\t\t\t\t\t\t\t\t\t\t\t<figcaption class=\"widget-image-caption wp-caption-text\"><\/figcaption>\n\t\t\t\t\t\t\t\t\t\t<\/figure>\n\t\t\t\t\t\t\t<\/div>\n\t\t\t\t<\/div>\n\t\t\t\t<div class=\"elementor-element elementor-element-5ff62dea elementor-widget elementor-widget-text-editor\" data-id=\"5ff62dea\" data-element_type=\"widget\" data-widget_type=\"text-editor.default\">\n\t\t\t\t<div class=\"elementor-widget-container\">\n\t\t\t\t\t\t\t<p>Le comit\u00e9 de la fiert\u00e9 de l'IATSE s'efforce de renforcer l'inclusion, la visibilit\u00e9 et le potentiel de r\u00e9ussite des membres LBGTQ+ au sein du syndicat, du lieu de travail et de la communaut\u00e9, dans nos diff\u00e9rents m\u00e9tiers et lieux g\u00e9ographiques. L'IATSE s'engage \u00e0 respecter le principe selon lequel toutes les personnes sont \u00e9gales et m\u00e9ritent donc le respect et un traitement \u00e9quitable, ind\u00e9pendamment du sexe, de l'identit\u00e9\/expression de genre ou de l'orientation sexuelle.<\/p><p>Les sigles qui ont \u00e9t\u00e9 utilis\u00e9s pour d\u00e9crire notre communaut\u00e9 sont en constante \u00e9volution et diff\u00e9rents groupes ont des pr\u00e9f\u00e9rences diff\u00e9rentes. C'est pourquoi nous avons choisi d'adopter le nom de \"Comit\u00e9 de la fiert\u00e9\" afin de ne pas exclure quiconque s'identifie comme faisant partie de notre communaut\u00e9.<\/p><p>Le comit\u00e9 est compos\u00e9 de membres, de dirigeants et de membres du personnel de l'IATSE qui s'identifient comme LGBTQ+. Lors de chaque r\u00e9union du Conseil ex\u00e9cutif g\u00e9n\u00e9ral, nous organiserons un \u00e9v\u00e9nement auquel pourront participer tous les participants qui s'identifient comme LGBTQ+. Tout au long de l'ann\u00e9e, les membres LGBTQ+ et leurs alli\u00e9s auront \u00e9galement la possibilit\u00e9 de participer \u00e0 des activit\u00e9s de militantisme, des d\u00e9fil\u00e9s\/marches, des formations, etc.<\/p><p><strong>Vous n'avez pas besoin d'\u00eatre un expert, il vous suffit d'avoir l'esprit et le c\u0153ur ouverts, et la volont\u00e9 d'apprendre.<\/strong><\/p><hr \/><h3><strong>Contact :<\/strong><\/h3><p>Si vous souhaitez \u00eatre tenu au courant de ce qui se passe au sein du comit\u00e9 des fiert\u00e9s de l'IATSE, inscrivez-vous \u00e0 notre mailing. Vous pouvez y acc\u00e9der en visitant notre site web :\u00a0<a href=\"http:\/\/www.iatsepride.net\/\">www.iatsepride.net<\/a>.<\/p><p>Ou, si vous avez une question, vous pouvez nous envoyer un courriel \u00e0 l'adresse suivante :\u00a0<a href=\"mailto:iatsepride@iatse.net\">iatsepride@iatse.net<\/a><\/p><p>\u00a0<\/p>\t\t\t\t\t\t<\/div>\n\t\t\t\t<\/div>\n\t\t\t\t\t<\/div>\n\t\t<\/div>\n\t\t\t\t<div class=\"elementor-column elementor-col-25 elementor-top-column elementor-element elementor-element-6bdf1ac5 animated-slow elementor-invisible\" data-id=\"6bdf1ac5\" data-element_type=\"column\" data-settings=\"{&quot;animation&quot;:&quot;fadeInUp&quot;}\">\n\t\t\t<div class=\"elementor-widget-wrap elementor-element-populated\">\n\t\t\t\t\t\t<div class=\"elementor-element elementor-element-bec3cd3 animated-slow elementor-widget elementor-widget-html\" data-id=\"bec3cd3\" data-element_type=\"widget\" data-settings=\"{&quot;_animation&quot;:&quot;none&quot;}\" data-widget_type=\"html.default\">\n\t\t\t\t<div class=\"elementor-widget-container\">\n\t\t\t<link href='https:\/\/actionnetwork.org\/css\/style-embed-v3.css' rel='stylesheet' type='text\/css' \/><script src='https:\/\/actionnetwork.org\/widgets\/v3\/form\/sign-up-for-iatse-weekly-updates-2?format=js&source=widget'><\/script><div id='can-form-area-sign-up-for-iatse-weekly-updates-2' style='width: 100%'><!-- this div is the target for our HTML insertion --><\/div>\t\t<\/div>\n\t\t\t\t<\/div>\n\t\t\t\t\t<\/div>\n\t\t<\/div>\n\t\t\t\t\t<\/div>\n\t\t<\/section>\n\t\t\t\t<section class=\"elementor-section elementor-top-section elementor-element elementor-element-7a9fb53c elementor-section-boxed elementor-section-height-default elementor-section-height-default\" data-id=\"7a9fb53c\" data-element_type=\"section\">\n\t\t\t\t\t\t<div class=\"elementor-container elementor-column-gap-default\">\n\t\t\t\t\t<div class=\"elementor-column elementor-col-100 elementor-top-column elementor-element elementor-element-5ba95987\" data-id=\"5ba95987\" data-element_type=\"column\">\n\t\t\t<div class=\"elementor-widget-wrap elementor-element-populated\">\n\t\t\t\t\t\t<div class=\"elementor-element elementor-element-2d85bffd elementor-widget elementor-widget-heading\" data-id=\"2d85bffd\" data-element_type=\"widget\" data-widget_type=\"heading.default\">\n\t\t\t\t<div class=\"elementor-widget-container\">\n\t\t\t<h2 class=\"elementor-heading-title elementor-size-default\">Nouvelles connexes<\/h2>\t\t<\/div>\n\t\t\t\t<\/div>\n\t\t\t\t<div class=\"elementor-element elementor-element-2cd66d36 elementor-grid-2 elementor-grid-tablet-2 elementor-grid-mobile-1 elementor-posts--thumbnail-top elementor-card-shadow-yes elementor-posts__hover-gradient elementor-widget elementor-widget-posts\" data-id=\"2cd66d36\" data-element_type=\"widget\" data-settings=\"{&quot;cards_columns&quot;:&quot;2&quot;,&quot;cards_row_gap&quot;:{&quot;unit&quot;:&quot;px&quot;,&quot;size&quot;:34,&quot;sizes&quot;:[]},&quot;cards_columns_tablet&quot;:&quot;2&quot;,&quot;cards_columns_mobile&quot;:&quot;1&quot;,&quot;cards_row_gap_tablet&quot;:{&quot;unit&quot;:&quot;px&quot;,&quot;size&quot;:&quot;&quot;,&quot;sizes&quot;:[]},&quot;cards_row_gap_mobile&quot;:{&quot;unit&quot;:&quot;px&quot;,&quot;size&quot;:&quot;&quot;,&quot;sizes&quot;:[]}}\" data-widget_type=\"posts.cards\">\n\t\t\t\t<div class=\"elementor-widget-container\">\n\t\t\t\t\t<div class=\"elementor-posts-container elementor-posts elementor-posts--skin-cards elementor-grid\">\n\t\t\t\t<article class=\"elementor-post elementor-grid-item post-19301 post type-post status-publish format-standard has-post-thumbnail hentry category-news tag-pride-committee\">\n\t\t\t<div class=\"elementor-post__card\">\n\t\t\t\t<a class=\"elementor-post__thumbnail__link\" href=\"https:\/\/iatse.net\/fr\/iatse-pride-committee-our-community-is-under-attack-an-attack-on-one-is-an-attack-on-all\/\" ><div class=\"elementor-post__thumbnail\"><img decoding=\"async\" width=\"768\" height=\"512\" src=\"https:\/\/iatse.net\/wp-content\/uploads\/2021\/07\/PRES_LOEB_With_CREW_photo-2-2-scaled-1-768x512.jpg\" class=\"attachment-medium_large size-medium_large wp-image-5590\" alt=\"Pride Committee with President Loeb\" srcset=\"https:\/\/iatse.net\/wp-content\/uploads\/2021\/07\/PRES_LOEB_With_CREW_photo-2-2-scaled-1-768x512.jpg 768w, https:\/\/iatse.net\/wp-content\/uploads\/2021\/07\/PRES_LOEB_With_CREW_photo-2-2-scaled-1-300x200.jpg 300w, https:\/\/iatse.net\/wp-content\/uploads\/2021\/07\/PRES_LOEB_With_CREW_photo-2-2-scaled-1-1024x683.jpg 1024w, https:\/\/iatse.net\/wp-content\/uploads\/2021\/07\/PRES_LOEB_With_CREW_photo-2-2-scaled-1-1536x1024.jpg 1536w, https:\/\/iatse.net\/wp-content\/uploads\/2021\/07\/PRES_LOEB_With_CREW_photo-2-2-scaled-1-scaled.jpg 2048w, https:\/\/iatse.net\/wp-content\/uploads\/2021\/07\/PRES_LOEB_With_CREW_photo-2-2-scaled-1-16x12.jpg 16w\" sizes=\"(max-width: 768px) 100vw, 768px\" \/><\/div><\/a>\n\t\t\t\t<div class=\"elementor-post__text\">\n\t\t\t\t<h3 class=\"elementor-post__title\">\n\t\t\t<a href=\"https:\/\/iatse.net\/fr\/iatse-pride-committee-our-community-is-under-attack-an-attack-on-one-is-an-attack-on-all\/\" >\n\t\t\t\tComit\u00e9 de la fiert\u00e9 de l'IATSE : Notre communaut\u00e9 est attaqu\u00e9e - Une attaque contre l'un est une attaque contre tous\t\t\t<\/a>\n\t\t<\/h3>\n\t\t\t\t<\/div>\n\t\t\t\t<div class=\"elementor-post__meta-data\">\n\t\t\t\t\t<span class=\"elementor-post-date\">\n\t\t\t7 f\u00e9vrier 2025\t\t<\/span>\n\t\t\t\t<\/div>\n\t\t\t\t\t<\/div>\n\t\t<\/article>\n\t\t\t\t<article class=\"elementor-post elementor-grid-item post-14114 post type-post status-publish format-standard has-post-thumbnail hentry category-member-stories category-news tag-pride-committee\">\n\t\t\t<div class=\"elementor-post__card\">\n\t\t\t\t<a class=\"elementor-post__thumbnail__link\" href=\"https:\/\/iatse.net\/fr\/local-631-business-agent-kim-holdridge-is-by-the-118th-congress-as-a-distinguished-leader-for-pride-month\/\" ><div class=\"elementor-post__thumbnail\"><img decoding=\"async\" width=\"768\" height=\"432\" src=\"https:\/\/iatse.net\/wp-content\/uploads\/2023\/06\/Honoring-Kimberly-A.-Holdridge-As-A-Distinguished-Leader-1-768x432.jpg\" class=\"attachment-medium_large size-medium_large wp-image-14116\" alt=\"\" srcset=\"https:\/\/iatse.net\/wp-content\/uploads\/2023\/06\/Honoring-Kimberly-A.-Holdridge-As-A-Distinguished-Leader-1-768x432.jpg 768w, https:\/\/iatse.net\/wp-content\/uploads\/2023\/06\/Honoring-Kimberly-A.-Holdridge-As-A-Distinguished-Leader-1-300x169.jpg 300w, https:\/\/iatse.net\/wp-content\/uploads\/2023\/06\/Honoring-Kimberly-A.-Holdridge-As-A-Distinguished-Leader-1-1024x576.jpg 1024w, https:\/\/iatse.net\/wp-content\/uploads\/2023\/06\/Honoring-Kimberly-A.-Holdridge-As-A-Distinguished-Leader-1-1536x864.jpg 1536w, https:\/\/iatse.net\/wp-content\/uploads\/2023\/06\/Honoring-Kimberly-A.-Holdridge-As-A-Distinguished-Leader-1-18x10.jpg 18w, https:\/\/iatse.net\/wp-content\/uploads\/2023\/06\/Honoring-Kimberly-A.-Holdridge-As-A-Distinguished-Leader-1.jpg 1920w\" sizes=\"(max-width: 768px) 100vw, 768px\" \/><\/div><\/a>\n\t\t\t\t<div class=\"elementor-post__text\">\n\t\t\t\t<h3 class=\"elementor-post__title\">\n\t\t\t<a href=\"https:\/\/iatse.net\/fr\/local-631-business-agent-kim-holdridge-is-by-the-118th-congress-as-a-distinguished-leader-for-pride-month\/\" >\n\t\t\t\tL'agent commercial de la section 631, Kim Holdridge, est honor\u00e9 par le 118e Congr\u00e8s en tant que leader distingu\u00e9 pour le Mois de la fiert\u00e9 !\t\t\t<\/a>\n\t\t<\/h3>\n\t\t\t\t<\/div>\n\t\t\t\t<div class=\"elementor-post__meta-data\">\n\t\t\t\t\t<span class=\"elementor-post-date\">\n\t\t\t29 juin 2023\t\t<\/span>\n\t\t\t\t<\/div>\n\t\t\t\t\t<\/div>\n\t\t<\/article>\n\t\t\t\t<\/div>\n\t\t\n\t\t\t\t<\/div>\n\t\t\t\t<\/div>\n\t\t\t\t<div class=\"elementor-element elementor-element-385b40f7 elementor-align-center elementor-widget elementor-widget-button\" data-id=\"385b40f7\" data-element_type=\"widget\" data-widget_type=\"button.default\">\n\t\t\t\t<div class=\"elementor-widget-container\">\n\t\t\t\t\t<div class=\"elementor-button-wrapper\">\n\t\t\t<a class=\"elementor-button elementor-button-link elementor-size-md\" href=\"http:\/\/iatsepride.net\/news\/\" target=\"_blank\">\n\t\t\t\t\t\t<span class=\"elementor-button-content-wrapper\">\n\t\t\t\t\t\t<span class=\"elementor-button-icon elementor-align-icon-right\">\n\t\t\t\t<i aria-hidden=\"true\" class=\"fas fa-arrow-right\"><\/i>\t\t\t<\/span>\n\t\t\t\t\t\t<span class=\"elementor-button-text\">Plus de nouvelles<\/span>\n\t\t<\/span>\n\t\t\t\t\t<\/a>\n\t\t<\/div>\n\t\t\t\t<\/div>\n\t\t\t\t<\/div>\n\t\t\t\t\t<\/div>\n\t\t<\/div>\n\t\t\t\t\t<\/div>\n\t\t<\/section>\n\t\t\t\t<\/div>","protected":false},"excerpt":{"rendered":"<p>RESSOURCES 2021 Programme d'enjeux f\u00e9d\u00e9raux de l'IATSE Ce que les campagnes politiques et les candidats doivent savoir Comit\u00e9 d'action politique (PAC) de l'IATSE Comment \u00e9tablir un programme d'inscription des \u00e9lecteurs d'un syndicat local Comment \u00e9tablir<\/p>","protected":false},"author":1,"featured_media":2259,"parent":126,"menu_order":0,"comment_status":"closed","ping_status":"closed","template":"elementor_header_footer","meta":{"_acf_changed":false,"_monsterinsights_skip_tracking":false,"_monsterinsights_sitenote_active":false,"_monsterinsights_sitenote_note":"","_monsterinsights_sitenote_category":0,"footnotes":""},"yoast_head":"<!-- This site is optimized with the Yoast SEO plugin v23.5 - https:\/\/yoast.com\/wordpress\/plugins\/seo\/ -->\n<title>Pride Committee - IATSE, The Union Behind Entertainment<\/title>\n<meta name=\"robots\" content=\"index, follow, max-snippet:-1, max-image-preview:large, max-video-preview:-1\" \/>\n<link rel=\"canonical\" href=\"https:\/\/iatse.net\/fr\/take-action\/pride\/\" \/>\n<meta property=\"og:locale\" content=\"fr_CA\" \/>\n<meta property=\"og:type\" content=\"article\" \/>\n<meta property=\"og:title\" content=\"Pride Committee - IATSE, The Union Behind Entertainment\" \/>\n<meta property=\"og:description\" content=\"RESOURCES 2021 IATSE Federal Issue Agenda What Political Campaigns and Candidates should know IATSE Political Action Committee (PAC) How to Establish a Local Union Voter Registration Program How to Establish\" \/>\n<meta property=\"og:url\" content=\"https:\/\/iatse.net\/fr\/take-action\/pride\/\" \/>\n<meta property=\"og:site_name\" content=\"IATSE\" \/>\n<meta property=\"article:modified_time\" content=\"2023-05-26T15:06:18+00:00\" \/>\n<meta property=\"og:image\" content=\"https:\/\/iatse.net\/wp-content\/uploads\/2021\/06\/PRES_LOEB_With_CREW_photo-2-2-scaled-1.jpg\" \/>\n\t<meta property=\"og:image:width\" content=\"2560\" \/>\n\t<meta property=\"og:image:height\" content=\"1707\" \/>\n\t<meta property=\"og:image:type\" content=\"image\/jpeg\" \/>\n<meta name=\"twitter:card\" content=\"summary_large_image\" \/>\n<meta name=\"twitter:label1\" content=\"Estimation du temps de lecture\" \/>\n\t<meta name=\"twitter:data1\" content=\"2 minutes\" \/>\n<script type=\"application\/ld+json\" class=\"yoast-schema-graph\">{\"@context\":\"https:\/\/schema.org\",\"@graph\":[{\"@type\":\"WebPage\",\"@id\":\"https:\/\/iatse.net\/take-action\/pride\/\",\"url\":\"https:\/\/iatse.net\/take-action\/pride\/\",\"name\":\"Pride Committee - IATSE, The Union Behind Entertainment\",\"isPartOf\":{\"@id\":\"https:\/\/iatse.net\/#website\"},\"primaryImageOfPage\":{\"@id\":\"https:\/\/iatse.net\/take-action\/pride\/#primaryimage\"},\"image\":{\"@id\":\"https:\/\/iatse.net\/take-action\/pride\/#primaryimage\"},\"thumbnailUrl\":\"https:\/\/iatse.net\/wp-content\/uploads\/2021\/06\/PRES_LOEB_With_CREW_photo-2-2-scaled-1.jpg\",\"datePublished\":\"2021-06-17T04:27:22+00:00\",\"dateModified\":\"2023-05-26T15:06:18+00:00\",\"breadcrumb\":{\"@id\":\"https:\/\/iatse.net\/take-action\/pride\/#breadcrumb\"},\"inLanguage\":\"fr-CA\",\"potentialAction\":[{\"@type\":\"ReadAction\",\"target\":[\"https:\/\/iatse.net\/take-action\/pride\/\"]}]},{\"@type\":\"ImageObject\",\"inLanguage\":\"fr-CA\",\"@id\":\"https:\/\/iatse.net\/take-action\/pride\/#primaryimage\",\"url\":\"https:\/\/iatse.net\/wp-content\/uploads\/2021\/06\/PRES_LOEB_With_CREW_photo-2-2-scaled-1.jpg\",\"contentUrl\":\"https:\/\/iatse.net\/wp-content\/uploads\/2021\/06\/PRES_LOEB_With_CREW_photo-2-2-scaled-1.jpg\",\"width\":2560,\"height\":1707,\"caption\":\"IATSE Pride Parade President Loeb\"},{\"@type\":\"BreadcrumbList\",\"@id\":\"https:\/\/iatse.net\/take-action\/pride\/#breadcrumb\",\"itemListElement\":[{\"@type\":\"ListItem\",\"position\":1,\"name\":\"Home\",\"item\":\"https:\/\/iatse.net\/\"},{\"@type\":\"ListItem\",\"position\":2,\"name\":\"Take Action\",\"item\":\"https:\/\/iatse.net\/take-action\/\"},{\"@type\":\"ListItem\",\"position\":3,\"name\":\"Pride Committee\"}]},{\"@type\":\"WebSite\",\"@id\":\"https:\/\/iatse.net\/#website\",\"url\":\"https:\/\/iatse.net\/\",\"name\":\"IATSE\",\"description\":\"The Union Behind Entertainment\",\"publisher\":{\"@id\":\"https:\/\/iatse.net\/#organization\"},\"potentialAction\":[{\"@type\":\"SearchAction\",\"target\":{\"@type\":\"EntryPoint\",\"urlTemplate\":\"https:\/\/iatse.net\/?s={search_term_string}\"},\"query-input\":{\"@type\":\"PropertyValueSpecification\",\"valueRequired\":true,\"valueName\":\"search_term_string\"}}],\"inLanguage\":\"fr-CA\"},{\"@type\":\"Organization\",\"@id\":\"https:\/\/iatse.net\/#organization\",\"name\":\"IATSE\",\"url\":\"https:\/\/iatse.net\/\",\"logo\":{\"@type\":\"ImageObject\",\"inLanguage\":\"fr-CA\",\"@id\":\"https:\/\/iatse.net\/#\/schema\/logo\/image\/\",\"url\":\"https:\/\/iatse.net\/wp-content\/uploads\/2021\/03\/IATSE_Logo_White.png\",\"contentUrl\":\"https:\/\/iatse.net\/wp-content\/uploads\/2021\/03\/IATSE_Logo_White.png\",\"width\":2100,\"height\":1987,\"caption\":\"IATSE\"},\"image\":{\"@id\":\"https:\/\/iatse.net\/#\/schema\/logo\/image\/\"}}]}<\/script>\n<!-- \/ Yoast SEO plugin. -->","yoast_head_json":{"title":"Pride Committee - IATSE, The Union Behind Entertainment","robots":{"index":"index","follow":"follow","max-snippet":"max-snippet:-1","max-image-preview":"max-image-preview:large","max-video-preview":"max-video-preview:-1"},"canonical":"https:\/\/iatse.net\/fr\/take-action\/pride\/","og_locale":"fr_CA","og_type":"article","og_title":"Pride Committee - IATSE, The Union Behind Entertainment","og_description":"RESOURCES 2021 IATSE Federal Issue Agenda What Political Campaigns and Candidates should know IATSE Political Action Committee (PAC) How to Establish a Local Union Voter Registration Program How to Establish","og_url":"https:\/\/iatse.net\/fr\/take-action\/pride\/","og_site_name":"IATSE","article_modified_time":"2023-05-26T15:06:18+00:00","og_image":[{"width":2560,"height":1707,"url":"https:\/\/iatse.net\/wp-content\/uploads\/2021\/06\/PRES_LOEB_With_CREW_photo-2-2-scaled-1.jpg","type":"image\/jpeg"}],"twitter_card":"summary_large_image","twitter_misc":{"Estimation du temps de lecture":"2 minutes"},"schema":{"@context":"https:\/\/schema.org","@graph":[{"@type":"WebPage","@id":"https:\/\/iatse.net\/take-action\/pride\/","url":"https:\/\/iatse.net\/take-action\/pride\/","name":"Pride Committee - IATSE, The Union Behind Entertainment","isPartOf":{"@id":"https:\/\/iatse.net\/#website"},"primaryImageOfPage":{"@id":"https:\/\/iatse.net\/take-action\/pride\/#primaryimage"},"image":{"@id":"https:\/\/iatse.net\/take-action\/pride\/#primaryimage"},"thumbnailUrl":"https:\/\/iatse.net\/wp-content\/uploads\/2021\/06\/PRES_LOEB_With_CREW_photo-2-2-scaled-1.jpg","datePublished":"2021-06-17T04:27:22+00:00","dateModified":"2023-05-26T15:06:18+00:00","breadcrumb":{"@id":"https:\/\/iatse.net\/take-action\/pride\/#breadcrumb"},"inLanguage":"fr-CA","potentialAction":[{"@type":"ReadAction","target":["https:\/\/iatse.net\/take-action\/pride\/"]}]},{"@type":"ImageObject","inLanguage":"fr-CA","@id":"https:\/\/iatse.net\/take-action\/pride\/#primaryimage","url":"https:\/\/iatse.net\/wp-content\/uploads\/2021\/06\/PRES_LOEB_With_CREW_photo-2-2-scaled-1.jpg","contentUrl":"https:\/\/iatse.net\/wp-content\/uploads\/2021\/06\/PRES_LOEB_With_CREW_photo-2-2-scaled-1.jpg","width":2560,"height":1707,"caption":"IATSE Pride Parade President Loeb"},{"@type":"BreadcrumbList","@id":"https:\/\/iatse.net\/take-action\/pride\/#breadcrumb","itemListElement":[{"@type":"ListItem","position":1,"name":"Home","item":"https:\/\/iatse.net\/"},{"@type":"ListItem","position":2,"name":"Take Action","item":"https:\/\/iatse.net\/take-action\/"},{"@type":"ListItem","position":3,"name":"Pride Committee"}]},{"@type":"WebSite","@id":"https:\/\/iatse.net\/#website","url":"https:\/\/iatse.net\/","name":"IATSE","description":"The Union Behind Entertainment","publisher":{"@id":"https:\/\/iatse.net\/#organization"},"potentialAction":[{"@type":"SearchAction","target":{"@type":"EntryPoint","urlTemplate":"https:\/\/iatse.net\/?s={search_term_string}"},"query-input":{"@type":"PropertyValueSpecification","valueRequired":true,"valueName":"search_term_string"}}],"inLanguage":"fr-CA"},{"@type":"Organization","@id":"https:\/\/iatse.net\/#organization","name":"IATSE","url":"https:\/\/iatse.net\/","logo":{"@type":"ImageObject","inLanguage":"fr-CA","@id":"https:\/\/iatse.net\/#\/schema\/logo\/image\/","url":"https:\/\/iatse.net\/wp-content\/uploads\/2021\/03\/IATSE_Logo_White.png","contentUrl":"https:\/\/iatse.net\/wp-content\/uploads\/2021\/03\/IATSE_Logo_White.png","width":2100,"height":1987,"caption":"IATSE"},"image":{"@id":"https:\/\/iatse.net\/#\/schema\/logo\/image\/"}}]}},"acf":[],"_links":{"self":[{"href":"https:\/\/iatse.net\/fr\/wp-json\/wp\/v2\/pages\/3193"}],"collection":[{"href":"https:\/\/iatse.net\/fr\/wp-json\/wp\/v2\/pages"}],"about":[{"href":"https:\/\/iatse.net\/fr\/wp-json\/wp\/v2\/types\/page"}],"author":[{"embeddable":true,"href":"https:\/\/iatse.net\/fr\/wp-json\/wp\/v2\/users\/1"}],"replies":[{"embeddable":true,"href":"https:\/\/iatse.net\/fr\/wp-json\/wp\/v2\/comments?post=3193"}],"version-history":[{"count":19,"href":"https:\/\/iatse.net\/fr\/wp-json\/wp\/v2\/pages\/3193\/revisions"}],"predecessor-version":[{"id":13649,"href":"https:\/\/iatse.net\/fr\/wp-json\/wp\/v2\/pages\/3193\/revisions\/13649"}],"up":[{"embeddable":true,"href":"https:\/\/iatse.net\/fr\/wp-json\/wp\/v2\/pages\/126"}],"wp:featuredmedia":[{"embeddable":true,"href":"https:\/\/iatse.net\/fr\/wp-json\/wp\/v2\/media\/2259"}],"wp:attachment":[{"href":"https:\/\/iatse.net\/fr\/wp-json\/wp\/v2\/media?parent=3193"}],"curies":[{"name":"wp","href":"https:\/\/api.w.org\/{rel}","templated":true}]}}