{"id":3100,"date":"2021-06-16T16:53:35","date_gmt":"2021-06-16T20:53:35","guid":{"rendered":"https:\/\/iatse.net\/?page_id=3100"},"modified":"2024-12-18T17:28:02","modified_gmt":"2024-12-18T22:28:02","slug":"visas","status":"publish","type":"page","link":"https:\/\/iatse.net\/fr\/about\/visas\/","title":{"rendered":"D\u00e9partement des visas et de l'immigration"},"content":{"rendered":"<p>Selon le <a href=\"https:\/\/www.uscis.gov\/working-in-the-united-states\/temporary-workers\/address-index-for-i-129-o-and-p-consultation-letters\">Site web des services de citoyennet\u00e9 et d'immigration des \u00c9tats-Unis (USCIS)<\/a>Une lettre de consultation d'un groupe de pairs, d'une organisation syndicale et\/ou d'une organisation de gestion des \u00c9tats-Unis est g\u00e9n\u00e9ralement requise pour les demandes de visas de cat\u00e9gories O et P.<\/p>\n\n\n\n<p>L'I.A.T.S.E. produit des lettres d'avis consultatif pour divers postes techniques dans l'industrie du divertissement. Nous couvrons une grande vari\u00e9t\u00e9 de postes, notamment les ing\u00e9nieurs du son, les \u00e9clairagistes, les directeurs de la photographie, les directeurs artistiques, les photographes, etc.<\/p>\n\n\n\n<p>Nous proposons des lettres d'avis pour les dossiers O-1, O-2, P-1S et P-3S. Vous trouverez ci-dessous une liste des documents requis, nos calendriers de traitement et nos frais, ainsi que des instructions sur la mani\u00e8re de soumettre une p\u00e9tition pour une lettre d'avis consultatif de l'IATSE.<\/p>\n\n\n\n<p>Les chefs d\u00e9corateurs travaillant exclusivement sur des productions de Broadway doivent contacter Caitlin McConnell \u00e0 la section USA829 concernant les lettres d'avis consultatif.<\/p>\n\n\n\n<p>Si vous avez des questions concernant votre soumission, veuillez adresser votre demande \u00e0 <strong><a href=\"mailto:visas@iatse.net\" rel=\"noreferrer noopener\" target=\"_blank\">visas@iatse.net<\/a><\/strong><\/p>\n\n\n\n<h4 class=\"wp-block-heading\"><strong>Documents obligatoires :<\/strong><\/h4>\n\n\n\n<p>TOUS les documents suivants doivent \u00eatre inclus dans votre p\u00e9tition pour que l'Union \u00e9mette une lettre d'avis consultatif. Les p\u00e9titions soumises ne doivent pas d\u00e9passer 100 pages au total. Nous n'examinerons pas les dossiers soumis si la p\u00e9tition et le paiement n'ont pas \u00e9t\u00e9 re\u00e7us. Les p\u00e9titions incompl\u00e8tes n\u00e9cessitant une r\u00e9vision ou des modifications peuvent faire l'objet de retards et\/ou de frais suppl\u00e9mentaires.<\/p>\n\n\n\n<ul>\n<li>Lettre de pr\u00e9sentation de votre entreprise (veuillez indiquer si vous souhaitez que la lettre soit envoy\u00e9e par t\u00e9l\u00e9copie ou par courrier \u00e9lectronique, et fournir cette information)<\/li>\n\n\n\n<li>Copie sign\u00e9e du formulaire I-129<\/li>\n\n\n\n<li>Liste des b\u00e9n\u00e9ficiaires et leur classification artisanale (si elle n'est pas d\u00e9j\u00e0 indiqu\u00e9e dans la lettre d'accompagnement)<\/li>\n\n\n\n<li>Itin\u00e9raire (r\u00e9sum\u00e9 d\u00e9taill\u00e9 de tous les \u00e9v\u00e9nements avec lieux et dates)<\/li>\n\n\n\n<li>Offre d'emploi et\/ou contrat<\/li>\n\n\n\n<li>Prix, reconnaissances et\/ou communiqu\u00e9s de presse relatifs aux travaux<\/li>\n\n\n\n<li>Copie de la page photo de leur passeport<\/li>\n\n\n\n<li>Curriculum vitae - (pour les b\u00e9n\u00e9ficiaires uniquement, pas pour les employeurs)<\/li>\n\n\n\n<li>R\u00e9f\u00e9rences<\/li>\n<\/ul>\n\n\n\n<hr class=\"wp-block-separator has-css-opacity\"\/>\n\n\n\n<h4 class=\"wp-block-heading\"><strong>Frais et calendrier de traitement :<\/strong><\/h4>\n\n\n\n<p>Le d\u00e9lai de traitement de toutes les demandes acc\u00e9l\u00e9r\u00e9es sera de trois (3) jours ouvrables au maximum. Le d\u00e9lai de traitement normal pour toutes les autres demandes sera de sept (7) jours ouvrables. Les demandes remises \u00e0 ce bureau apr\u00e8s 15 h seront consid\u00e9r\u00e9es comme ayant \u00e9t\u00e9 re\u00e7ues le jour ouvrable suivant. Il n'y a pas de service le jour m\u00eame.<\/p>\n\n\n\n<p>Toutes les soumissions seront limit\u00e9es \u00e0 25 b\u00e9n\u00e9ficiaires par p\u00e9tition.<\/p>\n\n\n\n<p>Le traitement normal est de $300.00, et le traitement acc\u00e9l\u00e9r\u00e9 est de $500.00. Veuillez contacter le service des visas par courriel (<strong><a href=\"mailto:visas@iatse.net\" target=\"_blank\" rel=\"noreferrer noopener\">visas@iatse.net<\/a><\/strong>) pour obtenir des informations sur les r\u00e9visions.<\/p>\n\n\n\n<hr class=\"wp-block-separator has-css-opacity\"\/>\n\n\n\n<h4 class=\"wp-block-heading\"><strong>Comment soumettre :<\/strong><\/h4>\n\n\n\n<p>Vous pouvez soumettre les p\u00e9titions originales par courrier \u00e0 l'adresse indiqu\u00e9e ci-dessous. Les p\u00e9titions envoy\u00e9es par fax ou par e-mail ne sont pas accept\u00e9es. Les paiements doivent \u00eatre effectu\u00e9s par ch\u00e8que joint \u00e0 la p\u00e9tition et libell\u00e9 \u00e0 l'ordre de \"I.A.T.S.E.\". En outre, nous n'acceptons pas les paiements par carte de cr\u00e9dit pour le moment.<\/p>\n\n\n\n<p><strong>D\u00e9partement de l'immigration.<\/strong><br><strong>Bureau g\u00e9n\u00e9ral de l'I.A.T.S.E.<\/strong><br><strong>207 W. 25th Street, 4e \u00e9tage<\/strong><br><strong>New York, N.Y. 10001<\/strong><br><strong>(212) 730-1770, t\u00e9l.<\/strong><br><strong>(212) 730-7809, fax<\/strong><\/p>\n\n\n\n<p><strong>Pour toute question concernant le d\u00e9p\u00f4t de p\u00e9titions aupr\u00e8s de ce bureau, veuillez nous contacter \u00e0 l'adresse suivante <a href=\"mailto: visas@iatse.net\" rel=\"noreferrer noopener\" target=\"_blank\">visas@iatse.net<\/a><\/strong><\/p>","protected":false},"excerpt":{"rendered":"<p>Selon le site Web des services de citoyennet\u00e9 et d'immigration des \u00c9tats-Unis (USCIS), une lettre de consultation d'un groupe de pairs, d'une organisation syndicale et\/ou d'une organisation patronale des \u00c9tats-Unis est g\u00e9n\u00e9ralement requise pour les p\u00e9titions [...].<\/p>","protected":false},"author":1,"featured_media":3048,"parent":122,"menu_order":0,"comment_status":"closed","ping_status":"closed","template":"","meta":{"_acf_changed":false,"_monsterinsights_skip_tracking":false,"_monsterinsights_sitenote_active":false,"_monsterinsights_sitenote_note":"","_monsterinsights_sitenote_category":0,"footnotes":""},"yoast_head":"<!-- This site is optimized with the Yoast SEO plugin v23.5 - https:\/\/yoast.com\/wordpress\/plugins\/seo\/ -->\n<title>Visa and Immigration Department - IATSE, The Union Behind Entertainment<\/title>\n<meta name=\"robots\" content=\"index, follow, max-snippet:-1, max-image-preview:large, max-video-preview:-1\" \/>\n<link rel=\"canonical\" href=\"https:\/\/iatse.net\/fr\/about\/visas\/\" \/>\n<meta property=\"og:locale\" content=\"fr_CA\" \/>\n<meta property=\"og:type\" content=\"article\" \/>\n<meta property=\"og:title\" content=\"Visa and Immigration Department - IATSE, The Union Behind Entertainment\" \/>\n<meta property=\"og:description\" content=\"According to the United States Citizenship and Immigration Services (USCIS) website, a consultation letter from a U.S. peer group, labor organization, and\/or management organization is generally required for petitions in [&hellip;]\" \/>\n<meta property=\"og:url\" content=\"https:\/\/iatse.net\/fr\/about\/visas\/\" \/>\n<meta property=\"og:site_name\" content=\"IATSE\" \/>\n<meta property=\"article:modified_time\" content=\"2024-12-18T22:28:02+00:00\" \/>\n<meta property=\"og:image\" content=\"https:\/\/iatse.net\/wp-content\/uploads\/2021\/06\/Visa-Department-Cover.png\" \/>\n\t<meta property=\"og:image:width\" content=\"1920\" \/>\n\t<meta property=\"og:image:height\" content=\"1080\" \/>\n\t<meta property=\"og:image:type\" content=\"image\/png\" \/>\n<meta name=\"twitter:card\" content=\"summary_large_image\" \/>\n<meta name=\"twitter:label1\" content=\"Estimation du temps de lecture\" \/>\n\t<meta name=\"twitter:data1\" content=\"3 minutes\" \/>\n<script type=\"application\/ld+json\" class=\"yoast-schema-graph\">{\"@context\":\"https:\/\/schema.org\",\"@graph\":[{\"@type\":\"WebPage\",\"@id\":\"https:\/\/iatse.net\/about\/visas\/\",\"url\":\"https:\/\/iatse.net\/about\/visas\/\",\"name\":\"Visa and Immigration Department - IATSE, The Union Behind Entertainment\",\"isPartOf\":{\"@id\":\"https:\/\/iatse.net\/#website\"},\"primaryImageOfPage\":{\"@id\":\"https:\/\/iatse.net\/about\/visas\/#primaryimage\"},\"image\":{\"@id\":\"https:\/\/iatse.net\/about\/visas\/#primaryimage\"},\"thumbnailUrl\":\"https:\/\/iatse.net\/wp-content\/uploads\/2021\/06\/Visa-Department-Cover.png\",\"datePublished\":\"2021-06-16T20:53:35+00:00\",\"dateModified\":\"2024-12-18T22:28:02+00:00\",\"breadcrumb\":{\"@id\":\"https:\/\/iatse.net\/about\/visas\/#breadcrumb\"},\"inLanguage\":\"fr-CA\",\"potentialAction\":[{\"@type\":\"ReadAction\",\"target\":[\"https:\/\/iatse.net\/about\/visas\/\"]}]},{\"@type\":\"ImageObject\",\"inLanguage\":\"fr-CA\",\"@id\":\"https:\/\/iatse.net\/about\/visas\/#primaryimage\",\"url\":\"https:\/\/iatse.net\/wp-content\/uploads\/2021\/06\/Visa-Department-Cover.png\",\"contentUrl\":\"https:\/\/iatse.net\/wp-content\/uploads\/2021\/06\/Visa-Department-Cover.png\",\"width\":1920,\"height\":1080},{\"@type\":\"BreadcrumbList\",\"@id\":\"https:\/\/iatse.net\/about\/visas\/#breadcrumb\",\"itemListElement\":[{\"@type\":\"ListItem\",\"position\":1,\"name\":\"Home\",\"item\":\"https:\/\/iatse.net\/\"},{\"@type\":\"ListItem\",\"position\":2,\"name\":\"About Us\",\"item\":\"https:\/\/iatse.net\/about\/\"},{\"@type\":\"ListItem\",\"position\":3,\"name\":\"Visa and Immigration Department\"}]},{\"@type\":\"WebSite\",\"@id\":\"https:\/\/iatse.net\/#website\",\"url\":\"https:\/\/iatse.net\/\",\"name\":\"IATSE\",\"description\":\"The Union Behind Entertainment\",\"publisher\":{\"@id\":\"https:\/\/iatse.net\/#organization\"},\"potentialAction\":[{\"@type\":\"SearchAction\",\"target\":{\"@type\":\"EntryPoint\",\"urlTemplate\":\"https:\/\/iatse.net\/?s={search_term_string}\"},\"query-input\":{\"@type\":\"PropertyValueSpecification\",\"valueRequired\":true,\"valueName\":\"search_term_string\"}}],\"inLanguage\":\"fr-CA\"},{\"@type\":\"Organization\",\"@id\":\"https:\/\/iatse.net\/#organization\",\"name\":\"IATSE\",\"url\":\"https:\/\/iatse.net\/\",\"logo\":{\"@type\":\"ImageObject\",\"inLanguage\":\"fr-CA\",\"@id\":\"https:\/\/iatse.net\/#\/schema\/logo\/image\/\",\"url\":\"https:\/\/iatse.net\/wp-content\/uploads\/2021\/03\/IATSE_Logo_White.png\",\"contentUrl\":\"https:\/\/iatse.net\/wp-content\/uploads\/2021\/03\/IATSE_Logo_White.png\",\"width\":2100,\"height\":1987,\"caption\":\"IATSE\"},\"image\":{\"@id\":\"https:\/\/iatse.net\/#\/schema\/logo\/image\/\"}}]}<\/script>\n<!-- \/ Yoast SEO plugin. -->","yoast_head_json":{"title":"Visa and Immigration Department - IATSE, The Union Behind Entertainment","robots":{"index":"index","follow":"follow","max-snippet":"max-snippet:-1","max-image-preview":"max-image-preview:large","max-video-preview":"max-video-preview:-1"},"canonical":"https:\/\/iatse.net\/fr\/about\/visas\/","og_locale":"fr_CA","og_type":"article","og_title":"Visa and Immigration Department - IATSE, The Union Behind Entertainment","og_description":"According to the United States Citizenship and Immigration Services (USCIS) website, a consultation letter from a U.S. peer group, labor organization, and\/or management organization is generally required for petitions in [&hellip;]","og_url":"https:\/\/iatse.net\/fr\/about\/visas\/","og_site_name":"IATSE","article_modified_time":"2024-12-18T22:28:02+00:00","og_image":[{"width":1920,"height":1080,"url":"https:\/\/iatse.net\/wp-content\/uploads\/2021\/06\/Visa-Department-Cover.png","type":"image\/png"}],"twitter_card":"summary_large_image","twitter_misc":{"Estimation du temps de lecture":"3 minutes"},"schema":{"@context":"https:\/\/schema.org","@graph":[{"@type":"WebPage","@id":"https:\/\/iatse.net\/about\/visas\/","url":"https:\/\/iatse.net\/about\/visas\/","name":"Visa and Immigration Department - IATSE, The Union Behind Entertainment","isPartOf":{"@id":"https:\/\/iatse.net\/#website"},"primaryImageOfPage":{"@id":"https:\/\/iatse.net\/about\/visas\/#primaryimage"},"image":{"@id":"https:\/\/iatse.net\/about\/visas\/#primaryimage"},"thumbnailUrl":"https:\/\/iatse.net\/wp-content\/uploads\/2021\/06\/Visa-Department-Cover.png","datePublished":"2021-06-16T20:53:35+00:00","dateModified":"2024-12-18T22:28:02+00:00","breadcrumb":{"@id":"https:\/\/iatse.net\/about\/visas\/#breadcrumb"},"inLanguage":"fr-CA","potentialAction":[{"@type":"ReadAction","target":["https:\/\/iatse.net\/about\/visas\/"]}]},{"@type":"ImageObject","inLanguage":"fr-CA","@id":"https:\/\/iatse.net\/about\/visas\/#primaryimage","url":"https:\/\/iatse.net\/wp-content\/uploads\/2021\/06\/Visa-Department-Cover.png","contentUrl":"https:\/\/iatse.net\/wp-content\/uploads\/2021\/06\/Visa-Department-Cover.png","width":1920,"height":1080},{"@type":"BreadcrumbList","@id":"https:\/\/iatse.net\/about\/visas\/#breadcrumb","itemListElement":[{"@type":"ListItem","position":1,"name":"Home","item":"https:\/\/iatse.net\/"},{"@type":"ListItem","position":2,"name":"About Us","item":"https:\/\/iatse.net\/about\/"},{"@type":"ListItem","position":3,"name":"Visa and Immigration Department"}]},{"@type":"WebSite","@id":"https:\/\/iatse.net\/#website","url":"https:\/\/iatse.net\/","name":"IATSE","description":"The Union Behind Entertainment","publisher":{"@id":"https:\/\/iatse.net\/#organization"},"potentialAction":[{"@type":"SearchAction","target":{"@type":"EntryPoint","urlTemplate":"https:\/\/iatse.net\/?s={search_term_string}"},"query-input":{"@type":"PropertyValueSpecification","valueRequired":true,"valueName":"search_term_string"}}],"inLanguage":"fr-CA"},{"@type":"Organization","@id":"https:\/\/iatse.net\/#organization","name":"IATSE","url":"https:\/\/iatse.net\/","logo":{"@type":"ImageObject","inLanguage":"fr-CA","@id":"https:\/\/iatse.net\/#\/schema\/logo\/image\/","url":"https:\/\/iatse.net\/wp-content\/uploads\/2021\/03\/IATSE_Logo_White.png","contentUrl":"https:\/\/iatse.net\/wp-content\/uploads\/2021\/03\/IATSE_Logo_White.png","width":2100,"height":1987,"caption":"IATSE"},"image":{"@id":"https:\/\/iatse.net\/#\/schema\/logo\/image\/"}}]}},"acf":[],"_links":{"self":[{"href":"https:\/\/iatse.net\/fr\/wp-json\/wp\/v2\/pages\/3100"}],"collection":[{"href":"https:\/\/iatse.net\/fr\/wp-json\/wp\/v2\/pages"}],"about":[{"href":"https:\/\/iatse.net\/fr\/wp-json\/wp\/v2\/types\/page"}],"author":[{"embeddable":true,"href":"https:\/\/iatse.net\/fr\/wp-json\/wp\/v2\/users\/1"}],"replies":[{"embeddable":true,"href":"https:\/\/iatse.net\/fr\/wp-json\/wp\/v2\/comments?post=3100"}],"version-history":[{"count":5,"href":"https:\/\/iatse.net\/fr\/wp-json\/wp\/v2\/pages\/3100\/revisions"}],"predecessor-version":[{"id":18496,"href":"https:\/\/iatse.net\/fr\/wp-json\/wp\/v2\/pages\/3100\/revisions\/18496"}],"up":[{"embeddable":true,"href":"https:\/\/iatse.net\/fr\/wp-json\/wp\/v2\/pages\/122"}],"wp:featuredmedia":[{"embeddable":true,"href":"https:\/\/iatse.net\/fr\/wp-json\/wp\/v2\/media\/3048"}],"wp:attachment":[{"href":"https:\/\/iatse.net\/fr\/wp-json\/wp\/v2\/media?parent=3100"}],"curies":[{"name":"wp","href":"https:\/\/api.w.org\/{rel}","templated":true}]}}