{"id":20600,"date":"2025-09-09T16:34:39","date_gmt":"2025-09-09T20:34:39","guid":{"rendered":"https:\/\/iatse.net\/?page_id=20600"},"modified":"2025-09-18T14:28:53","modified_gmt":"2025-09-18T18:28:53","slug":"practical-lab-survey","status":"publish","type":"page","link":"https:\/\/iatse.net\/fr\/practical-lab-survey\/","title":{"rendered":"SONDAGE : Appel \u00e0 tous les artistes et techniciens de laboratoire sp\u00e9cialis\u00e9s dans les effets pratiques (FX) !"},"content":{"rendered":"<div data-elementor-type=\"wp-page\" data-elementor-id=\"20600\" class=\"elementor elementor-20600\" data-elementor-settings=\"{&quot;scroll_snap&quot;:&quot;yes&quot;}\">\n\t\t\t\t\t\t<section class=\"elementor-section elementor-top-section elementor-element elementor-element-a367aa1 elementor-section-full_width elementor-section-height-default elementor-section-height-default\" data-id=\"a367aa1\" data-element_type=\"section\">\n\t\t\t\t\t\t<div class=\"elementor-container elementor-column-gap-no\">\n\t\t\t\t\t<div class=\"elementor-column elementor-col-100 elementor-top-column elementor-element elementor-element-116f47b\" data-id=\"116f47b\" data-element_type=\"column\">\n\t\t\t<div class=\"elementor-widget-wrap elementor-element-populated\">\n\t\t\t\t\t\t<section class=\"elementor-section elementor-inner-section elementor-element elementor-element-eaba1d9 elementor-section-height-min-height elementor-section-boxed elementor-section-height-default\" data-id=\"eaba1d9\" data-element_type=\"section\" data-settings=\"{&quot;background_background&quot;:&quot;classic&quot;}\">\n\t\t\t\t\t\t<div class=\"elementor-container elementor-column-gap-default\">\n\t\t\t\t\t<div class=\"elementor-column elementor-col-100 elementor-inner-column elementor-element elementor-element-bdb5bcc\" data-id=\"bdb5bcc\" data-element_type=\"column\">\n\t\t\t<div class=\"elementor-widget-wrap elementor-element-populated\">\n\t\t\t\t\t\t<div class=\"elementor-element elementor-element-997c74d elementor-widget elementor-widget-image\" data-id=\"997c74d\" data-element_type=\"widget\" data-widget_type=\"image.default\">\n\t\t\t\t<div class=\"elementor-widget-container\">\n\t\t\t\t\t\t\t\t\t\t\t\t\t<img fetchpriority=\"high\" decoding=\"async\" width=\"800\" height=\"757\" src=\"https:\/\/iatse.net\/wp-content\/uploads\/2021\/03\/IATSE_Logo_White-1024x969.png\" class=\"attachment-large size-large wp-image-79\" alt=\"IATSE IA logo\" srcset=\"https:\/\/iatse.net\/wp-content\/uploads\/2021\/03\/IATSE_Logo_White-1024x969.png 1024w, https:\/\/iatse.net\/wp-content\/uploads\/2021\/03\/IATSE_Logo_White-300x284.png 300w, https:\/\/iatse.net\/wp-content\/uploads\/2021\/03\/IATSE_Logo_White-768x727.png 768w, https:\/\/iatse.net\/wp-content\/uploads\/2021\/03\/IATSE_Logo_White-1536x1453.png 1536w, https:\/\/iatse.net\/wp-content\/uploads\/2021\/03\/IATSE_Logo_White-2048x1938.png 2048w, https:\/\/iatse.net\/wp-content\/uploads\/2021\/03\/IATSE_Logo_White-13x12.png 13w\" sizes=\"(max-width: 800px) 100vw, 800px\" \/>\t\t\t\t\t\t\t\t\t\t\t\t\t<\/div>\n\t\t\t\t<\/div>\n\t\t\t\t\t<\/div>\n\t\t<\/div>\n\t\t\t\t\t<\/div>\n\t\t<\/section>\n\t\t\t\t<div class=\"elementor-element elementor-element-0684b4a elementor-widget elementor-widget-html\" data-id=\"0684b4a\" data-element_type=\"widget\" data-widget_type=\"html.default\">\n\t\t\t\t<div class=\"elementor-widget-container\">\n\t\t\t\n\n\n  \n <iframe\n  src=\"https:\/\/docs.google.com\/forms\/d\/e\/1FAIpQLSdD94wifZhSRvoSd6uvc6mLETqNHMQ4SoXMXWskImhYFduSMw\/viewform?embedded=true\"\n  style=\"width:100%; height:100vh; border:0;\"\n  scrolling=\"yes\"\n  title=\"Enqu\u00eate\">\n<\/iframe>\n\n  \n  \n\n\t\t<\/div>\n\t\t\t\t<\/div>\n\t\t\t\t\t<\/div>\n\t\t<\/div>\n\t\t\t\t\t<\/div>\n\t\t<\/section>\n\t\t\t\t<\/div>","protected":false},"excerpt":{"rendered":"","protected":false},"author":1,"featured_media":1352,"parent":0,"menu_order":0,"comment_status":"closed","ping_status":"closed","template":"elementor_canvas","meta":{"_acf_changed":false,"_monsterinsights_skip_tracking":false,"_monsterinsights_sitenote_active":false,"_monsterinsights_sitenote_note":"","_monsterinsights_sitenote_category":0,"footnotes":""},"yoast_head":"<!-- This site is optimized with the Yoast SEO plugin v23.5 - https:\/\/yoast.com\/wordpress\/plugins\/seo\/ -->\n<title>SURVEY: Calling All Practical Effects (FX) Artists and Lab Technicians! - IATSE, The Union Behind Entertainment<\/title>\n<meta name=\"description\" content=\"Practical Effects and Lab Tech workers are uniting to build safer shops, stable careers, &amp; respect. Take this IATSE survey today!\" \/>\n<meta name=\"robots\" content=\"index, follow, max-snippet:-1, max-image-preview:large, max-video-preview:-1\" \/>\n<link rel=\"canonical\" href=\"https:\/\/iatse.net\/fr\/practical-lab-survey\/\" \/>\n<meta property=\"og:locale\" content=\"fr_CA\" \/>\n<meta property=\"og:type\" content=\"article\" \/>\n<meta property=\"og:title\" content=\"SURVEY: Calling All Practical Effects (FX) Artists and Lab Technicians! - IATSE, The Union Behind Entertainment\" \/>\n<meta property=\"og:description\" content=\"Practical Effects and Lab Tech workers are uniting to build safer shops, stable careers, &amp; respect. Take this IATSE survey today!\" \/>\n<meta property=\"og:url\" content=\"https:\/\/iatse.net\/fr\/practical-lab-survey\/\" \/>\n<meta property=\"og:site_name\" content=\"IATSE\" \/>\n<meta property=\"article:modified_time\" content=\"2025-09-18T18:28:53+00:00\" \/>\n<meta property=\"og:image\" content=\"https:\/\/iatse.net\/wp-content\/uploads\/2021\/06\/Untitled-design.jpg\" \/>\n\t<meta property=\"og:image:width\" content=\"1920\" \/>\n\t<meta property=\"og:image:height\" content=\"1080\" \/>\n\t<meta property=\"og:image:type\" content=\"image\/jpeg\" \/>\n<meta name=\"twitter:card\" content=\"summary_large_image\" \/>\n<meta name=\"twitter:label1\" content=\"Estimation du temps de lecture\" \/>\n\t<meta name=\"twitter:data1\" content=\"1 minute\" \/>\n<script type=\"application\/ld+json\" class=\"yoast-schema-graph\">{\"@context\":\"https:\/\/schema.org\",\"@graph\":[{\"@type\":\"WebPage\",\"@id\":\"https:\/\/iatse.net\/practical-lab-survey\/\",\"url\":\"https:\/\/iatse.net\/practical-lab-survey\/\",\"name\":\"SURVEY: Calling All Practical Effects (FX) Artists and Lab Technicians! - IATSE, The Union Behind Entertainment\",\"isPartOf\":{\"@id\":\"https:\/\/iatse.net\/#website\"},\"primaryImageOfPage\":{\"@id\":\"https:\/\/iatse.net\/practical-lab-survey\/#primaryimage\"},\"image\":{\"@id\":\"https:\/\/iatse.net\/practical-lab-survey\/#primaryimage\"},\"thumbnailUrl\":\"https:\/\/iatse.net\/wp-content\/uploads\/2021\/06\/Untitled-design.jpg\",\"datePublished\":\"2025-09-09T20:34:39+00:00\",\"dateModified\":\"2025-09-18T18:28:53+00:00\",\"description\":\"Practical Effects and Lab Tech workers are uniting to build safer shops, stable careers, & respect. Take this IATSE survey today!\",\"breadcrumb\":{\"@id\":\"https:\/\/iatse.net\/practical-lab-survey\/#breadcrumb\"},\"inLanguage\":\"fr-CA\",\"potentialAction\":[{\"@type\":\"ReadAction\",\"target\":[\"https:\/\/iatse.net\/practical-lab-survey\/\"]}]},{\"@type\":\"ImageObject\",\"inLanguage\":\"fr-CA\",\"@id\":\"https:\/\/iatse.net\/practical-lab-survey\/#primaryimage\",\"url\":\"https:\/\/iatse.net\/wp-content\/uploads\/2021\/06\/Untitled-design.jpg\",\"contentUrl\":\"https:\/\/iatse.net\/wp-content\/uploads\/2021\/06\/Untitled-design.jpg\",\"width\":1920,\"height\":1080,\"caption\":\"IATSE logo design\"},{\"@type\":\"BreadcrumbList\",\"@id\":\"https:\/\/iatse.net\/practical-lab-survey\/#breadcrumb\",\"itemListElement\":[{\"@type\":\"ListItem\",\"position\":1,\"name\":\"Home\",\"item\":\"https:\/\/iatse.net\/\"},{\"@type\":\"ListItem\",\"position\":2,\"name\":\"SURVEY: Calling All Practical Effects (FX) Artists and Lab Technicians!\"}]},{\"@type\":\"WebSite\",\"@id\":\"https:\/\/iatse.net\/#website\",\"url\":\"https:\/\/iatse.net\/\",\"name\":\"IATSE\",\"description\":\"The Union Behind Entertainment\",\"publisher\":{\"@id\":\"https:\/\/iatse.net\/#organization\"},\"potentialAction\":[{\"@type\":\"SearchAction\",\"target\":{\"@type\":\"EntryPoint\",\"urlTemplate\":\"https:\/\/iatse.net\/?s={search_term_string}\"},\"query-input\":{\"@type\":\"PropertyValueSpecification\",\"valueRequired\":true,\"valueName\":\"search_term_string\"}}],\"inLanguage\":\"fr-CA\"},{\"@type\":\"Organization\",\"@id\":\"https:\/\/iatse.net\/#organization\",\"name\":\"IATSE\",\"url\":\"https:\/\/iatse.net\/\",\"logo\":{\"@type\":\"ImageObject\",\"inLanguage\":\"fr-CA\",\"@id\":\"https:\/\/iatse.net\/#\/schema\/logo\/image\/\",\"url\":\"https:\/\/iatse.net\/wp-content\/uploads\/2021\/03\/IATSE_Logo_White.png\",\"contentUrl\":\"https:\/\/iatse.net\/wp-content\/uploads\/2021\/03\/IATSE_Logo_White.png\",\"width\":2100,\"height\":1987,\"caption\":\"IATSE\"},\"image\":{\"@id\":\"https:\/\/iatse.net\/#\/schema\/logo\/image\/\"}}]}<\/script>\n<!-- \/ Yoast SEO plugin. -->","yoast_head_json":{"title":"SURVEY: Calling All Practical Effects (FX) Artists and Lab Technicians! - IATSE, The Union Behind Entertainment","description":"Practical Effects and Lab Tech workers are uniting to build safer shops, stable careers, & respect. Take this IATSE survey today!","robots":{"index":"index","follow":"follow","max-snippet":"max-snippet:-1","max-image-preview":"max-image-preview:large","max-video-preview":"max-video-preview:-1"},"canonical":"https:\/\/iatse.net\/fr\/practical-lab-survey\/","og_locale":"fr_CA","og_type":"article","og_title":"SURVEY: Calling All Practical Effects (FX) Artists and Lab Technicians! - IATSE, The Union Behind Entertainment","og_description":"Practical Effects and Lab Tech workers are uniting to build safer shops, stable careers, & respect. Take this IATSE survey today!","og_url":"https:\/\/iatse.net\/fr\/practical-lab-survey\/","og_site_name":"IATSE","article_modified_time":"2025-09-18T18:28:53+00:00","og_image":[{"width":1920,"height":1080,"url":"https:\/\/iatse.net\/wp-content\/uploads\/2021\/06\/Untitled-design.jpg","type":"image\/jpeg"}],"twitter_card":"summary_large_image","twitter_misc":{"Estimation du temps de lecture":"1 minute"},"schema":{"@context":"https:\/\/schema.org","@graph":[{"@type":"WebPage","@id":"https:\/\/iatse.net\/practical-lab-survey\/","url":"https:\/\/iatse.net\/practical-lab-survey\/","name":"SURVEY: Calling All Practical Effects (FX) Artists and Lab Technicians! - IATSE, The Union Behind Entertainment","isPartOf":{"@id":"https:\/\/iatse.net\/#website"},"primaryImageOfPage":{"@id":"https:\/\/iatse.net\/practical-lab-survey\/#primaryimage"},"image":{"@id":"https:\/\/iatse.net\/practical-lab-survey\/#primaryimage"},"thumbnailUrl":"https:\/\/iatse.net\/wp-content\/uploads\/2021\/06\/Untitled-design.jpg","datePublished":"2025-09-09T20:34:39+00:00","dateModified":"2025-09-18T18:28:53+00:00","description":"Practical Effects and Lab Tech workers are uniting to build safer shops, stable careers, & respect. Take this IATSE survey today!","breadcrumb":{"@id":"https:\/\/iatse.net\/practical-lab-survey\/#breadcrumb"},"inLanguage":"fr-CA","potentialAction":[{"@type":"ReadAction","target":["https:\/\/iatse.net\/practical-lab-survey\/"]}]},{"@type":"ImageObject","inLanguage":"fr-CA","@id":"https:\/\/iatse.net\/practical-lab-survey\/#primaryimage","url":"https:\/\/iatse.net\/wp-content\/uploads\/2021\/06\/Untitled-design.jpg","contentUrl":"https:\/\/iatse.net\/wp-content\/uploads\/2021\/06\/Untitled-design.jpg","width":1920,"height":1080,"caption":"IATSE logo design"},{"@type":"BreadcrumbList","@id":"https:\/\/iatse.net\/practical-lab-survey\/#breadcrumb","itemListElement":[{"@type":"ListItem","position":1,"name":"Home","item":"https:\/\/iatse.net\/"},{"@type":"ListItem","position":2,"name":"SURVEY: Calling All Practical Effects (FX) Artists and Lab Technicians!"}]},{"@type":"WebSite","@id":"https:\/\/iatse.net\/#website","url":"https:\/\/iatse.net\/","name":"IATSE","description":"The Union Behind Entertainment","publisher":{"@id":"https:\/\/iatse.net\/#organization"},"potentialAction":[{"@type":"SearchAction","target":{"@type":"EntryPoint","urlTemplate":"https:\/\/iatse.net\/?s={search_term_string}"},"query-input":{"@type":"PropertyValueSpecification","valueRequired":true,"valueName":"search_term_string"}}],"inLanguage":"fr-CA"},{"@type":"Organization","@id":"https:\/\/iatse.net\/#organization","name":"IATSE","url":"https:\/\/iatse.net\/","logo":{"@type":"ImageObject","inLanguage":"fr-CA","@id":"https:\/\/iatse.net\/#\/schema\/logo\/image\/","url":"https:\/\/iatse.net\/wp-content\/uploads\/2021\/03\/IATSE_Logo_White.png","contentUrl":"https:\/\/iatse.net\/wp-content\/uploads\/2021\/03\/IATSE_Logo_White.png","width":2100,"height":1987,"caption":"IATSE"},"image":{"@id":"https:\/\/iatse.net\/#\/schema\/logo\/image\/"}}]}},"acf":[],"_links":{"self":[{"href":"https:\/\/iatse.net\/fr\/wp-json\/wp\/v2\/pages\/20600"}],"collection":[{"href":"https:\/\/iatse.net\/fr\/wp-json\/wp\/v2\/pages"}],"about":[{"href":"https:\/\/iatse.net\/fr\/wp-json\/wp\/v2\/types\/page"}],"author":[{"embeddable":true,"href":"https:\/\/iatse.net\/fr\/wp-json\/wp\/v2\/users\/1"}],"replies":[{"embeddable":true,"href":"https:\/\/iatse.net\/fr\/wp-json\/wp\/v2\/comments?post=20600"}],"version-history":[{"count":74,"href":"https:\/\/iatse.net\/fr\/wp-json\/wp\/v2\/pages\/20600\/revisions"}],"predecessor-version":[{"id":20734,"href":"https:\/\/iatse.net\/fr\/wp-json\/wp\/v2\/pages\/20600\/revisions\/20734"}],"wp:featuredmedia":[{"embeddable":true,"href":"https:\/\/iatse.net\/fr\/wp-json\/wp\/v2\/media\/1352"}],"wp:attachment":[{"href":"https:\/\/iatse.net\/fr\/wp-json\/wp\/v2\/media?parent=20600"}],"curies":[{"name":"wp","href":"https:\/\/api.w.org\/{rel}","templated":true}]}}