{"id":20009,"date":"2025-06-03T18:15:32","date_gmt":"2025-06-03T22:15:32","guid":{"rendered":"https:\/\/iatse.net\/?page_id=20009"},"modified":"2025-06-05T13:44:04","modified_gmt":"2025-06-05T17:44:04","slug":"pwg-contract-now","status":"publish","type":"page","link":"https:\/\/iatse.net\/fr\/pwg-contract-now\/","title":{"rendered":"Contrat de la Guilde des travailleurs de la production maintenant !"},"content":{"rendered":"<div data-elementor-type=\"wp-page\" data-elementor-id=\"20009\" class=\"elementor elementor-20009\">\n\t\t\t\t\t\t<section class=\"elementor-section elementor-top-section elementor-element elementor-element-ecd3364 elementor-section-boxed elementor-section-height-default elementor-section-height-default\" data-id=\"ecd3364\" data-element_type=\"section\">\n\t\t\t\t\t\t<div class=\"elementor-container elementor-column-gap-default\">\n\t\t\t\t\t<div class=\"elementor-column elementor-col-50 elementor-top-column elementor-element elementor-element-adc61cc\" data-id=\"adc61cc\" data-element_type=\"column\">\n\t\t\t<div class=\"elementor-widget-wrap elementor-element-populated\">\n\t\t\t\t\t\t<div class=\"elementor-element elementor-element-ccd4cd9 elementor-widget elementor-widget-image\" data-id=\"ccd4cd9\" data-element_type=\"widget\" data-widget_type=\"image.default\">\n\t\t\t\t<div class=\"elementor-widget-container\">\n\t\t\t\t\t\t\t\t\t\t\t\t\t<img decoding=\"async\" width=\"222\" height=\"222\" src=\"https:\/\/iatse.net\/wp-content\/uploads\/2025\/06\/IA-Bug-111-BW.png\" class=\"attachment-large size-large wp-image-20037\" alt=\"\" srcset=\"https:\/\/iatse.net\/wp-content\/uploads\/2025\/06\/IA-Bug-111-BW.png 222w, https:\/\/iatse.net\/wp-content\/uploads\/2025\/06\/IA-Bug-111-BW-150x150.png 150w, https:\/\/iatse.net\/wp-content\/uploads\/2025\/06\/IA-Bug-111-BW-12x12.png 12w\" sizes=\"(max-width: 222px) 100vw, 222px\" \/>\t\t\t\t\t\t\t\t\t\t\t\t\t<\/div>\n\t\t\t\t<\/div>\n\t\t\t\t\t<\/div>\n\t\t<\/div>\n\t\t\t\t<div class=\"elementor-column elementor-col-50 elementor-top-column elementor-element elementor-element-4fd1098\" data-id=\"4fd1098\" data-element_type=\"column\">\n\t\t\t<div class=\"elementor-widget-wrap elementor-element-populated\">\n\t\t\t\t\t\t<div class=\"elementor-element elementor-element-96aaaf2 elementor-widget elementor-widget-image\" data-id=\"96aaaf2\" data-element_type=\"widget\" data-widget_type=\"image.default\">\n\t\t\t\t<div class=\"elementor-widget-container\">\n\t\t\t\t\t\t\t\t\t\t\t\t\t<img fetchpriority=\"high\" decoding=\"async\" width=\"800\" height=\"800\" src=\"https:\/\/iatse.net\/wp-content\/uploads\/2025\/06\/IATSE-STANDWITHPRODUCTION-1024x1024.png\" class=\"attachment-large size-large wp-image-20038\" alt=\"\" srcset=\"https:\/\/iatse.net\/wp-content\/uploads\/2025\/06\/IATSE-STANDWITHPRODUCTION-1024x1024.png 1024w, https:\/\/iatse.net\/wp-content\/uploads\/2025\/06\/IATSE-STANDWITHPRODUCTION-300x300.png 300w, https:\/\/iatse.net\/wp-content\/uploads\/2025\/06\/IATSE-STANDWITHPRODUCTION-150x150.png 150w, https:\/\/iatse.net\/wp-content\/uploads\/2025\/06\/IATSE-STANDWITHPRODUCTION-768x768.png 768w, https:\/\/iatse.net\/wp-content\/uploads\/2025\/06\/IATSE-STANDWITHPRODUCTION-1536x1536.png 1536w, https:\/\/iatse.net\/wp-content\/uploads\/2025\/06\/IATSE-STANDWITHPRODUCTION-12x12.png 12w, https:\/\/iatse.net\/wp-content\/uploads\/2025\/06\/IATSE-STANDWITHPRODUCTION.png 1850w\" sizes=\"(max-width: 800px) 100vw, 800px\" \/>\t\t\t\t\t\t\t\t\t\t\t\t\t<\/div>\n\t\t\t\t<\/div>\n\t\t\t\t\t<\/div>\n\t\t<\/div>\n\t\t\t\t\t<\/div>\n\t\t<\/section>\n\t\t\t\t<section class=\"elementor-section elementor-top-section elementor-element elementor-element-5773c765 elementor-section-boxed elementor-section-height-default elementor-section-height-default\" data-id=\"5773c765\" data-element_type=\"section\">\n\t\t\t\t\t\t<div class=\"elementor-container elementor-column-gap-default\">\n\t\t\t\t\t<div class=\"elementor-column elementor-col-100 elementor-top-column elementor-element elementor-element-78f46181\" data-id=\"78f46181\" data-element_type=\"column\">\n\t\t\t<div class=\"elementor-widget-wrap elementor-element-populated\">\n\t\t\t\t\t\t<div class=\"elementor-element elementor-element-5a18129a elementor-widget elementor-widget-text-editor\" data-id=\"5a18129a\" data-element_type=\"widget\" data-widget_type=\"text-editor.default\">\n\t\t\t\t<div class=\"elementor-widget-container\">\n\t\t\t\t\t\t\t<!-- wp:paragraph -->\n<p><strong>Vous avez vu les publicit\u00e9s. Nous les r\u00e9alisons.<\/strong><\/p>\n<!-- \/wp:paragraph --><!-- wp:paragraph -->\n<p><strong>Les travailleurs de la production commerciale se battent toujours pour :<\/strong><\/p>\n<!-- \/wp:paragraph --><!-- wp:list -->\n<ul><!-- wp:list-item -->\n<li>R\u00e9mun\u00e9ration \u00e9quitable (oui, y compris un salaire d\u00e9cent pour les assistants parlementaires)<\/li>\n<!-- \/wp:list-item --><!-- wp:list-item -->\n<li>Heures suppl\u00e9mentaires apr\u00e8s 12 heures<\/li>\n<!-- \/wp:list-item --><!-- wp:list-item -->\n<li>Repos entre les longues journ\u00e9es (une question de s\u00e9curit\u00e9, pas un luxe)<\/li>\n<!-- \/wp:list-item --><!-- wp:list-item -->\n<li>Prestations de retraite<\/li>\n<!-- \/wp:list-item --><!-- wp:list-item -->\n<li>S\u00e9curit\u00e9 de l'emploi<br \/>\u00a0<\/li>\n<!-- \/wp:list-item --><\/ul>\n<!-- \/wp:list --><!-- wp:paragraph -->\n<p><strong>Vous l'appelez \"valeur de production\".\u00a0<\/strong><strong>Nous appelons cela notre vie.<\/strong><\/p>\n<!-- \/wp:paragraph --><!-- wp:paragraph -->\n<p><strong>Nous ne demandons pas plus que ce qui est juste, mais simplement les m\u00eames protections et le m\u00eame respect que ceux d\u00e9j\u00e0 accord\u00e9s \u00e0 nos pairs de l'industrie.\u00a0<\/strong><\/p>\n<!-- \/wp:paragraph --><!-- wp:paragraph -->\n<p><strong>Si cela vous semble basique, c'est parce que c'est le cas.<\/strong><\/p>\n<!-- \/wp:paragraph --><!-- wp:paragraph -->\n<p><strong>Et nous ne l'avons toujours pas.<\/strong><\/p>\n<!-- \/wp:paragraph --><!-- wp:paragraph -->\n<p><strong>Dites \u00e0 l'AICP : les personnes qui r\u00e9alisent les publicit\u00e9s m\u00e9ritent un contrat \u00e9quitable.<\/strong><\/p>\n<!-- \/wp:paragraph -->\t\t\t\t\t\t<\/div>\n\t\t\t\t<\/div>\n\t\t\t\t\t<\/div>\n\t\t<\/div>\n\t\t\t\t\t<\/div>\n\t\t<\/section>\n\t\t\t\t<\/div>","protected":false},"excerpt":{"rendered":"<p>Vous avez vu les publicit\u00e9s. C'est nous qui les r\u00e9alisons. Les travailleurs de la production commerciale se battent encore pour : Vous appelez cela la \"valeur de production\". Nous appelons cela nos vies. Nous ne demandons pas plus que [...]<\/p>","protected":false},"author":7,"featured_media":0,"parent":0,"menu_order":0,"comment_status":"closed","ping_status":"closed","template":"","meta":{"_acf_changed":false,"_monsterinsights_skip_tracking":false,"_monsterinsights_sitenote_active":false,"_monsterinsights_sitenote_note":"","_monsterinsights_sitenote_category":0,"footnotes":""},"yoast_head":"<!-- This site is optimized with the Yoast SEO plugin v23.5 - https:\/\/yoast.com\/wordpress\/plugins\/seo\/ -->\n<title>Production Workers Guild Contract Now! - IATSE, The Union Behind Entertainment<\/title>\n<meta name=\"robots\" content=\"index, follow, max-snippet:-1, max-image-preview:large, max-video-preview:-1\" \/>\n<link rel=\"canonical\" href=\"https:\/\/iatse.net\/fr\/pwg-contract-now\/\" \/>\n<meta property=\"og:locale\" content=\"fr_CA\" \/>\n<meta property=\"og:type\" content=\"article\" \/>\n<meta property=\"og:title\" content=\"Production Workers Guild Contract Now! - IATSE, The Union Behind Entertainment\" \/>\n<meta property=\"og:description\" content=\"You\u2019ve seen the ads. We make them happen. Commercial production workers are still fighting for: You call it \u201cproduction value.\u201d\u00a0We call it our lives. We\u2019re not asking for more than [&hellip;]\" \/>\n<meta property=\"og:url\" content=\"https:\/\/iatse.net\/fr\/pwg-contract-now\/\" \/>\n<meta property=\"og:site_name\" content=\"IATSE\" \/>\n<meta property=\"article:modified_time\" content=\"2025-06-05T17:44:04+00:00\" \/>\n<meta property=\"og:image\" content=\"https:\/\/iatse.net\/wp-content\/uploads\/2025\/06\/IA-Bug-111-BW.png\" \/>\n<meta name=\"twitter:card\" content=\"summary_large_image\" \/>\n<meta name=\"twitter:label1\" content=\"Estimation du temps de lecture\" \/>\n\t<meta name=\"twitter:data1\" content=\"1 minute\" \/>\n<script type=\"application\/ld+json\" class=\"yoast-schema-graph\">{\"@context\":\"https:\/\/schema.org\",\"@graph\":[{\"@type\":\"WebPage\",\"@id\":\"https:\/\/iatse.net\/pwg-contract-now\/\",\"url\":\"https:\/\/iatse.net\/pwg-contract-now\/\",\"name\":\"Production Workers Guild Contract Now! - IATSE, The Union Behind Entertainment\",\"isPartOf\":{\"@id\":\"https:\/\/iatse.net\/#website\"},\"primaryImageOfPage\":{\"@id\":\"https:\/\/iatse.net\/pwg-contract-now\/#primaryimage\"},\"image\":{\"@id\":\"https:\/\/iatse.net\/pwg-contract-now\/#primaryimage\"},\"thumbnailUrl\":\"https:\/\/iatse.net\/wp-content\/uploads\/2025\/06\/IA-Bug-111-BW.png\",\"datePublished\":\"2025-06-03T22:15:32+00:00\",\"dateModified\":\"2025-06-05T17:44:04+00:00\",\"breadcrumb\":{\"@id\":\"https:\/\/iatse.net\/pwg-contract-now\/#breadcrumb\"},\"inLanguage\":\"fr-CA\",\"potentialAction\":[{\"@type\":\"ReadAction\",\"target\":[\"https:\/\/iatse.net\/pwg-contract-now\/\"]}]},{\"@type\":\"ImageObject\",\"inLanguage\":\"fr-CA\",\"@id\":\"https:\/\/iatse.net\/pwg-contract-now\/#primaryimage\",\"url\":\"https:\/\/iatse.net\/wp-content\/uploads\/2025\/06\/IA-Bug-111-BW.png\",\"contentUrl\":\"https:\/\/iatse.net\/wp-content\/uploads\/2025\/06\/IA-Bug-111-BW.png\"},{\"@type\":\"BreadcrumbList\",\"@id\":\"https:\/\/iatse.net\/pwg-contract-now\/#breadcrumb\",\"itemListElement\":[{\"@type\":\"ListItem\",\"position\":1,\"name\":\"Home\",\"item\":\"https:\/\/iatse.net\/\"},{\"@type\":\"ListItem\",\"position\":2,\"name\":\"Production Workers Guild Contract Now!\"}]},{\"@type\":\"WebSite\",\"@id\":\"https:\/\/iatse.net\/#website\",\"url\":\"https:\/\/iatse.net\/\",\"name\":\"IATSE\",\"description\":\"The Union Behind Entertainment\",\"publisher\":{\"@id\":\"https:\/\/iatse.net\/#organization\"},\"potentialAction\":[{\"@type\":\"SearchAction\",\"target\":{\"@type\":\"EntryPoint\",\"urlTemplate\":\"https:\/\/iatse.net\/?s={search_term_string}\"},\"query-input\":{\"@type\":\"PropertyValueSpecification\",\"valueRequired\":true,\"valueName\":\"search_term_string\"}}],\"inLanguage\":\"fr-CA\"},{\"@type\":\"Organization\",\"@id\":\"https:\/\/iatse.net\/#organization\",\"name\":\"IATSE\",\"url\":\"https:\/\/iatse.net\/\",\"logo\":{\"@type\":\"ImageObject\",\"inLanguage\":\"fr-CA\",\"@id\":\"https:\/\/iatse.net\/#\/schema\/logo\/image\/\",\"url\":\"https:\/\/iatse.net\/wp-content\/uploads\/2021\/03\/IATSE_Logo_White.png\",\"contentUrl\":\"https:\/\/iatse.net\/wp-content\/uploads\/2021\/03\/IATSE_Logo_White.png\",\"width\":2100,\"height\":1987,\"caption\":\"IATSE\"},\"image\":{\"@id\":\"https:\/\/iatse.net\/#\/schema\/logo\/image\/\"}}]}<\/script>\n<!-- \/ Yoast SEO plugin. -->","yoast_head_json":{"title":"Production Workers Guild Contract Now! - IATSE, The Union Behind Entertainment","robots":{"index":"index","follow":"follow","max-snippet":"max-snippet:-1","max-image-preview":"max-image-preview:large","max-video-preview":"max-video-preview:-1"},"canonical":"https:\/\/iatse.net\/fr\/pwg-contract-now\/","og_locale":"fr_CA","og_type":"article","og_title":"Production Workers Guild Contract Now! - IATSE, The Union Behind Entertainment","og_description":"You\u2019ve seen the ads. We make them happen. Commercial production workers are still fighting for: You call it \u201cproduction value.\u201d\u00a0We call it our lives. We\u2019re not asking for more than [&hellip;]","og_url":"https:\/\/iatse.net\/fr\/pwg-contract-now\/","og_site_name":"IATSE","article_modified_time":"2025-06-05T17:44:04+00:00","og_image":[{"url":"https:\/\/iatse.net\/wp-content\/uploads\/2025\/06\/IA-Bug-111-BW.png"}],"twitter_card":"summary_large_image","twitter_misc":{"Estimation du temps de lecture":"1 minute"},"schema":{"@context":"https:\/\/schema.org","@graph":[{"@type":"WebPage","@id":"https:\/\/iatse.net\/pwg-contract-now\/","url":"https:\/\/iatse.net\/pwg-contract-now\/","name":"Production Workers Guild Contract Now! - IATSE, The Union Behind Entertainment","isPartOf":{"@id":"https:\/\/iatse.net\/#website"},"primaryImageOfPage":{"@id":"https:\/\/iatse.net\/pwg-contract-now\/#primaryimage"},"image":{"@id":"https:\/\/iatse.net\/pwg-contract-now\/#primaryimage"},"thumbnailUrl":"https:\/\/iatse.net\/wp-content\/uploads\/2025\/06\/IA-Bug-111-BW.png","datePublished":"2025-06-03T22:15:32+00:00","dateModified":"2025-06-05T17:44:04+00:00","breadcrumb":{"@id":"https:\/\/iatse.net\/pwg-contract-now\/#breadcrumb"},"inLanguage":"fr-CA","potentialAction":[{"@type":"ReadAction","target":["https:\/\/iatse.net\/pwg-contract-now\/"]}]},{"@type":"ImageObject","inLanguage":"fr-CA","@id":"https:\/\/iatse.net\/pwg-contract-now\/#primaryimage","url":"https:\/\/iatse.net\/wp-content\/uploads\/2025\/06\/IA-Bug-111-BW.png","contentUrl":"https:\/\/iatse.net\/wp-content\/uploads\/2025\/06\/IA-Bug-111-BW.png"},{"@type":"BreadcrumbList","@id":"https:\/\/iatse.net\/pwg-contract-now\/#breadcrumb","itemListElement":[{"@type":"ListItem","position":1,"name":"Home","item":"https:\/\/iatse.net\/"},{"@type":"ListItem","position":2,"name":"Production Workers Guild Contract Now!"}]},{"@type":"WebSite","@id":"https:\/\/iatse.net\/#website","url":"https:\/\/iatse.net\/","name":"IATSE","description":"The Union Behind Entertainment","publisher":{"@id":"https:\/\/iatse.net\/#organization"},"potentialAction":[{"@type":"SearchAction","target":{"@type":"EntryPoint","urlTemplate":"https:\/\/iatse.net\/?s={search_term_string}"},"query-input":{"@type":"PropertyValueSpecification","valueRequired":true,"valueName":"search_term_string"}}],"inLanguage":"fr-CA"},{"@type":"Organization","@id":"https:\/\/iatse.net\/#organization","name":"IATSE","url":"https:\/\/iatse.net\/","logo":{"@type":"ImageObject","inLanguage":"fr-CA","@id":"https:\/\/iatse.net\/#\/schema\/logo\/image\/","url":"https:\/\/iatse.net\/wp-content\/uploads\/2021\/03\/IATSE_Logo_White.png","contentUrl":"https:\/\/iatse.net\/wp-content\/uploads\/2021\/03\/IATSE_Logo_White.png","width":2100,"height":1987,"caption":"IATSE"},"image":{"@id":"https:\/\/iatse.net\/#\/schema\/logo\/image\/"}}]}},"acf":[],"_links":{"self":[{"href":"https:\/\/iatse.net\/fr\/wp-json\/wp\/v2\/pages\/20009"}],"collection":[{"href":"https:\/\/iatse.net\/fr\/wp-json\/wp\/v2\/pages"}],"about":[{"href":"https:\/\/iatse.net\/fr\/wp-json\/wp\/v2\/types\/page"}],"author":[{"embeddable":true,"href":"https:\/\/iatse.net\/fr\/wp-json\/wp\/v2\/users\/7"}],"replies":[{"embeddable":true,"href":"https:\/\/iatse.net\/fr\/wp-json\/wp\/v2\/comments?post=20009"}],"version-history":[{"count":8,"href":"https:\/\/iatse.net\/fr\/wp-json\/wp\/v2\/pages\/20009\/revisions"}],"predecessor-version":[{"id":20040,"href":"https:\/\/iatse.net\/fr\/wp-json\/wp\/v2\/pages\/20009\/revisions\/20040"}],"wp:attachment":[{"href":"https:\/\/iatse.net\/fr\/wp-json\/wp\/v2\/media?parent=20009"}],"curies":[{"name":"wp","href":"https:\/\/api.w.org\/{rel}","templated":true}]}}