{"id":19295,"date":"2025-02-06T15:50:05","date_gmt":"2025-02-06T20:50:05","guid":{"rendered":"https:\/\/iatse.net\/?page_id=19295"},"modified":"2025-02-06T15:53:29","modified_gmt":"2025-02-06T20:53:29","slug":"2025-iatse-21-day-human-and-civil-rights-equity-challenge","status":"publish","type":"page","link":"https:\/\/iatse.net\/fr\/2025-iatse-21-day-human-and-civil-rights-equity-challenge\/","title":{"rendered":"2025 IATSE 21-Day Human and Civil Rights Equity Challenge (D\u00e9fi de l'\u00e9quit\u00e9 en mati\u00e8re de droits de l'homme et de droits civils)"},"content":{"rendered":"<p>Bienvenue au d\u00e9fi 2025 de l'IATSE sur l'\u00e9quit\u00e9 en mati\u00e8re de droits humains et civils, qui consiste \u00e0 cr\u00e9er des habitudes en 21 jours. Il s'agit de la cinqui\u00e8me version du d\u00e9fi propos\u00e9 par l'IATSE. Ces d\u00e9fis offrent un moyen d'apprendre, de discerner, de discuter et de prendre des mesures qui favorisent la curiosit\u00e9, la compr\u00e9hension et l'action qui refl\u00e8tent nos valeurs syndicales pour tous dans nos communaut\u00e9s. <\/p>\n\n\n\n<p>Le d\u00e9fi original de 21 jours a \u00e9t\u00e9 cr\u00e9\u00e9 par le Dr Eddie Moore, Jr. <a href=\"http:\/\/www.americaandmoore.com\/21day-re-challenges\">www.americaandmoore.com\/21day-re-challenges<\/a>. Pendant le d\u00e9fi, les participants lisent, \u00e9coutent, observent ou regardent quelque chose chaque jour pendant 21 jours cons\u00e9cutifs afin d'approfondir leur compr\u00e9hension de l'histoire, du contexte, de l'expression et de l'exp\u00e9rience. La structure est con\u00e7ue pour l'apprentissage individuel, mais lorsque de nombreux membres du syndicat rel\u00e8vent le d\u00e9fi ensemble, nous devenons une Alliance plus forte et plus puissante. Occasionnellement, certains articles peuvent \u00eatre r\u00e9serv\u00e9s aux abonn\u00e9s, mais il y a toujours au moins une offre gratuite pour chaque jour. <\/p>\n\n\n\n<p>Les pr\u00e9c\u00e9dents d\u00e9fis de 21 jours de l'IATSE ont jet\u00e9 les bases de l'apprentissage de la justice raciale, et nous avons construit cette collection \u00e0 partir de ces bases. Si vous n'avez pas connu les versions pr\u00e9c\u00e9dentes, vous pouvez combiner les listes pour cr\u00e9er un d\u00e9fi qui vous convienne \u00e0 vous et \u00e0 votre groupe. T\u00e9l\u00e9chargez les d\u00e9fis pr\u00e9c\u00e9dents \u00e0 partir de la section Education du site web de l'IATSE \u00e0 l'adresse suivante <a href=\"https:\/\/iatse.net\/fr\/education\/\">iatse.net\/education\/#resources<\/a>. <\/p>\n\n\n\n<p>\u00c0 la fin de ce d\u00e9fi, vous trouverez un lien vers la collection de cours LinkedIn Learning de l'IATSE sur la diversit\u00e9, l'inclusion et l'appartenance, ainsi qu'une liste de cours LIL recommand\u00e9s pour les dirigeants et les membres de l'IATSE, \u00e9labor\u00e9e par le d\u00e9partement de l'\u00e9ducation et de la formation de l'IATSE. Si vous n'\u00eates pas membre de LinkedIn Learning, veuillez cliquer pour demander un acc\u00e8s gratuit. <a href=\"http:\/\/www.iatsetrainingtrust.org\/lil\">www.iatsetrainingtrust.org\/lil<\/a>.<\/p>\n\n\n\n<p>Pour t\u00e9l\u00e9charger le d\u00e9fi des 21 jours de l'IATSE 2025,<strong> <a href=\"https:\/\/iatse.net\/wp-content\/uploads\/2025\/01\/Final-2025-21-Day-Challenge.pdf\">cliquez ici<\/a><\/strong>.<\/p>","protected":false},"excerpt":{"rendered":"<p>Bienvenue au d\u00e9fi 2025 de l'IATSE sur l'\u00e9quit\u00e9 en mati\u00e8re de droits humains et civils, qui consiste \u00e0 cr\u00e9er des habitudes en 21 jours. Il s'agit de la cinqui\u00e8me version du d\u00e9fi propos\u00e9 par l'IATSE. Ces d\u00e9fis offrent une [...]<\/p>","protected":false},"author":4,"featured_media":6466,"parent":0,"menu_order":0,"comment_status":"closed","ping_status":"closed","template":"","meta":{"_acf_changed":false,"_monsterinsights_skip_tracking":false,"_monsterinsights_sitenote_active":false,"_monsterinsights_sitenote_note":"","_monsterinsights_sitenote_category":0,"footnotes":""},"yoast_head":"<!-- This site is optimized with the Yoast SEO plugin v23.5 - https:\/\/yoast.com\/wordpress\/plugins\/seo\/ -->\n<title>2025 IATSE 21-Day Human And Civil Rights Equity Challenge - IATSE, The Union Behind Entertainment<\/title>\n<meta name=\"robots\" content=\"index, follow, max-snippet:-1, max-image-preview:large, max-video-preview:-1\" \/>\n<link rel=\"canonical\" href=\"https:\/\/iatse.net\/fr\/2025-iatse-21-day-human-and-civil-rights-equity-challenge\/\" \/>\n<meta property=\"og:locale\" content=\"fr_CA\" \/>\n<meta property=\"og:type\" content=\"article\" \/>\n<meta property=\"og:title\" content=\"2025 IATSE 21-Day Human And Civil Rights Equity Challenge - IATSE, The Union Behind Entertainment\" \/>\n<meta property=\"og:description\" content=\"Welcome to the 2025 IATSE Human and Civil Rights Equity 21-Day Habit Forming Challenge. This is the fifth version of the challenge offered by the IATSE. These challenges offer a [&hellip;]\" \/>\n<meta property=\"og:url\" content=\"https:\/\/iatse.net\/fr\/2025-iatse-21-day-human-and-civil-rights-equity-challenge\/\" \/>\n<meta property=\"og:site_name\" content=\"IATSE\" \/>\n<meta property=\"article:modified_time\" content=\"2025-02-06T20:53:29+00:00\" \/>\n<meta property=\"og:image\" content=\"https:\/\/iatse.net\/wp-content\/uploads\/2021\/08\/TWR-Thumbnail.png\" \/>\n\t<meta property=\"og:image:width\" content=\"1038\" \/>\n\t<meta property=\"og:image:height\" content=\"525\" \/>\n\t<meta property=\"og:image:type\" content=\"image\/png\" \/>\n<meta name=\"twitter:card\" content=\"summary_large_image\" \/>\n<meta name=\"twitter:label1\" content=\"Estimation du temps de lecture\" \/>\n\t<meta name=\"twitter:data1\" content=\"2 minutes\" \/>\n<script type=\"application\/ld+json\" class=\"yoast-schema-graph\">{\"@context\":\"https:\/\/schema.org\",\"@graph\":[{\"@type\":\"WebPage\",\"@id\":\"https:\/\/iatse.net\/2025-iatse-21-day-human-and-civil-rights-equity-challenge\/\",\"url\":\"https:\/\/iatse.net\/2025-iatse-21-day-human-and-civil-rights-equity-challenge\/\",\"name\":\"2025 IATSE 21-Day Human And Civil Rights Equity Challenge - IATSE, The Union Behind Entertainment\",\"isPartOf\":{\"@id\":\"https:\/\/iatse.net\/#website\"},\"primaryImageOfPage\":{\"@id\":\"https:\/\/iatse.net\/2025-iatse-21-day-human-and-civil-rights-equity-challenge\/#primaryimage\"},\"image\":{\"@id\":\"https:\/\/iatse.net\/2025-iatse-21-day-human-and-civil-rights-equity-challenge\/#primaryimage\"},\"thumbnailUrl\":\"https:\/\/iatse.net\/wp-content\/uploads\/2021\/08\/TWR-Thumbnail.png\",\"datePublished\":\"2025-02-06T20:50:05+00:00\",\"dateModified\":\"2025-02-06T20:53:29+00:00\",\"breadcrumb\":{\"@id\":\"https:\/\/iatse.net\/2025-iatse-21-day-human-and-civil-rights-equity-challenge\/#breadcrumb\"},\"inLanguage\":\"fr-CA\",\"potentialAction\":[{\"@type\":\"ReadAction\",\"target\":[\"https:\/\/iatse.net\/2025-iatse-21-day-human-and-civil-rights-equity-challenge\/\"]}]},{\"@type\":\"ImageObject\",\"inLanguage\":\"fr-CA\",\"@id\":\"https:\/\/iatse.net\/2025-iatse-21-day-human-and-civil-rights-equity-challenge\/#primaryimage\",\"url\":\"https:\/\/iatse.net\/wp-content\/uploads\/2021\/08\/TWR-Thumbnail.png\",\"contentUrl\":\"https:\/\/iatse.net\/wp-content\/uploads\/2021\/08\/TWR-Thumbnail.png\",\"width\":1038,\"height\":525,\"caption\":\"Together We Rise\"},{\"@type\":\"BreadcrumbList\",\"@id\":\"https:\/\/iatse.net\/2025-iatse-21-day-human-and-civil-rights-equity-challenge\/#breadcrumb\",\"itemListElement\":[{\"@type\":\"ListItem\",\"position\":1,\"name\":\"Home\",\"item\":\"https:\/\/iatse.net\/\"},{\"@type\":\"ListItem\",\"position\":2,\"name\":\"2025 IATSE 21-Day Human And Civil Rights Equity Challenge\"}]},{\"@type\":\"WebSite\",\"@id\":\"https:\/\/iatse.net\/#website\",\"url\":\"https:\/\/iatse.net\/\",\"name\":\"IATSE\",\"description\":\"The Union Behind Entertainment\",\"publisher\":{\"@id\":\"https:\/\/iatse.net\/#organization\"},\"potentialAction\":[{\"@type\":\"SearchAction\",\"target\":{\"@type\":\"EntryPoint\",\"urlTemplate\":\"https:\/\/iatse.net\/?s={search_term_string}\"},\"query-input\":{\"@type\":\"PropertyValueSpecification\",\"valueRequired\":true,\"valueName\":\"search_term_string\"}}],\"inLanguage\":\"fr-CA\"},{\"@type\":\"Organization\",\"@id\":\"https:\/\/iatse.net\/#organization\",\"name\":\"IATSE\",\"url\":\"https:\/\/iatse.net\/\",\"logo\":{\"@type\":\"ImageObject\",\"inLanguage\":\"fr-CA\",\"@id\":\"https:\/\/iatse.net\/#\/schema\/logo\/image\/\",\"url\":\"https:\/\/iatse.net\/wp-content\/uploads\/2021\/03\/IATSE_Logo_White.png\",\"contentUrl\":\"https:\/\/iatse.net\/wp-content\/uploads\/2021\/03\/IATSE_Logo_White.png\",\"width\":2100,\"height\":1987,\"caption\":\"IATSE\"},\"image\":{\"@id\":\"https:\/\/iatse.net\/#\/schema\/logo\/image\/\"}}]}<\/script>\n<!-- \/ Yoast SEO plugin. -->","yoast_head_json":{"title":"2025 IATSE 21-Day Human And Civil Rights Equity Challenge - IATSE, The Union Behind Entertainment","robots":{"index":"index","follow":"follow","max-snippet":"max-snippet:-1","max-image-preview":"max-image-preview:large","max-video-preview":"max-video-preview:-1"},"canonical":"https:\/\/iatse.net\/fr\/2025-iatse-21-day-human-and-civil-rights-equity-challenge\/","og_locale":"fr_CA","og_type":"article","og_title":"2025 IATSE 21-Day Human And Civil Rights Equity Challenge - IATSE, The Union Behind Entertainment","og_description":"Welcome to the 2025 IATSE Human and Civil Rights Equity 21-Day Habit Forming Challenge. This is the fifth version of the challenge offered by the IATSE. These challenges offer a [&hellip;]","og_url":"https:\/\/iatse.net\/fr\/2025-iatse-21-day-human-and-civil-rights-equity-challenge\/","og_site_name":"IATSE","article_modified_time":"2025-02-06T20:53:29+00:00","og_image":[{"width":1038,"height":525,"url":"https:\/\/iatse.net\/wp-content\/uploads\/2021\/08\/TWR-Thumbnail.png","type":"image\/png"}],"twitter_card":"summary_large_image","twitter_misc":{"Estimation du temps de lecture":"2 minutes"},"schema":{"@context":"https:\/\/schema.org","@graph":[{"@type":"WebPage","@id":"https:\/\/iatse.net\/2025-iatse-21-day-human-and-civil-rights-equity-challenge\/","url":"https:\/\/iatse.net\/2025-iatse-21-day-human-and-civil-rights-equity-challenge\/","name":"2025 IATSE 21-Day Human And Civil Rights Equity Challenge - IATSE, The Union Behind Entertainment","isPartOf":{"@id":"https:\/\/iatse.net\/#website"},"primaryImageOfPage":{"@id":"https:\/\/iatse.net\/2025-iatse-21-day-human-and-civil-rights-equity-challenge\/#primaryimage"},"image":{"@id":"https:\/\/iatse.net\/2025-iatse-21-day-human-and-civil-rights-equity-challenge\/#primaryimage"},"thumbnailUrl":"https:\/\/iatse.net\/wp-content\/uploads\/2021\/08\/TWR-Thumbnail.png","datePublished":"2025-02-06T20:50:05+00:00","dateModified":"2025-02-06T20:53:29+00:00","breadcrumb":{"@id":"https:\/\/iatse.net\/2025-iatse-21-day-human-and-civil-rights-equity-challenge\/#breadcrumb"},"inLanguage":"fr-CA","potentialAction":[{"@type":"ReadAction","target":["https:\/\/iatse.net\/2025-iatse-21-day-human-and-civil-rights-equity-challenge\/"]}]},{"@type":"ImageObject","inLanguage":"fr-CA","@id":"https:\/\/iatse.net\/2025-iatse-21-day-human-and-civil-rights-equity-challenge\/#primaryimage","url":"https:\/\/iatse.net\/wp-content\/uploads\/2021\/08\/TWR-Thumbnail.png","contentUrl":"https:\/\/iatse.net\/wp-content\/uploads\/2021\/08\/TWR-Thumbnail.png","width":1038,"height":525,"caption":"Together We Rise"},{"@type":"BreadcrumbList","@id":"https:\/\/iatse.net\/2025-iatse-21-day-human-and-civil-rights-equity-challenge\/#breadcrumb","itemListElement":[{"@type":"ListItem","position":1,"name":"Home","item":"https:\/\/iatse.net\/"},{"@type":"ListItem","position":2,"name":"2025 IATSE 21-Day Human And Civil Rights Equity Challenge"}]},{"@type":"WebSite","@id":"https:\/\/iatse.net\/#website","url":"https:\/\/iatse.net\/","name":"IATSE","description":"The Union Behind Entertainment","publisher":{"@id":"https:\/\/iatse.net\/#organization"},"potentialAction":[{"@type":"SearchAction","target":{"@type":"EntryPoint","urlTemplate":"https:\/\/iatse.net\/?s={search_term_string}"},"query-input":{"@type":"PropertyValueSpecification","valueRequired":true,"valueName":"search_term_string"}}],"inLanguage":"fr-CA"},{"@type":"Organization","@id":"https:\/\/iatse.net\/#organization","name":"IATSE","url":"https:\/\/iatse.net\/","logo":{"@type":"ImageObject","inLanguage":"fr-CA","@id":"https:\/\/iatse.net\/#\/schema\/logo\/image\/","url":"https:\/\/iatse.net\/wp-content\/uploads\/2021\/03\/IATSE_Logo_White.png","contentUrl":"https:\/\/iatse.net\/wp-content\/uploads\/2021\/03\/IATSE_Logo_White.png","width":2100,"height":1987,"caption":"IATSE"},"image":{"@id":"https:\/\/iatse.net\/#\/schema\/logo\/image\/"}}]}},"acf":[],"_links":{"self":[{"href":"https:\/\/iatse.net\/fr\/wp-json\/wp\/v2\/pages\/19295"}],"collection":[{"href":"https:\/\/iatse.net\/fr\/wp-json\/wp\/v2\/pages"}],"about":[{"href":"https:\/\/iatse.net\/fr\/wp-json\/wp\/v2\/types\/page"}],"author":[{"embeddable":true,"href":"https:\/\/iatse.net\/fr\/wp-json\/wp\/v2\/users\/4"}],"replies":[{"embeddable":true,"href":"https:\/\/iatse.net\/fr\/wp-json\/wp\/v2\/comments?post=19295"}],"version-history":[{"count":3,"href":"https:\/\/iatse.net\/fr\/wp-json\/wp\/v2\/pages\/19295\/revisions"}],"predecessor-version":[{"id":19299,"href":"https:\/\/iatse.net\/fr\/wp-json\/wp\/v2\/pages\/19295\/revisions\/19299"}],"wp:featuredmedia":[{"embeddable":true,"href":"https:\/\/iatse.net\/fr\/wp-json\/wp\/v2\/media\/6466"}],"wp:attachment":[{"href":"https:\/\/iatse.net\/fr\/wp-json\/wp\/v2\/media?parent=19295"}],"curies":[{"name":"wp","href":"https:\/\/api.w.org\/{rel}","templated":true}]}}