{"id":14747,"date":"2023-09-28T11:56:27","date_gmt":"2023-09-28T15:56:27","guid":{"rendered":"https:\/\/iatse.net\/?page_id=14747"},"modified":"2023-09-28T12:07:35","modified_gmt":"2023-09-28T16:07:35","slug":"2024-mid-winter-meeting-of-the-general-executive-board-geb","status":"publish","type":"page","link":"https:\/\/iatse.net\/fr\/2024-mid-winter-meeting-of-the-general-executive-board-geb\/","title":{"rendered":"2024 R\u00e9union du Bureau ex\u00e9cutif g\u00e9n\u00e9ral (BEG) au milieu de l'hiver"},"content":{"rendered":"<div data-elementor-type=\"wp-page\" data-elementor-id=\"14747\" class=\"elementor elementor-14747\">\n\t\t\t\t\t\t<section class=\"elementor-section elementor-top-section elementor-element elementor-element-0b85372 elementor-section-boxed elementor-section-height-default elementor-section-height-default\" data-id=\"0b85372\" data-element_type=\"section\">\n\t\t\t\t\t\t<div class=\"elementor-container elementor-column-gap-default\">\n\t\t\t\t\t<div class=\"elementor-column elementor-col-100 elementor-top-column elementor-element elementor-element-b844d5a\" data-id=\"b844d5a\" data-element_type=\"column\">\n\t\t\t<div class=\"elementor-widget-wrap elementor-element-populated\">\n\t\t\t\t\t\t<div class=\"elementor-element elementor-element-7527096 elementor-widget elementor-widget-text-editor\" data-id=\"7527096\" data-element_type=\"widget\" data-widget_type=\"text-editor.default\">\n\t\t\t\t<div class=\"elementor-widget-container\">\n\t\t\t\t\t\t\t<p><span style=\"color: #d80808;font-size: 1rem\">Avis officiel,<\/span><\/p>\n<p><!-- \/wp:paragraph --><\/p>\n<p><!-- wp:paragraph --><\/p>\n<p style=\"line-height: 150%\">Nous vous informons que la r\u00e9union ordinaire de mi-hiver du Conseil ex\u00e9cutif g\u00e9n\u00e9ral se tiendra au Sheraton Grand Nashville Downtown, 623 Union Street, Nashville, TN 37219 \u00e0 9h00 le lundi 22 janvier 2024 et se poursuivra jusqu'au vendredi 26 janvier 2024 inclus.<\/p>\n<p style=\"line-height: 150%\">Toutes les questions \u00e0 soumettre au conseil d'administration doivent \u00eatre pr\u00e9sent\u00e9es au bureau g\u00e9n\u00e9ral au plus tard quinze (15) jours avant la r\u00e9union. Les repr\u00e9sentants des sections locales qui pr\u00e9voient d'assister \u00e0 la r\u00e9union doivent r\u00e9server leur chambre d'h\u00f4tel aupr\u00e8s du Sheraton Grand Nashville Downtown en appelant le 1-615-259-2000. Le prix de la chambre pour l'IATSE est de $229, plus les taxes applicables, pour une occupation simple ou double.<\/p>\n<p style=\"line-height: 150%;text-align: center\"><a href=\"https:\/\/www.marriott.com\/event-reservations\/reservation-link.mi?id=1671574262676&amp;key=GRP&amp;app=resvlink\">R\u00e9servez votre tarif de groupe au Sheraton Grand Nashville Downtown<\/a><\/p>\n<p><!-- \/wp:paragraph --><\/p>\n<p><!-- wp:paragraph --><\/p>\n<p><!-- \/wp:paragraph --><\/p>\n<p><!-- wp:paragraph --><\/p>\n<p>Afin de b\u00e9n\u00e9ficier du tarif pr\u00e9f\u00e9rentiel \u00e9tabli pour notre r\u00e9union, vous devez indiquer votre affiliation \u00e0 l'IATSE.<\/p>\n<p><strong>La date limite de r\u00e9servation est fix\u00e9e au vendredi 29 d\u00e9cembre 2023.<\/strong><\/p>\n<hr \/>\n<h4>Respect des protocoles du COVID :<\/h4>\n<p><!-- \/wp:paragraph --><\/p>\n<p><!-- wp:paragraph --><\/p>\n<p>Les masques seront port\u00e9s \u00e0 la discr\u00e9tion de l'individu. Le Pr\u00e9sident international se r\u00e9serve le droit d'exiger le port obligatoire du masque \u00e0 toutes les r\u00e9unions si les circonstances changent en termes d'augmentation des cas.<\/p>\n<p>La preuve d'un test COVID-19 n\u00e9gatif effectu\u00e9 dans les 24 heures pr\u00e9c\u00e9dant la session du lundi matin et la session du mercredi matin sera exig\u00e9e pour acc\u00e9der \u00e0 la r\u00e9union.\u00a0<\/p>\t\t\t\t\t\t<\/div>\n\t\t\t\t<\/div>\n\t\t\t\t\t<\/div>\n\t\t<\/div>\n\t\t\t\t\t<\/div>\n\t\t<\/section>\n\t\t\t\t<\/div>","protected":false},"excerpt":{"rendered":"<p>Avis officiel, Nous vous informons que la r\u00e9union ordinaire de mi-hiver du Bureau ex\u00e9cutif g\u00e9n\u00e9ral se tiendra au Sheraton Grand Nashville Downtown, 623 Union Street, [...]<\/p>","protected":false},"author":4,"featured_media":14856,"parent":0,"menu_order":0,"comment_status":"closed","ping_status":"closed","template":"","meta":{"_acf_changed":false,"_monsterinsights_skip_tracking":false,"_monsterinsights_sitenote_active":false,"_monsterinsights_sitenote_note":"","_monsterinsights_sitenote_category":0,"footnotes":""},"yoast_head":"<!-- This site is optimized with the Yoast SEO plugin v23.5 - https:\/\/yoast.com\/wordpress\/plugins\/seo\/ -->\n<title>2024 Mid-Winter Meeting of the General Executive Board (GEB) - IATSE, The Union Behind Entertainment<\/title>\n<meta name=\"robots\" content=\"index, follow, max-snippet:-1, max-image-preview:large, max-video-preview:-1\" \/>\n<link rel=\"canonical\" href=\"https:\/\/iatse.net\/fr\/2024-mid-winter-meeting-of-the-general-executive-board-geb\/\" \/>\n<meta property=\"og:locale\" content=\"fr_CA\" \/>\n<meta property=\"og:type\" content=\"article\" \/>\n<meta property=\"og:title\" content=\"2024 Mid-Winter Meeting of the General Executive Board (GEB) - IATSE, The Union Behind Entertainment\" \/>\n<meta property=\"og:description\" content=\"Official Notice, This is to advise that the regular Mid-Winter Meeting of the General Executive Board is scheduled to be held at the Sheraton Grand Nashville Downtown, 623 Union Street, [&hellip;]\" \/>\n<meta property=\"og:url\" content=\"https:\/\/iatse.net\/fr\/2024-mid-winter-meeting-of-the-general-executive-board-geb\/\" \/>\n<meta property=\"og:site_name\" content=\"IATSE\" \/>\n<meta property=\"article:modified_time\" content=\"2023-09-28T16:07:35+00:00\" \/>\n<meta property=\"og:image\" content=\"https:\/\/iatse.net\/wp-content\/uploads\/2023\/09\/Nashville.png\" \/>\n\t<meta property=\"og:image:width\" content=\"940\" \/>\n\t<meta property=\"og:image:height\" content=\"624\" \/>\n\t<meta property=\"og:image:type\" content=\"image\/png\" \/>\n<meta name=\"twitter:card\" content=\"summary_large_image\" \/>\n<meta name=\"twitter:label1\" content=\"Estimation du temps de lecture\" \/>\n\t<meta name=\"twitter:data1\" content=\"1 minute\" \/>\n<script type=\"application\/ld+json\" class=\"yoast-schema-graph\">{\"@context\":\"https:\/\/schema.org\",\"@graph\":[{\"@type\":\"WebPage\",\"@id\":\"https:\/\/iatse.net\/2024-mid-winter-meeting-of-the-general-executive-board-geb\/\",\"url\":\"https:\/\/iatse.net\/2024-mid-winter-meeting-of-the-general-executive-board-geb\/\",\"name\":\"2024 Mid-Winter Meeting of the General Executive Board (GEB) - IATSE, The Union Behind Entertainment\",\"isPartOf\":{\"@id\":\"https:\/\/iatse.net\/#website\"},\"primaryImageOfPage\":{\"@id\":\"https:\/\/iatse.net\/2024-mid-winter-meeting-of-the-general-executive-board-geb\/#primaryimage\"},\"image\":{\"@id\":\"https:\/\/iatse.net\/2024-mid-winter-meeting-of-the-general-executive-board-geb\/#primaryimage\"},\"thumbnailUrl\":\"https:\/\/iatse.net\/wp-content\/uploads\/2023\/09\/Nashville.png\",\"datePublished\":\"2023-09-28T15:56:27+00:00\",\"dateModified\":\"2023-09-28T16:07:35+00:00\",\"breadcrumb\":{\"@id\":\"https:\/\/iatse.net\/2024-mid-winter-meeting-of-the-general-executive-board-geb\/#breadcrumb\"},\"inLanguage\":\"fr-CA\",\"potentialAction\":[{\"@type\":\"ReadAction\",\"target\":[\"https:\/\/iatse.net\/2024-mid-winter-meeting-of-the-general-executive-board-geb\/\"]}]},{\"@type\":\"ImageObject\",\"inLanguage\":\"fr-CA\",\"@id\":\"https:\/\/iatse.net\/2024-mid-winter-meeting-of-the-general-executive-board-geb\/#primaryimage\",\"url\":\"https:\/\/iatse.net\/wp-content\/uploads\/2023\/09\/Nashville.png\",\"contentUrl\":\"https:\/\/iatse.net\/wp-content\/uploads\/2023\/09\/Nashville.png\",\"width\":940,\"height\":624},{\"@type\":\"BreadcrumbList\",\"@id\":\"https:\/\/iatse.net\/2024-mid-winter-meeting-of-the-general-executive-board-geb\/#breadcrumb\",\"itemListElement\":[{\"@type\":\"ListItem\",\"position\":1,\"name\":\"Home\",\"item\":\"https:\/\/iatse.net\/\"},{\"@type\":\"ListItem\",\"position\":2,\"name\":\"2024 Mid-Winter Meeting of the General Executive Board (GEB)\"}]},{\"@type\":\"WebSite\",\"@id\":\"https:\/\/iatse.net\/#website\",\"url\":\"https:\/\/iatse.net\/\",\"name\":\"IATSE\",\"description\":\"The Union Behind Entertainment\",\"publisher\":{\"@id\":\"https:\/\/iatse.net\/#organization\"},\"potentialAction\":[{\"@type\":\"SearchAction\",\"target\":{\"@type\":\"EntryPoint\",\"urlTemplate\":\"https:\/\/iatse.net\/?s={search_term_string}\"},\"query-input\":{\"@type\":\"PropertyValueSpecification\",\"valueRequired\":true,\"valueName\":\"search_term_string\"}}],\"inLanguage\":\"fr-CA\"},{\"@type\":\"Organization\",\"@id\":\"https:\/\/iatse.net\/#organization\",\"name\":\"IATSE\",\"url\":\"https:\/\/iatse.net\/\",\"logo\":{\"@type\":\"ImageObject\",\"inLanguage\":\"fr-CA\",\"@id\":\"https:\/\/iatse.net\/#\/schema\/logo\/image\/\",\"url\":\"https:\/\/iatse.net\/wp-content\/uploads\/2021\/03\/IATSE_Logo_White.png\",\"contentUrl\":\"https:\/\/iatse.net\/wp-content\/uploads\/2021\/03\/IATSE_Logo_White.png\",\"width\":2100,\"height\":1987,\"caption\":\"IATSE\"},\"image\":{\"@id\":\"https:\/\/iatse.net\/#\/schema\/logo\/image\/\"}}]}<\/script>\n<!-- \/ Yoast SEO plugin. -->","yoast_head_json":{"title":"2024 Mid-Winter Meeting of the General Executive Board (GEB) - IATSE, The Union Behind Entertainment","robots":{"index":"index","follow":"follow","max-snippet":"max-snippet:-1","max-image-preview":"max-image-preview:large","max-video-preview":"max-video-preview:-1"},"canonical":"https:\/\/iatse.net\/fr\/2024-mid-winter-meeting-of-the-general-executive-board-geb\/","og_locale":"fr_CA","og_type":"article","og_title":"2024 Mid-Winter Meeting of the General Executive Board (GEB) - IATSE, The Union Behind Entertainment","og_description":"Official Notice, This is to advise that the regular Mid-Winter Meeting of the General Executive Board is scheduled to be held at the Sheraton Grand Nashville Downtown, 623 Union Street, [&hellip;]","og_url":"https:\/\/iatse.net\/fr\/2024-mid-winter-meeting-of-the-general-executive-board-geb\/","og_site_name":"IATSE","article_modified_time":"2023-09-28T16:07:35+00:00","og_image":[{"width":940,"height":624,"url":"https:\/\/iatse.net\/wp-content\/uploads\/2023\/09\/Nashville.png","type":"image\/png"}],"twitter_card":"summary_large_image","twitter_misc":{"Estimation du temps de lecture":"1 minute"},"schema":{"@context":"https:\/\/schema.org","@graph":[{"@type":"WebPage","@id":"https:\/\/iatse.net\/2024-mid-winter-meeting-of-the-general-executive-board-geb\/","url":"https:\/\/iatse.net\/2024-mid-winter-meeting-of-the-general-executive-board-geb\/","name":"2024 Mid-Winter Meeting of the General Executive Board (GEB) - IATSE, The Union Behind Entertainment","isPartOf":{"@id":"https:\/\/iatse.net\/#website"},"primaryImageOfPage":{"@id":"https:\/\/iatse.net\/2024-mid-winter-meeting-of-the-general-executive-board-geb\/#primaryimage"},"image":{"@id":"https:\/\/iatse.net\/2024-mid-winter-meeting-of-the-general-executive-board-geb\/#primaryimage"},"thumbnailUrl":"https:\/\/iatse.net\/wp-content\/uploads\/2023\/09\/Nashville.png","datePublished":"2023-09-28T15:56:27+00:00","dateModified":"2023-09-28T16:07:35+00:00","breadcrumb":{"@id":"https:\/\/iatse.net\/2024-mid-winter-meeting-of-the-general-executive-board-geb\/#breadcrumb"},"inLanguage":"fr-CA","potentialAction":[{"@type":"ReadAction","target":["https:\/\/iatse.net\/2024-mid-winter-meeting-of-the-general-executive-board-geb\/"]}]},{"@type":"ImageObject","inLanguage":"fr-CA","@id":"https:\/\/iatse.net\/2024-mid-winter-meeting-of-the-general-executive-board-geb\/#primaryimage","url":"https:\/\/iatse.net\/wp-content\/uploads\/2023\/09\/Nashville.png","contentUrl":"https:\/\/iatse.net\/wp-content\/uploads\/2023\/09\/Nashville.png","width":940,"height":624},{"@type":"BreadcrumbList","@id":"https:\/\/iatse.net\/2024-mid-winter-meeting-of-the-general-executive-board-geb\/#breadcrumb","itemListElement":[{"@type":"ListItem","position":1,"name":"Home","item":"https:\/\/iatse.net\/"},{"@type":"ListItem","position":2,"name":"2024 Mid-Winter Meeting of the General Executive Board (GEB)"}]},{"@type":"WebSite","@id":"https:\/\/iatse.net\/#website","url":"https:\/\/iatse.net\/","name":"IATSE","description":"The Union Behind Entertainment","publisher":{"@id":"https:\/\/iatse.net\/#organization"},"potentialAction":[{"@type":"SearchAction","target":{"@type":"EntryPoint","urlTemplate":"https:\/\/iatse.net\/?s={search_term_string}"},"query-input":{"@type":"PropertyValueSpecification","valueRequired":true,"valueName":"search_term_string"}}],"inLanguage":"fr-CA"},{"@type":"Organization","@id":"https:\/\/iatse.net\/#organization","name":"IATSE","url":"https:\/\/iatse.net\/","logo":{"@type":"ImageObject","inLanguage":"fr-CA","@id":"https:\/\/iatse.net\/#\/schema\/logo\/image\/","url":"https:\/\/iatse.net\/wp-content\/uploads\/2021\/03\/IATSE_Logo_White.png","contentUrl":"https:\/\/iatse.net\/wp-content\/uploads\/2021\/03\/IATSE_Logo_White.png","width":2100,"height":1987,"caption":"IATSE"},"image":{"@id":"https:\/\/iatse.net\/#\/schema\/logo\/image\/"}}]}},"acf":[],"_links":{"self":[{"href":"https:\/\/iatse.net\/fr\/wp-json\/wp\/v2\/pages\/14747"}],"collection":[{"href":"https:\/\/iatse.net\/fr\/wp-json\/wp\/v2\/pages"}],"about":[{"href":"https:\/\/iatse.net\/fr\/wp-json\/wp\/v2\/types\/page"}],"author":[{"embeddable":true,"href":"https:\/\/iatse.net\/fr\/wp-json\/wp\/v2\/users\/4"}],"replies":[{"embeddable":true,"href":"https:\/\/iatse.net\/fr\/wp-json\/wp\/v2\/comments?post=14747"}],"version-history":[{"count":41,"href":"https:\/\/iatse.net\/fr\/wp-json\/wp\/v2\/pages\/14747\/revisions"}],"predecessor-version":[{"id":14886,"href":"https:\/\/iatse.net\/fr\/wp-json\/wp\/v2\/pages\/14747\/revisions\/14886"}],"wp:featuredmedia":[{"embeddable":true,"href":"https:\/\/iatse.net\/fr\/wp-json\/wp\/v2\/media\/14856"}],"wp:attachment":[{"href":"https:\/\/iatse.net\/fr\/wp-json\/wp\/v2\/media?parent=14747"}],"curies":[{"name":"wp","href":"https:\/\/api.w.org\/{rel}","templated":true}]}}