{"id":13737,"date":"2023-06-02T17:34:16","date_gmt":"2023-06-02T21:34:16","guid":{"rendered":"https:\/\/iatse.net\/?page_id=13737"},"modified":"2023-06-13T16:18:51","modified_gmt":"2023-06-13T20:18:51","slug":"bryant-preston","status":"publish","type":"page","link":"https:\/\/iatse.net\/fr\/2023-member-census\/bryant-preston\/","title":{"rendered":"Bryant Preston"},"content":{"rendered":"<div data-elementor-type=\"wp-page\" data-elementor-id=\"13737\" class=\"elementor elementor-13737\">\n\t\t\t\t\t\t<section class=\"elementor-section elementor-top-section elementor-element elementor-element-72e94cb elementor-section-boxed elementor-section-height-default elementor-section-height-default\" data-id=\"72e94cb\" data-element_type=\"section\">\n\t\t\t\t\t\t<div class=\"elementor-container elementor-column-gap-default\">\n\t\t\t\t\t<div class=\"elementor-column elementor-col-100 elementor-top-column elementor-element elementor-element-2fa80c4\" data-id=\"2fa80c4\" data-element_type=\"column\">\n\t\t\t<div class=\"elementor-widget-wrap elementor-element-populated\">\n\t\t\t\t\t\t<div class=\"elementor-element elementor-element-a9af6be elementor-widget elementor-widget-global elementor-global-726 elementor-widget-heading\" data-id=\"a9af6be\" data-element_type=\"widget\" data-widget_type=\"heading.default\">\n\t\t\t\t<div class=\"elementor-widget-container\">\n\t\t\t<h2 class=\"elementor-heading-title elementor-size-default\">Bryant Preston<\/h2>\t\t<\/div>\n\t\t\t\t<\/div>\n\t\t\t\t<div class=\"elementor-element elementor-element-aba66a5 elementor-widget elementor-widget-theme-post-featured-image elementor-widget-image\" data-id=\"aba66a5\" data-element_type=\"widget\" data-widget_type=\"theme-post-featured-image.default\">\n\t\t\t\t<div class=\"elementor-widget-container\">\n\t\t\t\t\t\t\t\t\t\t\t\t\t<img fetchpriority=\"high\" decoding=\"async\" width=\"800\" height=\"800\" src=\"https:\/\/iatse.net\/wp-content\/uploads\/2023\/06\/BP-headshot-e1685741492338-1024x1024.png\" class=\"attachment-large size-large wp-image-13738\" alt=\"\" srcset=\"https:\/\/iatse.net\/wp-content\/uploads\/2023\/06\/BP-headshot-e1685741492338-1024x1024.png 1024w, https:\/\/iatse.net\/wp-content\/uploads\/2023\/06\/BP-headshot-e1685741492338-300x300.png 300w, https:\/\/iatse.net\/wp-content\/uploads\/2023\/06\/BP-headshot-e1685741492338-150x150.png 150w, https:\/\/iatse.net\/wp-content\/uploads\/2023\/06\/BP-headshot-e1685741492338-768x769.png 768w, https:\/\/iatse.net\/wp-content\/uploads\/2023\/06\/BP-headshot-e1685741492338-12x12.png 12w, https:\/\/iatse.net\/wp-content\/uploads\/2023\/06\/elementor\/thumbs\/BP-headshot-e1685741492338-q7e0j63kuji4wmffz4riulx2io5b6pyu5hhht4fjig.png 500w, https:\/\/iatse.net\/wp-content\/uploads\/2023\/06\/BP-headshot-e1685741492338.png 1125w\" sizes=\"(max-width: 800px) 100vw, 800px\" \/>\t\t\t\t\t\t\t\t\t\t\t\t\t<\/div>\n\t\t\t\t<\/div>\n\t\t\t\t<div class=\"elementor-element elementor-element-7ef226c6 elementor-widget elementor-widget-text-editor\" data-id=\"7ef226c6\" data-element_type=\"widget\" data-widget_type=\"text-editor.default\">\n\t\t\t\t<div class=\"elementor-widget-container\">\n\t\t\t\t\t\t\t<!-- wp:paragraph -->\n<p>Bryant Preston est repr\u00e9sentant international dans le d\u00e9partement des salons et pr\u00e9sident de la section locale 7.  Il est \u00e9galement pr\u00e9sident de l'AFL-CIO du Colorado, secr\u00e9taire du district 5 et pr\u00e9sident du sous-comit\u00e9 de l'\u00e9ducation du comit\u00e9 de la diversit\u00e9, de l'\u00e9quit\u00e9 et de l'inclusion de l'IATSE.  N\u00e9 et \u00e9lev\u00e9 dans le Colorado, il est machiniste pour l'IATSE depuis 2004 et travaille dans tous les domaines, y compris le cin\u00e9ma, la sc\u00e8ne et les salons.<\/p>\n<!-- \/wp:paragraph --><!-- wp:paragraph -->\n<p><strong><a href=\"https:\/\/iatse.net\/fr\/2023-member-census\/\"><span style=\"text-decoration: underline;\">\u2190 Cliquez ici pour retourner \u00e0 la bo\u00eete \u00e0 outils du recensement des membres 2023<\/span><\/a><\/strong><\/p>\n<!-- \/wp:paragraph -->\t\t\t\t\t\t<\/div>\n\t\t\t\t<\/div>\n\t\t\t\t\t<\/div>\n\t\t<\/div>\n\t\t\t\t\t<\/div>\n\t\t<\/section>\n\t\t\t\t<\/div>","protected":false},"excerpt":{"rendered":"<p>Bryant Preston est repr\u00e9sentant international dans le d\u00e9partement des salons et pr\u00e9sident de la section locale 7.  Il est \u00e9galement pr\u00e9sident de l'AFL-CIO du Colorado, secr\u00e9taire du district 5 et pr\u00e9sident de [...]<\/p>","protected":false},"author":4,"featured_media":13738,"parent":13370,"menu_order":0,"comment_status":"closed","ping_status":"closed","template":"elementor_header_footer","meta":{"_acf_changed":false,"_monsterinsights_skip_tracking":false,"_monsterinsights_sitenote_active":false,"_monsterinsights_sitenote_note":"","_monsterinsights_sitenote_category":0,"footnotes":""},"yoast_head":"<!-- This site is optimized with the Yoast SEO plugin v23.5 - https:\/\/yoast.com\/wordpress\/plugins\/seo\/ -->\n<title>Bryant Preston - IATSE, The Union Behind Entertainment<\/title>\n<meta name=\"robots\" content=\"index, follow, max-snippet:-1, max-image-preview:large, max-video-preview:-1\" \/>\n<link rel=\"canonical\" href=\"https:\/\/iatse.net\/fr\/2023-member-census\/bryant-preston\/\" \/>\n<meta property=\"og:locale\" content=\"fr_CA\" \/>\n<meta property=\"og:type\" content=\"article\" \/>\n<meta property=\"og:title\" content=\"Bryant Preston - IATSE, The Union Behind Entertainment\" \/>\n<meta property=\"og:description\" content=\"Bryant Preston is an International Representative in the Tradeshow department, and President of Local 7.\u00a0 He also serves as President of the Colorado AFL-CIO, District 5 Secretary, and chair of [&hellip;]\" \/>\n<meta property=\"og:url\" content=\"https:\/\/iatse.net\/fr\/2023-member-census\/bryant-preston\/\" \/>\n<meta property=\"og:site_name\" content=\"IATSE\" \/>\n<meta property=\"article:modified_time\" content=\"2023-06-13T20:18:51+00:00\" \/>\n<meta property=\"og:image\" content=\"https:\/\/iatse.net\/wp-content\/uploads\/2023\/06\/BP-headshot-e1685741492338-1024x1024.png\" \/>\n\t<meta property=\"og:image:width\" content=\"1024\" \/>\n\t<meta property=\"og:image:height\" content=\"1024\" \/>\n\t<meta property=\"og:image:type\" content=\"image\/png\" \/>\n<meta name=\"twitter:card\" content=\"summary_large_image\" \/>\n<meta name=\"twitter:label1\" content=\"Estimation du temps de lecture\" \/>\n\t<meta name=\"twitter:data1\" content=\"1 minute\" \/>\n<script type=\"application\/ld+json\" class=\"yoast-schema-graph\">{\"@context\":\"https:\/\/schema.org\",\"@graph\":[{\"@type\":\"WebPage\",\"@id\":\"https:\/\/iatse.net\/2023-member-census\/bryant-preston\/\",\"url\":\"https:\/\/iatse.net\/2023-member-census\/bryant-preston\/\",\"name\":\"Bryant Preston - IATSE, The Union Behind Entertainment\",\"isPartOf\":{\"@id\":\"https:\/\/iatse.net\/#website\"},\"primaryImageOfPage\":{\"@id\":\"https:\/\/iatse.net\/2023-member-census\/bryant-preston\/#primaryimage\"},\"image\":{\"@id\":\"https:\/\/iatse.net\/2023-member-census\/bryant-preston\/#primaryimage\"},\"thumbnailUrl\":\"https:\/\/iatse.net\/wp-content\/uploads\/2023\/06\/BP-headshot-e1685741492338.png\",\"datePublished\":\"2023-06-02T21:34:16+00:00\",\"dateModified\":\"2023-06-13T20:18:51+00:00\",\"breadcrumb\":{\"@id\":\"https:\/\/iatse.net\/2023-member-census\/bryant-preston\/#breadcrumb\"},\"inLanguage\":\"fr-CA\",\"potentialAction\":[{\"@type\":\"ReadAction\",\"target\":[\"https:\/\/iatse.net\/2023-member-census\/bryant-preston\/\"]}]},{\"@type\":\"ImageObject\",\"inLanguage\":\"fr-CA\",\"@id\":\"https:\/\/iatse.net\/2023-member-census\/bryant-preston\/#primaryimage\",\"url\":\"https:\/\/iatse.net\/wp-content\/uploads\/2023\/06\/BP-headshot-e1685741492338.png\",\"contentUrl\":\"https:\/\/iatse.net\/wp-content\/uploads\/2023\/06\/BP-headshot-e1685741492338.png\",\"width\":1125,\"height\":1126},{\"@type\":\"BreadcrumbList\",\"@id\":\"https:\/\/iatse.net\/2023-member-census\/bryant-preston\/#breadcrumb\",\"itemListElement\":[{\"@type\":\"ListItem\",\"position\":1,\"name\":\"Home\",\"item\":\"https:\/\/iatse.net\/\"},{\"@type\":\"ListItem\",\"position\":2,\"name\":\"2023 Member Census Toolkit\",\"item\":\"https:\/\/iatse.net\/2023-member-census\/\"},{\"@type\":\"ListItem\",\"position\":3,\"name\":\"Bryant Preston\"}]},{\"@type\":\"WebSite\",\"@id\":\"https:\/\/iatse.net\/#website\",\"url\":\"https:\/\/iatse.net\/\",\"name\":\"IATSE\",\"description\":\"The Union Behind Entertainment\",\"publisher\":{\"@id\":\"https:\/\/iatse.net\/#organization\"},\"potentialAction\":[{\"@type\":\"SearchAction\",\"target\":{\"@type\":\"EntryPoint\",\"urlTemplate\":\"https:\/\/iatse.net\/?s={search_term_string}\"},\"query-input\":{\"@type\":\"PropertyValueSpecification\",\"valueRequired\":true,\"valueName\":\"search_term_string\"}}],\"inLanguage\":\"fr-CA\"},{\"@type\":\"Organization\",\"@id\":\"https:\/\/iatse.net\/#organization\",\"name\":\"IATSE\",\"url\":\"https:\/\/iatse.net\/\",\"logo\":{\"@type\":\"ImageObject\",\"inLanguage\":\"fr-CA\",\"@id\":\"https:\/\/iatse.net\/#\/schema\/logo\/image\/\",\"url\":\"https:\/\/iatse.net\/wp-content\/uploads\/2021\/03\/IATSE_Logo_White.png\",\"contentUrl\":\"https:\/\/iatse.net\/wp-content\/uploads\/2021\/03\/IATSE_Logo_White.png\",\"width\":2100,\"height\":1987,\"caption\":\"IATSE\"},\"image\":{\"@id\":\"https:\/\/iatse.net\/#\/schema\/logo\/image\/\"}}]}<\/script>\n<!-- \/ Yoast SEO plugin. -->","yoast_head_json":{"title":"Bryant Preston - IATSE, The Union Behind Entertainment","robots":{"index":"index","follow":"follow","max-snippet":"max-snippet:-1","max-image-preview":"max-image-preview:large","max-video-preview":"max-video-preview:-1"},"canonical":"https:\/\/iatse.net\/fr\/2023-member-census\/bryant-preston\/","og_locale":"fr_CA","og_type":"article","og_title":"Bryant Preston - IATSE, The Union Behind Entertainment","og_description":"Bryant Preston is an International Representative in the Tradeshow department, and President of Local 7.\u00a0 He also serves as President of the Colorado AFL-CIO, District 5 Secretary, and chair of [&hellip;]","og_url":"https:\/\/iatse.net\/fr\/2023-member-census\/bryant-preston\/","og_site_name":"IATSE","article_modified_time":"2023-06-13T20:18:51+00:00","og_image":[{"width":1024,"height":1024,"url":"https:\/\/iatse.net\/wp-content\/uploads\/2023\/06\/BP-headshot-e1685741492338-1024x1024.png","type":"image\/png"}],"twitter_card":"summary_large_image","twitter_misc":{"Estimation du temps de lecture":"1 minute"},"schema":{"@context":"https:\/\/schema.org","@graph":[{"@type":"WebPage","@id":"https:\/\/iatse.net\/2023-member-census\/bryant-preston\/","url":"https:\/\/iatse.net\/2023-member-census\/bryant-preston\/","name":"Bryant Preston - IATSE, The Union Behind Entertainment","isPartOf":{"@id":"https:\/\/iatse.net\/#website"},"primaryImageOfPage":{"@id":"https:\/\/iatse.net\/2023-member-census\/bryant-preston\/#primaryimage"},"image":{"@id":"https:\/\/iatse.net\/2023-member-census\/bryant-preston\/#primaryimage"},"thumbnailUrl":"https:\/\/iatse.net\/wp-content\/uploads\/2023\/06\/BP-headshot-e1685741492338.png","datePublished":"2023-06-02T21:34:16+00:00","dateModified":"2023-06-13T20:18:51+00:00","breadcrumb":{"@id":"https:\/\/iatse.net\/2023-member-census\/bryant-preston\/#breadcrumb"},"inLanguage":"fr-CA","potentialAction":[{"@type":"ReadAction","target":["https:\/\/iatse.net\/2023-member-census\/bryant-preston\/"]}]},{"@type":"ImageObject","inLanguage":"fr-CA","@id":"https:\/\/iatse.net\/2023-member-census\/bryant-preston\/#primaryimage","url":"https:\/\/iatse.net\/wp-content\/uploads\/2023\/06\/BP-headshot-e1685741492338.png","contentUrl":"https:\/\/iatse.net\/wp-content\/uploads\/2023\/06\/BP-headshot-e1685741492338.png","width":1125,"height":1126},{"@type":"BreadcrumbList","@id":"https:\/\/iatse.net\/2023-member-census\/bryant-preston\/#breadcrumb","itemListElement":[{"@type":"ListItem","position":1,"name":"Home","item":"https:\/\/iatse.net\/"},{"@type":"ListItem","position":2,"name":"2023 Member Census Toolkit","item":"https:\/\/iatse.net\/2023-member-census\/"},{"@type":"ListItem","position":3,"name":"Bryant Preston"}]},{"@type":"WebSite","@id":"https:\/\/iatse.net\/#website","url":"https:\/\/iatse.net\/","name":"IATSE","description":"The Union Behind Entertainment","publisher":{"@id":"https:\/\/iatse.net\/#organization"},"potentialAction":[{"@type":"SearchAction","target":{"@type":"EntryPoint","urlTemplate":"https:\/\/iatse.net\/?s={search_term_string}"},"query-input":{"@type":"PropertyValueSpecification","valueRequired":true,"valueName":"search_term_string"}}],"inLanguage":"fr-CA"},{"@type":"Organization","@id":"https:\/\/iatse.net\/#organization","name":"IATSE","url":"https:\/\/iatse.net\/","logo":{"@type":"ImageObject","inLanguage":"fr-CA","@id":"https:\/\/iatse.net\/#\/schema\/logo\/image\/","url":"https:\/\/iatse.net\/wp-content\/uploads\/2021\/03\/IATSE_Logo_White.png","contentUrl":"https:\/\/iatse.net\/wp-content\/uploads\/2021\/03\/IATSE_Logo_White.png","width":2100,"height":1987,"caption":"IATSE"},"image":{"@id":"https:\/\/iatse.net\/#\/schema\/logo\/image\/"}}]}},"acf":[],"_links":{"self":[{"href":"https:\/\/iatse.net\/fr\/wp-json\/wp\/v2\/pages\/13737"}],"collection":[{"href":"https:\/\/iatse.net\/fr\/wp-json\/wp\/v2\/pages"}],"about":[{"href":"https:\/\/iatse.net\/fr\/wp-json\/wp\/v2\/types\/page"}],"author":[{"embeddable":true,"href":"https:\/\/iatse.net\/fr\/wp-json\/wp\/v2\/users\/4"}],"replies":[{"embeddable":true,"href":"https:\/\/iatse.net\/fr\/wp-json\/wp\/v2\/comments?post=13737"}],"version-history":[{"count":5,"href":"https:\/\/iatse.net\/fr\/wp-json\/wp\/v2\/pages\/13737\/revisions"}],"predecessor-version":[{"id":14010,"href":"https:\/\/iatse.net\/fr\/wp-json\/wp\/v2\/pages\/13737\/revisions\/14010"}],"up":[{"embeddable":true,"href":"https:\/\/iatse.net\/fr\/wp-json\/wp\/v2\/pages\/13370"}],"wp:featuredmedia":[{"embeddable":true,"href":"https:\/\/iatse.net\/fr\/wp-json\/wp\/v2\/media\/13738"}],"wp:attachment":[{"href":"https:\/\/iatse.net\/fr\/wp-json\/wp\/v2\/media?parent=13737"}],"curies":[{"name":"wp","href":"https:\/\/api.w.org\/{rel}","templated":true}]}}