{"id":13671,"date":"2023-05-26T13:36:00","date_gmt":"2023-05-26T17:36:00","guid":{"rendered":"https:\/\/iatse.net\/?page_id=13671"},"modified":"2023-06-13T16:23:49","modified_gmt":"2023-06-13T20:23:49","slug":"david-calhoun","status":"publish","type":"page","link":"https:\/\/iatse.net\/fr\/2023-member-census\/david-calhoun\/","title":{"rendered":"David Calhoun"},"content":{"rendered":"<div data-elementor-type=\"wp-page\" data-elementor-id=\"13671\" class=\"elementor elementor-13671\">\n\t\t\t\t\t\t<section class=\"elementor-section elementor-top-section elementor-element elementor-element-9d3d3a9 elementor-section-boxed elementor-section-height-default elementor-section-height-default\" data-id=\"9d3d3a9\" data-element_type=\"section\">\n\t\t\t\t\t\t<div class=\"elementor-container elementor-column-gap-default\">\n\t\t\t\t\t<div class=\"elementor-column elementor-col-100 elementor-top-column elementor-element elementor-element-cb215bf\" data-id=\"cb215bf\" data-element_type=\"column\">\n\t\t\t<div class=\"elementor-widget-wrap elementor-element-populated\">\n\t\t\t\t\t\t<div class=\"elementor-element elementor-element-dfd6cb1 elementor-widget elementor-widget-global elementor-global-726 elementor-widget-heading\" data-id=\"dfd6cb1\" data-element_type=\"widget\" data-widget_type=\"heading.default\">\n\t\t\t\t<div class=\"elementor-widget-container\">\n\t\t\t<h2 class=\"elementor-heading-title elementor-size-default\">David Calhoun<\/h2>\t\t<\/div>\n\t\t\t\t<\/div>\n\t\t\t\t<div class=\"elementor-element elementor-element-7069eec elementor-widget elementor-widget-theme-post-featured-image elementor-widget-image\" data-id=\"7069eec\" data-element_type=\"widget\" data-widget_type=\"theme-post-featured-image.default\">\n\t\t\t\t<div class=\"elementor-widget-container\">\n\t\t\t\t\t\t\t\t\t\t\t\t\t<img fetchpriority=\"high\" decoding=\"async\" width=\"260\" height=\"444\" src=\"https:\/\/iatse.net\/wp-content\/uploads\/2023\/05\/David-Calhoun.png\" class=\"attachment-large size-large wp-image-13672\" alt=\"\" srcset=\"https:\/\/iatse.net\/wp-content\/uploads\/2023\/05\/David-Calhoun.png 260w, https:\/\/iatse.net\/wp-content\/uploads\/2023\/05\/David-Calhoun-176x300.png 176w, https:\/\/iatse.net\/wp-content\/uploads\/2023\/05\/David-Calhoun-7x12.png 7w\" sizes=\"(max-width: 260px) 100vw, 260px\" \/>\t\t\t\t\t\t\t\t\t\t\t\t\t<\/div>\n\t\t\t\t<\/div>\n\t\t\t\t<div class=\"elementor-element elementor-element-47286380 elementor-widget elementor-widget-text-editor\" data-id=\"47286380\" data-element_type=\"widget\" data-widget_type=\"text-editor.default\">\n\t\t\t\t<div class=\"elementor-widget-container\">\n\t\t\t\t\t\t\t<!-- wp:paragraph -->\n<p>Fier membre de l'ATPAM, section locale 18032 de l'IATSE, je suis pr\u00e9sident du chapitre des managers au sein du conseil d'administration de l'ATPAM et copr\u00e9sident de notre comit\u00e9 DEI.  Je suis actuellement directeur du Nederlander Theatre \u00e0 Broadway.  J'ai grandi \u00e0 D\u00e9troit, dans une famille de syndicalistes. Mon p\u00e8re travaillait pour Chrysler et \u00e9tait d\u00e9l\u00e9gu\u00e9 syndical de l'UAW \u00e0 l'usine de Jefferson.  Ma m\u00e8re travaillait dans un entrep\u00f4t pour un grand magasin, \u00e9tait d\u00e9l\u00e9gu\u00e9e syndicale pour les Teamster et faisait partie de leur \u00e9quipe de n\u00e9gociation.<\/p>\n<p><span style=\"text-decoration: underline;\"><strong><a href=\"https:\/\/iatse.net\/fr\/2023-member-census\/\">Cliquez ici pour retourner \u00e0 la bo\u00eete \u00e0 outils du recensement des membres 2023<\/a><\/strong><\/span><\/p>\n<!-- \/wp:paragraph -->\t\t\t\t\t\t<\/div>\n\t\t\t\t<\/div>\n\t\t\t\t\t<\/div>\n\t\t<\/div>\n\t\t\t\t\t<\/div>\n\t\t<\/section>\n\t\t\t\t<\/div>","protected":false},"excerpt":{"rendered":"<p>Fier membre de l'ATPAM, section locale 18032 de l'IATSE, je suis pr\u00e9sident du chapitre des managers au sein du conseil d'administration de l'ATPAM et copr\u00e9sident de notre comit\u00e9 DEI.  Je suis actuellement [...]<\/p>","protected":false},"author":4,"featured_media":13672,"parent":13370,"menu_order":0,"comment_status":"closed","ping_status":"closed","template":"elementor_header_footer","meta":{"_acf_changed":false,"_monsterinsights_skip_tracking":false,"_monsterinsights_sitenote_active":false,"_monsterinsights_sitenote_note":"","_monsterinsights_sitenote_category":0,"footnotes":""},"yoast_head":"<!-- This site is optimized with the Yoast SEO plugin v23.5 - https:\/\/yoast.com\/wordpress\/plugins\/seo\/ -->\n<title>David Calhoun - IATSE, The Union Behind Entertainment<\/title>\n<meta name=\"robots\" content=\"index, follow, max-snippet:-1, max-image-preview:large, max-video-preview:-1\" \/>\n<link rel=\"canonical\" href=\"https:\/\/iatse.net\/fr\/2023-member-census\/david-calhoun\/\" \/>\n<meta property=\"og:locale\" content=\"fr_CA\" \/>\n<meta property=\"og:type\" content=\"article\" \/>\n<meta property=\"og:title\" content=\"David Calhoun - IATSE, The Union Behind Entertainment\" \/>\n<meta property=\"og:description\" content=\"A proud member of ATPAM, IATSE Local 18032, I&#8217;m the Chair of the Manager&#8217;s Chapter on ATPAM&#8217;s Board of Governors and Co-Chair of our DEI Committee.\u00a0 I&#8217;m currently the House [&hellip;]\" \/>\n<meta property=\"og:url\" content=\"https:\/\/iatse.net\/fr\/2023-member-census\/david-calhoun\/\" \/>\n<meta property=\"og:site_name\" content=\"IATSE\" \/>\n<meta property=\"article:modified_time\" content=\"2023-06-13T20:23:49+00:00\" \/>\n<meta property=\"og:image\" content=\"https:\/\/iatse.net\/wp-content\/uploads\/2023\/05\/David-Calhoun.png\" \/>\n\t<meta property=\"og:image:width\" content=\"260\" \/>\n\t<meta property=\"og:image:height\" content=\"444\" \/>\n\t<meta property=\"og:image:type\" content=\"image\/png\" \/>\n<meta name=\"twitter:card\" content=\"summary_large_image\" \/>\n<meta name=\"twitter:label1\" content=\"Estimation du temps de lecture\" \/>\n\t<meta name=\"twitter:data1\" content=\"1 minute\" \/>\n<script type=\"application\/ld+json\" class=\"yoast-schema-graph\">{\"@context\":\"https:\/\/schema.org\",\"@graph\":[{\"@type\":\"WebPage\",\"@id\":\"https:\/\/iatse.net\/2023-member-census\/david-calhoun\/\",\"url\":\"https:\/\/iatse.net\/2023-member-census\/david-calhoun\/\",\"name\":\"David Calhoun - IATSE, The Union Behind Entertainment\",\"isPartOf\":{\"@id\":\"https:\/\/iatse.net\/#website\"},\"primaryImageOfPage\":{\"@id\":\"https:\/\/iatse.net\/2023-member-census\/david-calhoun\/#primaryimage\"},\"image\":{\"@id\":\"https:\/\/iatse.net\/2023-member-census\/david-calhoun\/#primaryimage\"},\"thumbnailUrl\":\"https:\/\/iatse.net\/wp-content\/uploads\/2023\/05\/David-Calhoun.png\",\"datePublished\":\"2023-05-26T17:36:00+00:00\",\"dateModified\":\"2023-06-13T20:23:49+00:00\",\"breadcrumb\":{\"@id\":\"https:\/\/iatse.net\/2023-member-census\/david-calhoun\/#breadcrumb\"},\"inLanguage\":\"fr-CA\",\"potentialAction\":[{\"@type\":\"ReadAction\",\"target\":[\"https:\/\/iatse.net\/2023-member-census\/david-calhoun\/\"]}]},{\"@type\":\"ImageObject\",\"inLanguage\":\"fr-CA\",\"@id\":\"https:\/\/iatse.net\/2023-member-census\/david-calhoun\/#primaryimage\",\"url\":\"https:\/\/iatse.net\/wp-content\/uploads\/2023\/05\/David-Calhoun.png\",\"contentUrl\":\"https:\/\/iatse.net\/wp-content\/uploads\/2023\/05\/David-Calhoun.png\",\"width\":260,\"height\":444},{\"@type\":\"BreadcrumbList\",\"@id\":\"https:\/\/iatse.net\/2023-member-census\/david-calhoun\/#breadcrumb\",\"itemListElement\":[{\"@type\":\"ListItem\",\"position\":1,\"name\":\"Home\",\"item\":\"https:\/\/iatse.net\/\"},{\"@type\":\"ListItem\",\"position\":2,\"name\":\"2023 Member Census Toolkit\",\"item\":\"https:\/\/iatse.net\/2023-member-census\/\"},{\"@type\":\"ListItem\",\"position\":3,\"name\":\"David Calhoun\"}]},{\"@type\":\"WebSite\",\"@id\":\"https:\/\/iatse.net\/#website\",\"url\":\"https:\/\/iatse.net\/\",\"name\":\"IATSE\",\"description\":\"The Union Behind Entertainment\",\"publisher\":{\"@id\":\"https:\/\/iatse.net\/#organization\"},\"potentialAction\":[{\"@type\":\"SearchAction\",\"target\":{\"@type\":\"EntryPoint\",\"urlTemplate\":\"https:\/\/iatse.net\/?s={search_term_string}\"},\"query-input\":{\"@type\":\"PropertyValueSpecification\",\"valueRequired\":true,\"valueName\":\"search_term_string\"}}],\"inLanguage\":\"fr-CA\"},{\"@type\":\"Organization\",\"@id\":\"https:\/\/iatse.net\/#organization\",\"name\":\"IATSE\",\"url\":\"https:\/\/iatse.net\/\",\"logo\":{\"@type\":\"ImageObject\",\"inLanguage\":\"fr-CA\",\"@id\":\"https:\/\/iatse.net\/#\/schema\/logo\/image\/\",\"url\":\"https:\/\/iatse.net\/wp-content\/uploads\/2021\/03\/IATSE_Logo_White.png\",\"contentUrl\":\"https:\/\/iatse.net\/wp-content\/uploads\/2021\/03\/IATSE_Logo_White.png\",\"width\":2100,\"height\":1987,\"caption\":\"IATSE\"},\"image\":{\"@id\":\"https:\/\/iatse.net\/#\/schema\/logo\/image\/\"}}]}<\/script>\n<!-- \/ Yoast SEO plugin. -->","yoast_head_json":{"title":"David Calhoun - IATSE, The Union Behind Entertainment","robots":{"index":"index","follow":"follow","max-snippet":"max-snippet:-1","max-image-preview":"max-image-preview:large","max-video-preview":"max-video-preview:-1"},"canonical":"https:\/\/iatse.net\/fr\/2023-member-census\/david-calhoun\/","og_locale":"fr_CA","og_type":"article","og_title":"David Calhoun - IATSE, The Union Behind Entertainment","og_description":"A proud member of ATPAM, IATSE Local 18032, I&#8217;m the Chair of the Manager&#8217;s Chapter on ATPAM&#8217;s Board of Governors and Co-Chair of our DEI Committee.\u00a0 I&#8217;m currently the House [&hellip;]","og_url":"https:\/\/iatse.net\/fr\/2023-member-census\/david-calhoun\/","og_site_name":"IATSE","article_modified_time":"2023-06-13T20:23:49+00:00","og_image":[{"width":260,"height":444,"url":"https:\/\/iatse.net\/wp-content\/uploads\/2023\/05\/David-Calhoun.png","type":"image\/png"}],"twitter_card":"summary_large_image","twitter_misc":{"Estimation du temps de lecture":"1 minute"},"schema":{"@context":"https:\/\/schema.org","@graph":[{"@type":"WebPage","@id":"https:\/\/iatse.net\/2023-member-census\/david-calhoun\/","url":"https:\/\/iatse.net\/2023-member-census\/david-calhoun\/","name":"David Calhoun - IATSE, The Union Behind Entertainment","isPartOf":{"@id":"https:\/\/iatse.net\/#website"},"primaryImageOfPage":{"@id":"https:\/\/iatse.net\/2023-member-census\/david-calhoun\/#primaryimage"},"image":{"@id":"https:\/\/iatse.net\/2023-member-census\/david-calhoun\/#primaryimage"},"thumbnailUrl":"https:\/\/iatse.net\/wp-content\/uploads\/2023\/05\/David-Calhoun.png","datePublished":"2023-05-26T17:36:00+00:00","dateModified":"2023-06-13T20:23:49+00:00","breadcrumb":{"@id":"https:\/\/iatse.net\/2023-member-census\/david-calhoun\/#breadcrumb"},"inLanguage":"fr-CA","potentialAction":[{"@type":"ReadAction","target":["https:\/\/iatse.net\/2023-member-census\/david-calhoun\/"]}]},{"@type":"ImageObject","inLanguage":"fr-CA","@id":"https:\/\/iatse.net\/2023-member-census\/david-calhoun\/#primaryimage","url":"https:\/\/iatse.net\/wp-content\/uploads\/2023\/05\/David-Calhoun.png","contentUrl":"https:\/\/iatse.net\/wp-content\/uploads\/2023\/05\/David-Calhoun.png","width":260,"height":444},{"@type":"BreadcrumbList","@id":"https:\/\/iatse.net\/2023-member-census\/david-calhoun\/#breadcrumb","itemListElement":[{"@type":"ListItem","position":1,"name":"Home","item":"https:\/\/iatse.net\/"},{"@type":"ListItem","position":2,"name":"2023 Member Census Toolkit","item":"https:\/\/iatse.net\/2023-member-census\/"},{"@type":"ListItem","position":3,"name":"David Calhoun"}]},{"@type":"WebSite","@id":"https:\/\/iatse.net\/#website","url":"https:\/\/iatse.net\/","name":"IATSE","description":"The Union Behind Entertainment","publisher":{"@id":"https:\/\/iatse.net\/#organization"},"potentialAction":[{"@type":"SearchAction","target":{"@type":"EntryPoint","urlTemplate":"https:\/\/iatse.net\/?s={search_term_string}"},"query-input":{"@type":"PropertyValueSpecification","valueRequired":true,"valueName":"search_term_string"}}],"inLanguage":"fr-CA"},{"@type":"Organization","@id":"https:\/\/iatse.net\/#organization","name":"IATSE","url":"https:\/\/iatse.net\/","logo":{"@type":"ImageObject","inLanguage":"fr-CA","@id":"https:\/\/iatse.net\/#\/schema\/logo\/image\/","url":"https:\/\/iatse.net\/wp-content\/uploads\/2021\/03\/IATSE_Logo_White.png","contentUrl":"https:\/\/iatse.net\/wp-content\/uploads\/2021\/03\/IATSE_Logo_White.png","width":2100,"height":1987,"caption":"IATSE"},"image":{"@id":"https:\/\/iatse.net\/#\/schema\/logo\/image\/"}}]}},"acf":[],"_links":{"self":[{"href":"https:\/\/iatse.net\/fr\/wp-json\/wp\/v2\/pages\/13671"}],"collection":[{"href":"https:\/\/iatse.net\/fr\/wp-json\/wp\/v2\/pages"}],"about":[{"href":"https:\/\/iatse.net\/fr\/wp-json\/wp\/v2\/types\/page"}],"author":[{"embeddable":true,"href":"https:\/\/iatse.net\/fr\/wp-json\/wp\/v2\/users\/4"}],"replies":[{"embeddable":true,"href":"https:\/\/iatse.net\/fr\/wp-json\/wp\/v2\/comments?post=13671"}],"version-history":[{"count":4,"href":"https:\/\/iatse.net\/fr\/wp-json\/wp\/v2\/pages\/13671\/revisions"}],"predecessor-version":[{"id":14022,"href":"https:\/\/iatse.net\/fr\/wp-json\/wp\/v2\/pages\/13671\/revisions\/14022"}],"up":[{"embeddable":true,"href":"https:\/\/iatse.net\/fr\/wp-json\/wp\/v2\/pages\/13370"}],"wp:featuredmedia":[{"embeddable":true,"href":"https:\/\/iatse.net\/fr\/wp-json\/wp\/v2\/media\/13672"}],"wp:attachment":[{"href":"https:\/\/iatse.net\/fr\/wp-json\/wp\/v2\/media?parent=13671"}],"curies":[{"name":"wp","href":"https:\/\/api.w.org\/{rel}","templated":true}]}}