{"id":13652,"date":"2023-05-26T13:27:53","date_gmt":"2023-05-26T17:27:53","guid":{"rendered":"https:\/\/iatse.net\/?page_id=13652"},"modified":"2023-06-13T16:25:21","modified_gmt":"2023-06-13T20:25:21","slug":"patrice-andrew-davidson","status":"publish","type":"page","link":"https:\/\/iatse.net\/fr\/2023-member-census\/patrice-andrew-davidson\/","title":{"rendered":"Patrice Andrew Davidson"},"content":{"rendered":"<div data-elementor-type=\"wp-page\" data-elementor-id=\"13652\" class=\"elementor elementor-13652\">\n\t\t\t\t\t\t<section class=\"elementor-section elementor-top-section elementor-element elementor-element-44ce762 elementor-section-boxed elementor-section-height-default elementor-section-height-default\" data-id=\"44ce762\" data-element_type=\"section\">\n\t\t\t\t\t\t<div class=\"elementor-container elementor-column-gap-default\">\n\t\t\t\t\t<div class=\"elementor-column elementor-col-100 elementor-top-column elementor-element elementor-element-0f7d4e3\" data-id=\"0f7d4e3\" data-element_type=\"column\">\n\t\t\t<div class=\"elementor-widget-wrap elementor-element-populated\">\n\t\t\t\t\t\t<div class=\"elementor-element elementor-element-18763ca elementor-widget elementor-widget-global elementor-global-726 elementor-widget-heading\" data-id=\"18763ca\" data-element_type=\"widget\" data-widget_type=\"heading.default\">\n\t\t\t\t<div class=\"elementor-widget-container\">\n\t\t\t<h2 class=\"elementor-heading-title elementor-size-default\">Patrice Andrew Davidson<\/h2>\t\t<\/div>\n\t\t\t\t<\/div>\n\t\t\t\t<div class=\"elementor-element elementor-element-f67aefc elementor-widget elementor-widget-theme-post-featured-image elementor-widget-image\" data-id=\"f67aefc\" data-element_type=\"widget\" data-widget_type=\"theme-post-featured-image.default\">\n\t\t\t\t<div class=\"elementor-widget-container\">\n\t\t\t\t\t\t\t\t\t\t\t\t\t<img fetchpriority=\"high\" decoding=\"async\" width=\"800\" height=\"1021\" src=\"https:\/\/iatse.net\/wp-content\/uploads\/2023\/05\/Patrice-Davidson-802x1024.jpg\" class=\"attachment-large size-large wp-image-13653\" alt=\"\" srcset=\"https:\/\/iatse.net\/wp-content\/uploads\/2023\/05\/Patrice-Davidson-802x1024.jpg 802w, https:\/\/iatse.net\/wp-content\/uploads\/2023\/05\/Patrice-Davidson-235x300.jpg 235w, https:\/\/iatse.net\/wp-content\/uploads\/2023\/05\/Patrice-Davidson-768x981.jpg 768w, https:\/\/iatse.net\/wp-content\/uploads\/2023\/05\/Patrice-Davidson-9x12.jpg 9w, https:\/\/iatse.net\/wp-content\/uploads\/2023\/05\/Patrice-Davidson.jpg 941w\" sizes=\"(max-width: 800px) 100vw, 800px\" \/>\t\t\t\t\t\t\t\t\t\t\t\t\t<\/div>\n\t\t\t\t<\/div>\n\t\t\t\t<div class=\"elementor-element elementor-element-347757f elementor-widget elementor-widget-text-editor\" data-id=\"347757f\" data-element_type=\"widget\" data-widget_type=\"text-editor.default\">\n\t\t\t\t<div class=\"elementor-widget-container\">\n\t\t\t\t\t\t\t<!-- wp:paragraph -->\n<p>Patrice est sc\u00e9nographe, membre de Locals One et membre de USA829. Davidson travaille dans les secteurs du cin\u00e9ma, du spectacle vivant et de l'industrie.Patrice est actuellement membre \u00e9lu du conseil r\u00e9gional de l'Est en tant que vice-pr\u00e9sident de USA829. Il si\u00e8ge \u00e9galement \u00e0 plusieurs comit\u00e9s au sein de son syndicat.<\/p>\n<!-- \/wp:paragraph --><!-- wp:paragraph -->\n<p><strong><a href=\"https:\/\/iatse.net\/fr\/2023-member-census\/\"><span style=\"text-decoration: underline;\">Cliquez ici pour retourner \u00e0 la bo\u00eete \u00e0 outils du recensement des membres 2023<\/span><\/a><\/strong><\/p>\n<!-- \/wp:paragraph -->\t\t\t\t\t\t<\/div>\n\t\t\t\t<\/div>\n\t\t\t\t\t<\/div>\n\t\t<\/div>\n\t\t\t\t\t<\/div>\n\t\t<\/section>\n\t\t\t\t<\/div>","protected":false},"excerpt":{"rendered":"<p>Patrice est sc\u00e9nographe, membre de Locals One et membre de USA829. Davidson travaille dans les secteurs du film et du cin\u00e9ma, du spectacle vivant et de l'industrie.Patrice est actuellement membre \u00e9lu du [...]<\/p>","protected":false},"author":4,"featured_media":13653,"parent":13370,"menu_order":0,"comment_status":"closed","ping_status":"closed","template":"elementor_header_footer","meta":{"_acf_changed":false,"_monsterinsights_skip_tracking":false,"_monsterinsights_sitenote_active":false,"_monsterinsights_sitenote_note":"","_monsterinsights_sitenote_category":0,"footnotes":""},"yoast_head":"<!-- This site is optimized with the Yoast SEO plugin v23.5 - https:\/\/yoast.com\/wordpress\/plugins\/seo\/ -->\n<title>Patrice Andrew Davidson - IATSE, The Union Behind Entertainment<\/title>\n<meta name=\"robots\" content=\"index, follow, max-snippet:-1, max-image-preview:large, max-video-preview:-1\" \/>\n<link rel=\"canonical\" href=\"https:\/\/iatse.net\/fr\/2023-member-census\/patrice-andrew-davidson\/\" \/>\n<meta property=\"og:locale\" content=\"fr_CA\" \/>\n<meta property=\"og:type\" content=\"article\" \/>\n<meta property=\"og:title\" content=\"Patrice Andrew Davidson - IATSE, The Union Behind Entertainment\" \/>\n<meta property=\"og:description\" content=\"Patrice is a Scenic Designer and member of Locals One and USA829 member. Davidson works in Film &amp; Motion Picture, Live Entertainment &amp; Industrials.\u202fPatrice is currently an Elected Officer on [&hellip;]\" \/>\n<meta property=\"og:url\" content=\"https:\/\/iatse.net\/fr\/2023-member-census\/patrice-andrew-davidson\/\" \/>\n<meta property=\"og:site_name\" content=\"IATSE\" \/>\n<meta property=\"article:modified_time\" content=\"2023-06-13T20:25:21+00:00\" \/>\n<meta property=\"og:image\" content=\"https:\/\/iatse.net\/wp-content\/uploads\/2023\/05\/Patrice-Davidson.jpg\" \/>\n\t<meta property=\"og:image:width\" content=\"941\" \/>\n\t<meta property=\"og:image:height\" content=\"1202\" \/>\n\t<meta property=\"og:image:type\" content=\"image\/jpeg\" \/>\n<meta name=\"twitter:card\" content=\"summary_large_image\" \/>\n<meta name=\"twitter:label1\" content=\"Estimation du temps de lecture\" \/>\n\t<meta name=\"twitter:data1\" content=\"1 minute\" \/>\n<script type=\"application\/ld+json\" class=\"yoast-schema-graph\">{\"@context\":\"https:\/\/schema.org\",\"@graph\":[{\"@type\":\"WebPage\",\"@id\":\"https:\/\/iatse.net\/2023-member-census\/patrice-andrew-davidson\/\",\"url\":\"https:\/\/iatse.net\/2023-member-census\/patrice-andrew-davidson\/\",\"name\":\"Patrice Andrew Davidson - IATSE, The Union Behind Entertainment\",\"isPartOf\":{\"@id\":\"https:\/\/iatse.net\/#website\"},\"primaryImageOfPage\":{\"@id\":\"https:\/\/iatse.net\/2023-member-census\/patrice-andrew-davidson\/#primaryimage\"},\"image\":{\"@id\":\"https:\/\/iatse.net\/2023-member-census\/patrice-andrew-davidson\/#primaryimage\"},\"thumbnailUrl\":\"https:\/\/iatse.net\/wp-content\/uploads\/2023\/05\/Patrice-Davidson.jpg\",\"datePublished\":\"2023-05-26T17:27:53+00:00\",\"dateModified\":\"2023-06-13T20:25:21+00:00\",\"breadcrumb\":{\"@id\":\"https:\/\/iatse.net\/2023-member-census\/patrice-andrew-davidson\/#breadcrumb\"},\"inLanguage\":\"fr-CA\",\"potentialAction\":[{\"@type\":\"ReadAction\",\"target\":[\"https:\/\/iatse.net\/2023-member-census\/patrice-andrew-davidson\/\"]}]},{\"@type\":\"ImageObject\",\"inLanguage\":\"fr-CA\",\"@id\":\"https:\/\/iatse.net\/2023-member-census\/patrice-andrew-davidson\/#primaryimage\",\"url\":\"https:\/\/iatse.net\/wp-content\/uploads\/2023\/05\/Patrice-Davidson.jpg\",\"contentUrl\":\"https:\/\/iatse.net\/wp-content\/uploads\/2023\/05\/Patrice-Davidson.jpg\",\"width\":941,\"height\":1202},{\"@type\":\"BreadcrumbList\",\"@id\":\"https:\/\/iatse.net\/2023-member-census\/patrice-andrew-davidson\/#breadcrumb\",\"itemListElement\":[{\"@type\":\"ListItem\",\"position\":1,\"name\":\"Home\",\"item\":\"https:\/\/iatse.net\/\"},{\"@type\":\"ListItem\",\"position\":2,\"name\":\"2023 Member Census Toolkit\",\"item\":\"https:\/\/iatse.net\/2023-member-census\/\"},{\"@type\":\"ListItem\",\"position\":3,\"name\":\"Patrice Andrew Davidson\"}]},{\"@type\":\"WebSite\",\"@id\":\"https:\/\/iatse.net\/#website\",\"url\":\"https:\/\/iatse.net\/\",\"name\":\"IATSE\",\"description\":\"The Union Behind Entertainment\",\"publisher\":{\"@id\":\"https:\/\/iatse.net\/#organization\"},\"potentialAction\":[{\"@type\":\"SearchAction\",\"target\":{\"@type\":\"EntryPoint\",\"urlTemplate\":\"https:\/\/iatse.net\/?s={search_term_string}\"},\"query-input\":{\"@type\":\"PropertyValueSpecification\",\"valueRequired\":true,\"valueName\":\"search_term_string\"}}],\"inLanguage\":\"fr-CA\"},{\"@type\":\"Organization\",\"@id\":\"https:\/\/iatse.net\/#organization\",\"name\":\"IATSE\",\"url\":\"https:\/\/iatse.net\/\",\"logo\":{\"@type\":\"ImageObject\",\"inLanguage\":\"fr-CA\",\"@id\":\"https:\/\/iatse.net\/#\/schema\/logo\/image\/\",\"url\":\"https:\/\/iatse.net\/wp-content\/uploads\/2021\/03\/IATSE_Logo_White.png\",\"contentUrl\":\"https:\/\/iatse.net\/wp-content\/uploads\/2021\/03\/IATSE_Logo_White.png\",\"width\":2100,\"height\":1987,\"caption\":\"IATSE\"},\"image\":{\"@id\":\"https:\/\/iatse.net\/#\/schema\/logo\/image\/\"}}]}<\/script>\n<!-- \/ Yoast SEO plugin. -->","yoast_head_json":{"title":"Patrice Andrew Davidson - IATSE, The Union Behind Entertainment","robots":{"index":"index","follow":"follow","max-snippet":"max-snippet:-1","max-image-preview":"max-image-preview:large","max-video-preview":"max-video-preview:-1"},"canonical":"https:\/\/iatse.net\/fr\/2023-member-census\/patrice-andrew-davidson\/","og_locale":"fr_CA","og_type":"article","og_title":"Patrice Andrew Davidson - IATSE, The Union Behind Entertainment","og_description":"Patrice is a Scenic Designer and member of Locals One and USA829 member. Davidson works in Film &amp; Motion Picture, Live Entertainment &amp; Industrials.\u202fPatrice is currently an Elected Officer on [&hellip;]","og_url":"https:\/\/iatse.net\/fr\/2023-member-census\/patrice-andrew-davidson\/","og_site_name":"IATSE","article_modified_time":"2023-06-13T20:25:21+00:00","og_image":[{"width":941,"height":1202,"url":"https:\/\/iatse.net\/wp-content\/uploads\/2023\/05\/Patrice-Davidson.jpg","type":"image\/jpeg"}],"twitter_card":"summary_large_image","twitter_misc":{"Estimation du temps de lecture":"1 minute"},"schema":{"@context":"https:\/\/schema.org","@graph":[{"@type":"WebPage","@id":"https:\/\/iatse.net\/2023-member-census\/patrice-andrew-davidson\/","url":"https:\/\/iatse.net\/2023-member-census\/patrice-andrew-davidson\/","name":"Patrice Andrew Davidson - IATSE, The Union Behind Entertainment","isPartOf":{"@id":"https:\/\/iatse.net\/#website"},"primaryImageOfPage":{"@id":"https:\/\/iatse.net\/2023-member-census\/patrice-andrew-davidson\/#primaryimage"},"image":{"@id":"https:\/\/iatse.net\/2023-member-census\/patrice-andrew-davidson\/#primaryimage"},"thumbnailUrl":"https:\/\/iatse.net\/wp-content\/uploads\/2023\/05\/Patrice-Davidson.jpg","datePublished":"2023-05-26T17:27:53+00:00","dateModified":"2023-06-13T20:25:21+00:00","breadcrumb":{"@id":"https:\/\/iatse.net\/2023-member-census\/patrice-andrew-davidson\/#breadcrumb"},"inLanguage":"fr-CA","potentialAction":[{"@type":"ReadAction","target":["https:\/\/iatse.net\/2023-member-census\/patrice-andrew-davidson\/"]}]},{"@type":"ImageObject","inLanguage":"fr-CA","@id":"https:\/\/iatse.net\/2023-member-census\/patrice-andrew-davidson\/#primaryimage","url":"https:\/\/iatse.net\/wp-content\/uploads\/2023\/05\/Patrice-Davidson.jpg","contentUrl":"https:\/\/iatse.net\/wp-content\/uploads\/2023\/05\/Patrice-Davidson.jpg","width":941,"height":1202},{"@type":"BreadcrumbList","@id":"https:\/\/iatse.net\/2023-member-census\/patrice-andrew-davidson\/#breadcrumb","itemListElement":[{"@type":"ListItem","position":1,"name":"Home","item":"https:\/\/iatse.net\/"},{"@type":"ListItem","position":2,"name":"2023 Member Census Toolkit","item":"https:\/\/iatse.net\/2023-member-census\/"},{"@type":"ListItem","position":3,"name":"Patrice Andrew Davidson"}]},{"@type":"WebSite","@id":"https:\/\/iatse.net\/#website","url":"https:\/\/iatse.net\/","name":"IATSE","description":"The Union Behind Entertainment","publisher":{"@id":"https:\/\/iatse.net\/#organization"},"potentialAction":[{"@type":"SearchAction","target":{"@type":"EntryPoint","urlTemplate":"https:\/\/iatse.net\/?s={search_term_string}"},"query-input":{"@type":"PropertyValueSpecification","valueRequired":true,"valueName":"search_term_string"}}],"inLanguage":"fr-CA"},{"@type":"Organization","@id":"https:\/\/iatse.net\/#organization","name":"IATSE","url":"https:\/\/iatse.net\/","logo":{"@type":"ImageObject","inLanguage":"fr-CA","@id":"https:\/\/iatse.net\/#\/schema\/logo\/image\/","url":"https:\/\/iatse.net\/wp-content\/uploads\/2021\/03\/IATSE_Logo_White.png","contentUrl":"https:\/\/iatse.net\/wp-content\/uploads\/2021\/03\/IATSE_Logo_White.png","width":2100,"height":1987,"caption":"IATSE"},"image":{"@id":"https:\/\/iatse.net\/#\/schema\/logo\/image\/"}}]}},"acf":[],"_links":{"self":[{"href":"https:\/\/iatse.net\/fr\/wp-json\/wp\/v2\/pages\/13652"}],"collection":[{"href":"https:\/\/iatse.net\/fr\/wp-json\/wp\/v2\/pages"}],"about":[{"href":"https:\/\/iatse.net\/fr\/wp-json\/wp\/v2\/types\/page"}],"author":[{"embeddable":true,"href":"https:\/\/iatse.net\/fr\/wp-json\/wp\/v2\/users\/4"}],"replies":[{"embeddable":true,"href":"https:\/\/iatse.net\/fr\/wp-json\/wp\/v2\/comments?post=13652"}],"version-history":[{"count":6,"href":"https:\/\/iatse.net\/fr\/wp-json\/wp\/v2\/pages\/13652\/revisions"}],"predecessor-version":[{"id":14027,"href":"https:\/\/iatse.net\/fr\/wp-json\/wp\/v2\/pages\/13652\/revisions\/14027"}],"up":[{"embeddable":true,"href":"https:\/\/iatse.net\/fr\/wp-json\/wp\/v2\/pages\/13370"}],"wp:featuredmedia":[{"embeddable":true,"href":"https:\/\/iatse.net\/fr\/wp-json\/wp\/v2\/media\/13653"}],"wp:attachment":[{"href":"https:\/\/iatse.net\/fr\/wp-json\/wp\/v2\/media?parent=13652"}],"curies":[{"name":"wp","href":"https:\/\/api.w.org\/{rel}","templated":true}]}}