{"id":13641,"date":"2023-05-26T13:33:21","date_gmt":"2023-05-26T17:33:21","guid":{"rendered":"https:\/\/iatse.net\/?page_id=13641"},"modified":"2023-06-13T16:20:47","modified_gmt":"2023-06-13T20:20:47","slug":"megan-greene","status":"publish","type":"page","link":"https:\/\/iatse.net\/fr\/2023-member-census\/megan-greene\/","title":{"rendered":"Megan Greene\u00a0"},"content":{"rendered":"<div data-elementor-type=\"wp-page\" data-elementor-id=\"13641\" class=\"elementor elementor-13641\">\n\t\t\t\t\t\t<section class=\"elementor-section elementor-top-section elementor-element elementor-element-5168fd7 elementor-section-boxed elementor-section-height-default elementor-section-height-default\" data-id=\"5168fd7\" data-element_type=\"section\">\n\t\t\t\t\t\t<div class=\"elementor-container elementor-column-gap-default\">\n\t\t\t\t\t<div class=\"elementor-column elementor-col-100 elementor-top-column elementor-element elementor-element-eaa915e\" data-id=\"eaa915e\" data-element_type=\"column\">\n\t\t\t<div class=\"elementor-widget-wrap elementor-element-populated\">\n\t\t\t\t\t\t<div class=\"elementor-element elementor-element-f7f4a69 elementor-widget elementor-widget-global elementor-global-726 elementor-widget-heading\" data-id=\"f7f4a69\" data-element_type=\"widget\" data-widget_type=\"heading.default\">\n\t\t\t\t<div class=\"elementor-widget-container\">\n\t\t\t<h2 class=\"elementor-heading-title elementor-size-default\">Megan Greene\u00a0<\/h2>\t\t<\/div>\n\t\t\t\t<\/div>\n\t\t\t\t<div class=\"elementor-element elementor-element-7bd898c elementor-widget elementor-widget-theme-post-featured-image elementor-widget-image\" data-id=\"7bd898c\" data-element_type=\"widget\" data-widget_type=\"theme-post-featured-image.default\">\n\t\t\t\t<div class=\"elementor-widget-container\">\n\t\t\t\t\t\t\t\t\t\t\t\t\t<img fetchpriority=\"high\" decoding=\"async\" width=\"496\" height=\"507\" src=\"https:\/\/iatse.net\/wp-content\/uploads\/2023\/05\/Megan-1.jpg\" class=\"attachment-large size-large wp-image-13667\" alt=\"\" srcset=\"https:\/\/iatse.net\/wp-content\/uploads\/2023\/05\/Megan-1.jpg 496w, https:\/\/iatse.net\/wp-content\/uploads\/2023\/05\/Megan-1-293x300.jpg 293w, https:\/\/iatse.net\/wp-content\/uploads\/2023\/05\/Megan-1-12x12.jpg 12w\" sizes=\"(max-width: 496px) 100vw, 496px\" \/>\t\t\t\t\t\t\t\t\t\t\t\t\t<\/div>\n\t\t\t\t<\/div>\n\t\t\t\t<div class=\"elementor-element elementor-element-18e414af elementor-widget elementor-widget-text-editor\" data-id=\"18e414af\" data-element_type=\"widget\" data-widget_type=\"text-editor.default\">\n\t\t\t\t<div class=\"elementor-widget-container\">\n\t\t\t\t\t\t\t<!-- wp:paragraph -->\n<p>(Rencontrez Megan Greene, coordinatrice de la communication internationale de l'IATSE. Elle est titulaire d'une licence en journalisme de radiodiffusion de l'universit\u00e9 de Troy et est un membre actif du comit\u00e9 des jeunes travailleurs, des femmes et de la diversit\u00e9, de l'\u00e9quit\u00e9 et de l'inclusion de l'IATSE. Passionn\u00e9e par la communication, le travail et les initiatives DEI, la contribution de Megan au d\u00e9partement de la communication et au syndicat comprend la compilation et la conservation du contenu du Bulletin officiel de l'IATSE, une publication trimestrielle imprim\u00e9e et num\u00e9rique con\u00e7ue comme une ressource de connectivit\u00e9 et de communication pour les membres de l'IATSE, les syndicats locaux et l'Internationale. Megan est impatiente d'\u00e9largir les opportunit\u00e9s et d'amplifier les voix de tous les membres de l'IATSE gr\u00e2ce au travail des comit\u00e9s des jeunes travailleurs, des femmes et de l'IED.\u00a0<\/p>\n<!-- \/wp:paragraph --><!-- wp:paragraph -->\n<p><span style=\"text-decoration: underline;\"><strong><a href=\"https:\/\/iatse.net\/fr\/2023-member-census\/\">Cliquez ici pour retourner \u00e0 la bo\u00eete \u00e0 outils du recensement des membres 2023.<\/a><\/strong><\/span><\/p>\n<!-- \/wp:paragraph -->\t\t\t\t\t\t<\/div>\n\t\t\t\t<\/div>\n\t\t\t\t\t<\/div>\n\t\t<\/div>\n\t\t\t\t\t<\/div>\n\t\t<\/section>\n\t\t\t\t<\/div>","protected":false},"excerpt":{"rendered":"<p>(Rencontrez Megan Greene, coordinatrice de la communication internationale de l'IATSE. Elle est titulaire d'une licence en journalisme de radiot\u00e9l\u00e9vision de l'universit\u00e9 de Troy et est un membre actif de l'IATSE Young [...]<\/p>","protected":false},"author":4,"featured_media":13667,"parent":13370,"menu_order":0,"comment_status":"closed","ping_status":"closed","template":"elementor_header_footer","meta":{"_acf_changed":false,"_monsterinsights_skip_tracking":false,"_monsterinsights_sitenote_active":false,"_monsterinsights_sitenote_note":"","_monsterinsights_sitenote_category":0,"footnotes":""},"yoast_head":"<!-- This site is optimized with the Yoast SEO plugin v23.5 - https:\/\/yoast.com\/wordpress\/plugins\/seo\/ -->\n<title>Megan Greene\u00a0 - IATSE, The Union Behind Entertainment<\/title>\n<meta name=\"robots\" content=\"index, follow, max-snippet:-1, max-image-preview:large, max-video-preview:-1\" \/>\n<link rel=\"canonical\" href=\"https:\/\/iatse.net\/fr\/2023-member-census\/megan-greene\/\" \/>\n<meta property=\"og:locale\" content=\"fr_CA\" \/>\n<meta property=\"og:type\" content=\"article\" \/>\n<meta property=\"og:title\" content=\"Megan Greene\u00a0 - IATSE, The Union Behind Entertainment\" \/>\n<meta property=\"og:description\" content=\"(she\/her) Meet IATSE International Communications Outreach Coordinator, Megan Greene. She holds a Bachelor of Science in Broadcast Journalism from Troy University and is an active member of the IATSE Young [&hellip;]\" \/>\n<meta property=\"og:url\" content=\"https:\/\/iatse.net\/fr\/2023-member-census\/megan-greene\/\" \/>\n<meta property=\"og:site_name\" content=\"IATSE\" \/>\n<meta property=\"article:modified_time\" content=\"2023-06-13T20:20:47+00:00\" \/>\n<meta property=\"og:image\" content=\"https:\/\/iatse.net\/wp-content\/uploads\/2023\/05\/Megan-1.jpg\" \/>\n\t<meta property=\"og:image:width\" content=\"496\" \/>\n\t<meta property=\"og:image:height\" content=\"507\" \/>\n\t<meta property=\"og:image:type\" content=\"image\/jpeg\" \/>\n<meta name=\"twitter:card\" content=\"summary_large_image\" \/>\n<meta name=\"twitter:label1\" content=\"Estimation du temps de lecture\" \/>\n\t<meta name=\"twitter:data1\" content=\"1 minute\" \/>\n<script type=\"application\/ld+json\" class=\"yoast-schema-graph\">{\"@context\":\"https:\/\/schema.org\",\"@graph\":[{\"@type\":\"WebPage\",\"@id\":\"https:\/\/iatse.net\/2023-member-census\/megan-greene\/\",\"url\":\"https:\/\/iatse.net\/2023-member-census\/megan-greene\/\",\"name\":\"Megan Greene\u00a0 - IATSE, The Union Behind Entertainment\",\"isPartOf\":{\"@id\":\"https:\/\/iatse.net\/#website\"},\"primaryImageOfPage\":{\"@id\":\"https:\/\/iatse.net\/2023-member-census\/megan-greene\/#primaryimage\"},\"image\":{\"@id\":\"https:\/\/iatse.net\/2023-member-census\/megan-greene\/#primaryimage\"},\"thumbnailUrl\":\"https:\/\/iatse.net\/wp-content\/uploads\/2023\/05\/Megan-1.jpg\",\"datePublished\":\"2023-05-26T17:33:21+00:00\",\"dateModified\":\"2023-06-13T20:20:47+00:00\",\"breadcrumb\":{\"@id\":\"https:\/\/iatse.net\/2023-member-census\/megan-greene\/#breadcrumb\"},\"inLanguage\":\"fr-CA\",\"potentialAction\":[{\"@type\":\"ReadAction\",\"target\":[\"https:\/\/iatse.net\/2023-member-census\/megan-greene\/\"]}]},{\"@type\":\"ImageObject\",\"inLanguage\":\"fr-CA\",\"@id\":\"https:\/\/iatse.net\/2023-member-census\/megan-greene\/#primaryimage\",\"url\":\"https:\/\/iatse.net\/wp-content\/uploads\/2023\/05\/Megan-1.jpg\",\"contentUrl\":\"https:\/\/iatse.net\/wp-content\/uploads\/2023\/05\/Megan-1.jpg\",\"width\":496,\"height\":507},{\"@type\":\"BreadcrumbList\",\"@id\":\"https:\/\/iatse.net\/2023-member-census\/megan-greene\/#breadcrumb\",\"itemListElement\":[{\"@type\":\"ListItem\",\"position\":1,\"name\":\"Home\",\"item\":\"https:\/\/iatse.net\/\"},{\"@type\":\"ListItem\",\"position\":2,\"name\":\"2023 Member Census Toolkit\",\"item\":\"https:\/\/iatse.net\/2023-member-census\/\"},{\"@type\":\"ListItem\",\"position\":3,\"name\":\"Megan Greene\u00a0\"}]},{\"@type\":\"WebSite\",\"@id\":\"https:\/\/iatse.net\/#website\",\"url\":\"https:\/\/iatse.net\/\",\"name\":\"IATSE\",\"description\":\"The Union Behind Entertainment\",\"publisher\":{\"@id\":\"https:\/\/iatse.net\/#organization\"},\"potentialAction\":[{\"@type\":\"SearchAction\",\"target\":{\"@type\":\"EntryPoint\",\"urlTemplate\":\"https:\/\/iatse.net\/?s={search_term_string}\"},\"query-input\":{\"@type\":\"PropertyValueSpecification\",\"valueRequired\":true,\"valueName\":\"search_term_string\"}}],\"inLanguage\":\"fr-CA\"},{\"@type\":\"Organization\",\"@id\":\"https:\/\/iatse.net\/#organization\",\"name\":\"IATSE\",\"url\":\"https:\/\/iatse.net\/\",\"logo\":{\"@type\":\"ImageObject\",\"inLanguage\":\"fr-CA\",\"@id\":\"https:\/\/iatse.net\/#\/schema\/logo\/image\/\",\"url\":\"https:\/\/iatse.net\/wp-content\/uploads\/2021\/03\/IATSE_Logo_White.png\",\"contentUrl\":\"https:\/\/iatse.net\/wp-content\/uploads\/2021\/03\/IATSE_Logo_White.png\",\"width\":2100,\"height\":1987,\"caption\":\"IATSE\"},\"image\":{\"@id\":\"https:\/\/iatse.net\/#\/schema\/logo\/image\/\"}}]}<\/script>\n<!-- \/ Yoast SEO plugin. -->","yoast_head_json":{"title":"Megan Greene\u00a0 - IATSE, The Union Behind Entertainment","robots":{"index":"index","follow":"follow","max-snippet":"max-snippet:-1","max-image-preview":"max-image-preview:large","max-video-preview":"max-video-preview:-1"},"canonical":"https:\/\/iatse.net\/fr\/2023-member-census\/megan-greene\/","og_locale":"fr_CA","og_type":"article","og_title":"Megan Greene\u00a0 - IATSE, The Union Behind Entertainment","og_description":"(she\/her) Meet IATSE International Communications Outreach Coordinator, Megan Greene. She holds a Bachelor of Science in Broadcast Journalism from Troy University and is an active member of the IATSE Young [&hellip;]","og_url":"https:\/\/iatse.net\/fr\/2023-member-census\/megan-greene\/","og_site_name":"IATSE","article_modified_time":"2023-06-13T20:20:47+00:00","og_image":[{"width":496,"height":507,"url":"https:\/\/iatse.net\/wp-content\/uploads\/2023\/05\/Megan-1.jpg","type":"image\/jpeg"}],"twitter_card":"summary_large_image","twitter_misc":{"Estimation du temps de lecture":"1 minute"},"schema":{"@context":"https:\/\/schema.org","@graph":[{"@type":"WebPage","@id":"https:\/\/iatse.net\/2023-member-census\/megan-greene\/","url":"https:\/\/iatse.net\/2023-member-census\/megan-greene\/","name":"Megan Greene\u00a0 - IATSE, The Union Behind Entertainment","isPartOf":{"@id":"https:\/\/iatse.net\/#website"},"primaryImageOfPage":{"@id":"https:\/\/iatse.net\/2023-member-census\/megan-greene\/#primaryimage"},"image":{"@id":"https:\/\/iatse.net\/2023-member-census\/megan-greene\/#primaryimage"},"thumbnailUrl":"https:\/\/iatse.net\/wp-content\/uploads\/2023\/05\/Megan-1.jpg","datePublished":"2023-05-26T17:33:21+00:00","dateModified":"2023-06-13T20:20:47+00:00","breadcrumb":{"@id":"https:\/\/iatse.net\/2023-member-census\/megan-greene\/#breadcrumb"},"inLanguage":"fr-CA","potentialAction":[{"@type":"ReadAction","target":["https:\/\/iatse.net\/2023-member-census\/megan-greene\/"]}]},{"@type":"ImageObject","inLanguage":"fr-CA","@id":"https:\/\/iatse.net\/2023-member-census\/megan-greene\/#primaryimage","url":"https:\/\/iatse.net\/wp-content\/uploads\/2023\/05\/Megan-1.jpg","contentUrl":"https:\/\/iatse.net\/wp-content\/uploads\/2023\/05\/Megan-1.jpg","width":496,"height":507},{"@type":"BreadcrumbList","@id":"https:\/\/iatse.net\/2023-member-census\/megan-greene\/#breadcrumb","itemListElement":[{"@type":"ListItem","position":1,"name":"Home","item":"https:\/\/iatse.net\/"},{"@type":"ListItem","position":2,"name":"2023 Member Census Toolkit","item":"https:\/\/iatse.net\/2023-member-census\/"},{"@type":"ListItem","position":3,"name":"Megan Greene\u00a0"}]},{"@type":"WebSite","@id":"https:\/\/iatse.net\/#website","url":"https:\/\/iatse.net\/","name":"IATSE","description":"The Union Behind Entertainment","publisher":{"@id":"https:\/\/iatse.net\/#organization"},"potentialAction":[{"@type":"SearchAction","target":{"@type":"EntryPoint","urlTemplate":"https:\/\/iatse.net\/?s={search_term_string}"},"query-input":{"@type":"PropertyValueSpecification","valueRequired":true,"valueName":"search_term_string"}}],"inLanguage":"fr-CA"},{"@type":"Organization","@id":"https:\/\/iatse.net\/#organization","name":"IATSE","url":"https:\/\/iatse.net\/","logo":{"@type":"ImageObject","inLanguage":"fr-CA","@id":"https:\/\/iatse.net\/#\/schema\/logo\/image\/","url":"https:\/\/iatse.net\/wp-content\/uploads\/2021\/03\/IATSE_Logo_White.png","contentUrl":"https:\/\/iatse.net\/wp-content\/uploads\/2021\/03\/IATSE_Logo_White.png","width":2100,"height":1987,"caption":"IATSE"},"image":{"@id":"https:\/\/iatse.net\/#\/schema\/logo\/image\/"}}]}},"acf":[],"_links":{"self":[{"href":"https:\/\/iatse.net\/fr\/wp-json\/wp\/v2\/pages\/13641"}],"collection":[{"href":"https:\/\/iatse.net\/fr\/wp-json\/wp\/v2\/pages"}],"about":[{"href":"https:\/\/iatse.net\/fr\/wp-json\/wp\/v2\/types\/page"}],"author":[{"embeddable":true,"href":"https:\/\/iatse.net\/fr\/wp-json\/wp\/v2\/users\/4"}],"replies":[{"embeddable":true,"href":"https:\/\/iatse.net\/fr\/wp-json\/wp\/v2\/comments?post=13641"}],"version-history":[{"count":5,"href":"https:\/\/iatse.net\/fr\/wp-json\/wp\/v2\/pages\/13641\/revisions"}],"predecessor-version":[{"id":14014,"href":"https:\/\/iatse.net\/fr\/wp-json\/wp\/v2\/pages\/13641\/revisions\/14014"}],"up":[{"embeddable":true,"href":"https:\/\/iatse.net\/fr\/wp-json\/wp\/v2\/pages\/13370"}],"wp:featuredmedia":[{"embeddable":true,"href":"https:\/\/iatse.net\/fr\/wp-json\/wp\/v2\/media\/13667"}],"wp:attachment":[{"href":"https:\/\/iatse.net\/fr\/wp-json\/wp\/v2\/media?parent=13641"}],"curies":[{"name":"wp","href":"https:\/\/api.w.org\/{rel}","templated":true}]}}