{"id":13639,"date":"2023-05-30T08:51:33","date_gmt":"2023-05-30T12:51:33","guid":{"rendered":"https:\/\/iatse.net\/?page_id=13639"},"modified":"2023-06-13T16:26:21","modified_gmt":"2023-06-13T20:26:21","slug":"malakhi-simmons","status":"publish","type":"page","link":"https:\/\/iatse.net\/fr\/2023-member-census\/malakhi-simmons\/","title":{"rendered":"Malakhi Simmons\u00a0"},"content":{"rendered":"<div data-elementor-type=\"wp-page\" data-elementor-id=\"13639\" class=\"elementor elementor-13639\">\n\t\t\t\t\t\t<section class=\"elementor-section elementor-top-section elementor-element elementor-element-8150c4a elementor-section-boxed elementor-section-height-default elementor-section-height-default\" data-id=\"8150c4a\" data-element_type=\"section\">\n\t\t\t\t\t\t<div class=\"elementor-container elementor-column-gap-default\">\n\t\t\t\t\t<div class=\"elementor-column elementor-col-100 elementor-top-column elementor-element elementor-element-cb936b8\" data-id=\"cb936b8\" data-element_type=\"column\">\n\t\t\t<div class=\"elementor-widget-wrap elementor-element-populated\">\n\t\t\t\t\t\t<div class=\"elementor-element elementor-element-bc4661e elementor-widget elementor-widget-global elementor-global-726 elementor-widget-heading\" data-id=\"bc4661e\" data-element_type=\"widget\" data-widget_type=\"heading.default\">\n\t\t\t\t<div class=\"elementor-widget-container\">\n\t\t\t<h2 class=\"elementor-heading-title elementor-size-default\">Malakhi Simmons\u00a0<\/h2>\t\t<\/div>\n\t\t\t\t<\/div>\n\t\t\t\t<div class=\"elementor-element elementor-element-700c2e0 elementor-widget elementor-widget-theme-post-featured-image elementor-widget-image\" data-id=\"700c2e0\" data-element_type=\"widget\" data-widget_type=\"theme-post-featured-image.default\">\n\t\t\t\t<div class=\"elementor-widget-container\">\n\t\t\t\t\t\t\t\t\t\t\t\t\t<img fetchpriority=\"high\" decoding=\"async\" width=\"800\" height=\"1000\" src=\"https:\/\/iatse.net\/wp-content\/uploads\/2023\/05\/Malakhi-headshot-819x1024.jpg\" class=\"attachment-large size-large wp-image-13664\" alt=\"\" srcset=\"https:\/\/iatse.net\/wp-content\/uploads\/2023\/05\/Malakhi-headshot-819x1024.jpg 819w, https:\/\/iatse.net\/wp-content\/uploads\/2023\/05\/Malakhi-headshot-240x300.jpg 240w, https:\/\/iatse.net\/wp-content\/uploads\/2023\/05\/Malakhi-headshot-768x960.jpg 768w, https:\/\/iatse.net\/wp-content\/uploads\/2023\/05\/Malakhi-headshot-10x12.jpg 10w, https:\/\/iatse.net\/wp-content\/uploads\/2023\/05\/Malakhi-headshot.jpg 1080w\" sizes=\"(max-width: 800px) 100vw, 800px\" \/>\t\t\t\t\t\t\t\t\t\t\t\t\t<\/div>\n\t\t\t\t<\/div>\n\t\t\t\t<div class=\"elementor-element elementor-element-2e902d65 elementor-widget elementor-widget-text-editor\" data-id=\"2e902d65\" data-element_type=\"widget\" data-widget_type=\"text-editor.default\">\n\t\t\t\t<div class=\"elementor-widget-container\">\n\t\t\t\t\t\t\t<!-- wp:paragraph -->\n<p>Malakhi Simmons a \u00e9t\u00e9 initi\u00e9 au monde de la cr\u00e9ation par ses parents, tous deux artistes, et par leur mentor, le r\u00e9alisateur\/historien Carlton Moss (<em>Le soldat noir<\/em>). Moss a trait\u00e9 Malakhi comme s'il \u00e9tait un autre de ses \u00e9tudiants en cin\u00e9ma et lui a tr\u00e8s t\u00f4t inculqu\u00e9 l'importance d'une repr\u00e9sentation diversifi\u00e9e devant et derri\u00e8re la cam\u00e9ra.\u00a0<\/p>\n<!-- \/wp:paragraph --><!-- wp:paragraph -->\n<p>En 1999, Malakhi est devenu membre de la section locale 728 de l'IATSE et, peu apr\u00e8s, a eu l'occasion de travailler sous la direction de John A. Alonzo, A.S.C. (<em>Chinatown, Scarface<\/em>). Alanzo, comme Moss, a pris Malakhi sous son aile et l'a pouss\u00e9 \u00e0 explorer non seulement son r\u00f4le en tant qu'artiste, mais aussi sa responsabilit\u00e9 en tant que personne de couleur dans l'industrie cin\u00e9matographique.\u00a0<\/p>\n<!-- \/wp:paragraph --><!-- wp:paragraph -->\n<p>Aujourd'hui, Malakhi est vice-pr\u00e9sident de la section locale 728 de l'IATSE et si\u00e8ge au comit\u00e9 DEI de l'organisation internationale. Malakhi est \u00e9galement vice-pr\u00e9sident de la section de Californie du Sud de la Coalition of Black Trade Unionist (CBTU) et si\u00e8ge au comit\u00e9 consultatif de l'industrie pour Hollywood CPR. Il se consacre \u00e0 la d\u00e9fense de meilleures conditions de travail pour tous les travailleurs, ainsi qu'\u00e0 l'am\u00e9lioration de la diversit\u00e9, de l'\u00e9quit\u00e9 et de l'inclusion dans l'industrie du divertissement.<\/p>\n<!-- \/wp:paragraph --><!-- wp:paragraph -->\n<p><strong><a href=\"https:\/\/iatse.net\/fr\/2023-member-census\/\"><span style=\"text-decoration: underline;\">Cliquez ici pour retourner \u00e0 la bo\u00eete \u00e0 outils du recensement des membres 2023<\/span><\/a><\/strong><\/p>\n<!-- \/wp:paragraph -->\t\t\t\t\t\t<\/div>\n\t\t\t\t<\/div>\n\t\t\t\t\t<\/div>\n\t\t<\/div>\n\t\t\t\t\t<\/div>\n\t\t<\/section>\n\t\t\t\t<\/div>","protected":false},"excerpt":{"rendered":"<p>Malakhi Simmons a \u00e9t\u00e9 initi\u00e9 au monde de la cr\u00e9ation par ses parents, tous deux artistes, et par leur mentor, le r\u00e9alisateur\/historien Carlton Moss (The Negro Soldier). Moss a trait\u00e9 Malakhi comme [...]<\/p>","protected":false},"author":4,"featured_media":13664,"parent":13370,"menu_order":0,"comment_status":"closed","ping_status":"closed","template":"elementor_header_footer","meta":{"_acf_changed":false,"_monsterinsights_skip_tracking":false,"_monsterinsights_sitenote_active":false,"_monsterinsights_sitenote_note":"","_monsterinsights_sitenote_category":0,"footnotes":""},"yoast_head":"<!-- This site is optimized with the Yoast SEO plugin v23.5 - https:\/\/yoast.com\/wordpress\/plugins\/seo\/ -->\n<title>Malakhi Simmons\u00a0 - IATSE, The Union Behind Entertainment<\/title>\n<meta name=\"robots\" content=\"index, follow, max-snippet:-1, max-image-preview:large, max-video-preview:-1\" \/>\n<link rel=\"canonical\" href=\"https:\/\/iatse.net\/fr\/2023-member-census\/malakhi-simmons\/\" \/>\n<meta property=\"og:locale\" content=\"fr_CA\" \/>\n<meta property=\"og:type\" content=\"article\" \/>\n<meta property=\"og:title\" content=\"Malakhi Simmons\u00a0 - IATSE, The Union Behind Entertainment\" \/>\n<meta property=\"og:description\" content=\"Malakhi Simmons was introduced to the world of creation by his parents, both of whom were artists, and their mentor, Director\/Historian Carlton Moss (The Negro Soldier). Moss treated Malakhi as [&hellip;]\" \/>\n<meta property=\"og:url\" content=\"https:\/\/iatse.net\/fr\/2023-member-census\/malakhi-simmons\/\" \/>\n<meta property=\"og:site_name\" content=\"IATSE\" \/>\n<meta property=\"article:modified_time\" content=\"2023-06-13T20:26:21+00:00\" \/>\n<meta property=\"og:image\" content=\"https:\/\/iatse.net\/wp-content\/uploads\/2023\/05\/Malakhi-headshot.jpg\" \/>\n\t<meta property=\"og:image:width\" content=\"1080\" \/>\n\t<meta property=\"og:image:height\" content=\"1350\" \/>\n\t<meta property=\"og:image:type\" content=\"image\/jpeg\" \/>\n<meta name=\"twitter:card\" content=\"summary_large_image\" \/>\n<meta name=\"twitter:label1\" content=\"Estimation du temps de lecture\" \/>\n\t<meta name=\"twitter:data1\" content=\"2 minutes\" \/>\n<script type=\"application\/ld+json\" class=\"yoast-schema-graph\">{\"@context\":\"https:\/\/schema.org\",\"@graph\":[{\"@type\":\"WebPage\",\"@id\":\"https:\/\/iatse.net\/2023-member-census\/malakhi-simmons\/\",\"url\":\"https:\/\/iatse.net\/2023-member-census\/malakhi-simmons\/\",\"name\":\"Malakhi Simmons\u00a0 - IATSE, The Union Behind Entertainment\",\"isPartOf\":{\"@id\":\"https:\/\/iatse.net\/#website\"},\"primaryImageOfPage\":{\"@id\":\"https:\/\/iatse.net\/2023-member-census\/malakhi-simmons\/#primaryimage\"},\"image\":{\"@id\":\"https:\/\/iatse.net\/2023-member-census\/malakhi-simmons\/#primaryimage\"},\"thumbnailUrl\":\"https:\/\/iatse.net\/wp-content\/uploads\/2023\/05\/Malakhi-headshot.jpg\",\"datePublished\":\"2023-05-30T12:51:33+00:00\",\"dateModified\":\"2023-06-13T20:26:21+00:00\",\"breadcrumb\":{\"@id\":\"https:\/\/iatse.net\/2023-member-census\/malakhi-simmons\/#breadcrumb\"},\"inLanguage\":\"fr-CA\",\"potentialAction\":[{\"@type\":\"ReadAction\",\"target\":[\"https:\/\/iatse.net\/2023-member-census\/malakhi-simmons\/\"]}]},{\"@type\":\"ImageObject\",\"inLanguage\":\"fr-CA\",\"@id\":\"https:\/\/iatse.net\/2023-member-census\/malakhi-simmons\/#primaryimage\",\"url\":\"https:\/\/iatse.net\/wp-content\/uploads\/2023\/05\/Malakhi-headshot.jpg\",\"contentUrl\":\"https:\/\/iatse.net\/wp-content\/uploads\/2023\/05\/Malakhi-headshot.jpg\",\"width\":1080,\"height\":1350},{\"@type\":\"BreadcrumbList\",\"@id\":\"https:\/\/iatse.net\/2023-member-census\/malakhi-simmons\/#breadcrumb\",\"itemListElement\":[{\"@type\":\"ListItem\",\"position\":1,\"name\":\"Home\",\"item\":\"https:\/\/iatse.net\/\"},{\"@type\":\"ListItem\",\"position\":2,\"name\":\"2023 Member Census Toolkit\",\"item\":\"https:\/\/iatse.net\/2023-member-census\/\"},{\"@type\":\"ListItem\",\"position\":3,\"name\":\"Malakhi Simmons\u00a0\"}]},{\"@type\":\"WebSite\",\"@id\":\"https:\/\/iatse.net\/#website\",\"url\":\"https:\/\/iatse.net\/\",\"name\":\"IATSE\",\"description\":\"The Union Behind Entertainment\",\"publisher\":{\"@id\":\"https:\/\/iatse.net\/#organization\"},\"potentialAction\":[{\"@type\":\"SearchAction\",\"target\":{\"@type\":\"EntryPoint\",\"urlTemplate\":\"https:\/\/iatse.net\/?s={search_term_string}\"},\"query-input\":{\"@type\":\"PropertyValueSpecification\",\"valueRequired\":true,\"valueName\":\"search_term_string\"}}],\"inLanguage\":\"fr-CA\"},{\"@type\":\"Organization\",\"@id\":\"https:\/\/iatse.net\/#organization\",\"name\":\"IATSE\",\"url\":\"https:\/\/iatse.net\/\",\"logo\":{\"@type\":\"ImageObject\",\"inLanguage\":\"fr-CA\",\"@id\":\"https:\/\/iatse.net\/#\/schema\/logo\/image\/\",\"url\":\"https:\/\/iatse.net\/wp-content\/uploads\/2021\/03\/IATSE_Logo_White.png\",\"contentUrl\":\"https:\/\/iatse.net\/wp-content\/uploads\/2021\/03\/IATSE_Logo_White.png\",\"width\":2100,\"height\":1987,\"caption\":\"IATSE\"},\"image\":{\"@id\":\"https:\/\/iatse.net\/#\/schema\/logo\/image\/\"}}]}<\/script>\n<!-- \/ Yoast SEO plugin. -->","yoast_head_json":{"title":"Malakhi Simmons\u00a0 - IATSE, The Union Behind Entertainment","robots":{"index":"index","follow":"follow","max-snippet":"max-snippet:-1","max-image-preview":"max-image-preview:large","max-video-preview":"max-video-preview:-1"},"canonical":"https:\/\/iatse.net\/fr\/2023-member-census\/malakhi-simmons\/","og_locale":"fr_CA","og_type":"article","og_title":"Malakhi Simmons\u00a0 - IATSE, The Union Behind Entertainment","og_description":"Malakhi Simmons was introduced to the world of creation by his parents, both of whom were artists, and their mentor, Director\/Historian Carlton Moss (The Negro Soldier). Moss treated Malakhi as [&hellip;]","og_url":"https:\/\/iatse.net\/fr\/2023-member-census\/malakhi-simmons\/","og_site_name":"IATSE","article_modified_time":"2023-06-13T20:26:21+00:00","og_image":[{"width":1080,"height":1350,"url":"https:\/\/iatse.net\/wp-content\/uploads\/2023\/05\/Malakhi-headshot.jpg","type":"image\/jpeg"}],"twitter_card":"summary_large_image","twitter_misc":{"Estimation du temps de lecture":"2 minutes"},"schema":{"@context":"https:\/\/schema.org","@graph":[{"@type":"WebPage","@id":"https:\/\/iatse.net\/2023-member-census\/malakhi-simmons\/","url":"https:\/\/iatse.net\/2023-member-census\/malakhi-simmons\/","name":"Malakhi Simmons\u00a0 - IATSE, The Union Behind Entertainment","isPartOf":{"@id":"https:\/\/iatse.net\/#website"},"primaryImageOfPage":{"@id":"https:\/\/iatse.net\/2023-member-census\/malakhi-simmons\/#primaryimage"},"image":{"@id":"https:\/\/iatse.net\/2023-member-census\/malakhi-simmons\/#primaryimage"},"thumbnailUrl":"https:\/\/iatse.net\/wp-content\/uploads\/2023\/05\/Malakhi-headshot.jpg","datePublished":"2023-05-30T12:51:33+00:00","dateModified":"2023-06-13T20:26:21+00:00","breadcrumb":{"@id":"https:\/\/iatse.net\/2023-member-census\/malakhi-simmons\/#breadcrumb"},"inLanguage":"fr-CA","potentialAction":[{"@type":"ReadAction","target":["https:\/\/iatse.net\/2023-member-census\/malakhi-simmons\/"]}]},{"@type":"ImageObject","inLanguage":"fr-CA","@id":"https:\/\/iatse.net\/2023-member-census\/malakhi-simmons\/#primaryimage","url":"https:\/\/iatse.net\/wp-content\/uploads\/2023\/05\/Malakhi-headshot.jpg","contentUrl":"https:\/\/iatse.net\/wp-content\/uploads\/2023\/05\/Malakhi-headshot.jpg","width":1080,"height":1350},{"@type":"BreadcrumbList","@id":"https:\/\/iatse.net\/2023-member-census\/malakhi-simmons\/#breadcrumb","itemListElement":[{"@type":"ListItem","position":1,"name":"Home","item":"https:\/\/iatse.net\/"},{"@type":"ListItem","position":2,"name":"2023 Member Census Toolkit","item":"https:\/\/iatse.net\/2023-member-census\/"},{"@type":"ListItem","position":3,"name":"Malakhi Simmons\u00a0"}]},{"@type":"WebSite","@id":"https:\/\/iatse.net\/#website","url":"https:\/\/iatse.net\/","name":"IATSE","description":"The Union Behind Entertainment","publisher":{"@id":"https:\/\/iatse.net\/#organization"},"potentialAction":[{"@type":"SearchAction","target":{"@type":"EntryPoint","urlTemplate":"https:\/\/iatse.net\/?s={search_term_string}"},"query-input":{"@type":"PropertyValueSpecification","valueRequired":true,"valueName":"search_term_string"}}],"inLanguage":"fr-CA"},{"@type":"Organization","@id":"https:\/\/iatse.net\/#organization","name":"IATSE","url":"https:\/\/iatse.net\/","logo":{"@type":"ImageObject","inLanguage":"fr-CA","@id":"https:\/\/iatse.net\/#\/schema\/logo\/image\/","url":"https:\/\/iatse.net\/wp-content\/uploads\/2021\/03\/IATSE_Logo_White.png","contentUrl":"https:\/\/iatse.net\/wp-content\/uploads\/2021\/03\/IATSE_Logo_White.png","width":2100,"height":1987,"caption":"IATSE"},"image":{"@id":"https:\/\/iatse.net\/#\/schema\/logo\/image\/"}}]}},"acf":[],"_links":{"self":[{"href":"https:\/\/iatse.net\/fr\/wp-json\/wp\/v2\/pages\/13639"}],"collection":[{"href":"https:\/\/iatse.net\/fr\/wp-json\/wp\/v2\/pages"}],"about":[{"href":"https:\/\/iatse.net\/fr\/wp-json\/wp\/v2\/types\/page"}],"author":[{"embeddable":true,"href":"https:\/\/iatse.net\/fr\/wp-json\/wp\/v2\/users\/4"}],"replies":[{"embeddable":true,"href":"https:\/\/iatse.net\/fr\/wp-json\/wp\/v2\/comments?post=13639"}],"version-history":[{"count":6,"href":"https:\/\/iatse.net\/fr\/wp-json\/wp\/v2\/pages\/13639\/revisions"}],"predecessor-version":[{"id":14031,"href":"https:\/\/iatse.net\/fr\/wp-json\/wp\/v2\/pages\/13639\/revisions\/14031"}],"up":[{"embeddable":true,"href":"https:\/\/iatse.net\/fr\/wp-json\/wp\/v2\/pages\/13370"}],"wp:featuredmedia":[{"embeddable":true,"href":"https:\/\/iatse.net\/fr\/wp-json\/wp\/v2\/media\/13664"}],"wp:attachment":[{"href":"https:\/\/iatse.net\/fr\/wp-json\/wp\/v2\/media?parent=13639"}],"curies":[{"name":"wp","href":"https:\/\/api.w.org\/{rel}","templated":true}]}}