{"id":13637,"date":"2023-05-26T13:30:40","date_gmt":"2023-05-26T17:30:40","guid":{"rendered":"https:\/\/iatse.net\/?page_id=13637"},"modified":"2023-06-13T16:13:55","modified_gmt":"2023-06-13T20:13:55","slug":"jonquil-garrick-reynolds","status":"publish","type":"page","link":"https:\/\/iatse.net\/fr\/2023-member-census\/jonquil-garrick-reynolds\/","title":{"rendered":"Jonquil Garrick-Reynolds\u00a0\u00a0"},"content":{"rendered":"<div data-elementor-type=\"wp-page\" data-elementor-id=\"13637\" class=\"elementor elementor-13637\">\n\t\t\t\t\t\t<section class=\"elementor-section elementor-top-section elementor-element elementor-element-732eab8 elementor-section-boxed elementor-section-height-default elementor-section-height-default\" data-id=\"732eab8\" data-element_type=\"section\">\n\t\t\t\t\t\t<div class=\"elementor-container elementor-column-gap-default\">\n\t\t\t\t\t<div class=\"elementor-column elementor-col-100 elementor-top-column elementor-element elementor-element-d8d167d\" data-id=\"d8d167d\" data-element_type=\"column\">\n\t\t\t<div class=\"elementor-widget-wrap elementor-element-populated\">\n\t\t\t\t\t\t<div class=\"elementor-element elementor-element-47c9add elementor-widget elementor-widget-global elementor-global-726 elementor-widget-heading\" data-id=\"47c9add\" data-element_type=\"widget\" data-widget_type=\"heading.default\">\n\t\t\t\t<div class=\"elementor-widget-container\">\n\t\t\t<h2 class=\"elementor-heading-title elementor-size-default\">Jonquil Garrick-Reynolds\u00a0\u00a0<\/h2>\t\t<\/div>\n\t\t\t\t<\/div>\n\t\t\t\t<div class=\"elementor-element elementor-element-fb4054c elementor-widget elementor-widget-theme-post-featured-image elementor-widget-image\" data-id=\"fb4054c\" data-element_type=\"widget\" data-widget_type=\"theme-post-featured-image.default\">\n\t\t\t\t<div class=\"elementor-widget-container\">\n\t\t\t\t\t\t\t\t\t\t\t\t\t<img fetchpriority=\"high\" decoding=\"async\" width=\"768\" height=\"1024\" src=\"https:\/\/iatse.net\/wp-content\/uploads\/2023\/05\/Jonquil-Census-headshot-768x1024.jpg\" class=\"attachment-large size-large wp-image-13662\" alt=\"\" srcset=\"https:\/\/iatse.net\/wp-content\/uploads\/2023\/05\/Jonquil-Census-headshot-768x1024.jpg 768w, https:\/\/iatse.net\/wp-content\/uploads\/2023\/05\/Jonquil-Census-headshot-225x300.jpg 225w, https:\/\/iatse.net\/wp-content\/uploads\/2023\/05\/Jonquil-Census-headshot-1152x1536.jpg 1152w, https:\/\/iatse.net\/wp-content\/uploads\/2023\/05\/Jonquil-Census-headshot-scaled.jpg 1536w, https:\/\/iatse.net\/wp-content\/uploads\/2023\/05\/Jonquil-Census-headshot-9x12.jpg 9w\" sizes=\"(max-width: 768px) 100vw, 768px\" \/>\t\t\t\t\t\t\t\t\t\t\t\t\t<\/div>\n\t\t\t\t<\/div>\n\t\t\t\t<div class=\"elementor-element elementor-element-1e7b6d94 elementor-widget elementor-widget-text-editor\" data-id=\"1e7b6d94\" data-element_type=\"widget\" data-widget_type=\"text-editor.default\">\n\t\t\t\t<div class=\"elementor-widget-container\">\n\t\t\t\t\t\t\t<!-- wp:paragraph -->\n<p>(elle\/il), est une Canadienne dominicaine multiraciale et une machiniste de deuxi\u00e8me g\u00e9n\u00e9ration. Membre de l'IATSE depuis 1997, elle est titulaire d'une carte de machiniste au sein de la section 471 et a occup\u00e9 les fonctions de vice-pr\u00e9sidente de la garde-robe et d'assistante de l'agent commercial de la section 471. Elle si\u00e8ge \u00e9galement au comit\u00e9 d'engagement politique de la section 471, au comit\u00e9 des femmes et au comit\u00e9 de la fiert\u00e9.\u00a0<\/p>\n<!-- \/wp:paragraph --><!-- wp:paragraph -->\n<p><a href=\"https:\/\/iatse.net\/fr\/2023-member-census\/\"><span style=\"text-decoration: underline;\"><strong>Cliquez ici pour retourner \u00e0 la bo\u00eete \u00e0 outils du recensement des membres 2023.<\/strong><\/span><\/a><\/p>\n<!-- \/wp:paragraph -->\t\t\t\t\t\t<\/div>\n\t\t\t\t<\/div>\n\t\t\t\t\t<\/div>\n\t\t<\/div>\n\t\t\t\t\t<\/div>\n\t\t<\/section>\n\t\t\t\t<\/div>","protected":false},"excerpt":{"rendered":"<p>(elle\/il), est une Canadienne dominicaine multiraciale et une machiniste de deuxi\u00e8me g\u00e9n\u00e9ration. Membre de l'IATSE depuis 1997, elle est titulaire d'une carte de machiniste au sein de la section 471 et a \u00e9t\u00e9 [...]<\/p>","protected":false},"author":4,"featured_media":13662,"parent":13370,"menu_order":0,"comment_status":"closed","ping_status":"closed","template":"elementor_header_footer","meta":{"_acf_changed":false,"_monsterinsights_skip_tracking":false,"_monsterinsights_sitenote_active":false,"_monsterinsights_sitenote_note":"","_monsterinsights_sitenote_category":0,"footnotes":""},"yoast_head":"<!-- This site is optimized with the Yoast SEO plugin v23.5 - https:\/\/yoast.com\/wordpress\/plugins\/seo\/ -->\n<title>Jonquil Garrick-Reynolds\u00a0\u00a0 - IATSE, The Union Behind Entertainment<\/title>\n<meta name=\"robots\" content=\"index, follow, max-snippet:-1, max-image-preview:large, max-video-preview:-1\" \/>\n<link rel=\"canonical\" href=\"https:\/\/iatse.net\/fr\/2023-member-census\/jonquil-garrick-reynolds\/\" \/>\n<meta property=\"og:locale\" content=\"fr_CA\" \/>\n<meta property=\"og:type\" content=\"article\" \/>\n<meta property=\"og:title\" content=\"Jonquil Garrick-Reynolds\u00a0\u00a0 - IATSE, The Union Behind Entertainment\" \/>\n<meta property=\"og:description\" content=\"(she\/her), is a multiracial Dominican-Canadian, and a second-generation female stagehand. As a wardrobe member of IATSE since 1997, she holds a Stagecraft card with Local 471 and has served as [&hellip;]\" \/>\n<meta property=\"og:url\" content=\"https:\/\/iatse.net\/fr\/2023-member-census\/jonquil-garrick-reynolds\/\" \/>\n<meta property=\"og:site_name\" content=\"IATSE\" \/>\n<meta property=\"article:modified_time\" content=\"2023-06-13T20:13:55+00:00\" \/>\n<meta property=\"og:image\" content=\"https:\/\/iatse.net\/wp-content\/uploads\/2023\/05\/Jonquil-Census-headshot-scaled.jpg\" \/>\n\t<meta property=\"og:image:width\" content=\"1536\" \/>\n\t<meta property=\"og:image:height\" content=\"2048\" \/>\n\t<meta property=\"og:image:type\" content=\"image\/jpeg\" \/>\n<meta name=\"twitter:card\" content=\"summary_large_image\" \/>\n<meta name=\"twitter:label1\" content=\"Estimation du temps de lecture\" \/>\n\t<meta name=\"twitter:data1\" content=\"1 minute\" \/>\n<script type=\"application\/ld+json\" class=\"yoast-schema-graph\">{\"@context\":\"https:\/\/schema.org\",\"@graph\":[{\"@type\":\"WebPage\",\"@id\":\"https:\/\/iatse.net\/2023-member-census\/jonquil-garrick-reynolds\/\",\"url\":\"https:\/\/iatse.net\/2023-member-census\/jonquil-garrick-reynolds\/\",\"name\":\"Jonquil Garrick-Reynolds\u00a0\u00a0 - IATSE, The Union Behind Entertainment\",\"isPartOf\":{\"@id\":\"https:\/\/iatse.net\/#website\"},\"primaryImageOfPage\":{\"@id\":\"https:\/\/iatse.net\/2023-member-census\/jonquil-garrick-reynolds\/#primaryimage\"},\"image\":{\"@id\":\"https:\/\/iatse.net\/2023-member-census\/jonquil-garrick-reynolds\/#primaryimage\"},\"thumbnailUrl\":\"https:\/\/iatse.net\/wp-content\/uploads\/2023\/05\/Jonquil-Census-headshot-scaled.jpg\",\"datePublished\":\"2023-05-26T17:30:40+00:00\",\"dateModified\":\"2023-06-13T20:13:55+00:00\",\"breadcrumb\":{\"@id\":\"https:\/\/iatse.net\/2023-member-census\/jonquil-garrick-reynolds\/#breadcrumb\"},\"inLanguage\":\"fr-CA\",\"potentialAction\":[{\"@type\":\"ReadAction\",\"target\":[\"https:\/\/iatse.net\/2023-member-census\/jonquil-garrick-reynolds\/\"]}]},{\"@type\":\"ImageObject\",\"inLanguage\":\"fr-CA\",\"@id\":\"https:\/\/iatse.net\/2023-member-census\/jonquil-garrick-reynolds\/#primaryimage\",\"url\":\"https:\/\/iatse.net\/wp-content\/uploads\/2023\/05\/Jonquil-Census-headshot-scaled.jpg\",\"contentUrl\":\"https:\/\/iatse.net\/wp-content\/uploads\/2023\/05\/Jonquil-Census-headshot-scaled.jpg\",\"width\":1536,\"height\":2048},{\"@type\":\"BreadcrumbList\",\"@id\":\"https:\/\/iatse.net\/2023-member-census\/jonquil-garrick-reynolds\/#breadcrumb\",\"itemListElement\":[{\"@type\":\"ListItem\",\"position\":1,\"name\":\"Home\",\"item\":\"https:\/\/iatse.net\/\"},{\"@type\":\"ListItem\",\"position\":2,\"name\":\"2023 Member Census Toolkit\",\"item\":\"https:\/\/iatse.net\/2023-member-census\/\"},{\"@type\":\"ListItem\",\"position\":3,\"name\":\"Jonquil Garrick-Reynolds\u00a0\u00a0\"}]},{\"@type\":\"WebSite\",\"@id\":\"https:\/\/iatse.net\/#website\",\"url\":\"https:\/\/iatse.net\/\",\"name\":\"IATSE\",\"description\":\"The Union Behind Entertainment\",\"publisher\":{\"@id\":\"https:\/\/iatse.net\/#organization\"},\"potentialAction\":[{\"@type\":\"SearchAction\",\"target\":{\"@type\":\"EntryPoint\",\"urlTemplate\":\"https:\/\/iatse.net\/?s={search_term_string}\"},\"query-input\":{\"@type\":\"PropertyValueSpecification\",\"valueRequired\":true,\"valueName\":\"search_term_string\"}}],\"inLanguage\":\"fr-CA\"},{\"@type\":\"Organization\",\"@id\":\"https:\/\/iatse.net\/#organization\",\"name\":\"IATSE\",\"url\":\"https:\/\/iatse.net\/\",\"logo\":{\"@type\":\"ImageObject\",\"inLanguage\":\"fr-CA\",\"@id\":\"https:\/\/iatse.net\/#\/schema\/logo\/image\/\",\"url\":\"https:\/\/iatse.net\/wp-content\/uploads\/2021\/03\/IATSE_Logo_White.png\",\"contentUrl\":\"https:\/\/iatse.net\/wp-content\/uploads\/2021\/03\/IATSE_Logo_White.png\",\"width\":2100,\"height\":1987,\"caption\":\"IATSE\"},\"image\":{\"@id\":\"https:\/\/iatse.net\/#\/schema\/logo\/image\/\"}}]}<\/script>\n<!-- \/ Yoast SEO plugin. -->","yoast_head_json":{"title":"Jonquil Garrick-Reynolds\u00a0\u00a0 - IATSE, The Union Behind Entertainment","robots":{"index":"index","follow":"follow","max-snippet":"max-snippet:-1","max-image-preview":"max-image-preview:large","max-video-preview":"max-video-preview:-1"},"canonical":"https:\/\/iatse.net\/fr\/2023-member-census\/jonquil-garrick-reynolds\/","og_locale":"fr_CA","og_type":"article","og_title":"Jonquil Garrick-Reynolds\u00a0\u00a0 - IATSE, The Union Behind Entertainment","og_description":"(she\/her), is a multiracial Dominican-Canadian, and a second-generation female stagehand. As a wardrobe member of IATSE since 1997, she holds a Stagecraft card with Local 471 and has served as [&hellip;]","og_url":"https:\/\/iatse.net\/fr\/2023-member-census\/jonquil-garrick-reynolds\/","og_site_name":"IATSE","article_modified_time":"2023-06-13T20:13:55+00:00","og_image":[{"width":1536,"height":2048,"url":"https:\/\/iatse.net\/wp-content\/uploads\/2023\/05\/Jonquil-Census-headshot-scaled.jpg","type":"image\/jpeg"}],"twitter_card":"summary_large_image","twitter_misc":{"Estimation du temps de lecture":"1 minute"},"schema":{"@context":"https:\/\/schema.org","@graph":[{"@type":"WebPage","@id":"https:\/\/iatse.net\/2023-member-census\/jonquil-garrick-reynolds\/","url":"https:\/\/iatse.net\/2023-member-census\/jonquil-garrick-reynolds\/","name":"Jonquil Garrick-Reynolds\u00a0\u00a0 - IATSE, The Union Behind Entertainment","isPartOf":{"@id":"https:\/\/iatse.net\/#website"},"primaryImageOfPage":{"@id":"https:\/\/iatse.net\/2023-member-census\/jonquil-garrick-reynolds\/#primaryimage"},"image":{"@id":"https:\/\/iatse.net\/2023-member-census\/jonquil-garrick-reynolds\/#primaryimage"},"thumbnailUrl":"https:\/\/iatse.net\/wp-content\/uploads\/2023\/05\/Jonquil-Census-headshot-scaled.jpg","datePublished":"2023-05-26T17:30:40+00:00","dateModified":"2023-06-13T20:13:55+00:00","breadcrumb":{"@id":"https:\/\/iatse.net\/2023-member-census\/jonquil-garrick-reynolds\/#breadcrumb"},"inLanguage":"fr-CA","potentialAction":[{"@type":"ReadAction","target":["https:\/\/iatse.net\/2023-member-census\/jonquil-garrick-reynolds\/"]}]},{"@type":"ImageObject","inLanguage":"fr-CA","@id":"https:\/\/iatse.net\/2023-member-census\/jonquil-garrick-reynolds\/#primaryimage","url":"https:\/\/iatse.net\/wp-content\/uploads\/2023\/05\/Jonquil-Census-headshot-scaled.jpg","contentUrl":"https:\/\/iatse.net\/wp-content\/uploads\/2023\/05\/Jonquil-Census-headshot-scaled.jpg","width":1536,"height":2048},{"@type":"BreadcrumbList","@id":"https:\/\/iatse.net\/2023-member-census\/jonquil-garrick-reynolds\/#breadcrumb","itemListElement":[{"@type":"ListItem","position":1,"name":"Home","item":"https:\/\/iatse.net\/"},{"@type":"ListItem","position":2,"name":"2023 Member Census Toolkit","item":"https:\/\/iatse.net\/2023-member-census\/"},{"@type":"ListItem","position":3,"name":"Jonquil Garrick-Reynolds\u00a0\u00a0"}]},{"@type":"WebSite","@id":"https:\/\/iatse.net\/#website","url":"https:\/\/iatse.net\/","name":"IATSE","description":"The Union Behind Entertainment","publisher":{"@id":"https:\/\/iatse.net\/#organization"},"potentialAction":[{"@type":"SearchAction","target":{"@type":"EntryPoint","urlTemplate":"https:\/\/iatse.net\/?s={search_term_string}"},"query-input":{"@type":"PropertyValueSpecification","valueRequired":true,"valueName":"search_term_string"}}],"inLanguage":"fr-CA"},{"@type":"Organization","@id":"https:\/\/iatse.net\/#organization","name":"IATSE","url":"https:\/\/iatse.net\/","logo":{"@type":"ImageObject","inLanguage":"fr-CA","@id":"https:\/\/iatse.net\/#\/schema\/logo\/image\/","url":"https:\/\/iatse.net\/wp-content\/uploads\/2021\/03\/IATSE_Logo_White.png","contentUrl":"https:\/\/iatse.net\/wp-content\/uploads\/2021\/03\/IATSE_Logo_White.png","width":2100,"height":1987,"caption":"IATSE"},"image":{"@id":"https:\/\/iatse.net\/#\/schema\/logo\/image\/"}}]}},"acf":[],"_links":{"self":[{"href":"https:\/\/iatse.net\/fr\/wp-json\/wp\/v2\/pages\/13637"}],"collection":[{"href":"https:\/\/iatse.net\/fr\/wp-json\/wp\/v2\/pages"}],"about":[{"href":"https:\/\/iatse.net\/fr\/wp-json\/wp\/v2\/types\/page"}],"author":[{"embeddable":true,"href":"https:\/\/iatse.net\/fr\/wp-json\/wp\/v2\/users\/4"}],"replies":[{"embeddable":true,"href":"https:\/\/iatse.net\/fr\/wp-json\/wp\/v2\/comments?post=13637"}],"version-history":[{"count":8,"href":"https:\/\/iatse.net\/fr\/wp-json\/wp\/v2\/pages\/13637\/revisions"}],"predecessor-version":[{"id":14000,"href":"https:\/\/iatse.net\/fr\/wp-json\/wp\/v2\/pages\/13637\/revisions\/14000"}],"up":[{"embeddable":true,"href":"https:\/\/iatse.net\/fr\/wp-json\/wp\/v2\/pages\/13370"}],"wp:featuredmedia":[{"embeddable":true,"href":"https:\/\/iatse.net\/fr\/wp-json\/wp\/v2\/media\/13662"}],"wp:attachment":[{"href":"https:\/\/iatse.net\/fr\/wp-json\/wp\/v2\/media?parent=13637"}],"curies":[{"name":"wp","href":"https:\/\/api.w.org\/{rel}","templated":true}]}}