{"id":13635,"date":"2023-05-26T13:29:34","date_gmt":"2023-05-26T17:29:34","guid":{"rendered":"https:\/\/iatse.net\/?page_id=13635"},"modified":"2023-05-30T08:48:08","modified_gmt":"2023-05-30T12:48:08","slug":"donald-a-morgan","status":"publish","type":"page","link":"https:\/\/iatse.net\/fr\/2023-member-census\/donald-a-morgan\/","title":{"rendered":"Donald A. Morgan"},"content":{"rendered":"<p>En tant que directeur de la photographie et concepteur d'\u00e9clairage, entre autres, la vision artistique, la conception d'\u00e9clairage et les comp\u00e9tences techniques de Donald (Don) A. Morgan ont marqu\u00e9 les 35 derni\u00e8res ann\u00e9es de la t\u00e9l\u00e9vision am\u00e9ricaine. Apr\u00e8s avoir d\u00e9but\u00e9 en tant qu'\u00e9clairagiste sur des s\u00e9ries \u00e0 succ\u00e8s des ann\u00e9es 70 comme Maude et One Day at a Time, il est devenu directeur de l'\u00e9clairage et directeur de la photographie sur Good Times, The Jeffersons, Three's Company, Silver Spoons, Gloria, The Facts of Life, Golden Girls, Home Improvement, Wife and Kids, Girlfriends, Malibu Country\" et \"Last Man Standing\" (pour n'en citer que quelques-unes), Don a franchi des barri\u00e8res dans l'industrie et a ouvert la voie \u00e0 de nombreux autres. Il a \u00e9t\u00e9 l'un des premiers directeurs de l'\u00e9clairage afro-am\u00e9ricains \u00e0 travailler pour une grande cha\u00eene au d\u00e9but des ann\u00e9es 80. Il a ignor\u00e9 la vision limit\u00e9e de l'industrie sur les directeurs de la photographie de t\u00e9l\u00e9vision et a tourn\u00e9 avec succ\u00e8s des films et des projets de r\u00e9compenses et d'\u00e9missions de vari\u00e9t\u00e9s. Il a fa\u00e7onn\u00e9 la majorit\u00e9 des s\u00e9ries t\u00e9l\u00e9vis\u00e9es populaires avec lesquelles la g\u00e9n\u00e9ration X a grandi, ainsi que les \u00e9missions \u00e0 succ\u00e8s d'aujourd'hui.&nbsp;<\/p>\n\n\n\n<p>En 1985, Don a remport\u00e9 11 Emmy Awards, dont un pour le pilote\/la s\u00e9rie, partag\u00e9 avec George Spiro Debie, ASC \" Mr. Belvedere \", premier Emmy Award, pour une conception d'\u00e9clairage exceptionnelle dans une s\u00e9rie nocturne. Don a ensuite remport\u00e9 huit autres Emmy Awards pour son travail sur Home Improvement et trois pour la s\u00e9rie Netflix The Ranch. Il a \u00e9galement \u00e9t\u00e9 nomm\u00e9 par ses pairs de la Television Academy 23 Emmys pour son travail sur Girlfriends, Baghdad Caf\u00e9, Saved By the Bell et Home Improvement et \"The Ranch\". The Conners, The Upshaws, pour n'en citer que quelques-unes.&nbsp;<\/p>\n\n\n\n<p>Ne se laissant pas limiter par le st\u00e9r\u00e9otype selon lequel les \"directeurs de la photographie de t\u00e9l\u00e9vision\" ne sont utiles qu'\u00e0 la t\u00e9l\u00e9vision, Don a \u00e9galement tourn\u00e9 le programme annuel de deux heures des NAACP IMAGE Awards au Kodak, au Shrine et au Dorthy Chandler Theatres chaque ann\u00e9e entre 2001 et 2011, ainsi que des \u00e9missions de vari\u00e9t\u00e9s, des productions MTV et des longs m\u00e9trages qu'il r\u00e9alise pendant l'\u00e9t\u00e9. Il a voyag\u00e9 dans le monde entier pour Sony International Pictures afin de donner des conseils sur la t\u00e9l\u00e9vision haute d\u00e9finition ; il a \u00e9galement \u00e9t\u00e9 le premier \u00e0 r\u00e9aliser une sitcom Hi Def \u00e0 quatre cam\u00e9ras. Ses projets cin\u00e9matographiques les plus r\u00e9cents comprennent le court m\u00e9trage narratif Lopez and Lopez pour NBC, et The Conners ABC&nbsp;<\/p>\n\n\n\n<p>Don repousse constamment l'enveloppe des chandelles de pied dans ce m\u00e9dium. Les fabricants d'objectifs et de filtres ont d\u00fb \u00e9voluer pour s'adapter \u00e0 des niveaux de lumi\u00e8re plus faibles, ce qui permet d'obtenir des effets atmosph\u00e9riques dans des configurations \u00e0 quatre cam\u00e9ras. L'innovation de Morgan en mati\u00e8re d'\u00e9clairage, le \"bounce front fill\", est devenue une norme dans l'industrie. Ce type de lumi\u00e8re est devenu de rigueur.&nbsp;<\/p>\n\n\n\n<p>En 2020, Don a re\u00e7u le prix ASC Career Achievement in Television et en 2022, il a \u00e9t\u00e9 intronis\u00e9 au Television Academy's Hall of Fame. Il est actuellement copr\u00e9sident du comit\u00e9 DEI de la section locale 600 de l'International Cinematographers Guild.<\/p>\n\n\n\n<p><a href=\"https:\/\/stg-iatse-staging5.kinsta.cloud\/2023-member-census\/\">Cliquez ici pour retourner \u00e0 la bo\u00eete \u00e0 outils du recensement des membres 2023.<\/a><\/p>","protected":false},"excerpt":{"rendered":"<p>En tant que directeur de la photographie et concepteur d'\u00e9clairage, entre autres, la vision artistique, la conception d'\u00e9clairage et les comp\u00e9tences techniques de Donald (Don) A. Morgan ont marqu\u00e9 les 35 derni\u00e8res ann\u00e9es [...]<\/p>","protected":false},"author":4,"featured_media":13659,"parent":13370,"menu_order":0,"comment_status":"closed","ping_status":"closed","template":"","meta":{"_acf_changed":false,"_monsterinsights_skip_tracking":false,"_monsterinsights_sitenote_active":false,"_monsterinsights_sitenote_note":"","_monsterinsights_sitenote_category":0,"footnotes":""},"yoast_head":"<!-- This site is optimized with the Yoast SEO plugin v23.5 - https:\/\/yoast.com\/wordpress\/plugins\/seo\/ -->\n<title>Donald A. Morgan - IATSE, The Union Behind Entertainment<\/title>\n<meta name=\"robots\" content=\"index, follow, max-snippet:-1, max-image-preview:large, max-video-preview:-1\" \/>\n<link rel=\"canonical\" href=\"https:\/\/iatse.net\/fr\/2023-member-census\/donald-a-morgan\/\" \/>\n<meta property=\"og:locale\" content=\"fr_CA\" \/>\n<meta property=\"og:type\" content=\"article\" \/>\n<meta property=\"og:title\" content=\"Donald A. Morgan - IATSE, The Union Behind Entertainment\" \/>\n<meta property=\"og:description\" content=\"As Director of Photography and Lighting Designer, among other roles, Donald (Don) A. Morgan\u2019s artistic vision, lighting design and technical skills have made a mark on the last 35 years [&hellip;]\" \/>\n<meta property=\"og:url\" content=\"https:\/\/iatse.net\/fr\/2023-member-census\/donald-a-morgan\/\" \/>\n<meta property=\"og:site_name\" content=\"IATSE\" \/>\n<meta property=\"article:modified_time\" content=\"2023-05-30T12:48:08+00:00\" \/>\n<meta property=\"og:image\" content=\"https:\/\/iatse.net\/wp-content\/uploads\/2023\/05\/Donald-A-Morgan-scaled.jpg\" \/>\n\t<meta property=\"og:image:width\" content=\"2048\" \/>\n\t<meta property=\"og:image:height\" content=\"1536\" \/>\n\t<meta property=\"og:image:type\" content=\"image\/jpeg\" \/>\n<meta name=\"twitter:card\" content=\"summary_large_image\" \/>\n<meta name=\"twitter:label1\" content=\"Estimation du temps de lecture\" \/>\n\t<meta name=\"twitter:data1\" content=\"3 minutes\" \/>\n<script type=\"application\/ld+json\" class=\"yoast-schema-graph\">{\"@context\":\"https:\/\/schema.org\",\"@graph\":[{\"@type\":\"WebPage\",\"@id\":\"https:\/\/iatse.net\/2023-member-census\/donald-a-morgan\/\",\"url\":\"https:\/\/iatse.net\/2023-member-census\/donald-a-morgan\/\",\"name\":\"Donald A. Morgan - IATSE, The Union Behind Entertainment\",\"isPartOf\":{\"@id\":\"https:\/\/iatse.net\/#website\"},\"primaryImageOfPage\":{\"@id\":\"https:\/\/iatse.net\/2023-member-census\/donald-a-morgan\/#primaryimage\"},\"image\":{\"@id\":\"https:\/\/iatse.net\/2023-member-census\/donald-a-morgan\/#primaryimage\"},\"thumbnailUrl\":\"https:\/\/iatse.net\/wp-content\/uploads\/2023\/05\/Donald-A-Morgan-scaled.jpg\",\"datePublished\":\"2023-05-26T17:29:34+00:00\",\"dateModified\":\"2023-05-30T12:48:08+00:00\",\"breadcrumb\":{\"@id\":\"https:\/\/iatse.net\/2023-member-census\/donald-a-morgan\/#breadcrumb\"},\"inLanguage\":\"fr-CA\",\"potentialAction\":[{\"@type\":\"ReadAction\",\"target\":[\"https:\/\/iatse.net\/2023-member-census\/donald-a-morgan\/\"]}]},{\"@type\":\"ImageObject\",\"inLanguage\":\"fr-CA\",\"@id\":\"https:\/\/iatse.net\/2023-member-census\/donald-a-morgan\/#primaryimage\",\"url\":\"https:\/\/iatse.net\/wp-content\/uploads\/2023\/05\/Donald-A-Morgan-scaled.jpg\",\"contentUrl\":\"https:\/\/iatse.net\/wp-content\/uploads\/2023\/05\/Donald-A-Morgan-scaled.jpg\",\"width\":2048,\"height\":1536},{\"@type\":\"BreadcrumbList\",\"@id\":\"https:\/\/iatse.net\/2023-member-census\/donald-a-morgan\/#breadcrumb\",\"itemListElement\":[{\"@type\":\"ListItem\",\"position\":1,\"name\":\"Home\",\"item\":\"https:\/\/iatse.net\/\"},{\"@type\":\"ListItem\",\"position\":2,\"name\":\"2023 Member Census Toolkit\",\"item\":\"https:\/\/iatse.net\/2023-member-census\/\"},{\"@type\":\"ListItem\",\"position\":3,\"name\":\"Donald A. Morgan\"}]},{\"@type\":\"WebSite\",\"@id\":\"https:\/\/iatse.net\/#website\",\"url\":\"https:\/\/iatse.net\/\",\"name\":\"IATSE\",\"description\":\"The Union Behind Entertainment\",\"publisher\":{\"@id\":\"https:\/\/iatse.net\/#organization\"},\"potentialAction\":[{\"@type\":\"SearchAction\",\"target\":{\"@type\":\"EntryPoint\",\"urlTemplate\":\"https:\/\/iatse.net\/?s={search_term_string}\"},\"query-input\":{\"@type\":\"PropertyValueSpecification\",\"valueRequired\":true,\"valueName\":\"search_term_string\"}}],\"inLanguage\":\"fr-CA\"},{\"@type\":\"Organization\",\"@id\":\"https:\/\/iatse.net\/#organization\",\"name\":\"IATSE\",\"url\":\"https:\/\/iatse.net\/\",\"logo\":{\"@type\":\"ImageObject\",\"inLanguage\":\"fr-CA\",\"@id\":\"https:\/\/iatse.net\/#\/schema\/logo\/image\/\",\"url\":\"https:\/\/iatse.net\/wp-content\/uploads\/2021\/03\/IATSE_Logo_White.png\",\"contentUrl\":\"https:\/\/iatse.net\/wp-content\/uploads\/2021\/03\/IATSE_Logo_White.png\",\"width\":2100,\"height\":1987,\"caption\":\"IATSE\"},\"image\":{\"@id\":\"https:\/\/iatse.net\/#\/schema\/logo\/image\/\"}}]}<\/script>\n<!-- \/ Yoast SEO plugin. -->","yoast_head_json":{"title":"Donald A. Morgan - IATSE, The Union Behind Entertainment","robots":{"index":"index","follow":"follow","max-snippet":"max-snippet:-1","max-image-preview":"max-image-preview:large","max-video-preview":"max-video-preview:-1"},"canonical":"https:\/\/iatse.net\/fr\/2023-member-census\/donald-a-morgan\/","og_locale":"fr_CA","og_type":"article","og_title":"Donald A. Morgan - IATSE, The Union Behind Entertainment","og_description":"As Director of Photography and Lighting Designer, among other roles, Donald (Don) A. Morgan\u2019s artistic vision, lighting design and technical skills have made a mark on the last 35 years [&hellip;]","og_url":"https:\/\/iatse.net\/fr\/2023-member-census\/donald-a-morgan\/","og_site_name":"IATSE","article_modified_time":"2023-05-30T12:48:08+00:00","og_image":[{"width":2048,"height":1536,"url":"https:\/\/iatse.net\/wp-content\/uploads\/2023\/05\/Donald-A-Morgan-scaled.jpg","type":"image\/jpeg"}],"twitter_card":"summary_large_image","twitter_misc":{"Estimation du temps de lecture":"3 minutes"},"schema":{"@context":"https:\/\/schema.org","@graph":[{"@type":"WebPage","@id":"https:\/\/iatse.net\/2023-member-census\/donald-a-morgan\/","url":"https:\/\/iatse.net\/2023-member-census\/donald-a-morgan\/","name":"Donald A. Morgan - IATSE, The Union Behind Entertainment","isPartOf":{"@id":"https:\/\/iatse.net\/#website"},"primaryImageOfPage":{"@id":"https:\/\/iatse.net\/2023-member-census\/donald-a-morgan\/#primaryimage"},"image":{"@id":"https:\/\/iatse.net\/2023-member-census\/donald-a-morgan\/#primaryimage"},"thumbnailUrl":"https:\/\/iatse.net\/wp-content\/uploads\/2023\/05\/Donald-A-Morgan-scaled.jpg","datePublished":"2023-05-26T17:29:34+00:00","dateModified":"2023-05-30T12:48:08+00:00","breadcrumb":{"@id":"https:\/\/iatse.net\/2023-member-census\/donald-a-morgan\/#breadcrumb"},"inLanguage":"fr-CA","potentialAction":[{"@type":"ReadAction","target":["https:\/\/iatse.net\/2023-member-census\/donald-a-morgan\/"]}]},{"@type":"ImageObject","inLanguage":"fr-CA","@id":"https:\/\/iatse.net\/2023-member-census\/donald-a-morgan\/#primaryimage","url":"https:\/\/iatse.net\/wp-content\/uploads\/2023\/05\/Donald-A-Morgan-scaled.jpg","contentUrl":"https:\/\/iatse.net\/wp-content\/uploads\/2023\/05\/Donald-A-Morgan-scaled.jpg","width":2048,"height":1536},{"@type":"BreadcrumbList","@id":"https:\/\/iatse.net\/2023-member-census\/donald-a-morgan\/#breadcrumb","itemListElement":[{"@type":"ListItem","position":1,"name":"Home","item":"https:\/\/iatse.net\/"},{"@type":"ListItem","position":2,"name":"2023 Member Census Toolkit","item":"https:\/\/iatse.net\/2023-member-census\/"},{"@type":"ListItem","position":3,"name":"Donald A. Morgan"}]},{"@type":"WebSite","@id":"https:\/\/iatse.net\/#website","url":"https:\/\/iatse.net\/","name":"IATSE","description":"The Union Behind Entertainment","publisher":{"@id":"https:\/\/iatse.net\/#organization"},"potentialAction":[{"@type":"SearchAction","target":{"@type":"EntryPoint","urlTemplate":"https:\/\/iatse.net\/?s={search_term_string}"},"query-input":{"@type":"PropertyValueSpecification","valueRequired":true,"valueName":"search_term_string"}}],"inLanguage":"fr-CA"},{"@type":"Organization","@id":"https:\/\/iatse.net\/#organization","name":"IATSE","url":"https:\/\/iatse.net\/","logo":{"@type":"ImageObject","inLanguage":"fr-CA","@id":"https:\/\/iatse.net\/#\/schema\/logo\/image\/","url":"https:\/\/iatse.net\/wp-content\/uploads\/2021\/03\/IATSE_Logo_White.png","contentUrl":"https:\/\/iatse.net\/wp-content\/uploads\/2021\/03\/IATSE_Logo_White.png","width":2100,"height":1987,"caption":"IATSE"},"image":{"@id":"https:\/\/iatse.net\/#\/schema\/logo\/image\/"}}]}},"acf":[],"_links":{"self":[{"href":"https:\/\/iatse.net\/fr\/wp-json\/wp\/v2\/pages\/13635"}],"collection":[{"href":"https:\/\/iatse.net\/fr\/wp-json\/wp\/v2\/pages"}],"about":[{"href":"https:\/\/iatse.net\/fr\/wp-json\/wp\/v2\/types\/page"}],"author":[{"embeddable":true,"href":"https:\/\/iatse.net\/fr\/wp-json\/wp\/v2\/users\/4"}],"replies":[{"embeddable":true,"href":"https:\/\/iatse.net\/fr\/wp-json\/wp\/v2\/comments?post=13635"}],"version-history":[{"count":2,"href":"https:\/\/iatse.net\/fr\/wp-json\/wp\/v2\/pages\/13635\/revisions"}],"predecessor-version":[{"id":13675,"href":"https:\/\/iatse.net\/fr\/wp-json\/wp\/v2\/pages\/13635\/revisions\/13675"}],"up":[{"embeddable":true,"href":"https:\/\/iatse.net\/fr\/wp-json\/wp\/v2\/pages\/13370"}],"wp:featuredmedia":[{"embeddable":true,"href":"https:\/\/iatse.net\/fr\/wp-json\/wp\/v2\/media\/13659"}],"wp:attachment":[{"href":"https:\/\/iatse.net\/fr\/wp-json\/wp\/v2\/media?parent=13635"}],"curies":[{"name":"wp","href":"https:\/\/api.w.org\/{rel}","templated":true}]}}