{"id":13633,"date":"2023-05-26T13:29:02","date_gmt":"2023-05-26T17:29:02","guid":{"rendered":"https:\/\/iatse.net\/?page_id=13633"},"modified":"2023-06-13T16:16:45","modified_gmt":"2023-06-13T20:16:45","slug":"derek-st-pierre","status":"publish","type":"page","link":"https:\/\/iatse.net\/fr\/2023-member-census\/derek-st-pierre\/","title":{"rendered":"Derek St. Pierre\u00a0\u00a0"},"content":{"rendered":"<div data-elementor-type=\"wp-page\" data-elementor-id=\"13633\" class=\"elementor elementor-13633\">\n\t\t\t\t\t\t<section class=\"elementor-section elementor-top-section elementor-element elementor-element-8c3af6a elementor-section-boxed elementor-section-height-default elementor-section-height-default\" data-id=\"8c3af6a\" data-element_type=\"section\">\n\t\t\t\t\t\t<div class=\"elementor-container elementor-column-gap-default\">\n\t\t\t\t\t<div class=\"elementor-column elementor-col-100 elementor-top-column elementor-element elementor-element-d2ff11a\" data-id=\"d2ff11a\" data-element_type=\"column\">\n\t\t\t<div class=\"elementor-widget-wrap elementor-element-populated\">\n\t\t\t\t\t\t<div class=\"elementor-element elementor-element-b32421d elementor-widget elementor-widget-global elementor-global-726 elementor-widget-heading\" data-id=\"b32421d\" data-element_type=\"widget\" data-widget_type=\"heading.default\">\n\t\t\t\t<div class=\"elementor-widget-container\">\n\t\t\t<h2 class=\"elementor-heading-title elementor-size-default\">Derek St. Pierre\u00a0\u00a0<\/h2>\t\t<\/div>\n\t\t\t\t<\/div>\n\t\t\t\t<div class=\"elementor-element elementor-element-7a5b703 elementor-widget elementor-widget-theme-post-featured-image elementor-widget-image\" data-id=\"7a5b703\" data-element_type=\"widget\" data-widget_type=\"theme-post-featured-image.default\">\n\t\t\t\t<div class=\"elementor-widget-container\">\n\t\t\t\t\t\t\t\t\t\t\t\t\t<img fetchpriority=\"high\" decoding=\"async\" width=\"683\" height=\"1024\" src=\"https:\/\/iatse.net\/wp-content\/uploads\/2023\/05\/Derek-StPierre-Headshot-10MB-683x1024.jpg\" class=\"attachment-large size-large wp-image-13657\" alt=\"\" srcset=\"https:\/\/iatse.net\/wp-content\/uploads\/2023\/05\/Derek-StPierre-Headshot-10MB-683x1024.jpg 683w, https:\/\/iatse.net\/wp-content\/uploads\/2023\/05\/Derek-StPierre-Headshot-10MB-200x300.jpg 200w, https:\/\/iatse.net\/wp-content\/uploads\/2023\/05\/Derek-StPierre-Headshot-10MB-768x1151.jpg 768w, https:\/\/iatse.net\/wp-content\/uploads\/2023\/05\/Derek-StPierre-Headshot-10MB-1025x1536.jpg 1025w, https:\/\/iatse.net\/wp-content\/uploads\/2023\/05\/Derek-StPierre-Headshot-10MB-scaled.jpg 1367w, https:\/\/iatse.net\/wp-content\/uploads\/2023\/05\/Derek-StPierre-Headshot-10MB-8x12.jpg 8w\" sizes=\"(max-width: 683px) 100vw, 683px\" \/>\t\t\t\t\t\t\t\t\t\t\t\t\t<\/div>\n\t\t\t\t<\/div>\n\t\t\t\t<div class=\"elementor-element elementor-element-64ae6e39 elementor-widget elementor-widget-text-editor\" data-id=\"64ae6e39\" data-element_type=\"widget\" data-widget_type=\"text-editor.default\">\n\t\t\t\t<div class=\"elementor-widget-container\">\n\t\t\t\t\t\t\t<!-- wp:paragraph -->\n<p>(il\/ils) est costumier et superviseur \u00e0 Pittsburgh et est membre de la section locale 489 depuis 2016. Il est actuellement administrateur de la section locale 489 et a \u00e9t\u00e9 pr\u00e9sident du comit\u00e9 de la diversit\u00e9. Derek a une formation th\u00e9\u00e2trale et est un ancien membre de l'Actors Equity Association, au cours de laquelle il a jou\u00e9 \u00e0 Broadway et effectu\u00e9 des tourn\u00e9es nationales.&nbsp;<\/p>\n<!-- \/wp:paragraph -->\n\n<!-- wp:paragraph -->\n<p>Derek est issu d'une famille fi\u00e8re d'\u00eatre syndiqu\u00e9e et a pu constater de premi\u00e8re main comment un syndicat peut prot\u00e9ger et soutenir ses travailleurs. Passionn\u00e9 par la d\u00e9fense des travailleurs et la justice sociale, Derek est impatient d'\u00e9tendre les avantages de l'\u00e9quit\u00e9 \u00e0 tous les membres de l'IATSE gr\u00e2ce au travail de la commission DEI, en particulier aux membres sous-repr\u00e9sent\u00e9s et \u00e0 la communaut\u00e9 homosexuelle de l'IATSE.&nbsp;<\/p>\n<!-- \/wp:paragraph -->\n\n<!-- wp:paragraph -->\n<p><a href=\"https:\/\/stg-iatse-staging5.kinsta.cloud\/2023-member-census\/\"><strong>Cl<\/strong><\/a><a href=\"https:\/\/iatse.net\/fr\/2023-member-census\/\"><strong>Cliquez ici pour revenir \u00e0 la bo\u00eete \u00e0 outils du recensement des membres 2023.<\/strong><\/a><\/p>\n<!-- \/wp:paragraph -->\t\t\t\t\t\t<\/div>\n\t\t\t\t<\/div>\n\t\t\t\t\t<\/div>\n\t\t<\/div>\n\t\t\t\t\t<\/div>\n\t\t<\/section>\n\t\t\t\t<\/div>","protected":false},"excerpt":{"rendered":"<p>(il\/ils) est costumier et superviseur \u00e0 Pittsburgh et est membre de la section locale 489 depuis 2016. Il est actuellement administrateur de la section locale 489 et a \u00e9t\u00e9 [...]<\/p>","protected":false},"author":4,"featured_media":13657,"parent":13370,"menu_order":0,"comment_status":"closed","ping_status":"closed","template":"elementor_header_footer","meta":{"_acf_changed":false,"_monsterinsights_skip_tracking":false,"_monsterinsights_sitenote_active":false,"_monsterinsights_sitenote_note":"","_monsterinsights_sitenote_category":0,"footnotes":""},"yoast_head":"<!-- This site is optimized with the Yoast SEO plugin v23.5 - https:\/\/yoast.com\/wordpress\/plugins\/seo\/ -->\n<title>Derek St. Pierre\u00a0\u00a0 - IATSE, The Union Behind Entertainment<\/title>\n<meta name=\"robots\" content=\"index, follow, max-snippet:-1, max-image-preview:large, max-video-preview:-1\" \/>\n<link rel=\"canonical\" href=\"https:\/\/iatse.net\/fr\/2023-member-census\/derek-st-pierre\/\" \/>\n<meta property=\"og:locale\" content=\"fr_CA\" \/>\n<meta property=\"og:type\" content=\"article\" \/>\n<meta property=\"og:title\" content=\"Derek St. Pierre\u00a0\u00a0 - IATSE, The Union Behind Entertainment\" \/>\n<meta property=\"og:description\" content=\"(he\/they) is a Costumer and Supervisor from Pittsburgh and has been a member of Local 489 since 2016. They currently serve as a Trustee for Local 489 and formerly served [&hellip;]\" \/>\n<meta property=\"og:url\" content=\"https:\/\/iatse.net\/fr\/2023-member-census\/derek-st-pierre\/\" \/>\n<meta property=\"og:site_name\" content=\"IATSE\" \/>\n<meta property=\"article:modified_time\" content=\"2023-06-13T20:16:45+00:00\" \/>\n<meta property=\"og:image\" content=\"https:\/\/iatse.net\/wp-content\/uploads\/2023\/05\/Derek-StPierre-Headshot-10MB-scaled.jpg\" \/>\n\t<meta property=\"og:image:width\" content=\"1367\" \/>\n\t<meta property=\"og:image:height\" content=\"2048\" \/>\n\t<meta property=\"og:image:type\" content=\"image\/jpeg\" \/>\n<meta name=\"twitter:card\" content=\"summary_large_image\" \/>\n<meta name=\"twitter:label1\" content=\"Estimation du temps de lecture\" \/>\n\t<meta name=\"twitter:data1\" content=\"1 minute\" \/>\n<script type=\"application\/ld+json\" class=\"yoast-schema-graph\">{\"@context\":\"https:\/\/schema.org\",\"@graph\":[{\"@type\":\"WebPage\",\"@id\":\"https:\/\/iatse.net\/2023-member-census\/derek-st-pierre\/\",\"url\":\"https:\/\/iatse.net\/2023-member-census\/derek-st-pierre\/\",\"name\":\"Derek St. Pierre\u00a0\u00a0 - IATSE, The Union Behind Entertainment\",\"isPartOf\":{\"@id\":\"https:\/\/iatse.net\/#website\"},\"primaryImageOfPage\":{\"@id\":\"https:\/\/iatse.net\/2023-member-census\/derek-st-pierre\/#primaryimage\"},\"image\":{\"@id\":\"https:\/\/iatse.net\/2023-member-census\/derek-st-pierre\/#primaryimage\"},\"thumbnailUrl\":\"https:\/\/iatse.net\/wp-content\/uploads\/2023\/05\/Derek-StPierre-Headshot-10MB-scaled.jpg\",\"datePublished\":\"2023-05-26T17:29:02+00:00\",\"dateModified\":\"2023-06-13T20:16:45+00:00\",\"breadcrumb\":{\"@id\":\"https:\/\/iatse.net\/2023-member-census\/derek-st-pierre\/#breadcrumb\"},\"inLanguage\":\"fr-CA\",\"potentialAction\":[{\"@type\":\"ReadAction\",\"target\":[\"https:\/\/iatse.net\/2023-member-census\/derek-st-pierre\/\"]}]},{\"@type\":\"ImageObject\",\"inLanguage\":\"fr-CA\",\"@id\":\"https:\/\/iatse.net\/2023-member-census\/derek-st-pierre\/#primaryimage\",\"url\":\"https:\/\/iatse.net\/wp-content\/uploads\/2023\/05\/Derek-StPierre-Headshot-10MB-scaled.jpg\",\"contentUrl\":\"https:\/\/iatse.net\/wp-content\/uploads\/2023\/05\/Derek-StPierre-Headshot-10MB-scaled.jpg\",\"width\":1367,\"height\":2048},{\"@type\":\"BreadcrumbList\",\"@id\":\"https:\/\/iatse.net\/2023-member-census\/derek-st-pierre\/#breadcrumb\",\"itemListElement\":[{\"@type\":\"ListItem\",\"position\":1,\"name\":\"Home\",\"item\":\"https:\/\/iatse.net\/\"},{\"@type\":\"ListItem\",\"position\":2,\"name\":\"2023 Member Census Toolkit\",\"item\":\"https:\/\/iatse.net\/2023-member-census\/\"},{\"@type\":\"ListItem\",\"position\":3,\"name\":\"Derek St. Pierre\u00a0\u00a0\"}]},{\"@type\":\"WebSite\",\"@id\":\"https:\/\/iatse.net\/#website\",\"url\":\"https:\/\/iatse.net\/\",\"name\":\"IATSE\",\"description\":\"The Union Behind Entertainment\",\"publisher\":{\"@id\":\"https:\/\/iatse.net\/#organization\"},\"potentialAction\":[{\"@type\":\"SearchAction\",\"target\":{\"@type\":\"EntryPoint\",\"urlTemplate\":\"https:\/\/iatse.net\/?s={search_term_string}\"},\"query-input\":{\"@type\":\"PropertyValueSpecification\",\"valueRequired\":true,\"valueName\":\"search_term_string\"}}],\"inLanguage\":\"fr-CA\"},{\"@type\":\"Organization\",\"@id\":\"https:\/\/iatse.net\/#organization\",\"name\":\"IATSE\",\"url\":\"https:\/\/iatse.net\/\",\"logo\":{\"@type\":\"ImageObject\",\"inLanguage\":\"fr-CA\",\"@id\":\"https:\/\/iatse.net\/#\/schema\/logo\/image\/\",\"url\":\"https:\/\/iatse.net\/wp-content\/uploads\/2021\/03\/IATSE_Logo_White.png\",\"contentUrl\":\"https:\/\/iatse.net\/wp-content\/uploads\/2021\/03\/IATSE_Logo_White.png\",\"width\":2100,\"height\":1987,\"caption\":\"IATSE\"},\"image\":{\"@id\":\"https:\/\/iatse.net\/#\/schema\/logo\/image\/\"}}]}<\/script>\n<!-- \/ Yoast SEO plugin. -->","yoast_head_json":{"title":"Derek St. Pierre\u00a0\u00a0 - IATSE, The Union Behind Entertainment","robots":{"index":"index","follow":"follow","max-snippet":"max-snippet:-1","max-image-preview":"max-image-preview:large","max-video-preview":"max-video-preview:-1"},"canonical":"https:\/\/iatse.net\/fr\/2023-member-census\/derek-st-pierre\/","og_locale":"fr_CA","og_type":"article","og_title":"Derek St. Pierre\u00a0\u00a0 - IATSE, The Union Behind Entertainment","og_description":"(he\/they) is a Costumer and Supervisor from Pittsburgh and has been a member of Local 489 since 2016. They currently serve as a Trustee for Local 489 and formerly served [&hellip;]","og_url":"https:\/\/iatse.net\/fr\/2023-member-census\/derek-st-pierre\/","og_site_name":"IATSE","article_modified_time":"2023-06-13T20:16:45+00:00","og_image":[{"width":1367,"height":2048,"url":"https:\/\/iatse.net\/wp-content\/uploads\/2023\/05\/Derek-StPierre-Headshot-10MB-scaled.jpg","type":"image\/jpeg"}],"twitter_card":"summary_large_image","twitter_misc":{"Estimation du temps de lecture":"1 minute"},"schema":{"@context":"https:\/\/schema.org","@graph":[{"@type":"WebPage","@id":"https:\/\/iatse.net\/2023-member-census\/derek-st-pierre\/","url":"https:\/\/iatse.net\/2023-member-census\/derek-st-pierre\/","name":"Derek St. Pierre\u00a0\u00a0 - IATSE, The Union Behind Entertainment","isPartOf":{"@id":"https:\/\/iatse.net\/#website"},"primaryImageOfPage":{"@id":"https:\/\/iatse.net\/2023-member-census\/derek-st-pierre\/#primaryimage"},"image":{"@id":"https:\/\/iatse.net\/2023-member-census\/derek-st-pierre\/#primaryimage"},"thumbnailUrl":"https:\/\/iatse.net\/wp-content\/uploads\/2023\/05\/Derek-StPierre-Headshot-10MB-scaled.jpg","datePublished":"2023-05-26T17:29:02+00:00","dateModified":"2023-06-13T20:16:45+00:00","breadcrumb":{"@id":"https:\/\/iatse.net\/2023-member-census\/derek-st-pierre\/#breadcrumb"},"inLanguage":"fr-CA","potentialAction":[{"@type":"ReadAction","target":["https:\/\/iatse.net\/2023-member-census\/derek-st-pierre\/"]}]},{"@type":"ImageObject","inLanguage":"fr-CA","@id":"https:\/\/iatse.net\/2023-member-census\/derek-st-pierre\/#primaryimage","url":"https:\/\/iatse.net\/wp-content\/uploads\/2023\/05\/Derek-StPierre-Headshot-10MB-scaled.jpg","contentUrl":"https:\/\/iatse.net\/wp-content\/uploads\/2023\/05\/Derek-StPierre-Headshot-10MB-scaled.jpg","width":1367,"height":2048},{"@type":"BreadcrumbList","@id":"https:\/\/iatse.net\/2023-member-census\/derek-st-pierre\/#breadcrumb","itemListElement":[{"@type":"ListItem","position":1,"name":"Home","item":"https:\/\/iatse.net\/"},{"@type":"ListItem","position":2,"name":"2023 Member Census Toolkit","item":"https:\/\/iatse.net\/2023-member-census\/"},{"@type":"ListItem","position":3,"name":"Derek St. Pierre\u00a0\u00a0"}]},{"@type":"WebSite","@id":"https:\/\/iatse.net\/#website","url":"https:\/\/iatse.net\/","name":"IATSE","description":"The Union Behind Entertainment","publisher":{"@id":"https:\/\/iatse.net\/#organization"},"potentialAction":[{"@type":"SearchAction","target":{"@type":"EntryPoint","urlTemplate":"https:\/\/iatse.net\/?s={search_term_string}"},"query-input":{"@type":"PropertyValueSpecification","valueRequired":true,"valueName":"search_term_string"}}],"inLanguage":"fr-CA"},{"@type":"Organization","@id":"https:\/\/iatse.net\/#organization","name":"IATSE","url":"https:\/\/iatse.net\/","logo":{"@type":"ImageObject","inLanguage":"fr-CA","@id":"https:\/\/iatse.net\/#\/schema\/logo\/image\/","url":"https:\/\/iatse.net\/wp-content\/uploads\/2021\/03\/IATSE_Logo_White.png","contentUrl":"https:\/\/iatse.net\/wp-content\/uploads\/2021\/03\/IATSE_Logo_White.png","width":2100,"height":1987,"caption":"IATSE"},"image":{"@id":"https:\/\/iatse.net\/#\/schema\/logo\/image\/"}}]}},"acf":[],"_links":{"self":[{"href":"https:\/\/iatse.net\/fr\/wp-json\/wp\/v2\/pages\/13633"}],"collection":[{"href":"https:\/\/iatse.net\/fr\/wp-json\/wp\/v2\/pages"}],"about":[{"href":"https:\/\/iatse.net\/fr\/wp-json\/wp\/v2\/types\/page"}],"author":[{"embeddable":true,"href":"https:\/\/iatse.net\/fr\/wp-json\/wp\/v2\/users\/4"}],"replies":[{"embeddable":true,"href":"https:\/\/iatse.net\/fr\/wp-json\/wp\/v2\/comments?post=13633"}],"version-history":[{"count":6,"href":"https:\/\/iatse.net\/fr\/wp-json\/wp\/v2\/pages\/13633\/revisions"}],"predecessor-version":[{"id":14006,"href":"https:\/\/iatse.net\/fr\/wp-json\/wp\/v2\/pages\/13633\/revisions\/14006"}],"up":[{"embeddable":true,"href":"https:\/\/iatse.net\/fr\/wp-json\/wp\/v2\/pages\/13370"}],"wp:featuredmedia":[{"embeddable":true,"href":"https:\/\/iatse.net\/fr\/wp-json\/wp\/v2\/media\/13657"}],"wp:attachment":[{"href":"https:\/\/iatse.net\/fr\/wp-json\/wp\/v2\/media?parent=13633"}],"curies":[{"name":"wp","href":"https:\/\/api.w.org\/{rel}","templated":true}]}}