{"id":13614,"date":"2023-05-25T14:44:22","date_gmt":"2023-05-25T18:44:22","guid":{"rendered":"https:\/\/iatse.net\/?page_id=13614"},"modified":"2023-06-13T16:11:58","modified_gmt":"2023-06-13T20:11:58","slug":"kimberly-butler-gilkeson","status":"publish","type":"page","link":"https:\/\/iatse.net\/fr\/2023-member-census\/kimberly-butler-gilkeson\/","title":{"rendered":"Kimberly Butler-Gilkeson\u00a0"},"content":{"rendered":"<div data-elementor-type=\"wp-page\" data-elementor-id=\"13614\" class=\"elementor elementor-13614\">\n\t\t\t\t\t\t<section class=\"elementor-section elementor-top-section elementor-element elementor-element-a7e8415 elementor-section-boxed elementor-section-height-default elementor-section-height-default\" data-id=\"a7e8415\" data-element_type=\"section\">\n\t\t\t\t\t\t<div class=\"elementor-container elementor-column-gap-default\">\n\t\t\t\t\t<div class=\"elementor-column elementor-col-100 elementor-top-column elementor-element elementor-element-66a0bcc\" data-id=\"66a0bcc\" data-element_type=\"column\">\n\t\t\t<div class=\"elementor-widget-wrap elementor-element-populated\">\n\t\t\t\t\t\t<div class=\"elementor-element elementor-element-eaec5c5 elementor-widget elementor-widget-global elementor-global-726 elementor-widget-heading\" data-id=\"eaec5c5\" data-element_type=\"widget\" data-widget_type=\"heading.default\">\n\t\t\t\t<div class=\"elementor-widget-container\">\n\t\t\t<h2 class=\"elementor-heading-title elementor-size-default\">Kimberly Butler-Gilkeson\u00a0<\/h2>\t\t<\/div>\n\t\t\t\t<\/div>\n\t\t\t\t<div class=\"elementor-element elementor-element-54bbb5b elementor-widget elementor-widget-theme-post-featured-image elementor-widget-image\" data-id=\"54bbb5b\" data-element_type=\"widget\" data-widget_type=\"theme-post-featured-image.default\">\n\t\t\t\t<div class=\"elementor-widget-container\">\n\t\t\t\t\t\t\t\t\t\t\t\t\t<img fetchpriority=\"high\" decoding=\"async\" width=\"768\" height=\"1024\" src=\"https:\/\/iatse.net\/wp-content\/uploads\/2023\/05\/Kimberly-768x1024.jpg\" class=\"attachment-large size-large wp-image-13615\" alt=\"\" srcset=\"https:\/\/iatse.net\/wp-content\/uploads\/2023\/05\/Kimberly-768x1024.jpg 768w, https:\/\/iatse.net\/wp-content\/uploads\/2023\/05\/Kimberly-225x300.jpg 225w, https:\/\/iatse.net\/wp-content\/uploads\/2023\/05\/Kimberly-1152x1536.jpg 1152w, https:\/\/iatse.net\/wp-content\/uploads\/2023\/05\/Kimberly-scaled.jpg 1536w, https:\/\/iatse.net\/wp-content\/uploads\/2023\/05\/Kimberly-9x12.jpg 9w\" sizes=\"(max-width: 768px) 100vw, 768px\" \/>\t\t\t\t\t\t\t\t\t\t\t\t\t<\/div>\n\t\t\t\t<\/div>\n\t\t\t\t<div class=\"elementor-element elementor-element-670b7dbc elementor-widget elementor-widget-text-editor\" data-id=\"670b7dbc\" data-element_type=\"widget\" data-widget_type=\"text-editor.default\">\n\t\t\t\t<div class=\"elementor-widget-container\">\n\t\t\t\t\t\t\t<!-- wp:paragraph -->\n<p>Kim est fi\u00e8re d'\u00eatre membre de la section 764 depuis qu'elle a \u00e9t\u00e9 recrut\u00e9e par le biais d'une campagne d'adh\u00e9sion \u00e0 la Roundabout Theater Company en 1999. Mme Gilkeson a poursuivi son travail th\u00e9\u00e2tral au sein de la RTC, puis \u00e0 Broadway.\u00a0<\/p>\n<!-- \/wp:paragraph --><!-- wp:paragraph -->\n<p>Elle a depuis \u00e9largi son exp\u00e9rience professionnelle au cin\u00e9ma, aux s\u00e9ries t\u00e9l\u00e9vis\u00e9es en journ\u00e9e et aux heures de grande \u00e9coute. Depuis qu'elle a \u00e9t\u00e9 \u00e9lue administratrice en 2016, elle a particip\u00e9 \u00e0 des conf\u00e9rences et \u00e0 des ateliers portant sur la structure, le climat et les luttes de la main-d'\u0153uvre syndiqu\u00e9e, notamment la conf\u00e9rence mondiale sur le leadership des femmes de l'AFL-CIO, la conf\u00e9rence M. L. King Jr. sur les droits civils et humains et l'universit\u00e9 d'\u00e9t\u00e9 des femmes de l'UALE dans le nord-est du pays.\u00a0<\/p>\n<!-- \/wp:paragraph --><!-- wp:paragraph -->\n<p>Kimberly se dit tr\u00e8s fi\u00e8re du travail qu'elle a accompli, depuis l'ex\u00e9cution des id\u00e9es directes des membres jusqu'\u00e0 la repr\u00e9sentation de l'incroyable communaut\u00e9 des membres de l'IATSE.<\/p>\n<!-- \/wp:paragraph --><!-- wp:paragraph -->\n<p><a href=\"https:\/\/iatse.net\/fr\/2023-member-census\/\"><strong><span style=\"text-decoration: underline;\">Cliquez ici pour revenir \u00e0 la bo\u00eete \u00e0 outils sur le recensement des membres en 2023<\/span><\/strong><\/a><\/p>\n<!-- \/wp:paragraph --><!-- wp:paragraph -->\n<p>\u00a0<\/p>\n<!-- \/wp:paragraph -->\t\t\t\t\t\t<\/div>\n\t\t\t\t<\/div>\n\t\t\t\t\t<\/div>\n\t\t<\/div>\n\t\t\t\t\t<\/div>\n\t\t<\/section>\n\t\t\t\t<\/div>","protected":false},"excerpt":{"rendered":"<p>Kim est fi\u00e8re d'\u00eatre membre de la section 764 depuis qu'elle a \u00e9t\u00e9 recrut\u00e9e par le biais d'une campagne d'adh\u00e9sion \u00e0 la Roundabout Theater Company en 1999. Mme Gilkeson a poursuivi son travail th\u00e9\u00e2tral avec la RTC [...]<\/p>","protected":false},"author":4,"featured_media":13615,"parent":13370,"menu_order":0,"comment_status":"closed","ping_status":"closed","template":"elementor_header_footer","meta":{"_acf_changed":false,"_monsterinsights_skip_tracking":false,"_monsterinsights_sitenote_active":false,"_monsterinsights_sitenote_note":"","_monsterinsights_sitenote_category":0,"footnotes":""},"yoast_head":"<!-- This site is optimized with the Yoast SEO plugin v23.5 - https:\/\/yoast.com\/wordpress\/plugins\/seo\/ -->\n<title>Kimberly Butler-Gilkeson\u00a0 - IATSE, The Union Behind Entertainment<\/title>\n<meta name=\"robots\" content=\"index, follow, max-snippet:-1, max-image-preview:large, max-video-preview:-1\" \/>\n<link rel=\"canonical\" href=\"https:\/\/iatse.net\/fr\/2023-member-census\/kimberly-butler-gilkeson\/\" \/>\n<meta property=\"og:locale\" content=\"fr_CA\" \/>\n<meta property=\"og:type\" content=\"article\" \/>\n<meta property=\"og:title\" content=\"Kimberly Butler-Gilkeson\u00a0 - IATSE, The Union Behind Entertainment\" \/>\n<meta property=\"og:description\" content=\"Kim is a proud member of Local 764 since being organized via a membership campaign at the Roundabout Theater Company in 1999, Gilkeson continued her theatrical work with the RTC [&hellip;]\" \/>\n<meta property=\"og:url\" content=\"https:\/\/iatse.net\/fr\/2023-member-census\/kimberly-butler-gilkeson\/\" \/>\n<meta property=\"og:site_name\" content=\"IATSE\" \/>\n<meta property=\"article:modified_time\" content=\"2023-06-13T20:11:58+00:00\" \/>\n<meta property=\"og:image\" content=\"https:\/\/iatse.net\/wp-content\/uploads\/2023\/05\/Kimberly-scaled.jpg\" \/>\n\t<meta property=\"og:image:width\" content=\"1536\" \/>\n\t<meta property=\"og:image:height\" content=\"2048\" \/>\n\t<meta property=\"og:image:type\" content=\"image\/jpeg\" \/>\n<meta name=\"twitter:card\" content=\"summary_large_image\" \/>\n<meta name=\"twitter:label1\" content=\"Estimation du temps de lecture\" \/>\n\t<meta name=\"twitter:data1\" content=\"1 minute\" \/>\n<script type=\"application\/ld+json\" class=\"yoast-schema-graph\">{\"@context\":\"https:\/\/schema.org\",\"@graph\":[{\"@type\":\"WebPage\",\"@id\":\"https:\/\/iatse.net\/2023-member-census\/kimberly-butler-gilkeson\/\",\"url\":\"https:\/\/iatse.net\/2023-member-census\/kimberly-butler-gilkeson\/\",\"name\":\"Kimberly Butler-Gilkeson\u00a0 - IATSE, The Union Behind Entertainment\",\"isPartOf\":{\"@id\":\"https:\/\/iatse.net\/#website\"},\"primaryImageOfPage\":{\"@id\":\"https:\/\/iatse.net\/2023-member-census\/kimberly-butler-gilkeson\/#primaryimage\"},\"image\":{\"@id\":\"https:\/\/iatse.net\/2023-member-census\/kimberly-butler-gilkeson\/#primaryimage\"},\"thumbnailUrl\":\"https:\/\/iatse.net\/wp-content\/uploads\/2023\/05\/Kimberly-scaled.jpg\",\"datePublished\":\"2023-05-25T18:44:22+00:00\",\"dateModified\":\"2023-06-13T20:11:58+00:00\",\"breadcrumb\":{\"@id\":\"https:\/\/iatse.net\/2023-member-census\/kimberly-butler-gilkeson\/#breadcrumb\"},\"inLanguage\":\"fr-CA\",\"potentialAction\":[{\"@type\":\"ReadAction\",\"target\":[\"https:\/\/iatse.net\/2023-member-census\/kimberly-butler-gilkeson\/\"]}]},{\"@type\":\"ImageObject\",\"inLanguage\":\"fr-CA\",\"@id\":\"https:\/\/iatse.net\/2023-member-census\/kimberly-butler-gilkeson\/#primaryimage\",\"url\":\"https:\/\/iatse.net\/wp-content\/uploads\/2023\/05\/Kimberly-scaled.jpg\",\"contentUrl\":\"https:\/\/iatse.net\/wp-content\/uploads\/2023\/05\/Kimberly-scaled.jpg\",\"width\":1536,\"height\":2048},{\"@type\":\"BreadcrumbList\",\"@id\":\"https:\/\/iatse.net\/2023-member-census\/kimberly-butler-gilkeson\/#breadcrumb\",\"itemListElement\":[{\"@type\":\"ListItem\",\"position\":1,\"name\":\"Home\",\"item\":\"https:\/\/iatse.net\/\"},{\"@type\":\"ListItem\",\"position\":2,\"name\":\"2023 Member Census Toolkit\",\"item\":\"https:\/\/iatse.net\/2023-member-census\/\"},{\"@type\":\"ListItem\",\"position\":3,\"name\":\"Kimberly Butler-Gilkeson\u00a0\"}]},{\"@type\":\"WebSite\",\"@id\":\"https:\/\/iatse.net\/#website\",\"url\":\"https:\/\/iatse.net\/\",\"name\":\"IATSE\",\"description\":\"The Union Behind Entertainment\",\"publisher\":{\"@id\":\"https:\/\/iatse.net\/#organization\"},\"potentialAction\":[{\"@type\":\"SearchAction\",\"target\":{\"@type\":\"EntryPoint\",\"urlTemplate\":\"https:\/\/iatse.net\/?s={search_term_string}\"},\"query-input\":{\"@type\":\"PropertyValueSpecification\",\"valueRequired\":true,\"valueName\":\"search_term_string\"}}],\"inLanguage\":\"fr-CA\"},{\"@type\":\"Organization\",\"@id\":\"https:\/\/iatse.net\/#organization\",\"name\":\"IATSE\",\"url\":\"https:\/\/iatse.net\/\",\"logo\":{\"@type\":\"ImageObject\",\"inLanguage\":\"fr-CA\",\"@id\":\"https:\/\/iatse.net\/#\/schema\/logo\/image\/\",\"url\":\"https:\/\/iatse.net\/wp-content\/uploads\/2021\/03\/IATSE_Logo_White.png\",\"contentUrl\":\"https:\/\/iatse.net\/wp-content\/uploads\/2021\/03\/IATSE_Logo_White.png\",\"width\":2100,\"height\":1987,\"caption\":\"IATSE\"},\"image\":{\"@id\":\"https:\/\/iatse.net\/#\/schema\/logo\/image\/\"}}]}<\/script>\n<!-- \/ Yoast SEO plugin. -->","yoast_head_json":{"title":"Kimberly Butler-Gilkeson\u00a0 - IATSE, The Union Behind Entertainment","robots":{"index":"index","follow":"follow","max-snippet":"max-snippet:-1","max-image-preview":"max-image-preview:large","max-video-preview":"max-video-preview:-1"},"canonical":"https:\/\/iatse.net\/fr\/2023-member-census\/kimberly-butler-gilkeson\/","og_locale":"fr_CA","og_type":"article","og_title":"Kimberly Butler-Gilkeson\u00a0 - IATSE, The Union Behind Entertainment","og_description":"Kim is a proud member of Local 764 since being organized via a membership campaign at the Roundabout Theater Company in 1999, Gilkeson continued her theatrical work with the RTC [&hellip;]","og_url":"https:\/\/iatse.net\/fr\/2023-member-census\/kimberly-butler-gilkeson\/","og_site_name":"IATSE","article_modified_time":"2023-06-13T20:11:58+00:00","og_image":[{"width":1536,"height":2048,"url":"https:\/\/iatse.net\/wp-content\/uploads\/2023\/05\/Kimberly-scaled.jpg","type":"image\/jpeg"}],"twitter_card":"summary_large_image","twitter_misc":{"Estimation du temps de lecture":"1 minute"},"schema":{"@context":"https:\/\/schema.org","@graph":[{"@type":"WebPage","@id":"https:\/\/iatse.net\/2023-member-census\/kimberly-butler-gilkeson\/","url":"https:\/\/iatse.net\/2023-member-census\/kimberly-butler-gilkeson\/","name":"Kimberly Butler-Gilkeson\u00a0 - IATSE, The Union Behind Entertainment","isPartOf":{"@id":"https:\/\/iatse.net\/#website"},"primaryImageOfPage":{"@id":"https:\/\/iatse.net\/2023-member-census\/kimberly-butler-gilkeson\/#primaryimage"},"image":{"@id":"https:\/\/iatse.net\/2023-member-census\/kimberly-butler-gilkeson\/#primaryimage"},"thumbnailUrl":"https:\/\/iatse.net\/wp-content\/uploads\/2023\/05\/Kimberly-scaled.jpg","datePublished":"2023-05-25T18:44:22+00:00","dateModified":"2023-06-13T20:11:58+00:00","breadcrumb":{"@id":"https:\/\/iatse.net\/2023-member-census\/kimberly-butler-gilkeson\/#breadcrumb"},"inLanguage":"fr-CA","potentialAction":[{"@type":"ReadAction","target":["https:\/\/iatse.net\/2023-member-census\/kimberly-butler-gilkeson\/"]}]},{"@type":"ImageObject","inLanguage":"fr-CA","@id":"https:\/\/iatse.net\/2023-member-census\/kimberly-butler-gilkeson\/#primaryimage","url":"https:\/\/iatse.net\/wp-content\/uploads\/2023\/05\/Kimberly-scaled.jpg","contentUrl":"https:\/\/iatse.net\/wp-content\/uploads\/2023\/05\/Kimberly-scaled.jpg","width":1536,"height":2048},{"@type":"BreadcrumbList","@id":"https:\/\/iatse.net\/2023-member-census\/kimberly-butler-gilkeson\/#breadcrumb","itemListElement":[{"@type":"ListItem","position":1,"name":"Home","item":"https:\/\/iatse.net\/"},{"@type":"ListItem","position":2,"name":"2023 Member Census Toolkit","item":"https:\/\/iatse.net\/2023-member-census\/"},{"@type":"ListItem","position":3,"name":"Kimberly Butler-Gilkeson\u00a0"}]},{"@type":"WebSite","@id":"https:\/\/iatse.net\/#website","url":"https:\/\/iatse.net\/","name":"IATSE","description":"The Union Behind Entertainment","publisher":{"@id":"https:\/\/iatse.net\/#organization"},"potentialAction":[{"@type":"SearchAction","target":{"@type":"EntryPoint","urlTemplate":"https:\/\/iatse.net\/?s={search_term_string}"},"query-input":{"@type":"PropertyValueSpecification","valueRequired":true,"valueName":"search_term_string"}}],"inLanguage":"fr-CA"},{"@type":"Organization","@id":"https:\/\/iatse.net\/#organization","name":"IATSE","url":"https:\/\/iatse.net\/","logo":{"@type":"ImageObject","inLanguage":"fr-CA","@id":"https:\/\/iatse.net\/#\/schema\/logo\/image\/","url":"https:\/\/iatse.net\/wp-content\/uploads\/2021\/03\/IATSE_Logo_White.png","contentUrl":"https:\/\/iatse.net\/wp-content\/uploads\/2021\/03\/IATSE_Logo_White.png","width":2100,"height":1987,"caption":"IATSE"},"image":{"@id":"https:\/\/iatse.net\/#\/schema\/logo\/image\/"}}]}},"acf":[],"_links":{"self":[{"href":"https:\/\/iatse.net\/fr\/wp-json\/wp\/v2\/pages\/13614"}],"collection":[{"href":"https:\/\/iatse.net\/fr\/wp-json\/wp\/v2\/pages"}],"about":[{"href":"https:\/\/iatse.net\/fr\/wp-json\/wp\/v2\/types\/page"}],"author":[{"embeddable":true,"href":"https:\/\/iatse.net\/fr\/wp-json\/wp\/v2\/users\/4"}],"replies":[{"embeddable":true,"href":"https:\/\/iatse.net\/fr\/wp-json\/wp\/v2\/comments?post=13614"}],"version-history":[{"count":4,"href":"https:\/\/iatse.net\/fr\/wp-json\/wp\/v2\/pages\/13614\/revisions"}],"predecessor-version":[{"id":13993,"href":"https:\/\/iatse.net\/fr\/wp-json\/wp\/v2\/pages\/13614\/revisions\/13993"}],"up":[{"embeddable":true,"href":"https:\/\/iatse.net\/fr\/wp-json\/wp\/v2\/pages\/13370"}],"wp:featuredmedia":[{"embeddable":true,"href":"https:\/\/iatse.net\/fr\/wp-json\/wp\/v2\/media\/13615"}],"wp:attachment":[{"href":"https:\/\/iatse.net\/fr\/wp-json\/wp\/v2\/media?parent=13614"}],"curies":[{"name":"wp","href":"https:\/\/api.w.org\/{rel}","templated":true}]}}