{"id":13608,"date":"2023-05-26T13:32:44","date_gmt":"2023-05-26T17:32:44","guid":{"rendered":"https:\/\/iatse.net\/?page_id=13608"},"modified":"2023-06-13T16:10:02","modified_gmt":"2023-06-13T20:10:02","slug":"liz-pecos","status":"publish","type":"page","link":"https:\/\/iatse.net\/fr\/2023-member-census\/liz-pecos\/","title":{"rendered":"Liz Pecos"},"content":{"rendered":"<div data-elementor-type=\"wp-page\" data-elementor-id=\"13608\" class=\"elementor elementor-13608\">\n\t\t\t\t\t\t<section class=\"elementor-section elementor-top-section elementor-element elementor-element-5a9eba6 elementor-section-boxed elementor-section-height-default elementor-section-height-default\" data-id=\"5a9eba6\" data-element_type=\"section\">\n\t\t\t\t\t\t<div class=\"elementor-container elementor-column-gap-default\">\n\t\t\t\t\t<div class=\"elementor-column elementor-col-100 elementor-top-column elementor-element elementor-element-2bb0b8ad\" data-id=\"2bb0b8ad\" data-element_type=\"column\">\n\t\t\t<div class=\"elementor-widget-wrap elementor-element-populated\">\n\t\t\t\t\t\t<div class=\"elementor-element elementor-element-4944f7a elementor-widget elementor-widget-global elementor-global-726 elementor-widget-heading\" data-id=\"4944f7a\" data-element_type=\"widget\" data-widget_type=\"heading.default\">\n\t\t\t\t<div class=\"elementor-widget-container\">\n\t\t\t<h2 class=\"elementor-heading-title elementor-size-default\">Liz Pecos<\/h2>\t\t<\/div>\n\t\t\t\t<\/div>\n\t\t\t\t<div class=\"elementor-element elementor-element-d0bfd3c elementor-widget elementor-widget-theme-post-featured-image elementor-widget-image\" data-id=\"d0bfd3c\" data-element_type=\"widget\" data-widget_type=\"theme-post-featured-image.default\">\n\t\t\t\t<div class=\"elementor-widget-container\">\n\t\t\t\t\t\t\t\t\t\t\t\t\t<img fetchpriority=\"high\" decoding=\"async\" width=\"800\" height=\"683\" src=\"https:\/\/iatse.net\/wp-content\/uploads\/2023\/05\/L.-Pecos-headshot.jpg\" class=\"attachment-large size-large wp-image-13666\" alt=\"\" srcset=\"https:\/\/iatse.net\/wp-content\/uploads\/2023\/05\/L.-Pecos-headshot.jpg 964w, https:\/\/iatse.net\/wp-content\/uploads\/2023\/05\/L.-Pecos-headshot-300x256.jpg 300w, https:\/\/iatse.net\/wp-content\/uploads\/2023\/05\/L.-Pecos-headshot-768x656.jpg 768w, https:\/\/iatse.net\/wp-content\/uploads\/2023\/05\/L.-Pecos-headshot-14x12.jpg 14w\" sizes=\"(max-width: 800px) 100vw, 800px\" \/>\t\t\t\t\t\t\t\t\t\t\t\t\t<\/div>\n\t\t\t\t<\/div>\n\t\t\t\t<div class=\"elementor-element elementor-element-291577cb elementor-widget elementor-widget-text-editor\" data-id=\"291577cb\" data-element_type=\"widget\" data-widget_type=\"text-editor.default\">\n\t\t\t\t<div class=\"elementor-widget-container\">\n\t\t\t\t\t\t\t<!-- wp:paragraph -->\n<p>Liz Pecos est la co-pr\u00e9sidente du comit\u00e9 Diversit\u00e9, \u00e9quit\u00e9 et inclusion de l'IATSE et la pr\u00e9sidente du comit\u00e9 DEI conjoint IATSE\/AMPTP pour les sections locales de l'accord de base et de l'accord sur les normes de la r\u00e9gion d'Hollywood. Elle est repr\u00e9sentante internationale au sein du d\u00e9partement cin\u00e9ma et t\u00e9l\u00e9vision de l'IATSE. Auparavant, Liz a \u00e9t\u00e9 \u00e9lue premi\u00e8re femme et premi\u00e8re pr\u00e9sidente BIPOC de la section locale 480 de l'IATSE. Au Nouveau-Mexique, elle a si\u00e9g\u00e9 au Conseil des services cin\u00e9matographiques et m\u00e9diatiques du gouverneur du Nouveau-Mexique et a \u00e9t\u00e9 vice-pr\u00e9sidente du comit\u00e9 ex\u00e9cutif de la F\u00e9d\u00e9ration du travail du Nouveau-Mexique AFL-CIO. Liz est coordinatrice politique et coordinatrice des femmes du district 5 de l'IATSE et si\u00e8ge actuellement au comit\u00e9 des services humains de l'Entertainment Community Fund.<\/p>\n<!-- \/wp:paragraph -->\n\n<!-- wp:paragraph -->\n<p>Avant de travailler pour l'International, Liz a travaill\u00e9 dans le cin\u00e9ma et la t\u00e9l\u00e9vision en tant que superviseur et concepteur de costumes. N\u00e9e et \u00e9lev\u00e9e au Nouveau-Mexique, elle est fi\u00e8re de son h\u00e9ritage indig\u00e8ne et de la possibilit\u00e9 qu'elle a de travailler avec des populations sous-repr\u00e9sent\u00e9es et d'\u00e9largir les opportunit\u00e9s qui s'offrent \u00e0 elles. Elle est membre du Pueblo de Jemez, connu sous le nom de \"Walatowa\", ou \"c'est ici\", et ses anc\u00eatres remontent au Pueblo originel de Pecos.<\/p>\n<!-- \/wp:paragraph -->\n\n<!-- wp:paragraph -->\n<p><strong><a href=\"https:\/\/iatse.net\/fr\/2023-member-census\/\">Cliquez ici pour retourner \u00e0 la bo\u00eete \u00e0 outils du recensement des membres 2023<\/a><\/strong><\/p>\n<!-- \/wp:paragraph -->\t\t\t\t\t\t<\/div>\n\t\t\t\t<\/div>\n\t\t\t\t\t<\/div>\n\t\t<\/div>\n\t\t\t\t\t<\/div>\n\t\t<\/section>\n\t\t\t\t<\/div>","protected":false},"excerpt":{"rendered":"<p>Liz Pecos est la copr\u00e9sidente du comit\u00e9 de l'IATSE sur la diversit\u00e9, l'\u00e9quit\u00e9 et l'inclusion et la pr\u00e9sidente du comit\u00e9 conjoint IATSE\/AMPTP DEI pour les sections locales de l'accord de base et de l'accord sur les normes de la r\u00e9gion d'Hollywood. [...]<\/p>","protected":false},"author":1,"featured_media":13666,"parent":13370,"menu_order":0,"comment_status":"closed","ping_status":"closed","template":"elementor_header_footer","meta":{"_acf_changed":false,"_monsterinsights_skip_tracking":false,"_monsterinsights_sitenote_active":false,"_monsterinsights_sitenote_note":"","_monsterinsights_sitenote_category":0,"footnotes":""},"yoast_head":"<!-- This site is optimized with the Yoast SEO plugin v23.5 - https:\/\/yoast.com\/wordpress\/plugins\/seo\/ -->\n<title>Liz Pecos - IATSE, The Union Behind Entertainment<\/title>\n<meta name=\"robots\" content=\"index, follow, max-snippet:-1, max-image-preview:large, max-video-preview:-1\" \/>\n<link rel=\"canonical\" href=\"https:\/\/iatse.net\/fr\/2023-member-census\/liz-pecos\/\" \/>\n<meta property=\"og:locale\" content=\"fr_CA\" \/>\n<meta property=\"og:type\" content=\"article\" \/>\n<meta property=\"og:title\" content=\"Liz Pecos - IATSE, The Union Behind Entertainment\" \/>\n<meta property=\"og:description\" content=\"Liz Pecos is the co-chair of the IATSE Diversity, Equity and Inclusion Committee and Chair of the Joint IATSE\/AMPTP DEI Committee for the Hollywood Basic and Area Standards Agreement Locals. [&hellip;]\" \/>\n<meta property=\"og:url\" content=\"https:\/\/iatse.net\/fr\/2023-member-census\/liz-pecos\/\" \/>\n<meta property=\"og:site_name\" content=\"IATSE\" \/>\n<meta property=\"article:modified_time\" content=\"2023-06-13T20:10:02+00:00\" \/>\n<meta property=\"og:image\" content=\"https:\/\/iatse.net\/wp-content\/uploads\/2023\/05\/L.-Pecos-headshot.jpg\" \/>\n\t<meta property=\"og:image:width\" content=\"964\" \/>\n\t<meta property=\"og:image:height\" content=\"823\" \/>\n\t<meta property=\"og:image:type\" content=\"image\/jpeg\" \/>\n<meta name=\"twitter:card\" content=\"summary_large_image\" \/>\n<meta name=\"twitter:label1\" content=\"Estimation du temps de lecture\" \/>\n\t<meta name=\"twitter:data1\" content=\"2 minutes\" \/>\n<script type=\"application\/ld+json\" class=\"yoast-schema-graph\">{\"@context\":\"https:\/\/schema.org\",\"@graph\":[{\"@type\":\"WebPage\",\"@id\":\"https:\/\/iatse.net\/2023-member-census\/liz-pecos\/\",\"url\":\"https:\/\/iatse.net\/2023-member-census\/liz-pecos\/\",\"name\":\"Liz Pecos - IATSE, The Union Behind Entertainment\",\"isPartOf\":{\"@id\":\"https:\/\/iatse.net\/#website\"},\"primaryImageOfPage\":{\"@id\":\"https:\/\/iatse.net\/2023-member-census\/liz-pecos\/#primaryimage\"},\"image\":{\"@id\":\"https:\/\/iatse.net\/2023-member-census\/liz-pecos\/#primaryimage\"},\"thumbnailUrl\":\"https:\/\/iatse.net\/wp-content\/uploads\/2023\/05\/L.-Pecos-headshot.jpg\",\"datePublished\":\"2023-05-26T17:32:44+00:00\",\"dateModified\":\"2023-06-13T20:10:02+00:00\",\"breadcrumb\":{\"@id\":\"https:\/\/iatse.net\/2023-member-census\/liz-pecos\/#breadcrumb\"},\"inLanguage\":\"fr-CA\",\"potentialAction\":[{\"@type\":\"ReadAction\",\"target\":[\"https:\/\/iatse.net\/2023-member-census\/liz-pecos\/\"]}]},{\"@type\":\"ImageObject\",\"inLanguage\":\"fr-CA\",\"@id\":\"https:\/\/iatse.net\/2023-member-census\/liz-pecos\/#primaryimage\",\"url\":\"https:\/\/iatse.net\/wp-content\/uploads\/2023\/05\/L.-Pecos-headshot.jpg\",\"contentUrl\":\"https:\/\/iatse.net\/wp-content\/uploads\/2023\/05\/L.-Pecos-headshot.jpg\",\"width\":964,\"height\":823},{\"@type\":\"BreadcrumbList\",\"@id\":\"https:\/\/iatse.net\/2023-member-census\/liz-pecos\/#breadcrumb\",\"itemListElement\":[{\"@type\":\"ListItem\",\"position\":1,\"name\":\"Home\",\"item\":\"https:\/\/iatse.net\/\"},{\"@type\":\"ListItem\",\"position\":2,\"name\":\"2023 Member Census Toolkit\",\"item\":\"https:\/\/iatse.net\/2023-member-census\/\"},{\"@type\":\"ListItem\",\"position\":3,\"name\":\"Liz Pecos\"}]},{\"@type\":\"WebSite\",\"@id\":\"https:\/\/iatse.net\/#website\",\"url\":\"https:\/\/iatse.net\/\",\"name\":\"IATSE\",\"description\":\"The Union Behind Entertainment\",\"publisher\":{\"@id\":\"https:\/\/iatse.net\/#organization\"},\"potentialAction\":[{\"@type\":\"SearchAction\",\"target\":{\"@type\":\"EntryPoint\",\"urlTemplate\":\"https:\/\/iatse.net\/?s={search_term_string}\"},\"query-input\":{\"@type\":\"PropertyValueSpecification\",\"valueRequired\":true,\"valueName\":\"search_term_string\"}}],\"inLanguage\":\"fr-CA\"},{\"@type\":\"Organization\",\"@id\":\"https:\/\/iatse.net\/#organization\",\"name\":\"IATSE\",\"url\":\"https:\/\/iatse.net\/\",\"logo\":{\"@type\":\"ImageObject\",\"inLanguage\":\"fr-CA\",\"@id\":\"https:\/\/iatse.net\/#\/schema\/logo\/image\/\",\"url\":\"https:\/\/iatse.net\/wp-content\/uploads\/2021\/03\/IATSE_Logo_White.png\",\"contentUrl\":\"https:\/\/iatse.net\/wp-content\/uploads\/2021\/03\/IATSE_Logo_White.png\",\"width\":2100,\"height\":1987,\"caption\":\"IATSE\"},\"image\":{\"@id\":\"https:\/\/iatse.net\/#\/schema\/logo\/image\/\"}}]}<\/script>\n<!-- \/ Yoast SEO plugin. -->","yoast_head_json":{"title":"Liz Pecos - IATSE, The Union Behind Entertainment","robots":{"index":"index","follow":"follow","max-snippet":"max-snippet:-1","max-image-preview":"max-image-preview:large","max-video-preview":"max-video-preview:-1"},"canonical":"https:\/\/iatse.net\/fr\/2023-member-census\/liz-pecos\/","og_locale":"fr_CA","og_type":"article","og_title":"Liz Pecos - IATSE, The Union Behind Entertainment","og_description":"Liz Pecos is the co-chair of the IATSE Diversity, Equity and Inclusion Committee and Chair of the Joint IATSE\/AMPTP DEI Committee for the Hollywood Basic and Area Standards Agreement Locals. [&hellip;]","og_url":"https:\/\/iatse.net\/fr\/2023-member-census\/liz-pecos\/","og_site_name":"IATSE","article_modified_time":"2023-06-13T20:10:02+00:00","og_image":[{"width":964,"height":823,"url":"https:\/\/iatse.net\/wp-content\/uploads\/2023\/05\/L.-Pecos-headshot.jpg","type":"image\/jpeg"}],"twitter_card":"summary_large_image","twitter_misc":{"Estimation du temps de lecture":"2 minutes"},"schema":{"@context":"https:\/\/schema.org","@graph":[{"@type":"WebPage","@id":"https:\/\/iatse.net\/2023-member-census\/liz-pecos\/","url":"https:\/\/iatse.net\/2023-member-census\/liz-pecos\/","name":"Liz Pecos - IATSE, The Union Behind Entertainment","isPartOf":{"@id":"https:\/\/iatse.net\/#website"},"primaryImageOfPage":{"@id":"https:\/\/iatse.net\/2023-member-census\/liz-pecos\/#primaryimage"},"image":{"@id":"https:\/\/iatse.net\/2023-member-census\/liz-pecos\/#primaryimage"},"thumbnailUrl":"https:\/\/iatse.net\/wp-content\/uploads\/2023\/05\/L.-Pecos-headshot.jpg","datePublished":"2023-05-26T17:32:44+00:00","dateModified":"2023-06-13T20:10:02+00:00","breadcrumb":{"@id":"https:\/\/iatse.net\/2023-member-census\/liz-pecos\/#breadcrumb"},"inLanguage":"fr-CA","potentialAction":[{"@type":"ReadAction","target":["https:\/\/iatse.net\/2023-member-census\/liz-pecos\/"]}]},{"@type":"ImageObject","inLanguage":"fr-CA","@id":"https:\/\/iatse.net\/2023-member-census\/liz-pecos\/#primaryimage","url":"https:\/\/iatse.net\/wp-content\/uploads\/2023\/05\/L.-Pecos-headshot.jpg","contentUrl":"https:\/\/iatse.net\/wp-content\/uploads\/2023\/05\/L.-Pecos-headshot.jpg","width":964,"height":823},{"@type":"BreadcrumbList","@id":"https:\/\/iatse.net\/2023-member-census\/liz-pecos\/#breadcrumb","itemListElement":[{"@type":"ListItem","position":1,"name":"Home","item":"https:\/\/iatse.net\/"},{"@type":"ListItem","position":2,"name":"2023 Member Census Toolkit","item":"https:\/\/iatse.net\/2023-member-census\/"},{"@type":"ListItem","position":3,"name":"Liz Pecos"}]},{"@type":"WebSite","@id":"https:\/\/iatse.net\/#website","url":"https:\/\/iatse.net\/","name":"IATSE","description":"The Union Behind Entertainment","publisher":{"@id":"https:\/\/iatse.net\/#organization"},"potentialAction":[{"@type":"SearchAction","target":{"@type":"EntryPoint","urlTemplate":"https:\/\/iatse.net\/?s={search_term_string}"},"query-input":{"@type":"PropertyValueSpecification","valueRequired":true,"valueName":"search_term_string"}}],"inLanguage":"fr-CA"},{"@type":"Organization","@id":"https:\/\/iatse.net\/#organization","name":"IATSE","url":"https:\/\/iatse.net\/","logo":{"@type":"ImageObject","inLanguage":"fr-CA","@id":"https:\/\/iatse.net\/#\/schema\/logo\/image\/","url":"https:\/\/iatse.net\/wp-content\/uploads\/2021\/03\/IATSE_Logo_White.png","contentUrl":"https:\/\/iatse.net\/wp-content\/uploads\/2021\/03\/IATSE_Logo_White.png","width":2100,"height":1987,"caption":"IATSE"},"image":{"@id":"https:\/\/iatse.net\/#\/schema\/logo\/image\/"}}]}},"acf":[],"_links":{"self":[{"href":"https:\/\/iatse.net\/fr\/wp-json\/wp\/v2\/pages\/13608"}],"collection":[{"href":"https:\/\/iatse.net\/fr\/wp-json\/wp\/v2\/pages"}],"about":[{"href":"https:\/\/iatse.net\/fr\/wp-json\/wp\/v2\/types\/page"}],"author":[{"embeddable":true,"href":"https:\/\/iatse.net\/fr\/wp-json\/wp\/v2\/users\/1"}],"replies":[{"embeddable":true,"href":"https:\/\/iatse.net\/fr\/wp-json\/wp\/v2\/comments?post=13608"}],"version-history":[{"count":12,"href":"https:\/\/iatse.net\/fr\/wp-json\/wp\/v2\/pages\/13608\/revisions"}],"predecessor-version":[{"id":14023,"href":"https:\/\/iatse.net\/fr\/wp-json\/wp\/v2\/pages\/13608\/revisions\/14023"}],"up":[{"embeddable":true,"href":"https:\/\/iatse.net\/fr\/wp-json\/wp\/v2\/pages\/13370"}],"wp:featuredmedia":[{"embeddable":true,"href":"https:\/\/iatse.net\/fr\/wp-json\/wp\/v2\/media\/13666"}],"wp:attachment":[{"href":"https:\/\/iatse.net\/fr\/wp-json\/wp\/v2\/media?parent=13608"}],"curies":[{"name":"wp","href":"https:\/\/api.w.org\/{rel}","templated":true}]}}