{"id":11183,"date":"2022-09-27T10:59:53","date_gmt":"2022-09-27T14:59:53","guid":{"rendered":"https:\/\/iatse.net\/?page_id=11183"},"modified":"2025-11-18T14:38:48","modified_gmt":"2025-11-18T19:38:48","slug":"pac","status":"publish","type":"page","link":"https:\/\/iatse.net\/fr\/political-legislative\/pac\/","title":{"rendered":"IATSE PAC"},"content":{"rendered":"<div data-elementor-type=\"wp-page\" data-elementor-id=\"11183\" class=\"elementor elementor-11183\">\n\t\t\t\t\t\t<section class=\"elementor-section elementor-top-section elementor-element elementor-element-de60904 elementor-section-boxed elementor-section-height-default elementor-section-height-default\" data-id=\"de60904\" data-element_type=\"section\">\n\t\t\t\t\t\t<div class=\"elementor-container elementor-column-gap-default\">\n\t\t\t\t\t<div class=\"elementor-column elementor-col-100 elementor-top-column elementor-element elementor-element-eb78a0d\" data-id=\"eb78a0d\" data-element_type=\"column\">\n\t\t\t<div class=\"elementor-widget-wrap elementor-element-populated\">\n\t\t\t\t\t\t<div class=\"elementor-element elementor-element-221c9e5 elementor-widget elementor-widget-text-editor\" data-id=\"221c9e5\" data-element_type=\"widget\" data-widget_type=\"text-editor.default\">\n\t\t\t\t<div class=\"elementor-widget-container\">\n\t\t\t\t\t\t\t<p>IATSE PAC est un comit\u00e9 d'action politique f\u00e9d\u00e9ral non partisan, cr\u00e9\u00e9 pour permettre \u00e0 notre syndicat et \u00e0 ses membres de mieux faire entendre leur voix dans le processus politique et l\u00e9gislatif.<\/p>\t\t\t\t\t\t<\/div>\n\t\t\t\t<\/div>\n\t\t\t\t<div class=\"elementor-element elementor-element-ecaa105 elementor-align-justify elementor-widget elementor-widget-button\" data-id=\"ecaa105\" data-element_type=\"widget\" data-widget_type=\"button.default\">\n\t\t\t\t<div class=\"elementor-widget-container\">\n\t\t\t\t\t<div class=\"elementor-button-wrapper\">\n\t\t\t<a class=\"elementor-button elementor-button-link elementor-size-lg\" href=\"https:\/\/iatse.net\/wp-content\/uploads\/2025\/11\/IATSE-PAC-One-Pager.pdf\" target=\"_blank\">\n\t\t\t\t\t\t<span class=\"elementor-button-content-wrapper\">\n\t\t\t\t\t\t<span class=\"elementor-button-icon elementor-align-icon-right\">\n\t\t\t\t<i aria-hidden=\"true\" class=\"fas fa-file-pdf\"><\/i>\t\t\t<\/span>\n\t\t\t\t\t\t<span class=\"elementor-button-text\">Voir la page au format PDF<\/span>\n\t\t<\/span>\n\t\t\t\t\t<\/a>\n\t\t<\/div>\n\t\t\t\t<\/div>\n\t\t\t\t<\/div>\n\t\t\t\t<div class=\"elementor-element elementor-element-5fc737f elementor-align-justify elementor-widget elementor-widget-button\" data-id=\"5fc737f\" data-element_type=\"widget\" data-widget_type=\"button.default\">\n\t\t\t\t<div class=\"elementor-widget-container\">\n\t\t\t\t\t<div class=\"elementor-button-wrapper\">\n\t\t\t<a class=\"elementor-button elementor-button-link elementor-size-lg\" href=\"http:\/\/iatsepac.net\" target=\"_blank\">\n\t\t\t\t\t\t<span class=\"elementor-button-content-wrapper\">\n\t\t\t\t\t\t<span class=\"elementor-button-icon elementor-align-icon-right\">\n\t\t\t\t<i aria-hidden=\"true\" class=\"fas fa-long-arrow-alt-right\"><\/i>\t\t\t<\/span>\n\t\t\t\t\t\t<span class=\"elementor-button-text\">Faites votre part et contribuez \u00e0 IATSEPAC.net<\/span>\n\t\t<\/span>\n\t\t\t\t\t<\/a>\n\t\t<\/div>\n\t\t\t\t<\/div>\n\t\t\t\t<\/div>\n\t\t\t\t\t<\/div>\n\t\t<\/div>\n\t\t\t\t\t<\/div>\n\t\t<\/section>\n\t\t\t\t<section class=\"elementor-section elementor-top-section elementor-element elementor-element-989454e elementor-section-boxed elementor-section-height-default elementor-section-height-default\" data-id=\"989454e\" data-element_type=\"section\">\n\t\t\t\t\t\t<div class=\"elementor-container elementor-column-gap-default\">\n\t\t\t\t\t<div class=\"elementor-column elementor-col-100 elementor-top-column elementor-element elementor-element-1ef111e\" data-id=\"1ef111e\" data-element_type=\"column\">\n\t\t\t<div class=\"elementor-widget-wrap elementor-element-populated\">\n\t\t\t\t\t\t<div class=\"elementor-element elementor-element-064875c elementor-widget elementor-widget-image\" data-id=\"064875c\" data-element_type=\"widget\" data-widget_type=\"image.default\">\n\t\t\t\t<div class=\"elementor-widget-container\">\n\t\t\t\t\t\t\t\t\t\t\t\t\t<img fetchpriority=\"high\" decoding=\"async\" width=\"787\" height=\"549\" src=\"https:\/\/iatse.net\/wp-content\/uploads\/2021\/07\/2020-09-29-CleDebate-Union-And-Constitution-Forever-1.jpg\" class=\"attachment-large size-large wp-image-5585\" alt=\"Union and Constitution Forever graphic\" srcset=\"https:\/\/iatse.net\/wp-content\/uploads\/2021\/07\/2020-09-29-CleDebate-Union-And-Constitution-Forever-1.jpg 787w, https:\/\/iatse.net\/wp-content\/uploads\/2021\/07\/2020-09-29-CleDebate-Union-And-Constitution-Forever-1-300x209.jpg 300w, https:\/\/iatse.net\/wp-content\/uploads\/2021\/07\/2020-09-29-CleDebate-Union-And-Constitution-Forever-1-768x536.jpg 768w, https:\/\/iatse.net\/wp-content\/uploads\/2021\/07\/2020-09-29-CleDebate-Union-And-Constitution-Forever-1-16x12.jpg 16w\" sizes=\"(max-width: 787px) 100vw, 787px\" \/>\t\t\t\t\t\t\t\t\t\t\t\t\t<\/div>\n\t\t\t\t<\/div>\n\t\t\t\t<div class=\"elementor-element elementor-element-c65e71f elementor-widget elementor-widget-text-editor\" data-id=\"c65e71f\" data-element_type=\"widget\" data-widget_type=\"text-editor.default\">\n\t\t\t\t<div class=\"elementor-widget-container\">\n\t\t\t\t\t\t\t<h4><strong>L'IATSE PAC se bat pour :<\/strong><\/h4><ul><li>Prot\u00e9ger le droit d'organisation, \u00e9tendre les droits de n\u00e9gociation collective et \u00e9liminer les lois dites de \"droit au travail\".<\/li><li>Cr\u00e9er une incitation fiscale f\u00e9d\u00e9rale pour le cin\u00e9ma et la t\u00e9l\u00e9vision afin de maintenir les emplois aux \u00c9tats-Unis.<\/li><li>Augmenter le financement f\u00e9d\u00e9ral des arts pour cr\u00e9er plus d'emplois dans le domaine des \u00e9v\u00e9nements en direct<\/li><li>Mettre en place des garde-fous garantissant une utilisation \u00e9quitable et \u00e9thique des outils d'intelligence artificielle (IA).<\/li><li>R\u00e9tablir la d\u00e9ductibilit\u00e9 fiscale pour les outils, l'\u00e9quipement, les d\u00e9penses professionnelles et les cotisations syndicales<br \/><br \/><\/li><\/ul><p style=\"text-align: center\">L'agenda f\u00e9d\u00e9ral de l'IATSE peut \u00eatre consult\u00e9 dans son int\u00e9gralit\u00e9 \u00e0 l'adresse suivante<\/p><p style=\"text-align: center\"><a href=\"https:\/\/iatse.net\/fr\/political-legislative\/issues\/\">iatse.net\/political-legislative\/issues<\/a><\/p>\t\t\t\t\t\t<\/div>\n\t\t\t\t<\/div>\n\t\t\t\t\t<\/div>\n\t\t<\/div>\n\t\t\t\t\t<\/div>\n\t\t<\/section>\n\t\t\t\t<section class=\"elementor-section elementor-top-section elementor-element elementor-element-27cb859 elementor-section-boxed elementor-section-height-default elementor-section-height-default\" data-id=\"27cb859\" data-element_type=\"section\">\n\t\t\t\t\t\t<div class=\"elementor-container elementor-column-gap-default\">\n\t\t\t\t\t<div class=\"elementor-column elementor-col-100 elementor-top-column elementor-element elementor-element-1047bb3\" data-id=\"1047bb3\" data-element_type=\"column\">\n\t\t\t<div class=\"elementor-widget-wrap elementor-element-populated\">\n\t\t\t\t\t\t<div class=\"elementor-element elementor-element-27cabd9 elementor-widget elementor-widget-text-editor\" data-id=\"27cabd9\" data-element_type=\"widget\" data-widget_type=\"text-editor.default\">\n\t\t\t\t<div class=\"elementor-widget-container\">\n\t\t\t\t\t\t\t<h4>Qui peut contribuer ?<\/h4><p>Le PAC de l'IATSE ne peut accepter que les contributions des membres de l'IATSE, des retrait\u00e9s, du personnel et de leurs familles, ou des personnes qui travaillent sous contrat avec l'IATSE.<\/p>\t\t\t\t\t\t<\/div>\n\t\t\t\t<\/div>\n\t\t\t\t\t<\/div>\n\t\t<\/div>\n\t\t\t\t\t<\/div>\n\t\t<\/section>\n\t\t\t\t<section class=\"elementor-section elementor-top-section elementor-element elementor-element-2b15ba8 elementor-section-boxed elementor-section-height-default elementor-section-height-default\" data-id=\"2b15ba8\" data-element_type=\"section\">\n\t\t\t\t\t\t<div class=\"elementor-container elementor-column-gap-default\">\n\t\t\t\t\t<div class=\"elementor-column elementor-col-100 elementor-top-column elementor-element elementor-element-ae9a019\" data-id=\"ae9a019\" data-element_type=\"column\">\n\t\t\t<div class=\"elementor-widget-wrap elementor-element-populated\">\n\t\t\t\t\t\t<div class=\"elementor-element elementor-element-847dfc0 elementor-widget elementor-widget-text-editor\" data-id=\"847dfc0\" data-element_type=\"widget\" data-widget_type=\"text-editor.default\">\n\t\t\t\t<div class=\"elementor-widget-container\">\n\t\t\t\t\t\t\t<h4>Comment contribuer ?<\/h4><ol><li>Visitez <a href=\"https:\/\/iatsepac.net\" target=\"_blank\" rel=\"noopener\"><span style=\"text-decoration: underline\"><strong>IATSEPAC.net<\/strong><\/span><\/a> pour contribuer en ligne et acc\u00e9der \u00e0 des ressources suppl\u00e9mentaires.<\/li><li>Remplir et soumettre le formulaire de contribution au PAC de l'IATSE<\/li><li>Contact <strong><span style=\"text-decoration: underline\">iatsepac@iatse.net<\/span><\/strong> pour vous renseigner sur les options de retenue sur salaire.<\/li><\/ol>\t\t\t\t\t\t<\/div>\n\t\t\t\t<\/div>\n\t\t\t\t\t<\/div>\n\t\t<\/div>\n\t\t\t\t\t<\/div>\n\t\t<\/section>\n\t\t\t\t<section class=\"elementor-section elementor-top-section elementor-element elementor-element-b1e0d3a elementor-section-boxed elementor-section-height-default elementor-section-height-default\" data-id=\"b1e0d3a\" data-element_type=\"section\">\n\t\t\t\t\t\t<div class=\"elementor-container elementor-column-gap-default\">\n\t\t\t\t\t<div class=\"elementor-column elementor-col-100 elementor-top-column elementor-element elementor-element-38a9de3\" data-id=\"38a9de3\" data-element_type=\"column\">\n\t\t\t<div class=\"elementor-widget-wrap elementor-element-populated\">\n\t\t\t\t\t\t<div class=\"elementor-element elementor-element-5186a64 elementor-widget elementor-widget-image\" data-id=\"5186a64\" data-element_type=\"widget\" data-widget_type=\"image.default\">\n\t\t\t\t<div class=\"elementor-widget-container\">\n\t\t\t\t\t\t\t\t\t\t\t\t\t<img decoding=\"async\" width=\"800\" height=\"534\" src=\"https:\/\/iatse.net\/wp-content\/uploads\/2022\/06\/2022-06-15-Pres-Loeb-shouts-out-lighting-crew-1024x683.jpg\" class=\"attachment-large size-large wp-image-10115\" alt=\"\" srcset=\"https:\/\/iatse.net\/wp-content\/uploads\/2022\/06\/2022-06-15-Pres-Loeb-shouts-out-lighting-crew-1024x683.jpg 1024w, https:\/\/iatse.net\/wp-content\/uploads\/2022\/06\/2022-06-15-Pres-Loeb-shouts-out-lighting-crew-300x200.jpg 300w, https:\/\/iatse.net\/wp-content\/uploads\/2022\/06\/2022-06-15-Pres-Loeb-shouts-out-lighting-crew-768x512.jpg 768w, https:\/\/iatse.net\/wp-content\/uploads\/2022\/06\/2022-06-15-Pres-Loeb-shouts-out-lighting-crew-1536x1025.jpg 1536w, https:\/\/iatse.net\/wp-content\/uploads\/2022\/06\/2022-06-15-Pres-Loeb-shouts-out-lighting-crew-scaled.jpg 2048w, https:\/\/iatse.net\/wp-content\/uploads\/2022\/06\/2022-06-15-Pres-Loeb-shouts-out-lighting-crew-18x12.jpg 18w\" sizes=\"(max-width: 800px) 100vw, 800px\" \/>\t\t\t\t\t\t\t\t\t\t\t\t\t<\/div>\n\t\t\t\t<\/div>\n\t\t\t\t<div class=\"elementor-element elementor-element-a1949d5 elementor-blockquote--skin-border elementor-blockquote--button-color-official elementor-widget elementor-widget-blockquote\" data-id=\"a1949d5\" data-element_type=\"widget\" data-widget_type=\"blockquote.default\">\n\t\t\t\t<div class=\"elementor-widget-container\">\n\t\t\t\t\t<blockquote class=\"elementor-blockquote\">\n\t\t\t<p class=\"elementor-blockquote__content\">\n\t\t\t\t\"Ce que nous gagnons \u00e0 la table des n\u00e9gociations peut \u00eatre perdu dans les urnes. Les politiciens anti-ouvriers\ntravailleurs veulent saper nos droits \u00e0 la n\u00e9gociation collective et priver les membres des syndicats des salaires, des avantages et de la s\u00e9curit\u00e9 de la retraite qu'ils re\u00e7oivent.\net priver les syndiqu\u00e9s des salaires, des avantages et de la s\u00e9curit\u00e9 de la retraite qu'ils\nqu'ils m\u00e9ritent. Le PAC de l'IATSE nous permet de nous lever et de riposter - mais cela exige que nous fassions tous notre part.\nfaire notre part. Pour faire avancer la l\u00e9gislation et les politiques favorables aux travailleurs et soutenues par l'IATSE,\nnous devons soutenir financi\u00e8rement les candidats qui nous soutiennent\".\t\t\t<\/p>\n\t\t\t\t\t\t\t<div class=\"e-q-footer\">\n\t\t\t\t\t\t\t\t\t\t\t<cite class=\"elementor-blockquote__author\">Matthew D. Loeb, pr\u00e9sident international de l'IATSE<\/cite>\n\t\t\t\t\t\t\t\t\t\t\t\t\t\t<\/div>\n\t\t\t\t\t<\/blockquote>\n\t\t\t\t<\/div>\n\t\t\t\t<\/div>\n\t\t\t\t\t<\/div>\n\t\t<\/div>\n\t\t\t\t\t<\/div>\n\t\t<\/section>\n\t\t\t\t<section class=\"elementor-section elementor-top-section elementor-element elementor-element-111edbe elementor-section-boxed elementor-section-height-default elementor-section-height-default\" data-id=\"111edbe\" data-element_type=\"section\">\n\t\t\t\t\t\t<div class=\"elementor-container elementor-column-gap-default\">\n\t\t\t\t\t<div class=\"elementor-column elementor-col-100 elementor-top-column elementor-element elementor-element-8fde9a7\" data-id=\"8fde9a7\" data-element_type=\"column\">\n\t\t\t<div class=\"elementor-widget-wrap elementor-element-populated\">\n\t\t\t\t\t\t<div class=\"elementor-element elementor-element-4cfef51 elementor-widget elementor-widget-text-editor\" data-id=\"4cfef51\" data-element_type=\"widget\" data-widget_type=\"text-editor.default\">\n\t\t\t\t<div class=\"elementor-widget-container\">\n\t\t\t\t\t\t\t<h4><strong>Principales victoires du PAC de l'IATSE :<\/strong><\/h4><ul><li>\u00e9ligibilit\u00e9 des membres de l'IATSE aux programmes d'assurance ch\u00f4mage en cas de pand\u00e9mie COVID-19, y compris $600 suppl\u00e9mentaire par semaine<\/li><li>Maintien de la couverture des soins de sant\u00e9 pendant la pand\u00e9mie gr\u00e2ce \u00e0 la subvention de la prime COBRA 100%<\/li><li>Des niveaux de financement record pour les agences artistiques f\u00e9d\u00e9rales, ce qui se traduit par une augmentation des emplois de l'IATSE dans le domaine des \u00e9v\u00e9nements en direct.<\/li><li>Protection des r\u00e9gimes de retraite sains de l'IATSE gr\u00e2ce \u00e0 l'all\u00e8gement du syst\u00e8me multi-employeurs g\u00e9n\u00e9rationnel<\/li><li>$1.25 Billion Shuttered Venue Operators Grant Program, with labor protections, to keep IATSE employers in business (\"Save Our Stages\")<\/li><li>La proposition d'interdire pendant dix ans les lois des \u00c9tats r\u00e9gissant l'IA a \u00e9t\u00e9 rejet\u00e9e.<br \/><br \/><\/li><\/ul><h4>Le saviez-vous ?<\/h4><ul><li>La loi f\u00e9d\u00e9rale interdit l'utilisation des cotisations syndicales \u00e0 des fins politiques. Les membres doivent volontairement s'inscrire pour contribuer au PAC de l'IATSE.<\/li><li>Actuellement, seuls 2% des membres de l'IATSE donnent \u00e0 notre PAC - ce n'est pas de la solidarit\u00e9 !<\/li><li>100% des fonds vers\u00e9s \u00e0 IATSE PAC vont aux candidats pro-travailleurs qui travaillent pour faire avancer nos priorit\u00e9s.<\/li><li>Les contributeurs r\u00e9currents re\u00e7oivent une lettre d'information trimestrielle avec des mises \u00e0 jour politiques et une liste des candidats soutenus par l'IATSE PAC.<\/li><li>Si vous contribuez \u00e0 hauteur de $10, $20 ou $40 par mois, vous recevrez un pin's IATSE PAC personnalis\u00e9.<br \/><div class=\"page\" title=\"Page 1\"><div class=\"section\"><div class=\"layoutArea\"><div class=\"column\">\u00a0<\/div><\/div><\/div><\/div><\/li><\/ul>\t\t\t\t\t\t<\/div>\n\t\t\t\t<\/div>\n\t\t\t\t<div class=\"elementor-element elementor-element-1ae822f elementor-align-justify elementor-widget elementor-widget-button\" data-id=\"1ae822f\" data-element_type=\"widget\" data-widget_type=\"button.default\">\n\t\t\t\t<div class=\"elementor-widget-container\">\n\t\t\t\t\t<div class=\"elementor-button-wrapper\">\n\t\t\t<a class=\"elementor-button elementor-button-link elementor-size-lg\" href=\"http:\/\/iatsepac.net\" target=\"_blank\">\n\t\t\t\t\t\t<span class=\"elementor-button-content-wrapper\">\n\t\t\t\t\t\t<span class=\"elementor-button-icon elementor-align-icon-right\">\n\t\t\t\t<i aria-hidden=\"true\" class=\"fas fa-long-arrow-alt-right\"><\/i>\t\t\t<\/span>\n\t\t\t\t\t\t<span class=\"elementor-button-text\">Faites votre part et contribuez \u00e0 IATSEPAC.net<\/span>\n\t\t<\/span>\n\t\t\t\t\t<\/a>\n\t\t<\/div>\n\t\t\t\t<\/div>\n\t\t\t\t<\/div>\n\t\t\t\t\t<\/div>\n\t\t<\/div>\n\t\t\t\t\t<\/div>\n\t\t<\/section>\n\t\t\t\t<\/div>","protected":false},"excerpt":{"rendered":"<p>L'IATSE PAC est un comit\u00e9 d'action politique f\u00e9d\u00e9ral non partisan cr\u00e9\u00e9 pour permettre \u00e0 notre syndicat et \u00e0 ses membres de mieux faire entendre leur voix dans le processus politique et l\u00e9gislatif. [...]<\/p>","protected":false},"author":1,"featured_media":0,"parent":1449,"menu_order":0,"comment_status":"closed","ping_status":"closed","template":"","meta":{"_acf_changed":false,"_monsterinsights_skip_tracking":false,"_monsterinsights_sitenote_active":false,"_monsterinsights_sitenote_note":"","_monsterinsights_sitenote_category":0,"footnotes":""},"yoast_head":"<!-- This site is optimized with the Yoast SEO plugin v23.5 - https:\/\/yoast.com\/wordpress\/plugins\/seo\/ -->\n<title>IATSE PAC - IATSE, The Union Behind Entertainment<\/title>\n<meta name=\"robots\" content=\"noindex, nofollow\" \/>\n<meta property=\"og:locale\" content=\"fr_CA\" \/>\n<meta property=\"og:type\" content=\"article\" \/>\n<meta property=\"og:title\" content=\"IATSE PAC - IATSE, The Union Behind Entertainment\" \/>\n<meta property=\"og:description\" content=\"IATSE PAC is a non-partisan, federal political action committee (PAC) created in order for our union and its members to have a greater voice in the political and legislative process. [&hellip;]\" \/>\n<meta property=\"og:url\" content=\"https:\/\/iatse.net\/fr\/political-legislative\/pac\/\" \/>\n<meta property=\"og:site_name\" content=\"IATSE\" \/>\n<meta property=\"article:modified_time\" content=\"2025-11-18T19:38:48+00:00\" \/>\n<meta property=\"og:image\" content=\"https:\/\/iatse.net\/wp-content\/uploads\/2021\/07\/2020-09-29-CleDebate-Union-And-Constitution-Forever-1.jpg\" \/>\n<meta name=\"twitter:card\" content=\"summary_large_image\" \/>\n<meta name=\"twitter:label1\" content=\"Estimation du temps de lecture\" \/>\n\t<meta name=\"twitter:data1\" content=\"2 minutes\" \/>\n<script type=\"application\/ld+json\" class=\"yoast-schema-graph\">{\"@context\":\"https:\/\/schema.org\",\"@graph\":[{\"@type\":\"WebPage\",\"@id\":\"https:\/\/iatse.net\/political-legislative\/pac\/\",\"url\":\"https:\/\/iatse.net\/political-legislative\/pac\/\",\"name\":\"IATSE PAC - IATSE, The Union Behind Entertainment\",\"isPartOf\":{\"@id\":\"https:\/\/iatse.net\/#website\"},\"primaryImageOfPage\":{\"@id\":\"https:\/\/iatse.net\/political-legislative\/pac\/#primaryimage\"},\"image\":{\"@id\":\"https:\/\/iatse.net\/political-legislative\/pac\/#primaryimage\"},\"thumbnailUrl\":\"https:\/\/iatse.net\/wp-content\/uploads\/2021\/07\/2020-09-29-CleDebate-Union-And-Constitution-Forever-1.jpg\",\"datePublished\":\"2022-09-27T14:59:53+00:00\",\"dateModified\":\"2025-11-18T19:38:48+00:00\",\"breadcrumb\":{\"@id\":\"https:\/\/iatse.net\/political-legislative\/pac\/#breadcrumb\"},\"inLanguage\":\"fr-CA\",\"potentialAction\":[{\"@type\":\"ReadAction\",\"target\":[\"https:\/\/iatse.net\/political-legislative\/pac\/\"]}]},{\"@type\":\"ImageObject\",\"inLanguage\":\"fr-CA\",\"@id\":\"https:\/\/iatse.net\/political-legislative\/pac\/#primaryimage\",\"url\":\"https:\/\/iatse.net\/wp-content\/uploads\/2021\/07\/2020-09-29-CleDebate-Union-And-Constitution-Forever-1.jpg\",\"contentUrl\":\"https:\/\/iatse.net\/wp-content\/uploads\/2021\/07\/2020-09-29-CleDebate-Union-And-Constitution-Forever-1.jpg\"},{\"@type\":\"BreadcrumbList\",\"@id\":\"https:\/\/iatse.net\/political-legislative\/pac\/#breadcrumb\",\"itemListElement\":[{\"@type\":\"ListItem\",\"position\":1,\"name\":\"Home\",\"item\":\"https:\/\/iatse.net\/\"},{\"@type\":\"ListItem\",\"position\":2,\"name\":\"Political \/ Legislative\",\"item\":\"https:\/\/iatse.net\/political-legislative\/\"},{\"@type\":\"ListItem\",\"position\":3,\"name\":\"IATSE PAC\"}]},{\"@type\":\"WebSite\",\"@id\":\"https:\/\/iatse.net\/#website\",\"url\":\"https:\/\/iatse.net\/\",\"name\":\"IATSE\",\"description\":\"The Union Behind Entertainment\",\"publisher\":{\"@id\":\"https:\/\/iatse.net\/#organization\"},\"potentialAction\":[{\"@type\":\"SearchAction\",\"target\":{\"@type\":\"EntryPoint\",\"urlTemplate\":\"https:\/\/iatse.net\/?s={search_term_string}\"},\"query-input\":{\"@type\":\"PropertyValueSpecification\",\"valueRequired\":true,\"valueName\":\"search_term_string\"}}],\"inLanguage\":\"fr-CA\"},{\"@type\":\"Organization\",\"@id\":\"https:\/\/iatse.net\/#organization\",\"name\":\"IATSE\",\"url\":\"https:\/\/iatse.net\/\",\"logo\":{\"@type\":\"ImageObject\",\"inLanguage\":\"fr-CA\",\"@id\":\"https:\/\/iatse.net\/#\/schema\/logo\/image\/\",\"url\":\"https:\/\/iatse.net\/wp-content\/uploads\/2021\/03\/IATSE_Logo_White.png\",\"contentUrl\":\"https:\/\/iatse.net\/wp-content\/uploads\/2021\/03\/IATSE_Logo_White.png\",\"width\":2100,\"height\":1987,\"caption\":\"IATSE\"},\"image\":{\"@id\":\"https:\/\/iatse.net\/#\/schema\/logo\/image\/\"}}]}<\/script>\n<!-- \/ Yoast SEO plugin. -->","yoast_head_json":{"title":"IATSE PAC - IATSE, The Union Behind Entertainment","robots":{"index":"noindex","follow":"nofollow"},"og_locale":"fr_CA","og_type":"article","og_title":"IATSE PAC - IATSE, The Union Behind Entertainment","og_description":"IATSE PAC is a non-partisan, federal political action committee (PAC) created in order for our union and its members to have a greater voice in the political and legislative process. [&hellip;]","og_url":"https:\/\/iatse.net\/fr\/political-legislative\/pac\/","og_site_name":"IATSE","article_modified_time":"2025-11-18T19:38:48+00:00","og_image":[{"url":"https:\/\/iatse.net\/wp-content\/uploads\/2021\/07\/2020-09-29-CleDebate-Union-And-Constitution-Forever-1.jpg"}],"twitter_card":"summary_large_image","twitter_misc":{"Estimation du temps de lecture":"2 minutes"},"schema":{"@context":"https:\/\/schema.org","@graph":[{"@type":"WebPage","@id":"https:\/\/iatse.net\/political-legislative\/pac\/","url":"https:\/\/iatse.net\/political-legislative\/pac\/","name":"IATSE PAC - IATSE, The Union Behind Entertainment","isPartOf":{"@id":"https:\/\/iatse.net\/#website"},"primaryImageOfPage":{"@id":"https:\/\/iatse.net\/political-legislative\/pac\/#primaryimage"},"image":{"@id":"https:\/\/iatse.net\/political-legislative\/pac\/#primaryimage"},"thumbnailUrl":"https:\/\/iatse.net\/wp-content\/uploads\/2021\/07\/2020-09-29-CleDebate-Union-And-Constitution-Forever-1.jpg","datePublished":"2022-09-27T14:59:53+00:00","dateModified":"2025-11-18T19:38:48+00:00","breadcrumb":{"@id":"https:\/\/iatse.net\/political-legislative\/pac\/#breadcrumb"},"inLanguage":"fr-CA","potentialAction":[{"@type":"ReadAction","target":["https:\/\/iatse.net\/political-legislative\/pac\/"]}]},{"@type":"ImageObject","inLanguage":"fr-CA","@id":"https:\/\/iatse.net\/political-legislative\/pac\/#primaryimage","url":"https:\/\/iatse.net\/wp-content\/uploads\/2021\/07\/2020-09-29-CleDebate-Union-And-Constitution-Forever-1.jpg","contentUrl":"https:\/\/iatse.net\/wp-content\/uploads\/2021\/07\/2020-09-29-CleDebate-Union-And-Constitution-Forever-1.jpg"},{"@type":"BreadcrumbList","@id":"https:\/\/iatse.net\/political-legislative\/pac\/#breadcrumb","itemListElement":[{"@type":"ListItem","position":1,"name":"Home","item":"https:\/\/iatse.net\/"},{"@type":"ListItem","position":2,"name":"Political \/ Legislative","item":"https:\/\/iatse.net\/political-legislative\/"},{"@type":"ListItem","position":3,"name":"IATSE PAC"}]},{"@type":"WebSite","@id":"https:\/\/iatse.net\/#website","url":"https:\/\/iatse.net\/","name":"IATSE","description":"The Union Behind Entertainment","publisher":{"@id":"https:\/\/iatse.net\/#organization"},"potentialAction":[{"@type":"SearchAction","target":{"@type":"EntryPoint","urlTemplate":"https:\/\/iatse.net\/?s={search_term_string}"},"query-input":{"@type":"PropertyValueSpecification","valueRequired":true,"valueName":"search_term_string"}}],"inLanguage":"fr-CA"},{"@type":"Organization","@id":"https:\/\/iatse.net\/#organization","name":"IATSE","url":"https:\/\/iatse.net\/","logo":{"@type":"ImageObject","inLanguage":"fr-CA","@id":"https:\/\/iatse.net\/#\/schema\/logo\/image\/","url":"https:\/\/iatse.net\/wp-content\/uploads\/2021\/03\/IATSE_Logo_White.png","contentUrl":"https:\/\/iatse.net\/wp-content\/uploads\/2021\/03\/IATSE_Logo_White.png","width":2100,"height":1987,"caption":"IATSE"},"image":{"@id":"https:\/\/iatse.net\/#\/schema\/logo\/image\/"}}]}},"acf":[],"_links":{"self":[{"href":"https:\/\/iatse.net\/fr\/wp-json\/wp\/v2\/pages\/11183"}],"collection":[{"href":"https:\/\/iatse.net\/fr\/wp-json\/wp\/v2\/pages"}],"about":[{"href":"https:\/\/iatse.net\/fr\/wp-json\/wp\/v2\/types\/page"}],"author":[{"embeddable":true,"href":"https:\/\/iatse.net\/fr\/wp-json\/wp\/v2\/users\/1"}],"replies":[{"embeddable":true,"href":"https:\/\/iatse.net\/fr\/wp-json\/wp\/v2\/comments?post=11183"}],"version-history":[{"count":51,"href":"https:\/\/iatse.net\/fr\/wp-json\/wp\/v2\/pages\/11183\/revisions"}],"predecessor-version":[{"id":21150,"href":"https:\/\/iatse.net\/fr\/wp-json\/wp\/v2\/pages\/11183\/revisions\/21150"}],"up":[{"embeddable":true,"href":"https:\/\/iatse.net\/fr\/wp-json\/wp\/v2\/pages\/1449"}],"wp:attachment":[{"href":"https:\/\/iatse.net\/fr\/wp-json\/wp\/v2\/media?parent=11183"}],"curies":[{"name":"wp","href":"https:\/\/api.w.org\/{rel}","templated":true}]}}