{"id":11058,"date":"2022-09-13T14:41:25","date_gmt":"2022-09-13T18:41:25","guid":{"rendered":"https:\/\/iatse.net\/?page_id=11058"},"modified":"2022-09-27T09:16:49","modified_gmt":"2022-09-27T13:16:49","slug":"phone-bank","status":"publish","type":"page","link":"https:\/\/iatse.net\/fr\/political-legislative\/phone-bank\/","title":{"rendered":"Comment mettre en place un programme de services bancaires par t\u00e9l\u00e9phone et par texto pour les syndicats locaux ?"},"content":{"rendered":"<div data-elementor-type=\"wp-page\" data-elementor-id=\"11058\" class=\"elementor elementor-11058\">\n\t\t\t\t\t\t<section class=\"elementor-section elementor-top-section elementor-element elementor-element-6307f52 elementor-section-boxed elementor-section-height-default elementor-section-height-default\" data-id=\"6307f52\" data-element_type=\"section\">\n\t\t\t\t\t\t<div class=\"elementor-container elementor-column-gap-default\">\n\t\t\t\t\t<div class=\"elementor-column elementor-col-100 elementor-top-column elementor-element elementor-element-610b415\" data-id=\"610b415\" data-element_type=\"column\">\n\t\t\t<div class=\"elementor-widget-wrap elementor-element-populated\">\n\t\t\t\t\t\t<div class=\"elementor-element elementor-element-c5e043b elementor-widget elementor-widget-text-editor\" data-id=\"c5e043b\" data-element_type=\"widget\" data-widget_type=\"text-editor.default\">\n\t\t\t\t<div class=\"elementor-widget-container\">\n\t\t\t\t\t\t\t<p>La premi\u00e8re \u00e9tape pour organiser les membres de votre section locale afin qu'ils participent aux prochaines \u00e9lections est de d\u00e9terminer qui est inscrit sur les listes \u00e9lectorales et de s'assurer qu'ils savent comment le faire le jour du scrutin. Vous trouverez ci-dessous des suggestions d'\u00e9tapes pour vous aider \u00e0 d\u00e9marrer, mais n'h\u00e9sitez pas \u00e0 faire preuve de cr\u00e9ativit\u00e9 pour r\u00e9pondre aux besoins de votre section locale !<\/p>\t\t\t\t\t\t<\/div>\n\t\t\t\t<\/div>\n\t\t\t\t<div class=\"elementor-element elementor-element-051b610 elementor-align-justify elementor-widget elementor-widget-button\" data-id=\"051b610\" data-element_type=\"widget\" data-widget_type=\"button.default\">\n\t\t\t\t<div class=\"elementor-widget-container\">\n\t\t\t\t\t<div class=\"elementor-button-wrapper\">\n\t\t\t<a class=\"elementor-button elementor-button-link elementor-size-xl\" href=\"https:\/\/iatse.net\/wp-content\/uploads\/2022\/08\/2022-How-to-Establish-a-Local-Union-Phone-Text-Banking-Program-v3.pdf\" target=\"_blank\">\n\t\t\t\t\t\t<span class=\"elementor-button-content-wrapper\">\n\t\t\t\t\t\t<span class=\"elementor-button-icon elementor-align-icon-left\">\n\t\t\t\t<i aria-hidden=\"true\" class=\"fas fa-file-pdf\"><\/i>\t\t\t<\/span>\n\t\t\t\t\t\t<span class=\"elementor-button-text\">Voir en tant que PDF<\/span>\n\t\t<\/span>\n\t\t\t\t\t<\/a>\n\t\t<\/div>\n\t\t\t\t<\/div>\n\t\t\t\t<\/div>\n\t\t\t\t\t<\/div>\n\t\t<\/div>\n\t\t\t\t\t<\/div>\n\t\t<\/section>\n\t\t\t\t<section class=\"elementor-section elementor-top-section elementor-element elementor-element-bfd05f6 elementor-section-boxed elementor-section-height-default elementor-section-height-default\" data-id=\"bfd05f6\" data-element_type=\"section\">\n\t\t\t\t\t\t<div class=\"elementor-container elementor-column-gap-default\">\n\t\t\t\t\t<div class=\"elementor-column elementor-col-100 elementor-top-column elementor-element elementor-element-1bdca85\" data-id=\"1bdca85\" data-element_type=\"column\">\n\t\t\t<div class=\"elementor-widget-wrap elementor-element-populated\">\n\t\t\t\t\t\t<div class=\"elementor-element elementor-element-0203db4 elementor-widget elementor-widget-text-editor\" data-id=\"0203db4\" data-element_type=\"widget\" data-widget_type=\"text-editor.default\">\n\t\t\t\t<div class=\"elementor-widget-container\">\n\t\t\t\t\t\t\t<h4>\u00c9TAPE 1 : D\u00e9signer une personne de r\u00e9f\u00e9rence pour diriger le programme de banque par t\u00e9l\u00e9phone\/texte de la section locale.<\/h4><ul><li>Communiquez le plan du programme au coordinateur politique (CP) de votre section locale si la personne de r\u00e9f\u00e9rence d\u00e9sign\u00e9e n'est pas le CP.<\/li><\/ul>\t\t\t\t\t\t<\/div>\n\t\t\t\t<\/div>\n\t\t\t\t\t<\/div>\n\t\t<\/div>\n\t\t\t\t\t<\/div>\n\t\t<\/section>\n\t\t\t\t<section class=\"elementor-section elementor-top-section elementor-element elementor-element-0f9f381 elementor-section-boxed elementor-section-height-default elementor-section-height-default\" data-id=\"0f9f381\" data-element_type=\"section\">\n\t\t\t\t\t\t<div class=\"elementor-container elementor-column-gap-default\">\n\t\t\t\t\t<div class=\"elementor-column elementor-col-100 elementor-top-column elementor-element elementor-element-1948cd5\" data-id=\"1948cd5\" data-element_type=\"column\">\n\t\t\t<div class=\"elementor-widget-wrap elementor-element-populated\">\n\t\t\t\t\t\t<div class=\"elementor-element elementor-element-8367232 elementor-widget elementor-widget-text-editor\" data-id=\"8367232\" data-element_type=\"widget\" data-widget_type=\"text-editor.default\">\n\t\t\t\t<div class=\"elementor-widget-container\">\n\t\t\t\t\t\t\t<h4>\u00c9TAPE 2 : Obtenir et organiser tout le mat\u00e9riel n\u00e9cessaire (listes, scripts, etc.)<\/h4><ul><li>Consultez le site de l'IATSE <a href=\"https:\/\/iatse.net\/fr\/political-legislative\/voter-reg-how-to\/\" target=\"_blank\" rel=\"noopener\"><span style=\"text-decoration: underline;\"><strong>Comment \u00e9tablir un programme d'inscription des \u00e9lecteurs d'une section locale<\/strong><\/span><\/a><br \/><br \/><\/li><li>Dressez une liste des membres actifs et retrait\u00e9s de votre section locale.<br \/><br \/><\/li><li>Obtenez une liste des \u00e9lecteurs non inscrits dans votre section locale aupr\u00e8s du RL, ou sur demande aupr\u00e8s du d\u00e9partement politique\/l\u00e9gislatif de l'IATSE (<a href=\"mailto:polleg@iatse.net\">polleg@iatse.net<\/a>).<br \/><br \/><\/li><li>Croisez les deux listes pour d\u00e9terminer qui doit \u00eatre inscrit et qui doit simplement \u00eatre contact\u00e9 pour faire sortir le vote (GOTV).<br \/><br \/><\/li><li>R\u00e9digez un projet de script que les volontaires pourront utiliser pour passer des appels t\u00e9l\u00e9phoniques et envoyer des SMS. <a href=\"https:\/\/iatse.net\/wp-content\/uploads\/2022\/08\/2022-How-to-Establish-a-Local-Union-Phone-Text-Banking-Program-v3.pdf\"><strong><span style=\"text-decoration: underline;\">Cliquez ici pour des exemples de scripts.<\/span><\/strong><\/a><\/li><\/ul>\t\t\t\t\t\t<\/div>\n\t\t\t\t<\/div>\n\t\t\t\t\t<\/div>\n\t\t<\/div>\n\t\t\t\t\t<\/div>\n\t\t<\/section>\n\t\t\t\t<section class=\"elementor-section elementor-top-section elementor-element elementor-element-921b707 elementor-section-boxed elementor-section-height-default elementor-section-height-default\" data-id=\"921b707\" data-element_type=\"section\">\n\t\t\t\t\t\t<div class=\"elementor-container elementor-column-gap-default\">\n\t\t\t\t\t<div class=\"elementor-column elementor-col-100 elementor-top-column elementor-element elementor-element-b62fdc7\" data-id=\"b62fdc7\" data-element_type=\"column\">\n\t\t\t<div class=\"elementor-widget-wrap elementor-element-populated\">\n\t\t\t\t\t\t<div class=\"elementor-element elementor-element-f3170da elementor-widget elementor-widget-text-editor\" data-id=\"f3170da\" data-element_type=\"widget\" data-widget_type=\"text-editor.default\">\n\t\t\t\t<div class=\"elementor-widget-container\">\n\t\t\t\t\t\t\t<h4>\u00c9TAPE 3 : \u00c9tablir un calendrier et recruter des b\u00e9n\u00e9voles<\/h4><ul><li>D\u00e9terminez le temps dont vous avez besoin pour appeler\/envoyer des SMS par l'interm\u00e9diaire des membres de votre section locale.<br \/><br \/><\/li><li>Envoyez un courriel \u00e0 vos membres locaux pour demander des volontaires.<br \/><br \/><\/li><li>Contactez des membres sp\u00e9cifiques qui ont manifest\u00e9 un int\u00e9r\u00eat pour l'action politique.<\/li><\/ul>\t\t\t\t\t\t<\/div>\n\t\t\t\t<\/div>\n\t\t\t\t\t<\/div>\n\t\t<\/div>\n\t\t\t\t\t<\/div>\n\t\t<\/section>\n\t\t\t\t<section class=\"elementor-section elementor-top-section elementor-element elementor-element-98f2066 elementor-section-boxed elementor-section-height-default elementor-section-height-default\" data-id=\"98f2066\" data-element_type=\"section\">\n\t\t\t\t\t\t<div class=\"elementor-container elementor-column-gap-default\">\n\t\t\t\t\t<div class=\"elementor-column elementor-col-100 elementor-top-column elementor-element elementor-element-4dfd3d1\" data-id=\"4dfd3d1\" data-element_type=\"column\">\n\t\t\t<div class=\"elementor-widget-wrap elementor-element-populated\">\n\t\t\t\t\t\t<div class=\"elementor-element elementor-element-6b36897 elementor-widget elementor-widget-text-editor\" data-id=\"6b36897\" data-element_type=\"widget\" data-widget_type=\"text-editor.default\">\n\t\t\t\t<div class=\"elementor-widget-container\">\n\t\t\t\t\t\t\t<h4>\u00c9TAPE 4 : Accueillir la banque t\u00e9l\u00e9phonique\/textuelle<\/h4><ul><li>Identifiez un lieu de rassemblement et de r\u00e9alisation de la banque t\u00e9l\u00e9phonique\/textuelle, comme le local syndical de votre section.<br \/><br \/><\/li><li>Il est souvent plus motivant et plus agr\u00e9able de faire ce travail ensemble en personne, mais nous demandons instamment \u00e0 tous les locaux de respecter les protocoles COVID-19 applicables et d'envisager de proposer aux volontaires une option \u00e0 distance s'ils le pr\u00e9f\u00e8rent.<\/li><\/ul>\t\t\t\t\t\t<\/div>\n\t\t\t\t<\/div>\n\t\t\t\t\t<\/div>\n\t\t<\/div>\n\t\t\t\t\t<\/div>\n\t\t<\/section>\n\t\t\t\t<section class=\"elementor-section elementor-top-section elementor-element elementor-element-4720e3f elementor-section-boxed elementor-section-height-default elementor-section-height-default\" data-id=\"4720e3f\" data-element_type=\"section\">\n\t\t\t\t\t\t<div class=\"elementor-container elementor-column-gap-default\">\n\t\t\t\t\t<div class=\"elementor-column elementor-col-100 elementor-top-column elementor-element elementor-element-2f33617\" data-id=\"2f33617\" data-element_type=\"column\">\n\t\t\t<div class=\"elementor-widget-wrap elementor-element-populated\">\n\t\t\t\t\t\t<div class=\"elementor-element elementor-element-6dffc60 elementor-widget elementor-widget-text-editor\" data-id=\"6dffc60\" data-element_type=\"widget\" data-widget_type=\"text-editor.default\">\n\t\t\t\t<div class=\"elementor-widget-container\">\n\t\t\t\t\t\t\t<h4>\u00c9TAPE 5 : Enregistrez les progr\u00e8s, suivez les r\u00e9sultats et identifiez les actions futures.<\/h4><ul><li>Concentrez-vous sur les contacts, pas sur les tentatives - si nous ne laissons des messages qu'\u00e0 toutes les personnes figurant sur la liste, nous n'acqu\u00e9rons pas les donn\u00e9es essentielles aux futurs efforts de GOTV.<br \/><br \/><\/li><li>Nous vous sugg\u00e9rons d'utiliser des feuilles de calcul pour savoir o\u00f9 en sont les gens dans le processus de vote, afin de pouvoir assurer un suivi appropri\u00e9 des prochaines \u00e9tapes. <em>Par exemple : qui doit s'inscrire &gt; l'ont-ils fait ? Qui a l'intention de voter &gt; ont-ils un plan ?<\/em><\/li><\/ul>\t\t\t\t\t\t<\/div>\n\t\t\t\t<\/div>\n\t\t\t\t\t<\/div>\n\t\t<\/div>\n\t\t\t\t\t<\/div>\n\t\t<\/section>\n\t\t\t\t<section class=\"elementor-section elementor-top-section elementor-element elementor-element-dbfd2ef elementor-section-boxed elementor-section-height-default elementor-section-height-default\" data-id=\"dbfd2ef\" data-element_type=\"section\">\n\t\t\t\t\t\t<div class=\"elementor-container elementor-column-gap-default\">\n\t\t\t\t\t<div class=\"elementor-column elementor-col-100 elementor-top-column elementor-element elementor-element-ed8a07f\" data-id=\"ed8a07f\" data-element_type=\"column\">\n\t\t\t<div class=\"elementor-widget-wrap elementor-element-populated\">\n\t\t\t\t\t\t<div class=\"elementor-element elementor-element-316d680 elementor-widget elementor-widget-text-editor\" data-id=\"316d680\" data-element_type=\"widget\" data-widget_type=\"text-editor.default\">\n\t\t\t\t<div class=\"elementor-widget-container\">\n\t\t\t\t\t\t\t<h4>\u00c9TAPE 6 : Partager le succ\u00e8s et cr\u00e9er une dynamique<\/h4><ul><li>Partagez vos photos sur les m\u00e9dias sociaux et envoyez-les par courriel \u00e0 <a href=\"mailto:polleg@iatse.net\">polleg@iatse.net<\/a>.<br \/><br \/><\/li><li>Utilisez #IATSEvotes et marquez @IATSE dans vos publications sur les m\u00e9dias sociaux.<\/li><\/ul>\t\t\t\t\t\t<\/div>\n\t\t\t\t<\/div>\n\t\t\t\t\t<\/div>\n\t\t<\/div>\n\t\t\t\t\t<\/div>\n\t\t<\/section>\n\t\t\t\t<\/div>","protected":false},"excerpt":{"rendered":"<p>La premi\u00e8re \u00e9tape de l'organisation de vos membres locaux pour participer aux prochaines \u00e9lections consiste \u00e0 d\u00e9terminer qui est inscrit sur les listes \u00e9lectorales et \u00e0 s'assurer qu'il sait comment le faire [...].<\/p>","protected":false},"author":1,"featured_media":0,"parent":1449,"menu_order":0,"comment_status":"closed","ping_status":"closed","template":"","meta":{"_acf_changed":false,"_monsterinsights_skip_tracking":false,"_monsterinsights_sitenote_active":false,"_monsterinsights_sitenote_note":"","_monsterinsights_sitenote_category":0,"footnotes":""},"yoast_head":"<!-- This site is optimized with the Yoast SEO plugin v23.5 - https:\/\/yoast.com\/wordpress\/plugins\/seo\/ -->\n<title>How to Establish a Local Union Phone &amp; Text Banking Program - IATSE, The Union Behind Entertainment<\/title>\n<meta name=\"robots\" content=\"index, follow, max-snippet:-1, max-image-preview:large, max-video-preview:-1\" \/>\n<link rel=\"canonical\" href=\"https:\/\/iatse.net\/fr\/political-legislative\/phone-bank\/\" \/>\n<meta property=\"og:locale\" content=\"fr_CA\" \/>\n<meta property=\"og:type\" content=\"article\" \/>\n<meta property=\"og:title\" content=\"How to Establish a Local Union Phone &amp; Text Banking Program - IATSE, The Union Behind Entertainment\" \/>\n<meta property=\"og:description\" content=\"The first step to organizing your local membership to participate in the next election is determining who is registered to vote and making sure they know how to do so [&hellip;]\" \/>\n<meta property=\"og:url\" content=\"https:\/\/iatse.net\/fr\/political-legislative\/phone-bank\/\" \/>\n<meta property=\"og:site_name\" content=\"IATSE\" \/>\n<meta property=\"article:modified_time\" content=\"2022-09-27T13:16:49+00:00\" \/>\n<meta name=\"twitter:card\" content=\"summary_large_image\" \/>\n<meta name=\"twitter:label1\" content=\"Estimation du temps de lecture\" \/>\n\t<meta name=\"twitter:data1\" content=\"2 minutes\" \/>\n<script type=\"application\/ld+json\" class=\"yoast-schema-graph\">{\"@context\":\"https:\/\/schema.org\",\"@graph\":[{\"@type\":\"WebPage\",\"@id\":\"https:\/\/iatse.net\/political-legislative\/phone-bank\/\",\"url\":\"https:\/\/iatse.net\/political-legislative\/phone-bank\/\",\"name\":\"How to Establish a Local Union Phone & Text Banking Program - IATSE, The Union Behind Entertainment\",\"isPartOf\":{\"@id\":\"https:\/\/iatse.net\/#website\"},\"datePublished\":\"2022-09-13T18:41:25+00:00\",\"dateModified\":\"2022-09-27T13:16:49+00:00\",\"breadcrumb\":{\"@id\":\"https:\/\/iatse.net\/political-legislative\/phone-bank\/#breadcrumb\"},\"inLanguage\":\"fr-CA\",\"potentialAction\":[{\"@type\":\"ReadAction\",\"target\":[\"https:\/\/iatse.net\/political-legislative\/phone-bank\/\"]}]},{\"@type\":\"BreadcrumbList\",\"@id\":\"https:\/\/iatse.net\/political-legislative\/phone-bank\/#breadcrumb\",\"itemListElement\":[{\"@type\":\"ListItem\",\"position\":1,\"name\":\"Home\",\"item\":\"https:\/\/iatse.net\/\"},{\"@type\":\"ListItem\",\"position\":2,\"name\":\"Political \/ Legislative\",\"item\":\"https:\/\/iatse.net\/political-legislative\/\"},{\"@type\":\"ListItem\",\"position\":3,\"name\":\"How to Establish a Local Union Phone &#038; Text Banking Program\"}]},{\"@type\":\"WebSite\",\"@id\":\"https:\/\/iatse.net\/#website\",\"url\":\"https:\/\/iatse.net\/\",\"name\":\"IATSE\",\"description\":\"The Union Behind Entertainment\",\"publisher\":{\"@id\":\"https:\/\/iatse.net\/#organization\"},\"potentialAction\":[{\"@type\":\"SearchAction\",\"target\":{\"@type\":\"EntryPoint\",\"urlTemplate\":\"https:\/\/iatse.net\/?s={search_term_string}\"},\"query-input\":{\"@type\":\"PropertyValueSpecification\",\"valueRequired\":true,\"valueName\":\"search_term_string\"}}],\"inLanguage\":\"fr-CA\"},{\"@type\":\"Organization\",\"@id\":\"https:\/\/iatse.net\/#organization\",\"name\":\"IATSE\",\"url\":\"https:\/\/iatse.net\/\",\"logo\":{\"@type\":\"ImageObject\",\"inLanguage\":\"fr-CA\",\"@id\":\"https:\/\/iatse.net\/#\/schema\/logo\/image\/\",\"url\":\"https:\/\/iatse.net\/wp-content\/uploads\/2021\/03\/IATSE_Logo_White.png\",\"contentUrl\":\"https:\/\/iatse.net\/wp-content\/uploads\/2021\/03\/IATSE_Logo_White.png\",\"width\":2100,\"height\":1987,\"caption\":\"IATSE\"},\"image\":{\"@id\":\"https:\/\/iatse.net\/#\/schema\/logo\/image\/\"}}]}<\/script>\n<!-- \/ Yoast SEO plugin. -->","yoast_head_json":{"title":"How to Establish a Local Union Phone & Text Banking Program - IATSE, The Union Behind Entertainment","robots":{"index":"index","follow":"follow","max-snippet":"max-snippet:-1","max-image-preview":"max-image-preview:large","max-video-preview":"max-video-preview:-1"},"canonical":"https:\/\/iatse.net\/fr\/political-legislative\/phone-bank\/","og_locale":"fr_CA","og_type":"article","og_title":"How to Establish a Local Union Phone & Text Banking Program - IATSE, The Union Behind Entertainment","og_description":"The first step to organizing your local membership to participate in the next election is determining who is registered to vote and making sure they know how to do so [&hellip;]","og_url":"https:\/\/iatse.net\/fr\/political-legislative\/phone-bank\/","og_site_name":"IATSE","article_modified_time":"2022-09-27T13:16:49+00:00","twitter_card":"summary_large_image","twitter_misc":{"Estimation du temps de lecture":"2 minutes"},"schema":{"@context":"https:\/\/schema.org","@graph":[{"@type":"WebPage","@id":"https:\/\/iatse.net\/political-legislative\/phone-bank\/","url":"https:\/\/iatse.net\/political-legislative\/phone-bank\/","name":"How to Establish a Local Union Phone & Text Banking Program - IATSE, The Union Behind Entertainment","isPartOf":{"@id":"https:\/\/iatse.net\/#website"},"datePublished":"2022-09-13T18:41:25+00:00","dateModified":"2022-09-27T13:16:49+00:00","breadcrumb":{"@id":"https:\/\/iatse.net\/political-legislative\/phone-bank\/#breadcrumb"},"inLanguage":"fr-CA","potentialAction":[{"@type":"ReadAction","target":["https:\/\/iatse.net\/political-legislative\/phone-bank\/"]}]},{"@type":"BreadcrumbList","@id":"https:\/\/iatse.net\/political-legislative\/phone-bank\/#breadcrumb","itemListElement":[{"@type":"ListItem","position":1,"name":"Home","item":"https:\/\/iatse.net\/"},{"@type":"ListItem","position":2,"name":"Political \/ Legislative","item":"https:\/\/iatse.net\/political-legislative\/"},{"@type":"ListItem","position":3,"name":"How to Establish a Local Union Phone &#038; Text Banking Program"}]},{"@type":"WebSite","@id":"https:\/\/iatse.net\/#website","url":"https:\/\/iatse.net\/","name":"IATSE","description":"The Union Behind Entertainment","publisher":{"@id":"https:\/\/iatse.net\/#organization"},"potentialAction":[{"@type":"SearchAction","target":{"@type":"EntryPoint","urlTemplate":"https:\/\/iatse.net\/?s={search_term_string}"},"query-input":{"@type":"PropertyValueSpecification","valueRequired":true,"valueName":"search_term_string"}}],"inLanguage":"fr-CA"},{"@type":"Organization","@id":"https:\/\/iatse.net\/#organization","name":"IATSE","url":"https:\/\/iatse.net\/","logo":{"@type":"ImageObject","inLanguage":"fr-CA","@id":"https:\/\/iatse.net\/#\/schema\/logo\/image\/","url":"https:\/\/iatse.net\/wp-content\/uploads\/2021\/03\/IATSE_Logo_White.png","contentUrl":"https:\/\/iatse.net\/wp-content\/uploads\/2021\/03\/IATSE_Logo_White.png","width":2100,"height":1987,"caption":"IATSE"},"image":{"@id":"https:\/\/iatse.net\/#\/schema\/logo\/image\/"}}]}},"acf":[],"_links":{"self":[{"href":"https:\/\/iatse.net\/fr\/wp-json\/wp\/v2\/pages\/11058"}],"collection":[{"href":"https:\/\/iatse.net\/fr\/wp-json\/wp\/v2\/pages"}],"about":[{"href":"https:\/\/iatse.net\/fr\/wp-json\/wp\/v2\/types\/page"}],"author":[{"embeddable":true,"href":"https:\/\/iatse.net\/fr\/wp-json\/wp\/v2\/users\/1"}],"replies":[{"embeddable":true,"href":"https:\/\/iatse.net\/fr\/wp-json\/wp\/v2\/comments?post=11058"}],"version-history":[{"count":13,"href":"https:\/\/iatse.net\/fr\/wp-json\/wp\/v2\/pages\/11058\/revisions"}],"predecessor-version":[{"id":11161,"href":"https:\/\/iatse.net\/fr\/wp-json\/wp\/v2\/pages\/11058\/revisions\/11161"}],"up":[{"embeddable":true,"href":"https:\/\/iatse.net\/fr\/wp-json\/wp\/v2\/pages\/1449"}],"wp:attachment":[{"href":"https:\/\/iatse.net\/fr\/wp-json\/wp\/v2\/media?parent=11058"}],"curies":[{"name":"wp","href":"https:\/\/api.w.org\/{rel}","templated":true}]}}