{"id":11025,"date":"2022-09-13T13:01:17","date_gmt":"2022-09-13T17:01:17","guid":{"rendered":"https:\/\/iatse.net\/?page_id=11025"},"modified":"2022-10-04T11:09:27","modified_gmt":"2022-10-04T15:09:27","slug":"voter-reg-how-to","status":"publish","type":"page","link":"https:\/\/iatse.net\/fr\/political-legislative\/voter-reg-how-to\/","title":{"rendered":"Comment \u00e9tablir un programme d'inscription des \u00e9lecteurs d'une section locale"},"content":{"rendered":"<div data-elementor-type=\"wp-page\" data-elementor-id=\"11025\" class=\"elementor elementor-11025\">\n\t\t\t\t\t\t<section class=\"elementor-section elementor-top-section elementor-element elementor-element-4fca515 elementor-section-boxed elementor-section-height-default elementor-section-height-default\" data-id=\"4fca515\" data-element_type=\"section\">\n\t\t\t\t\t\t<div class=\"elementor-container elementor-column-gap-default\">\n\t\t\t\t\t<div class=\"elementor-column elementor-col-100 elementor-top-column elementor-element elementor-element-00cc9ce\" data-id=\"00cc9ce\" data-element_type=\"column\">\n\t\t\t<div class=\"elementor-widget-wrap elementor-element-populated\">\n\t\t\t\t\t\t<div class=\"elementor-element elementor-element-40acd4d elementor-align-justify elementor-widget elementor-widget-button\" data-id=\"40acd4d\" data-element_type=\"widget\" data-widget_type=\"button.default\">\n\t\t\t\t<div class=\"elementor-widget-container\">\n\t\t\t\t\t<div class=\"elementor-button-wrapper\">\n\t\t\t<a class=\"elementor-button elementor-button-link elementor-size-xl\" href=\"https:\/\/iatse.net\/wp-content\/uploads\/2022\/10\/How-to-Establish-a-Local-Union-Voter-Registration-Program.pdf\" target=\"_blank\">\n\t\t\t\t\t\t<span class=\"elementor-button-content-wrapper\">\n\t\t\t\t\t\t<span class=\"elementor-button-icon elementor-align-icon-left\">\n\t\t\t\t<i aria-hidden=\"true\" class=\"fas fa-file-pdf\"><\/i>\t\t\t<\/span>\n\t\t\t\t\t\t<span class=\"elementor-button-text\">Voir en tant que PDF<\/span>\n\t\t<\/span>\n\t\t\t\t\t<\/a>\n\t\t<\/div>\n\t\t\t\t<\/div>\n\t\t\t\t<\/div>\n\t\t\t\t\t<\/div>\n\t\t<\/div>\n\t\t\t\t\t<\/div>\n\t\t<\/section>\n\t\t\t\t<section class=\"elementor-section elementor-top-section elementor-element elementor-element-083ac6d elementor-section-boxed elementor-section-height-default elementor-section-height-default\" data-id=\"083ac6d\" data-element_type=\"section\">\n\t\t\t\t\t\t<div class=\"elementor-container elementor-column-gap-default\">\n\t\t\t\t\t<div class=\"elementor-column elementor-col-100 elementor-top-column elementor-element elementor-element-131b68b\" data-id=\"131b68b\" data-element_type=\"column\">\n\t\t\t<div class=\"elementor-widget-wrap elementor-element-populated\">\n\t\t\t\t\t\t<div class=\"elementor-element elementor-element-d022c19 elementor-widget elementor-widget-text-editor\" data-id=\"d022c19\" data-element_type=\"widget\" data-widget_type=\"text-editor.default\">\n\t\t\t\t<div class=\"elementor-widget-container\">\n\t\t\t\t\t\t\t<h4>\u00c9TAPE 1 : D\u00e9signer une personne de r\u00e9f\u00e9rence pour diriger le programme d'inscription des \u00e9lecteurs de la section locale.<\/h4><ul><li>Communiquer le plan du programme \u00e0 votre coordinateur politique local (CP), si la personne de r\u00e9f\u00e9rence d\u00e9sign\u00e9e n'est pas le CP.<\/li><\/ul>\t\t\t\t\t\t<\/div>\n\t\t\t\t<\/div>\n\t\t\t\t\t<\/div>\n\t\t<\/div>\n\t\t\t\t\t<\/div>\n\t\t<\/section>\n\t\t\t\t<section class=\"elementor-section elementor-top-section elementor-element elementor-element-a24a219 elementor-section-boxed elementor-section-height-default elementor-section-height-default\" data-id=\"a24a219\" data-element_type=\"section\">\n\t\t\t\t\t\t<div class=\"elementor-container elementor-column-gap-default\">\n\t\t\t\t\t<div class=\"elementor-column elementor-col-100 elementor-top-column elementor-element elementor-element-11b0340\" data-id=\"11b0340\" data-element_type=\"column\">\n\t\t\t<div class=\"elementor-widget-wrap elementor-element-populated\">\n\t\t\t\t\t\t<div class=\"elementor-element elementor-element-a3670c2 elementor-widget elementor-widget-text-editor\" data-id=\"a3670c2\" data-element_type=\"widget\" data-widget_type=\"text-editor.default\">\n\t\t\t\t<div class=\"elementor-widget-container\">\n\t\t\t\t\t\t\t<h4>\u00c9TAPE 2 : \u00c9valuer le statut d'inscription de vos membres<\/h4><ul><li>Demander l'acc\u00e8s au Labor Action Network (LAN) pour votre coordinateur politique<br \/>\u00a0<\/li><li>Obtenez une liste des \u00e9lecteurs non inscrits dans votre section locale aupr\u00e8s du RL, ou demandez-la au d\u00e9partement politique\/l\u00e9gislatif (<a href=\"mailto:polleg@iatse.net\">polleg@iatse.net<\/a>)<\/li><\/ul>\t\t\t\t\t\t<\/div>\n\t\t\t\t<\/div>\n\t\t\t\t\t<\/div>\n\t\t<\/div>\n\t\t\t\t\t<\/div>\n\t\t<\/section>\n\t\t\t\t<section class=\"elementor-section elementor-top-section elementor-element elementor-element-dc54312 elementor-section-boxed elementor-section-height-default elementor-section-height-default\" data-id=\"dc54312\" data-element_type=\"section\">\n\t\t\t\t\t\t<div class=\"elementor-container elementor-column-gap-default\">\n\t\t\t\t\t<div class=\"elementor-column elementor-col-100 elementor-top-column elementor-element elementor-element-69f98eb\" data-id=\"69f98eb\" data-element_type=\"column\">\n\t\t\t<div class=\"elementor-widget-wrap elementor-element-populated\">\n\t\t\t\t\t\t<div class=\"elementor-element elementor-element-4036bfe elementor-widget elementor-widget-text-editor\" data-id=\"4036bfe\" data-element_type=\"widget\" data-widget_type=\"text-editor.default\">\n\t\t\t\t<div class=\"elementor-widget-container\">\n\t\t\t\t\t\t\t<h4>\u00c9TAPE 3 : Apprenez et respectez les r\u00e8gles d'inscription sur les listes \u00e9lectorales de votre \u00c9tat.<\/h4><ul><li>Visitez <a href=\"https:\/\/vote.gov\/\" target=\"_blank\" rel=\"noopener\"><strong><span style=\"text-decoration: underline;\">vote.gov<\/span><\/strong><\/a> et suivez le lien vers votre \u00e9tat<br \/>\u00a0<\/li><li><a href=\"https:\/\/www.ncsl.org\/research\/elections-and-campaigns\/electronic-or-online-voter-registration.aspx#Table%20of%20states%20w\/ovr\"><span style=\"text-decoration: underline;\"><strong>Consultez les r\u00e8gles d'inscription en ligne des \u00e9lecteurs<\/strong><\/span><\/a> dans votre \u00e9tat<\/li><\/ul>\t\t\t\t\t\t<\/div>\n\t\t\t\t<\/div>\n\t\t\t\t\t<\/div>\n\t\t<\/div>\n\t\t\t\t\t<\/div>\n\t\t<\/section>\n\t\t\t\t<section class=\"elementor-section elementor-top-section elementor-element elementor-element-ec1ac52 elementor-section-boxed elementor-section-height-default elementor-section-height-default\" data-id=\"ec1ac52\" data-element_type=\"section\">\n\t\t\t\t\t\t<div class=\"elementor-container elementor-column-gap-default\">\n\t\t\t\t\t<div class=\"elementor-column elementor-col-100 elementor-top-column elementor-element elementor-element-e357586\" data-id=\"e357586\" data-element_type=\"column\">\n\t\t\t<div class=\"elementor-widget-wrap elementor-element-populated\">\n\t\t\t\t\t\t<div class=\"elementor-element elementor-element-28b3364 elementor-widget elementor-widget-text-editor\" data-id=\"28b3364\" data-element_type=\"widget\" data-widget_type=\"text-editor.default\">\n\t\t\t\t<div class=\"elementor-widget-container\">\n\t\t\t\t\t\t\t<h4>\u00c9TAPE 4 : Examinez et partagez les dates limites d'inscription et les dates d'\u00e9lection de votre \u00c9tat.<\/h4><ul><li>Visitez le <a href=\"https:\/\/iatse.net\/fr\/political-legislative\/iatse-voter-toolkit\/\"><span style=\"text-decoration: underline;\"><strong>Bo\u00eete \u00e0 outils pour les \u00e9lecteurs de l'IATSE<\/strong><\/span><\/a>\u00a0pour confirmer les dates limites d'inscription sur les listes \u00e9lectorales et de vote par correspondance, les dates des \u00e9lections et du vote anticip\u00e9, les exigences en mati\u00e8re d'identification des \u00e9lecteurs, les lieux de vote, etc.<\/li><\/ul>\t\t\t\t\t\t<\/div>\n\t\t\t\t<\/div>\n\t\t\t\t\t<\/div>\n\t\t<\/div>\n\t\t\t\t\t<\/div>\n\t\t<\/section>\n\t\t\t\t<section class=\"elementor-section elementor-top-section elementor-element elementor-element-504103e elementor-section-boxed elementor-section-height-default elementor-section-height-default\" data-id=\"504103e\" data-element_type=\"section\">\n\t\t\t\t\t\t<div class=\"elementor-container elementor-column-gap-default\">\n\t\t\t\t\t<div class=\"elementor-column elementor-col-100 elementor-top-column elementor-element elementor-element-afd356e\" data-id=\"afd356e\" data-element_type=\"column\">\n\t\t\t<div class=\"elementor-widget-wrap elementor-element-populated\">\n\t\t\t\t\t\t<div class=\"elementor-element elementor-element-14ee67d elementor-widget elementor-widget-text-editor\" data-id=\"14ee67d\" data-element_type=\"widget\" data-widget_type=\"text-editor.default\">\n\t\t\t\t<div class=\"elementor-widget-container\">\n\t\t\t\t\t\t\t<h4>\u00c9TAPE 5 : Enregistrez vos membres<\/h4><ul><li><a href=\"https:\/\/www.eac.gov\/voters\/national-mail-voter-registration-form\"><span style=\"text-decoration: underline;\"><strong>Imprimer les formulaires d'inscription des \u00e9lecteurs<\/strong><\/span><\/a> et apprenez les champs obligatoires<br \/>\u00a0<\/li><li>Mettre en place une table d'inscription aux r\u00e9unions et \u00e9v\u00e9nements locaux<br \/>\u00a0<\/li><li>Partagez les ressources relatives \u00e0 l'inscription des \u00e9lecteurs sur votre site web, dans votre bulletin d'information et sur les m\u00e9dias sociaux.<br \/>\u00a0<\/li><li>Recruter des volontaires dans votre section locale pour aider \u00e0 atteindre les membres potentiellement non inscrits par le biais d'une banque t\u00e9l\u00e9phonique ou d'une banque de textos entre pairs (voir le document <a href=\"https:\/\/iatse.net\/fr\/political-legislative\/phone-bank\/\" target=\"_blank\" rel=\"noopener\"><span style=\"text-decoration: underline;\"><strong>Comment mettre en place un programme de services bancaires par t\u00e9l\u00e9phone\/texte dans une section locale ?<\/strong><\/span><\/a> pour des suggestions et des exemples de scripts)<\/li><\/ul>\t\t\t\t\t\t<\/div>\n\t\t\t\t<\/div>\n\t\t\t\t\t<\/div>\n\t\t<\/div>\n\t\t\t\t\t<\/div>\n\t\t<\/section>\n\t\t\t\t<section class=\"elementor-section elementor-top-section elementor-element elementor-element-10b0280 elementor-section-boxed elementor-section-height-default elementor-section-height-default\" data-id=\"10b0280\" data-element_type=\"section\">\n\t\t\t\t\t\t<div class=\"elementor-container elementor-column-gap-default\">\n\t\t\t\t\t<div class=\"elementor-column elementor-col-100 elementor-top-column elementor-element elementor-element-4fc1fdb\" data-id=\"4fc1fdb\" data-element_type=\"column\">\n\t\t\t<div class=\"elementor-widget-wrap elementor-element-populated\">\n\t\t\t\t\t\t<div class=\"elementor-element elementor-element-e088337 elementor-widget elementor-widget-text-editor\" data-id=\"e088337\" data-element_type=\"widget\" data-widget_type=\"text-editor.default\">\n\t\t\t\t<div class=\"elementor-widget-container\">\n\t\t\t\t\t\t\t<h4>\u00c9TAPE 6 : Partager le succ\u00e8s et cr\u00e9er une dynamique<\/h4><ul><li>Partagez vos photos sur les m\u00e9dias sociaux et envoyez-les par courriel \u00e0 <a href=\"mailto:polleg@iatse.net\">polleg@iatse.net<\/a><br \/>\u00a0<\/li><li>Utilisez #IATSEvotes et marquez @IATSE dans vos publications sur les m\u00e9dias sociaux.<\/li><\/ul>\t\t\t\t\t\t<\/div>\n\t\t\t\t<\/div>\n\t\t\t\t\t<\/div>\n\t\t<\/div>\n\t\t\t\t\t<\/div>\n\t\t<\/section>\n\t\t\t\t<\/div>","protected":false},"excerpt":{"rendered":"<p>Voir en PDF \u00c9TAPE 1 : D\u00e9signer une personne de r\u00e9f\u00e9rence pour diriger le programme d'inscription des \u00e9lecteurs de la section locale Communiquer le plan du programme \u00e0 votre coordonnateur politique local (CP), si la personne de r\u00e9f\u00e9rence d\u00e9sign\u00e9e est [...].<\/p>","protected":false},"author":1,"featured_media":0,"parent":1449,"menu_order":0,"comment_status":"closed","ping_status":"closed","template":"","meta":{"_acf_changed":false,"_monsterinsights_skip_tracking":false,"_monsterinsights_sitenote_active":false,"_monsterinsights_sitenote_note":"","_monsterinsights_sitenote_category":0,"footnotes":""},"yoast_head":"<!-- This site is optimized with the Yoast SEO plugin v23.5 - https:\/\/yoast.com\/wordpress\/plugins\/seo\/ -->\n<title>How to Establish a Local Union Voter Registration Program - IATSE, The Union Behind Entertainment<\/title>\n<meta name=\"robots\" content=\"index, follow, max-snippet:-1, max-image-preview:large, max-video-preview:-1\" \/>\n<link rel=\"canonical\" href=\"https:\/\/iatse.net\/fr\/political-legislative\/voter-reg-how-to\/\" \/>\n<meta property=\"og:locale\" content=\"fr_CA\" \/>\n<meta property=\"og:type\" content=\"article\" \/>\n<meta property=\"og:title\" content=\"How to Establish a Local Union Voter Registration Program - IATSE, The Union Behind Entertainment\" \/>\n<meta property=\"og:description\" content=\"View as PDF STEP 1: Assign a point person to lead the local\u2019s voter registration program Communicate program plan to your local political coordinator (PC), if assigned point person is [&hellip;]\" \/>\n<meta property=\"og:url\" content=\"https:\/\/iatse.net\/fr\/political-legislative\/voter-reg-how-to\/\" \/>\n<meta property=\"og:site_name\" content=\"IATSE\" \/>\n<meta property=\"article:modified_time\" content=\"2022-10-04T15:09:27+00:00\" \/>\n<meta name=\"twitter:card\" content=\"summary_large_image\" \/>\n<meta name=\"twitter:label1\" content=\"Estimation du temps de lecture\" \/>\n\t<meta name=\"twitter:data1\" content=\"2 minutes\" \/>\n<script type=\"application\/ld+json\" class=\"yoast-schema-graph\">{\"@context\":\"https:\/\/schema.org\",\"@graph\":[{\"@type\":\"WebPage\",\"@id\":\"https:\/\/iatse.net\/political-legislative\/voter-reg-how-to\/\",\"url\":\"https:\/\/iatse.net\/political-legislative\/voter-reg-how-to\/\",\"name\":\"How to Establish a Local Union Voter Registration Program - IATSE, The Union Behind Entertainment\",\"isPartOf\":{\"@id\":\"https:\/\/iatse.net\/#website\"},\"datePublished\":\"2022-09-13T17:01:17+00:00\",\"dateModified\":\"2022-10-04T15:09:27+00:00\",\"breadcrumb\":{\"@id\":\"https:\/\/iatse.net\/political-legislative\/voter-reg-how-to\/#breadcrumb\"},\"inLanguage\":\"fr-CA\",\"potentialAction\":[{\"@type\":\"ReadAction\",\"target\":[\"https:\/\/iatse.net\/political-legislative\/voter-reg-how-to\/\"]}]},{\"@type\":\"BreadcrumbList\",\"@id\":\"https:\/\/iatse.net\/political-legislative\/voter-reg-how-to\/#breadcrumb\",\"itemListElement\":[{\"@type\":\"ListItem\",\"position\":1,\"name\":\"Home\",\"item\":\"https:\/\/iatse.net\/\"},{\"@type\":\"ListItem\",\"position\":2,\"name\":\"Political \/ Legislative\",\"item\":\"https:\/\/iatse.net\/political-legislative\/\"},{\"@type\":\"ListItem\",\"position\":3,\"name\":\"How to Establish a Local Union Voter Registration Program\"}]},{\"@type\":\"WebSite\",\"@id\":\"https:\/\/iatse.net\/#website\",\"url\":\"https:\/\/iatse.net\/\",\"name\":\"IATSE\",\"description\":\"The Union Behind Entertainment\",\"publisher\":{\"@id\":\"https:\/\/iatse.net\/#organization\"},\"potentialAction\":[{\"@type\":\"SearchAction\",\"target\":{\"@type\":\"EntryPoint\",\"urlTemplate\":\"https:\/\/iatse.net\/?s={search_term_string}\"},\"query-input\":{\"@type\":\"PropertyValueSpecification\",\"valueRequired\":true,\"valueName\":\"search_term_string\"}}],\"inLanguage\":\"fr-CA\"},{\"@type\":\"Organization\",\"@id\":\"https:\/\/iatse.net\/#organization\",\"name\":\"IATSE\",\"url\":\"https:\/\/iatse.net\/\",\"logo\":{\"@type\":\"ImageObject\",\"inLanguage\":\"fr-CA\",\"@id\":\"https:\/\/iatse.net\/#\/schema\/logo\/image\/\",\"url\":\"https:\/\/iatse.net\/wp-content\/uploads\/2021\/03\/IATSE_Logo_White.png\",\"contentUrl\":\"https:\/\/iatse.net\/wp-content\/uploads\/2021\/03\/IATSE_Logo_White.png\",\"width\":2100,\"height\":1987,\"caption\":\"IATSE\"},\"image\":{\"@id\":\"https:\/\/iatse.net\/#\/schema\/logo\/image\/\"}}]}<\/script>\n<!-- \/ Yoast SEO plugin. -->","yoast_head_json":{"title":"How to Establish a Local Union Voter Registration Program - IATSE, The Union Behind Entertainment","robots":{"index":"index","follow":"follow","max-snippet":"max-snippet:-1","max-image-preview":"max-image-preview:large","max-video-preview":"max-video-preview:-1"},"canonical":"https:\/\/iatse.net\/fr\/political-legislative\/voter-reg-how-to\/","og_locale":"fr_CA","og_type":"article","og_title":"How to Establish a Local Union Voter Registration Program - IATSE, The Union Behind Entertainment","og_description":"View as PDF STEP 1: Assign a point person to lead the local\u2019s voter registration program Communicate program plan to your local political coordinator (PC), if assigned point person is [&hellip;]","og_url":"https:\/\/iatse.net\/fr\/political-legislative\/voter-reg-how-to\/","og_site_name":"IATSE","article_modified_time":"2022-10-04T15:09:27+00:00","twitter_card":"summary_large_image","twitter_misc":{"Estimation du temps de lecture":"2 minutes"},"schema":{"@context":"https:\/\/schema.org","@graph":[{"@type":"WebPage","@id":"https:\/\/iatse.net\/political-legislative\/voter-reg-how-to\/","url":"https:\/\/iatse.net\/political-legislative\/voter-reg-how-to\/","name":"How to Establish a Local Union Voter Registration Program - IATSE, The Union Behind Entertainment","isPartOf":{"@id":"https:\/\/iatse.net\/#website"},"datePublished":"2022-09-13T17:01:17+00:00","dateModified":"2022-10-04T15:09:27+00:00","breadcrumb":{"@id":"https:\/\/iatse.net\/political-legislative\/voter-reg-how-to\/#breadcrumb"},"inLanguage":"fr-CA","potentialAction":[{"@type":"ReadAction","target":["https:\/\/iatse.net\/political-legislative\/voter-reg-how-to\/"]}]},{"@type":"BreadcrumbList","@id":"https:\/\/iatse.net\/political-legislative\/voter-reg-how-to\/#breadcrumb","itemListElement":[{"@type":"ListItem","position":1,"name":"Home","item":"https:\/\/iatse.net\/"},{"@type":"ListItem","position":2,"name":"Political \/ Legislative","item":"https:\/\/iatse.net\/political-legislative\/"},{"@type":"ListItem","position":3,"name":"How to Establish a Local Union Voter Registration Program"}]},{"@type":"WebSite","@id":"https:\/\/iatse.net\/#website","url":"https:\/\/iatse.net\/","name":"IATSE","description":"The Union Behind Entertainment","publisher":{"@id":"https:\/\/iatse.net\/#organization"},"potentialAction":[{"@type":"SearchAction","target":{"@type":"EntryPoint","urlTemplate":"https:\/\/iatse.net\/?s={search_term_string}"},"query-input":{"@type":"PropertyValueSpecification","valueRequired":true,"valueName":"search_term_string"}}],"inLanguage":"fr-CA"},{"@type":"Organization","@id":"https:\/\/iatse.net\/#organization","name":"IATSE","url":"https:\/\/iatse.net\/","logo":{"@type":"ImageObject","inLanguage":"fr-CA","@id":"https:\/\/iatse.net\/#\/schema\/logo\/image\/","url":"https:\/\/iatse.net\/wp-content\/uploads\/2021\/03\/IATSE_Logo_White.png","contentUrl":"https:\/\/iatse.net\/wp-content\/uploads\/2021\/03\/IATSE_Logo_White.png","width":2100,"height":1987,"caption":"IATSE"},"image":{"@id":"https:\/\/iatse.net\/#\/schema\/logo\/image\/"}}]}},"acf":[],"_links":{"self":[{"href":"https:\/\/iatse.net\/fr\/wp-json\/wp\/v2\/pages\/11025"}],"collection":[{"href":"https:\/\/iatse.net\/fr\/wp-json\/wp\/v2\/pages"}],"about":[{"href":"https:\/\/iatse.net\/fr\/wp-json\/wp\/v2\/types\/page"}],"author":[{"embeddable":true,"href":"https:\/\/iatse.net\/fr\/wp-json\/wp\/v2\/users\/1"}],"replies":[{"embeddable":true,"href":"https:\/\/iatse.net\/fr\/wp-json\/wp\/v2\/comments?post=11025"}],"version-history":[{"count":25,"href":"https:\/\/iatse.net\/fr\/wp-json\/wp\/v2\/pages\/11025\/revisions"}],"predecessor-version":[{"id":11291,"href":"https:\/\/iatse.net\/fr\/wp-json\/wp\/v2\/pages\/11025\/revisions\/11291"}],"up":[{"embeddable":true,"href":"https:\/\/iatse.net\/fr\/wp-json\/wp\/v2\/pages\/1449"}],"wp:attachment":[{"href":"https:\/\/iatse.net\/fr\/wp-json\/wp\/v2\/media?parent=11025"}],"curies":[{"name":"wp","href":"https:\/\/api.w.org\/{rel}","templated":true}]}}